{"id":11255,"date":"2020-06-26T09:53:13","date_gmt":"2020-06-26T09:53:13","guid":{"rendered":"https:\/\/ozonetech.com\/business-areas-odor-sanitation-water-damages\/"},"modified":"2024-10-10T10:20:48","modified_gmt":"2024-10-10T08:20:48","slug":"fuktskador","status":"publish","type":"page","link":"https:\/\/ozonetech.com\/sv\/applikationer\/lukt-sanering\/fuktskador\/","title":{"rendered":"Fuktskador"},"content":{"rendered":"\n<section\n    class=\"block hero hero--regular\"\n    style=\"background-image: url('https:\/\/ozonetech.com\/wp-content\/uploads\/2021\/02\/water-damage-1600x484.jpg'); --hero-opacity: 0.3\"\n>\n\n    <div class=\"container-fluid\">\n\n        <div class=\"content editor_content\">\n                         \n                <h2 class='h2'>Fuktskador &#8211; luktproblem<\/h2>            \n                    <\/div>\n\n            <\/div>\n<\/section>\n\n\n<section class=\"component component_breadcrumbs\">\n\t<div class=\"container-fluid\">\n  \t<\/div>\n<\/section>\n\n\n<section\n    id=\"\"\n    class=\"block content-block\"\n\tstyle=\"--cb-bg: white; --cb-content: #000; padding-top: 30px; padding-bottom: 30px;\"\n>\n    \n\n<div class=\"container-fluid editor_content content content--narrow\">\n    <div class=\"row\">\n        <div class=\"col-12 editor_content\">\n            <h1>Effektiv h\u00e5llbar sanering av lukt- och fuktskadade rum<\/h1>\n<p class=\"preamble\">Fuktskadade rum och inventarier kommer snabbt att utveckla problem med m\u00f6gel. Under r\u00e4tt f\u00f6rh\u00e5llanden b\u00f6rjar m\u00f6gel v\u00e4xa p\u00e5 s\u00e5 lite som 24 timmar. Vissa m\u00f6gel \u00e4r giftiga f\u00f6r m\u00e4nniskor, och allt m\u00f6gel skadar materialen som den infekterar. F\u00f6ljaktligen avger vatten- och fuktskadade rum st\u00f6rande lukt och kan orsaka allvarliga h\u00e4lsoproblem.<\/p>\n<p>Ozon tar effektivt bort upp \u00f6ver 90 % av i stort sett alla lukter och bryter effektivt ner m\u00f6gel s\u00e5 att rummet kan anv\u00e4ndas fullt ut igen. Fuktsanering kan ske i fastigheter, k\u00e4llare, bost\u00e4der, lagerlokaler, garage, v\u00e5tutrymmen, omkl\u00e4dningsrum, simhallar och toaletter.<\/p>\n<p>L\u00e4s mer om sanering i samband med m\u00f6gel.<\/p>\n        <\/div>\n    <\/div>\n<\/div>\n\n<\/section>\n\n\n\n<section class=\"block product-block\" style=\"--bg: white; --tc: #000000; --button-bg: #299f23; --button-tc: #ffffff; --button-hover-bg: transparent; --button-hover-tc: #299f23;\" >\n    <div class=\"container-fluid\">\n        <div class=\"row justify-content-center top\">\n            <div class=\"col-md-12 editor_content\">\n                                            <\/div>\n        <\/div>\n        <div class=\"row justify-content-center bottom\">\n            <div class=\"col-md-6 editor_content\">\n                <h3>Ozonrening med ACT-3000<\/h3>\n<p>Hur mycket ozon som beh\u00f6vs och hur l\u00e4nge produktionen ska vara ig\u00e5ng beror p\u00e5 rummets volym och hur stora fuktskador som beh\u00f6ver behandlas. Behandlingstiden kan variera fr\u00e5n en timme till \u00f6ver 10 timmar. Anv\u00e4ndningen \u00e4r enkel och driftkostnaden minimal.<\/p>\n<p>ACT-3000 \u00e4r utvecklad och tillverkad i Sverige av Ozonetech. V\u00e5ra stora skr\u00e4ddarsydda systeml\u00f6sningar f\u00f6r rening av luft och vatten finns v\u00e4rlden \u00f6ver p\u00e5 industrier, avloppsreningsverk, j\u00e4stfabriker, l\u00e4kemedelstillverkare, bryggerier, v\u00e4xthus och shoppingcenter. Vi \u00e4r snabbv\u00e4xande och flerfaldigt prisbel\u00f6nade.<\/p>\n<p><em>ACT-3000 \u00e4r utvecklad f\u00f6r professionell sanering och desinfektion inom industri, tj\u00e4nstesektor och kommunal verksamhet.<\/em><\/p>\n\n                            <\/div>\n            <div class=\"col-md-6 text-center\">\n                                    <img loading=\"lazy\" decoding=\"async\" width=\"1153\" height=\"1132\" src=\"https:\/\/ozonetech.com\/wp-content\/uploads\/2021\/02\/Ozonetech-ACT-3000-5.png\" class=\"attachment-full size-full\" alt=\"\" srcset=\"https:\/\/ozonetech.com\/wp-content\/uploads\/2021\/02\/Ozonetech-ACT-3000-5.png 1153w, https:\/\/ozonetech.com\/wp-content\/uploads\/2021\/02\/Ozonetech-ACT-3000-5-300x295.png 300w, https:\/\/ozonetech.com\/wp-content\/uploads\/2021\/02\/Ozonetech-ACT-3000-5-1024x1005.png 1024w, https:\/\/ozonetech.com\/wp-content\/uploads\/2021\/02\/Ozonetech-ACT-3000-5-768x754.png 768w\" sizes=\"auto, (max-width: 1153px) 100vw, 1153px\" \/>                \n                <a href='https:\/\/ozonetech.com\/sv\/produkter\/ozongeneratorer\/act-serien\/' class='btn' target=''>Beg\u00e4r en offert<\/a>            <\/div>\n        <\/div>\n    <\/div>\n<\/section>\n\n\n\n<section\n    id=\"\"\n    class=\"block content-block\"\n\tstyle=\"--cb-bg: #e6e6e6; --cb-content: #000; padding-top: 30px; padding-bottom: 30px;\"\n>\n    \n\n<div class=\"container-fluid editor_content content content--narrow\">\n    <div class=\"row\">\n        <div class=\"col-12 editor_content\">\n            <h4>Enkel behandling, g\u00f6r s\u00e5 h\u00e4r<\/h4>\n<p>1. St\u00e4ll in ACT-3000 i rummet\/lokalen, g\u00e4rna h\u00f6gt<br \/>\n2. St\u00e4ng d\u00f6rrar och f\u00f6nster<br \/>\n3. Anslut ACT-3000 till el<br \/>\n4. V\u00e4lj ozonproduktion 1\u2013100 %<br \/>\n5. G\u00e5 ut ur rummet och st\u00e4ng d\u00f6rren<br \/>\n6. Du v\u00e4ljer sj\u00e4lv hur l\u00e4nge behandlingen ska p\u00e5g\u00e5<br \/>\n7. N\u00e4r du vill avsluta behandlingen g\u00e5r du in i rummet och st\u00e4nger av ozongeneratorn. \u00d6ppna rummets f\u00f6nster f\u00f6r att snabbare v\u00e4dra ut eventuellt \u00f6verblivet ozon. G\u00e5 sen ut ur rummet och st\u00e4ng d\u00f6rren f\u00f6r att l\u00e5ta resterande ozon oxideras<br \/>\n8. Tips: Det \u00e4r smidigt att kontrollera behandlingen med hj\u00e4lp av en timer<\/p>\n        <\/div>\n    <\/div>\n<\/div>\n\n<\/section>\n","protected":false},"excerpt":{"rendered":"","protected":false},"author":21,"featured_media":0,"parent":14794,"menu_order":0,"comment_status":"closed","ping_status":"closed","template":"","meta":{"_acf_changed":false,"_seopress_robots_primary_cat":"","_seopress_titles_title":"","_seopress_titles_desc":"Vatten- och fuktskadade rum avger st\u00f6rande lukt och orsakar allvarliga h\u00e4lsoproblem. Ozon tar bort upp \u00f6ver 90% av i stort sett alla lukter.","_seopress_robots_index":"","inline_featured_image":false,"footnotes":""},"class_list":["post-11255","page","type-page","status-publish","hentry"],"acf":[],"_links":{"self":[{"href":"https:\/\/ozonetech.com\/sv\/wp-json\/wp\/v2\/pages\/11255","targetHints":{"allow":["GET"]}}],"collection":[{"href":"https:\/\/ozonetech.com\/sv\/wp-json\/wp\/v2\/pages"}],"about":[{"href":"https:\/\/ozonetech.com\/sv\/wp-json\/wp\/v2\/types\/page"}],"author":[{"embeddable":true,"href":"https:\/\/ozonetech.com\/sv\/wp-json\/wp\/v2\/users\/21"}],"replies":[{"embeddable":true,"href":"https:\/\/ozonetech.com\/sv\/wp-json\/wp\/v2\/comments?post=11255"}],"version-history":[{"count":29,"href":"https:\/\/ozonetech.com\/sv\/wp-json\/wp\/v2\/pages\/11255\/revisions"}],"predecessor-version":[{"id":40588,"href":"https:\/\/ozonetech.com\/sv\/wp-json\/wp\/v2\/pages\/11255\/revisions\/40588"}],"up":[{"embeddable":true,"href":"https:\/\/ozonetech.com\/sv\/wp-json\/wp\/v2\/pages\/14794"}],"wp:attachment":[{"href":"https:\/\/ozonetech.com\/sv\/wp-json\/wp\/v2\/media?parent=11255"}],"curies":[{"name":"wp","href":"https:\/\/api.w.org\/{rel}","templated":true}]}}