{"id":11251,"date":"2020-06-26T14:25:34","date_gmt":"2020-06-26T14:25:34","guid":{"rendered":"https:\/\/ozonetech.com\/business-areas-odor-sanitation-viruses-bacteria\/"},"modified":"2024-10-10T10:46:06","modified_gmt":"2024-10-10T08:46:06","slug":"virus-bakterier","status":"publish","type":"page","link":"https:\/\/ozonetech.com\/sv\/applikationer\/lukt-sanering\/virus-bakterier\/","title":{"rendered":"Virus &#038; bakterier"},"content":{"rendered":"\n<section\n    class=\"block hero hero--regular\"\n    style=\"background-image: url('https:\/\/ozonetech.com\/wp-content\/uploads\/2021\/02\/virus-and-bacteria-1600x484.jpg'); --hero-opacity: 0.2\"\n>\n\n    <div class=\"container-fluid\">\n\n        <div class=\"content editor_content\">\n                         \n                <h2 class='h2'>Virus och bakterier &#8211; smittspridning<\/h2>            \n                    <\/div>\n\n            <\/div>\n<\/section>\n\n\n<section class=\"component component_breadcrumbs\">\n\t<div class=\"container-fluid\">\n  \t<\/div>\n<\/section>\n\n\n<section\n    id=\"\"\n    class=\"block content-block\"\n\tstyle=\"--cb-bg: white; --cb-content: #000; padding-top: 30px; padding-bottom: 30px;\"\n>\n    \n\n<div class=\"container-fluid editor_content content content--narrow\">\n    <div class=\"row\">\n        <div class=\"col-12 editor_content\">\n            <h1>Effektiv h\u00e5llbar virus- and bakteriedesinfection<\/h1>\n<p class=\"preamble\">M\u00e5nga bakterier och virus sprids via den luft vi andas. Man skiljer d\u00e5 mellan luftburen smitta och droppburen smitta.<\/p>\n        <\/div>\n    <\/div>\n<\/div>\n\n\n<div class=\"container-fluid editor_content content content--narrow\">\n    <div class=\"row\">\n        <div class=\"col-md-6\">\n            <p>Luftburna smitt\u00e4mnen \u00e4r sm\u00e5 partiklar som sv\u00e4var i luften och som n\u00e5r luftv\u00e4garna via andningsluften. Den vanligaste smittv\u00e4gen via luftv\u00e4gar \u00e4r emellertid droppsmitta, dvs smitt\u00e4mnen f\u00f6ljer med de tusentals sm\u00e5 droppar som skapas n\u00e4r n\u00e5gon hostar och nyser.<\/p>\n<p>Smitt\u00e4mnen kan \u00e4ven fastna p\u00e5 ytor och flyttas fr\u00e5n yta till yta. Ju fler m\u00e4nniskor som ber\u00f6r en yta, desto st\u00f6rre risk att smitt\u00e4mnen hamnar d\u00e4r och d\u00e5 \u00e4ven f\u00f6rs vidare. Ett bra exempel \u00e4r fr\u00e5n en hand till ett d\u00f6rrhandtag eller vattenkran vidare till n\u00e5gon annans hand. Det \u00e4r d\u00e4rf\u00f6r vi uppmanas att tv\u00e4tta h\u00e4nderna ofta och noga.<\/p>\n<p>Vissa smitt\u00e4mnen kan \u00f6verleva flera dagar p\u00e5 de ytor d\u00e4r de har hamnat och kan d\u00e5 sprida sjukdomen vidare. P\u00e5 kall metall kan smitt\u00e4mnen \u00f6verleva s\u00e5 l\u00e4nge som tre dagar.<\/p>\n<p>De flesta virus, bakterier och mikroorganismer kan d\u00f6das eller inaktiveras av desinfektionsmedel. Ozon \u00e4r ett av det starkaste desinfektionsmedlet som finns.<\/p>\n<p>F\u00f6rdelen med ozon \u00e4r att det \u00e4r enkelt att desinficera b\u00e5de luft och sv\u00e5r\u00e5tkomliga ytor. Ozon, som redan \u00e4r i gasform vid normala omgivningsf\u00f6rh\u00e5llanden, blandas helt enkelt med luften i rummet och bryter d\u00e4rmed snabbt ner och inaktiverar skadliga mikroorganismer, virus och bakterier i luften och p\u00e5 ytor, \u00e4ven p\u00e5 ytor som normalt \u00e4r sv\u00e5ra att n\u00e5.<\/p>\n        <\/div>\n        <div class=\"col-md-6\">\n            <p>Hur effektiv (grad av avd\u00f6dning eller av-aktivering) och hur snabb desinfektionen \u00e4r beror p\u00e5 den applicerade dosen. Dosen \u00e4r en funktion av koncentration av ozon och exponeringstid (CT-v\u00e4rde). Det finns olika typer av bakterier och virus. De skiljer sig \u00e5t med avseende hur t\u00e5liga det \u00e4r mot desinficeringsmedel.<\/p>\n<p>Med \u00f6kad ozonkoncentration f\u00f6ljer en \u00f6kad avd\u00f6dning av virus samtidigt som den n\u00f6dv\u00e4ndiga behandlingstiden f\u00f6rkortas.<\/p>\n<p>Gr\u00e4nsv\u00e4rdet f\u00f6r \u00e5tta timmars exponering f\u00f6r ozon f\u00f6r m\u00e4nniskor p\u00e5 en arbetsplats \u00e4r i allm\u00e4nhet 0,1 ppm och regleras av lokala lagar och myndigheter. Vid ozondisinfektion \u00f6verstiger koncentrationen 0.1 ppm, d\u00e4rf\u00f6r ska man inte g\u00e5 in i rum som behandlas med ozon. Efter\u00e5t m\u00e5ste man ocks\u00e5 se till att allt \u00f6verskottsozon ventileras bort, innan man g\u00e5r in i rummet. Det g\u00f6rs enklast genom att \u00f6ppna f\u00f6nster p\u00e5 vid gavel eller om det inte \u00e4r m\u00f6jligt, att l\u00e5ta ventilationen arbeta n\u00e5gon halvtimme.<\/p>\n<p>Det enda kravet \u00e4r att luften\/ytorna som ska behandlas \u00e4r inneslutna i ett rum. Sanering av virus och bakterier kan exempelvis anv\u00e4ndas p\u00e5 sjukhus och v\u00e5rdinr\u00e4ttningar, i bussar, taxibilar, t\u00e5g, skolor, ambulanser och restauranger.<\/p>\n        <\/div>\n    <\/div>\n<\/div><\/section>\n\n\n\n<section class=\"block product-block\" style=\"--bg: white; --tc: #000000; --button-bg: #299f23; --button-tc: #ffffff; --button-hover-bg: transparent; --button-hover-tc: #299f23;\" >\n    <div class=\"container-fluid\">\n        <div class=\"row justify-content-center top\">\n            <div class=\"col-md-12 editor_content\">\n                                            <\/div>\n        <\/div>\n        <div class=\"row justify-content-center bottom\">\n            <div class=\"col-md-6 editor_content\">\n                <h4>Ozonrening med ACT-3000<\/h4>\n<p>Hur mycket ozon som beh\u00f6vs och hur l\u00e4nge produktionen ska vara ig\u00e5ng beror p\u00e5 rummets volym och hur mycket virus och bakterier som ska brytas ner. Behandlingstiden kan variera fr\u00e5n en timme till \u00f6ver 10 timmar och det g\u00e5r utm\u00e4rkt att exempelvis behandla under natten n\u00e4r verksamheten \u00e4r st\u00e4ngd.<\/p>\n<p>Behandlingen kan upprepas s\u00e5 ofta det beh\u00f6vs. Anv\u00e4ndningen \u00e4r enkel och driftkostnaden minimal.<\/p>\n<p>ACT-3000 \u00e4r utvecklad och tillverkad i Sverige av Ozonetech. V\u00e5ra stora skr\u00e4ddarsydda systeml\u00f6sningar f\u00f6r rening av luft och vatten finns v\u00e4rlden \u00f6ver p\u00e5 industrier, avloppsreningsverk, j\u00e4stfabriker, l\u00e4kemedelstillverkare, bryggerier, v\u00e4xthus och shoppingcenter. Vi \u00e4r snabbv\u00e4xande och flerfaldigt prisbel\u00f6nade.<\/p>\n<p><em>ACT-3000 \u00e4r utvecklad f\u00f6r professionell sanering och desinfektion inom industri, tj\u00e4nstesektor och kommunal verksamhet.<\/em><\/p>\n\n                            <\/div>\n            <div class=\"col-md-6 text-center\">\n                                    <img loading=\"lazy\" decoding=\"async\" width=\"1153\" height=\"1132\" src=\"https:\/\/ozonetech.com\/wp-content\/uploads\/2021\/02\/Ozonetech-ACT-3000-5.png\" class=\"attachment-full size-full\" alt=\"\" srcset=\"https:\/\/ozonetech.com\/wp-content\/uploads\/2021\/02\/Ozonetech-ACT-3000-5.png 1153w, https:\/\/ozonetech.com\/wp-content\/uploads\/2021\/02\/Ozonetech-ACT-3000-5-300x295.png 300w, https:\/\/ozonetech.com\/wp-content\/uploads\/2021\/02\/Ozonetech-ACT-3000-5-1024x1005.png 1024w, https:\/\/ozonetech.com\/wp-content\/uploads\/2021\/02\/Ozonetech-ACT-3000-5-768x754.png 768w\" sizes=\"auto, (max-width: 1153px) 100vw, 1153px\" \/>                \n                <a href='https:\/\/ozonetech.com\/sv\/produkter\/ozongeneratorer\/act-serien\/' class='btn' target=''>Beg\u00e4r en offert<\/a>            <\/div>\n        <\/div>\n    <\/div>\n<\/section>\n\n\n\n<section\n    id=\"\"\n    class=\"block content-block\"\n\tstyle=\"--cb-bg: #e6e6e6; --cb-content: #000; padding-top: 30px; padding-bottom: 30px;\"\n>\n    \n\n<div class=\"container-fluid editor_content content content--narrow\">\n    <div class=\"row\">\n        <div class=\"col-12 editor_content\">\n            <h4>Enkel behandling, g\u00f6r s\u00e5 h\u00e4r<\/h4>\n<p>1. St\u00e4ll in ACT-3000 i rummet\/lokalen, g\u00e4rna h\u00f6gt<br \/>\n2. St\u00e4ng d\u00f6rrar och f\u00f6nster<br \/>\n3. Anslut ACT-3000 till el<br \/>\n4. V\u00e4lj ozonproduktion 1\u2013100 %<br \/>\n5. G\u00e5 ut ur rummet och st\u00e4ng d\u00f6rren<br \/>\n6. Du v\u00e4ljer sj\u00e4lv hur l\u00e4nge behandlingen ska p\u00e5g\u00e5<br \/>\n7. N\u00e4r du vill avsluta behandlingen g\u00e5r du in i rummet och st\u00e4nger av ozongeneratorn. \u00d6ppna rummets f\u00f6nster f\u00f6r att snabbare v\u00e4dra ut eventuellt \u00f6verblivet ozon. G\u00e5 sen ut ur rummet och st\u00e4ng d\u00f6rren f\u00f6r att l\u00e5ta resterande ozon oxideras<br \/>\n8. Tips: Det \u00e4r smidigt att kontrollera behandlingen med hj\u00e4lp av en timer<\/p>\n        <\/div>\n    <\/div>\n<\/div>\n\n<\/section>\n","protected":false},"excerpt":{"rendered":"","protected":false},"author":21,"featured_media":0,"parent":14794,"menu_order":0,"comment_status":"closed","ping_status":"closed","template":"","meta":{"_acf_changed":false,"_seopress_robots_primary_cat":"","_seopress_titles_title":"","_seopress_titles_desc":"Med \u00f6kad ozonkoncentration f\u00f6ljer en \u00f6kad avd\u00f6dning av virus samtidigt som den n\u00f6dv\u00e4ndiga behandlingstiden f\u00f6rkortas.","_seopress_robots_index":"","inline_featured_image":false,"footnotes":""},"class_list":["post-11251","page","type-page","status-publish","hentry"],"acf":[],"_links":{"self":[{"href":"https:\/\/ozonetech.com\/sv\/wp-json\/wp\/v2\/pages\/11251","targetHints":{"allow":["GET"]}}],"collection":[{"href":"https:\/\/ozonetech.com\/sv\/wp-json\/wp\/v2\/pages"}],"about":[{"href":"https:\/\/ozonetech.com\/sv\/wp-json\/wp\/v2\/types\/page"}],"author":[{"embeddable":true,"href":"https:\/\/ozonetech.com\/sv\/wp-json\/wp\/v2\/users\/21"}],"replies":[{"embeddable":true,"href":"https:\/\/ozonetech.com\/sv\/wp-json\/wp\/v2\/comments?post=11251"}],"version-history":[{"count":35,"href":"https:\/\/ozonetech.com\/sv\/wp-json\/wp\/v2\/pages\/11251\/revisions"}],"predecessor-version":[{"id":40716,"href":"https:\/\/ozonetech.com\/sv\/wp-json\/wp\/v2\/pages\/11251\/revisions\/40716"}],"up":[{"embeddable":true,"href":"https:\/\/ozonetech.com\/sv\/wp-json\/wp\/v2\/pages\/14794"}],"wp:attachment":[{"href":"https:\/\/ozonetech.com\/sv\/wp-json\/wp\/v2\/media?parent=11251"}],"curies":[{"name":"wp","href":"https:\/\/api.w.org\/{rel}","templated":true}]}}