{"id":11245,"date":"2020-06-24T13:56:56","date_gmt":"2020-06-24T13:56:56","guid":{"rendered":"https:\/\/ozonetech.com\/business-areas-systems-solutions-smoking-rooms\/"},"modified":"2024-10-22T09:24:57","modified_gmt":"2024-10-22T07:24:57","slug":"roksanering","status":"publish","type":"page","link":"https:\/\/ozonetech.com\/sv\/applikationer\/lukt-sanering\/roksanering\/","title":{"rendered":"R\u00f6ksanering"},"content":{"rendered":"\n<section\n    class=\"block hero hero--regular\"\n    style=\"background-image: url('https:\/\/ozonetech.com\/wp-content\/uploads\/2024\/10\/smoke-banner-2-1.png'); --hero-opacity: 0.3\"\n>\n\n    <div class=\"container-fluid\">\n\n        <div class=\"content editor_content\">\n                         \n                <h2 class='h2'>R\u00f6k \u2013 sanering av lukt fr\u00e5n r\u00f6k<\/h2>            \n                    <\/div>\n\n            <\/div>\n<\/section>\n\n\n<section class=\"component component_breadcrumbs\">\n\t<div class=\"container-fluid\">\n  \t<\/div>\n<\/section>\n\n\n<section\n    id=\"\"\n    class=\"block content-block\"\n\tstyle=\"--cb-bg: white; --cb-content: #000; padding-top: 30px; padding-bottom: 30px;\"\n>\n    \n\n<div class=\"container-fluid editor_content content content--narrow\">\n    <div class=\"row\">\n        <div class=\"col-12 editor_content\">\n            <h1>Effektiv och kemikaliefri borttagning av r\u00f6k och relaterade lukter<\/h1>\n<p class=\"preamble\">R\u00f6k fr\u00e5n cigaretter, kaminer, brasor och andra k\u00e4llor ger en stark lukt som kan s\u00e4tta sig i golv, v\u00e4ggar och m\u00f6bler. Ozon kan effektivt behandla och reducera det mesta av r\u00f6klukten.<\/p>\n<p>Medvetenhet om riskerna med passiv r\u00f6kning \u00e4r fortsatt h\u00f6g och s\u00e4rskilt utformade r\u00f6krum blir allt vanligare, speciellt nu n\u00e4r man inte l\u00e4ngre f\u00e5r r\u00f6ka inomhus eller p\u00e5 uteserveringar.<\/p>\n<p>P\u00e5 grund av den n\u00e4stan konstanta exponeringen f\u00f6r r\u00f6k i r\u00f6krum kan det dock vara en motbjudande upplevelse att g\u00e5 in i ett s\u00e5dant rum, till och med f\u00f6r r\u00f6kare. Ozonbehandling av ett r\u00f6krum kan g\u00f6ra att rummet luktar betydligt mindre och f\u00f6rb\u00e4ttrar d\u00e4rmed komforten f\u00f6r g\u00e4sterna. Ozon bryter effektivt ner r\u00f6kmolekylerna och separerar dessa s\u00e5 att de kan skingras.<\/p>\n<p>Ozon \u00e4r \u00e4ven effektivt mot andra typer av r\u00f6k fr\u00e5n naturliga \u00e4mnen. R\u00f6ksanering kan anv\u00e4ndas i exempelvis r\u00f6krum, hotellrum, bost\u00e4der och andra utrymmen d\u00e4r r\u00f6klukt \u00e4r ett problem eller vid r\u00f6kskador efter br\u00e4nder.<\/p>\n<p>L\u00e4s mer om r\u00f6ksanering i samband med <a href=\"https:\/\/ozonetech.com\/sv\/applikationer\/lukt-sanering\/brandsanering\/\"><strong>brand<\/strong><\/a>.<\/p>\n        <\/div>\n    <\/div>\n<\/div>\n\n<\/section>\n\n\n\n<section class=\"block product-block\" style=\"--bg: white; --tc: #000000; --button-bg: #299f23; --button-tc: #ffffff; --button-hover-bg: transparent; --button-hover-tc: #299f23;\" >\n    <div class=\"container-fluid\">\n        <div class=\"row justify-content-center top\">\n            <div class=\"col-md-12 editor_content\">\n                                            <\/div>\n        <\/div>\n        <div class=\"row justify-content-center bottom\">\n            <div class=\"col-md-6 editor_content\">\n                <h3>Ozonrening med ACT-3000<\/h3>\n<p>M\u00e4ngden ozon som beh\u00f6vs och hur l\u00e4nge behandlingen ska p\u00e5g\u00e5 beror p\u00e5 rummets volym och hur mycket r\u00f6klukt som beh\u00f6ver saneras. Behandlingstiden kan variera fr\u00e5n en timme till \u00f6ver 10 timmar. I utrymmen som st\u00e4ndigt luktar kan behandlingen p\u00e5g\u00e5 dygnet runt, men d\u00e5 med l\u00e4gre ozonproduktion. Skulle r\u00f6klukten vara kvar efter en behandling g\u00e5r det utm\u00e4rkt att upprepa behandlingen. Anv\u00e4ndningen \u00e4r enkel och driftkostnaden minimal.<\/p>\n<p>ACT-3000 \u00e4r utvecklad och tillverkad i Sverige av Ozonetech. V\u00e5ra stora skr\u00e4ddarsydda systeml\u00f6sningar f\u00f6r rening av luft och vatten finns v\u00e4rlden \u00f6ver p\u00e5 industrier, avloppsreningsverk, j\u00e4stfabriker, l\u00e4kemedelstillverkare, bryggerier, v\u00e4xthus och shoppingcenter. Vi \u00e4r snabbv\u00e4xande och flerfaldigt prisbel\u00f6nade.<\/p>\n<p><em>ACT-3000 \u00e4r utvecklad f\u00f6r professionell sanering och desinfektion inom industri, tj\u00e4nstesektor och kommunal verksamhet.<\/em><\/p>\n\n                            <\/div>\n            <div class=\"col-md-6 text-center\">\n                                    <img loading=\"lazy\" decoding=\"async\" width=\"1153\" height=\"1132\" src=\"https:\/\/ozonetech.com\/wp-content\/uploads\/2021\/02\/Ozonetech-ACT-3000-5.png\" class=\"attachment-full size-full\" alt=\"\" srcset=\"https:\/\/ozonetech.com\/wp-content\/uploads\/2021\/02\/Ozonetech-ACT-3000-5.png 1153w, https:\/\/ozonetech.com\/wp-content\/uploads\/2021\/02\/Ozonetech-ACT-3000-5-300x295.png 300w, https:\/\/ozonetech.com\/wp-content\/uploads\/2021\/02\/Ozonetech-ACT-3000-5-1024x1005.png 1024w, https:\/\/ozonetech.com\/wp-content\/uploads\/2021\/02\/Ozonetech-ACT-3000-5-768x754.png 768w\" sizes=\"auto, (max-width: 1153px) 100vw, 1153px\" \/>                \n                <a href='https:\/\/ozonetech.com\/sv\/produkter\/ozongeneratorer\/act-serien\/' class='btn' target=''>Beg\u00e4r en offert<\/a>            <\/div>\n        <\/div>\n    <\/div>\n<\/section>\n\n\n\n<section\n    id=\"\"\n    class=\"block content-block\"\n\tstyle=\"--cb-bg: #e6e6e6; --cb-content: #000; padding-top: 30px; padding-bottom: 30px;\"\n>\n    \n\n<div class=\"container-fluid editor_content content content--narrow\">\n    <div class=\"row\">\n        <div class=\"col-12 editor_content\">\n            <h4>Enkel behandling, g\u00f6r s\u00e5 h\u00e4r<\/h4>\n<p>1. St\u00e4ll in ACT-3000 i rummet\/lokalen, g\u00e4rna h\u00f6gt<br \/>\n2. St\u00e4ng d\u00f6rrar och f\u00f6nster<br \/>\n3. Anslut ACT-3000 till el<br \/>\n4. V\u00e4lj ozonproduktion 1\u2013100 %<br \/>\n5. G\u00e5 ut ur rummet och st\u00e4ng d\u00f6rren<br \/>\n6. Du v\u00e4ljer sj\u00e4lv hur l\u00e4nge behandlingen ska p\u00e5g\u00e5<br \/>\n7. N\u00e4r du vill avsluta behandlingen g\u00e5r du in i rummet och st\u00e4nger av ozongeneratorn. \u00d6ppna rummets f\u00f6nster f\u00f6r att snabbare v\u00e4dra ut eventuellt \u00f6verblivet ozon. G\u00e5 sen ut ur rummet och st\u00e4ng d\u00f6rren f\u00f6r att l\u00e5ta resterande ozon oxideras<br \/>\n8. Tips: Det \u00e4r smidigt att kontrollera behandlingen med hj\u00e4lp av en timer<\/p>\n        <\/div>\n    <\/div>\n<\/div>\n\n<\/section>\n","protected":false},"excerpt":{"rendered":"","protected":false},"author":21,"featured_media":0,"parent":14794,"menu_order":0,"comment_status":"closed","ping_status":"closed","template":"","meta":{"_acf_changed":false,"_seopress_robots_primary_cat":"","_seopress_titles_title":"","_seopress_titles_desc":"Ozon bryter effektivt ner r\u00f6kmolekylerna och separerar dessa s\u00e5 att de kan skingras. R\u00f6kluft effektivt behandlas och reduceras.","_seopress_robots_index":"","inline_featured_image":false,"footnotes":""},"class_list":["post-11245","page","type-page","status-publish","hentry"],"acf":[],"_links":{"self":[{"href":"https:\/\/ozonetech.com\/sv\/wp-json\/wp\/v2\/pages\/11245","targetHints":{"allow":["GET"]}}],"collection":[{"href":"https:\/\/ozonetech.com\/sv\/wp-json\/wp\/v2\/pages"}],"about":[{"href":"https:\/\/ozonetech.com\/sv\/wp-json\/wp\/v2\/types\/page"}],"author":[{"embeddable":true,"href":"https:\/\/ozonetech.com\/sv\/wp-json\/wp\/v2\/users\/21"}],"replies":[{"embeddable":true,"href":"https:\/\/ozonetech.com\/sv\/wp-json\/wp\/v2\/comments?post=11245"}],"version-history":[{"count":35,"href":"https:\/\/ozonetech.com\/sv\/wp-json\/wp\/v2\/pages\/11245\/revisions"}],"predecessor-version":[{"id":41748,"href":"https:\/\/ozonetech.com\/sv\/wp-json\/wp\/v2\/pages\/11245\/revisions\/41748"}],"up":[{"embeddable":true,"href":"https:\/\/ozonetech.com\/sv\/wp-json\/wp\/v2\/pages\/14794"}],"wp:attachment":[{"href":"https:\/\/ozonetech.com\/sv\/wp-json\/wp\/v2\/media?parent=11245"}],"curies":[{"name":"wp","href":"https:\/\/api.w.org\/{rel}","templated":true}]}}