{"id":11236,"date":"2020-06-24T12:41:15","date_gmt":"2020-06-24T11:41:15","guid":{"rendered":"https:\/\/ozonetech.com\/solutions-systems\/"},"modified":"2024-10-10T10:43:51","modified_gmt":"2024-10-10T08:43:51","slug":"sanering-i-livsmedelstillverkning","status":"publish","type":"page","link":"https:\/\/ozonetech.com\/sv\/applikationer\/lukt-sanering\/sanering-i-livsmedelstillverkning\/","title":{"rendered":"Sanering i livsmedelstillverkning"},"content":{"rendered":"\n<section\n    class=\"block hero hero--regular\"\n    style=\"background-image: url('https:\/\/ozonetech.com\/wp-content\/uploads\/2021\/02\/remediation-in-food-production-1-1600x484.jpg'); --hero-opacity: 0.3\"\n>\n\n    <div class=\"container-fluid\">\n\n        <div class=\"content editor_content\">\n                         \n                <h2 class='h2'>Bakterier och virus \u2013 sanering i livsmedelstillverkning<\/h2>            \n                    <\/div>\n\n            <\/div>\n<\/section>\n\n\n<section class=\"component component_breadcrumbs\">\n\t<div class=\"container-fluid\">\n  \t<\/div>\n<\/section>\n\n\n<section\n    id=\"\"\n    class=\"block content-block\"\n\tstyle=\"--cb-bg: white; --cb-content: #000; padding-top: 30px; padding-bottom: 30px;\"\n>\n    \n\n<div class=\"container-fluid editor_content content content--narrow\">\n    <div class=\"row\">\n        <div class=\"col-12 editor_content\">\n            <h1>Mikroorganismer m\u00e5ste elimineras f\u00f6r att \u00f6ka h\u00e5llbarheten hos livsmedel<\/h1>\n<p class=\"preamble\">Tv\u00e5 av de omr\u00e5den d\u00e4r ozon kan vara till st\u00f6rst nytta \u00e4r inom f\u00f6re-f\u00f6rpackningsstadiet vid tillverkning av produkter som k\u00f6tt och f\u00e5gel och vid f\u00f6rvaring av direktsk\u00f6rdade produkter som potatis. Genom att ozonbehandla produkter innan de f\u00f6rpackas minskar bakterieniv\u00e5erna dramatiskt och listeria och andra patogener kan kontrolleras, vilket f\u00f6rl\u00e4nger produkternas h\u00e5llbarhetstid.<\/p>\n<p>F\u00f6rutom de produkter som behandlas kan den utrustning som anv\u00e4nds i produktionsprocessen behandlas samtidigt och d\u00e4rmed \u00f6ka processens effektivitet. Ozonbehandling \u00e4r ocks\u00e5 s\u00e4kert f\u00f6r produkter som \u00e4r f\u00e4rdiga att \u00e4tas liksom f\u00f6r produkter som kr\u00e4ver fortsatt tillagning. Inom f\u00f6rvaring av sk\u00f6rdade produkter, t ex potatis, inneb\u00e4r ozonbehandling att problemet med produkter som ruttnar minskar avsev\u00e4rt tack vare ozonets f\u00f6rm\u00e5ga att ta bort skadliga bakterier, t ex erwinia som ger upphov till r\u00f6ta i potatis.<\/p>\n<p>Med ozonbehandling kan bakterier, m\u00f6gel, svamp och virus elimineras under alla steg mellan produktion, lagring och paketering. Ozon kan anv\u00e4ndas f\u00f6r att f\u00f6rebygga biologisk bel\u00e4ggning och eliminera luftburna sporer, virus och bakterier. Sanering av bakterier och virus kan anv\u00e4ndas i flera faser av livsmedelsf\u00f6rvaringen, exempelvis i lagerlokaler, kylrum, transportfordon och silos.<\/p>\n        <\/div>\n    <\/div>\n<\/div>\n\n<\/section>\n\n\n\n<section class=\"block product-block\" style=\"--bg: white; --tc: #000000; --button-bg: #299f23; --button-tc: #ffffff; --button-hover-bg: transparent; --button-hover-tc: #299f23;\" >\n    <div class=\"container-fluid\">\n        <div class=\"row justify-content-center top\">\n            <div class=\"col-md-12 editor_content\">\n                                            <\/div>\n        <\/div>\n        <div class=\"row justify-content-center bottom\">\n            <div class=\"col-md-6 editor_content\">\n                <h3>Ozonrening med ACT-3000<\/h3>\n<p>Hur mycket ozon som beh\u00f6vs och hur l\u00e4nge produktionen ska vara ig\u00e5ng beror p\u00e5 rummets volym och hur mycket bakterier och virus som beh\u00f6ver saneras. Behandlingstiden kan variera fr\u00e5n en timme till \u00f6ver 10 timmar. Det g\u00e5r utm\u00e4rkt att upprepa behandlingen om problemet inte \u00e4r borta. Anv\u00e4ndningen \u00e4r enkel och driftkostnaden minimal. I utrymmen med st\u00e4ndig risk f\u00f6r tillv\u00e4xt av virus och bakterier kan behandlingen p\u00e5g\u00e5 dygnet runt.<\/p>\n<p>ACT-3000 \u00e4r utvecklad och tillverkad i Sverige av oss p\u00e5 Ozonetech. V\u00e5ra stora skr\u00e4ddarsydda systeml\u00f6sningar f\u00f6r rening av luft och vatten finns v\u00e4rlden \u00f6ver p\u00e5 industrier, avloppsreningsverk, j\u00e4stfabriker, l\u00e4kemedelstillverkare, bryggerier, v\u00e4xthus och shoppingcenter. Vi \u00e4r snabbv\u00e4xande och flerfaldigt prisbel\u00f6nade.<\/p>\n<p><em>ACT-3000 \u00e4r utvecklad f\u00f6r professionell sanering och desinfektion inom industri, tj\u00e4nstesektor och kommunal verksamhet.<\/em><\/p>\n\n                            <\/div>\n            <div class=\"col-md-6 text-center\">\n                                    <img loading=\"lazy\" decoding=\"async\" width=\"1153\" height=\"1132\" src=\"https:\/\/ozonetech.com\/wp-content\/uploads\/2021\/02\/Ozonetech-ACT-3000-5.png\" class=\"attachment-full size-full\" alt=\"\" srcset=\"https:\/\/ozonetech.com\/wp-content\/uploads\/2021\/02\/Ozonetech-ACT-3000-5.png 1153w, https:\/\/ozonetech.com\/wp-content\/uploads\/2021\/02\/Ozonetech-ACT-3000-5-300x295.png 300w, https:\/\/ozonetech.com\/wp-content\/uploads\/2021\/02\/Ozonetech-ACT-3000-5-1024x1005.png 1024w, https:\/\/ozonetech.com\/wp-content\/uploads\/2021\/02\/Ozonetech-ACT-3000-5-768x754.png 768w\" sizes=\"auto, (max-width: 1153px) 100vw, 1153px\" \/>                \n                <a href='https:\/\/ozonetech.com\/sv\/produkter\/ozongeneratorer\/act-serien\/' class='btn' target=''>Beg\u00e4r en offert<\/a>            <\/div>\n        <\/div>\n    <\/div>\n<\/section>\n\n\n\n<section\n    id=\"\"\n    class=\"block content-block\"\n\tstyle=\"--cb-bg: #e6e6e6; --cb-content: #000; padding-top: 30px; padding-bottom: 30px;\"\n>\n    \n\n<div class=\"container-fluid editor_content content content--narrow\">\n    <div class=\"row\">\n        <div class=\"col-12 editor_content\">\n            <h4>Enkel behandling, g\u00f6r s\u00e5 h\u00e4r<\/h4>\n<p>1. St\u00e4ll in ACT-3000 i rummet\/lokalen, g\u00e4rna h\u00f6gt<br \/>\n2. St\u00e4ng d\u00f6rrar och f\u00f6nster<br \/>\n3. Anslut ACT-3000 till el<br \/>\n4. V\u00e4lj ozonproduktion 1\u2013100 %<br \/>\n5. G\u00e5 ut ur rummet och st\u00e4ng d\u00f6rren<br \/>\n6. Du v\u00e4ljer sj\u00e4lv hur l\u00e4nge behandlingen ska p\u00e5g\u00e5<br \/>\n7. N\u00e4r du vill avsluta behandlingen g\u00e5r du in i rummet och st\u00e4nger av ozongeneratorn. \u00d6ppna rummets f\u00f6nster f\u00f6r att snabbare v\u00e4dra ut eventuellt \u00f6verblivet ozon. G\u00e5 sen ut ur rummet och st\u00e4ng d\u00f6rren f\u00f6r att l\u00e5ta resterande ozon oxideras<br \/>\n8. Tips: Det \u00e4r smidigt att kontrollera behandlingen med hj\u00e4lp av en timer<\/p>\n        <\/div>\n    <\/div>\n<\/div>\n\n<\/section>\n","protected":false},"excerpt":{"rendered":"","protected":false},"author":21,"featured_media":0,"parent":14794,"menu_order":0,"comment_status":"closed","ping_status":"closed","template":"","meta":{"_acf_changed":false,"_seopress_robots_primary_cat":"","_seopress_titles_title":"","_seopress_titles_desc":"Genom att ozonbehandla produkter innan de f\u00f6rpackas minskar bakterieniv\u00e5erna dramatiskt och listeria och andra patogener kan kontrolleras.","_seopress_robots_index":"","inline_featured_image":false,"footnotes":""},"class_list":["post-11236","page","type-page","status-publish","hentry"],"acf":[],"_links":{"self":[{"href":"https:\/\/ozonetech.com\/sv\/wp-json\/wp\/v2\/pages\/11236","targetHints":{"allow":["GET"]}}],"collection":[{"href":"https:\/\/ozonetech.com\/sv\/wp-json\/wp\/v2\/pages"}],"about":[{"href":"https:\/\/ozonetech.com\/sv\/wp-json\/wp\/v2\/types\/page"}],"author":[{"embeddable":true,"href":"https:\/\/ozonetech.com\/sv\/wp-json\/wp\/v2\/users\/21"}],"replies":[{"embeddable":true,"href":"https:\/\/ozonetech.com\/sv\/wp-json\/wp\/v2\/comments?post=11236"}],"version-history":[{"count":21,"href":"https:\/\/ozonetech.com\/sv\/wp-json\/wp\/v2\/pages\/11236\/revisions"}],"predecessor-version":[{"id":40701,"href":"https:\/\/ozonetech.com\/sv\/wp-json\/wp\/v2\/pages\/11236\/revisions\/40701"}],"up":[{"embeddable":true,"href":"https:\/\/ozonetech.com\/sv\/wp-json\/wp\/v2\/pages\/14794"}],"wp:attachment":[{"href":"https:\/\/ozonetech.com\/sv\/wp-json\/wp\/v2\/media?parent=11236"}],"curies":[{"name":"wp","href":"https:\/\/api.w.org\/{rel}","templated":true}]}}