{"id":11231,"date":"2020-06-24T13:52:16","date_gmt":"2020-06-24T13:52:16","guid":{"rendered":"https:\/\/ozonetech.com\/business-areas-solutions-systems-mold-mildew\/"},"modified":"2024-10-10T10:29:53","modified_gmt":"2024-10-10T08:29:53","slug":"mogelsanering","status":"publish","type":"page","link":"https:\/\/ozonetech.com\/sv\/applikationer\/lukt-sanering\/mogelsanering\/","title":{"rendered":"M\u00f6gelsanering"},"content":{"rendered":"\n<section\n    class=\"block hero hero--regular\"\n    style=\"background-image: url('https:\/\/ozonetech.com\/wp-content\/uploads\/2021\/02\/mold-sanitation-1600x484.jpg'); --hero-opacity: 0.3\"\n>\n\n    <div class=\"container-fluid\">\n\n        <div class=\"content editor_content\">\n                         \n                <h2 class='h2'>M\u00f6gelsanering<\/h2>            \n                    <\/div>\n\n            <\/div>\n<\/section>\n\n\n<section class=\"component component_breadcrumbs\">\n\t<div class=\"container-fluid\">\n  \t<\/div>\n<\/section>\n\n\n<section\n    id=\"\"\n    class=\"block content-block\"\n\tstyle=\"--cb-bg: white; --cb-content: #000; padding-top: 30px; padding-bottom: 30px;\"\n>\n    \n\n<div class=\"container-fluid editor_content content content--narrow\">\n    <div class=\"row\">\n        <div class=\"col-12 editor_content\">\n            <h1>Effektiv m\u00f6gelsanering av b\u00e5de luft och ytor<\/h1>\n<p class=\"preamble\">M\u00f6gelsporer finns \u00f6verallt och v\u00e4xer snabbt under r\u00e4tt f\u00f6ruts\u00e4ttningar och \u00e4r dessutom en av de fr\u00e4msta orsakerna till allergiska symptom. Det enda traditionella s\u00e4ttet att faktiskt bli av med m\u00f6gel \u00e4r att ta bort allt synligt m\u00f6gel, desinficera ytorna och minska fukthalten. N\u00e4r m\u00f6gel v\u00e4xer okontrollerat kan det f\u00f6rst\u00f6ra de ytor det finns p\u00e5 genom att g\u00f6ra dem obrukbara, vilket leder till att det enda alternativet \u00e4r att ta bort ytan.<\/p>\n<p>Ozon kan eliminera m\u00f6gel b\u00e5de i luft och p\u00e5 ytor som mattor, golv och v\u00e4ggar. Ozon kommer \u00e4ven \u00e5t att behandla m\u00f6gel p\u00e5 sv\u00e5rn\u00e5dda platser som isolering, kakel och tr\u00e4- och tegelstruktur.<\/p>\n<p>En lukt som inte kommer fr\u00e5n sopor eller liknande verksamhet, \u00e4r ofta ett f\u00f6rsta varningstecken p\u00e5 m\u00f6gel- och fuktskada. Sanering av m\u00f6gel och lukt kan exempelvis anv\u00e4ndas i fastigheter, k\u00e4llare, bost\u00e4der, lagerlokaler, garage, stugor, f\u00f6rr\u00e5d, v\u00e5tutrymmen och toaletter.<\/p>\n<p>Att anv\u00e4nda ozon \u00e4r ett v\u00e4l bepr\u00f6vat s\u00e4tt att f\u00f6rhindra m\u00f6geltillv\u00e4xt. Ozonets starka oxidationspotential inneb\u00e4r att det aktivt d\u00f6dar luftburna m\u00f6gelsporer ist\u00e4llet f\u00f6r att bara d\u00f6lja lukten. Det \u00e4r ocks\u00e5 3 000 g\u00e5nger snabbare som bakteried\u00f6dare \u00e4n klor och det \u00e4r ocks\u00e5 s\u00e4kert f\u00f6r milj\u00f6n. Ozonet n\u00e5r ocks\u00e5 h\u00f6rn och sprickor som \u00e4r sv\u00e5ra att komma \u00e5t och tr\u00e4nger igenom angripna textilier. Det \u00e4r v\u00e4l dokumenterat att ozon erbjuder en snabb, grundlig och milj\u00f6v\u00e4nlig l\u00f6sning p\u00e5 m\u00f6gelproblem.<\/p>\n<p>L\u00e4s mer om m\u00f6gelproblem i samband med <a href=\"https:\/\/ozonetech.com\/sv\/applikationer\/lukt-sanering\/fuktskador\/\"><strong>fuktskador<\/strong><\/a>.<\/p>\n        <\/div>\n    <\/div>\n<\/div>\n\n<\/section>\n\n\n\n<section class=\"block product-block\" style=\"--bg: white; --tc: #000000; --button-bg: #299f23; --button-tc: #ffffff; --button-hover-bg: transparent; --button-hover-tc: #299f23;\" >\n    <div class=\"container-fluid\">\n        <div class=\"row justify-content-center top\">\n            <div class=\"col-md-12 editor_content\">\n                                            <\/div>\n        <\/div>\n        <div class=\"row justify-content-center bottom\">\n            <div class=\"col-md-6 editor_content\">\n                <h3>Ozonrening med ACT-3000<\/h3>\n<p>Hur mycket ozon som beh\u00f6vs och hur l\u00e4nge saneringen ska p\u00e5g\u00e5 beror p\u00e5 rummets volym och hur mycket m\u00f6gel och fukt som beh\u00f6ver saneras. Behandlingstiden kan variera fr\u00e5n en timme till \u00f6ver 10 timmar. Det g\u00e5r utm\u00e4rkt att upprepa behandlingen om problemet kvarst\u00e5r. Anv\u00e4ndningen \u00e4r enkel och driftkostnaden minimal.<\/p>\n<p>ACT-3000 \u00e4r utvecklad och tillverkad i Sverige av Ozonetech. V\u00e5ra stora skr\u00e4ddarsydda systeml\u00f6sningar f\u00f6r rening av luft och vatten finns v\u00e4rlden \u00f6ver p\u00e5 industrier, avloppsreningsverk, j\u00e4stfabriker, l\u00e4kemedelstillverkare, bryggerier, v\u00e4xthus och shoppingcenter. Vi \u00e4r snabbv\u00e4xande och flerfaldigt prisbel\u00f6nade.<\/p>\n<p><em>ACT-3000 \u00e4r utvecklad f\u00f6r professionell sanering och desinfektion inom industri, tj\u00e4nstesektor och kommunal verksamhet.<\/em><\/p>\n\n                            <\/div>\n            <div class=\"col-md-6 text-center\">\n                                    <img loading=\"lazy\" decoding=\"async\" width=\"1153\" height=\"1132\" src=\"https:\/\/ozonetech.com\/wp-content\/uploads\/2021\/02\/Ozonetech-ACT-3000-5.png\" class=\"attachment-full size-full\" alt=\"\" srcset=\"https:\/\/ozonetech.com\/wp-content\/uploads\/2021\/02\/Ozonetech-ACT-3000-5.png 1153w, https:\/\/ozonetech.com\/wp-content\/uploads\/2021\/02\/Ozonetech-ACT-3000-5-300x295.png 300w, https:\/\/ozonetech.com\/wp-content\/uploads\/2021\/02\/Ozonetech-ACT-3000-5-1024x1005.png 1024w, https:\/\/ozonetech.com\/wp-content\/uploads\/2021\/02\/Ozonetech-ACT-3000-5-768x754.png 768w\" sizes=\"auto, (max-width: 1153px) 100vw, 1153px\" \/>                \n                <a href='https:\/\/ozonetech.com\/sv\/produkter\/ozongeneratorer\/act-serien\/' class='btn' target=''>Beg\u00e4r en offert<\/a>            <\/div>\n        <\/div>\n    <\/div>\n<\/section>\n\n\n\n<section\n    id=\"\"\n    class=\"block content-block\"\n\tstyle=\"--cb-bg: #e6e6e6; --cb-content: #000; padding-top: 30px; padding-bottom: 30px;\"\n>\n    \n\n<div class=\"container-fluid editor_content content content--narrow\">\n    <div class=\"row\">\n        <div class=\"col-12 editor_content\">\n            <h4><\/h4>\n<h4>Enkel behandling, g\u00f6r s\u00e5 h\u00e4r<\/h4>\n<p>1. St\u00e4ll in ACT-3000 i rummet\/lokalen, g\u00e4rna h\u00f6gt<br \/>\n2. St\u00e4ng d\u00f6rrar och f\u00f6nster<br \/>\n3. Anslut ACT-3000 till el<br \/>\n4. V\u00e4lj ozonproduktion 1\u2013100 %<br \/>\n5. G\u00e5 ut ur rummet och st\u00e4ng d\u00f6rren<br \/>\n6. Du v\u00e4ljer sj\u00e4lv hur l\u00e4nge behandlingen ska p\u00e5g\u00e5<br \/>\n7. N\u00e4r du vill avsluta behandlingen g\u00e5r du in i rummet och st\u00e4nger av ozongeneratorn. \u00d6ppna rummets f\u00f6nster f\u00f6r att snabbare v\u00e4dra ut eventuellt \u00f6verblivet ozon. G\u00e5 sen ut ur rummet och st\u00e4ng d\u00f6rren f\u00f6r att l\u00e5ta resterande ozon oxideras<br \/>\n8. Tips: Det \u00e4r smidigt att kontrollera behandlingen med hj\u00e4lp av en timer<\/p>\n        <\/div>\n    <\/div>\n<\/div>\n\n<\/section>\n","protected":false},"excerpt":{"rendered":"","protected":false},"author":21,"featured_media":0,"parent":14794,"menu_order":0,"comment_status":"closed","ping_status":"closed","template":"","meta":{"_acf_changed":false,"_seopress_robots_primary_cat":"","_seopress_titles_title":"","_seopress_titles_desc":"Ozon kan eliminera m\u00f6gel b\u00e5de i luft och p\u00e5 ytor som mattor, golv och v\u00e4ggar samt sv\u00e5rn\u00e5dda platser som kakel och tr\u00e4- och tegelstruktur.","_seopress_robots_index":"","inline_featured_image":false,"footnotes":""},"class_list":["post-11231","page","type-page","status-publish","hentry"],"acf":[],"_links":{"self":[{"href":"https:\/\/ozonetech.com\/sv\/wp-json\/wp\/v2\/pages\/11231","targetHints":{"allow":["GET"]}}],"collection":[{"href":"https:\/\/ozonetech.com\/sv\/wp-json\/wp\/v2\/pages"}],"about":[{"href":"https:\/\/ozonetech.com\/sv\/wp-json\/wp\/v2\/types\/page"}],"author":[{"embeddable":true,"href":"https:\/\/ozonetech.com\/sv\/wp-json\/wp\/v2\/users\/21"}],"replies":[{"embeddable":true,"href":"https:\/\/ozonetech.com\/sv\/wp-json\/wp\/v2\/comments?post=11231"}],"version-history":[{"count":33,"href":"https:\/\/ozonetech.com\/sv\/wp-json\/wp\/v2\/pages\/11231\/revisions"}],"predecessor-version":[{"id":40621,"href":"https:\/\/ozonetech.com\/sv\/wp-json\/wp\/v2\/pages\/11231\/revisions\/40621"}],"up":[{"embeddable":true,"href":"https:\/\/ozonetech.com\/sv\/wp-json\/wp\/v2\/pages\/14794"}],"wp:attachment":[{"href":"https:\/\/ozonetech.com\/sv\/wp-json\/wp\/v2\/media?parent=11231"}],"curies":[{"name":"wp","href":"https:\/\/api.w.org\/{rel}","templated":true}]}}