{"id":11223,"date":"2020-06-24T13:43:29","date_gmt":"2020-06-24T13:43:29","guid":{"rendered":"https:\/\/ozonetech.com\/business-areas-solutions-systems\/"},"modified":"2024-10-22T09:03:19","modified_gmt":"2024-10-22T07:03:19","slug":"hotellrum","status":"publish","type":"page","link":"https:\/\/ozonetech.com\/sv\/applikationer\/lukt-sanering\/hotellrum\/","title":{"rendered":"Hotellrum"},"content":{"rendered":"\n<section\n    class=\"block hero hero--regular\"\n    style=\"background-image: url('https:\/\/ozonetech.com\/wp-content\/uploads\/2024\/10\/masaaki-komori-iMbXscxYIFE-unsplash.jpg'); --hero-opacity: 0.2\"\n>\n\n    <div class=\"container-fluid\">\n\n        <div class=\"content editor_content\">\n                         \n                <h2 class='h2'>Hotellrum &#8211; luktproblem<\/h2>            \n                    <\/div>\n\n            <\/div>\n<\/section>\n\n\n<section class=\"component component_breadcrumbs\">\n\t<div class=\"container-fluid\">\n  \t<\/div>\n<\/section>\n\n\n<section\n    id=\"\"\n    class=\"block content-block\"\n\tstyle=\"--cb-bg: white; --cb-content: #000; padding-top: 30px; padding-bottom: 30px;\"\n>\n    \n\n<div class=\"container-fluid editor_content content content--narrow\">\n    <div class=\"row\">\n        <div class=\"col-12 editor_content\">\n            <h1>Enkel och effektiv desinficering och uppfr\u00e4schning av hotellrum<\/h1>\n<p class=\"preamble\">I hotellrum kan olika typer av luktproblem uppst\u00e5 vilket skapar obehag f\u00f6r nyanl\u00e4nda hotellg\u00e4ster. Ett inst\u00e4ngt eller illaluktande hotellrum skapar ett d\u00e5ligt f\u00f6rsta intryck f\u00f6r g\u00e4sterna och kan f\u00f6rs\u00e4mra hotellets anseende. Ozonrening \u00e4r en milj\u00f6v\u00e4nlig och mycket effektiv metod f\u00f6r att ta bort d\u00e5lig lukt fr\u00e5n m\u00f6gel, r\u00f6k, svett, avfall, matos, toaletter och liknande.<\/p>\n<p>Ozonrening \u00e4r ocks\u00e5 effektiv f\u00f6r snabb och smidig desinfektion av b\u00e5de luft och sv\u00e5r\u00e5tkomliga ytor i ett hotellrum. Att rummet \u00e4r fri fr\u00e5n bakterier och virus h\u00f6jer ocks\u00e5 v\u00e4lbefinnandet hos nyanl\u00e4nda g\u00e4ster. Ozon, som redan \u00e4r i gasform vid normala omgivningsf\u00f6rh\u00e5llanden, blandas helt enkelt med luften i rummet och bryter d\u00e4rmed snabbt ner och inaktiverar skadliga mikroorganismer, virus och bakterier i luften och p\u00e5 ytor, \u00e4ven p\u00e5 ytor som normalt \u00e4r sv\u00e5ra att n\u00e5.<\/p>\n<p>L\u00e4s mer om smittspridning av <a href=\"https:\/\/ozonetech.com\/sv\/applikationer\/lukt-sanering\/virus-bakterier\/\"><strong>virus och bakterier<\/strong><\/a>.<\/p>\n<p>Ozonets kraftfulla reng\u00f6rande egenskaper inneb\u00e4r att de d\u00e5liga lukterna f\u00f6rsvinner redan efter en kort ozonbehandling. Ozonrening ska inte j\u00e4mf\u00f6ras med andra metoder som f\u00f6rs\u00f6ker d\u00f6lja lukten med dofter. Ozon eliminerar orsaken till od\u00f6ren. Luften blir ren och rummet \u00e4r klart att anv\u00e4ndas av en ny g\u00e4st. Metoden inneb\u00e4r \u00e4ven att mattor, gardiner och andra textilier kr\u00e4ver mindre reng\u00f6ring.<\/p>\n<p>L\u00e4s mer om luktproblem i andra typer av <a href=\"https:\/\/ozonetech.com\/sv\/applikationer\/lukt-sanering\/rum-och-lokaler\/\"><strong>rum och lokaler<\/strong><\/a>.<\/p>\n        <\/div>\n    <\/div>\n<\/div>\n\n<\/section>\n\n\n\n<section class=\"block product-block\" style=\"--bg: white; --tc: #000000; --button-bg: #299f23; --button-tc: #ffffff; --button-hover-bg: transparent; --button-hover-tc: #299f23;\" >\n    <div class=\"container-fluid\">\n        <div class=\"row justify-content-center top\">\n            <div class=\"col-md-12 editor_content\">\n                                            <\/div>\n        <\/div>\n        <div class=\"row justify-content-center bottom\">\n            <div class=\"col-md-6 editor_content\">\n                <h3>Ozonrening med ACT-3000<\/h3>\n<p>Hur mycket ozon som beh\u00f6vs och hur l\u00e4nge produktionen ska vara ig\u00e5ng beror p\u00e5 rummets volym och hur stort luktproblemet \u00e4r. Behandlingstiden kan variera fr\u00e5n en timme till \u00f6ver 10 timmar.<\/p>\n<p>Det g\u00e5r utm\u00e4rkt att upprepa behandlingen om problemet inte \u00e4r borta. Anv\u00e4ndningen \u00e4r enkel och driftkostnaden minimal.<\/p>\n<p>ACT-3000 \u00e4r utvecklad och tillverkad i Sverige av Ozonetech. V\u00e5ra stora skr\u00e4ddarsydda systeml\u00f6sningar f\u00f6r rening av luft och vatten finns v\u00e4rlden \u00f6ver p\u00e5 industrier, avloppsreningsverk, j\u00e4stfabriker, l\u00e4kemedelstillverkare, bryggerier, v\u00e4xthus och shoppingcenter. Vi \u00e4r snabbv\u00e4xande och flerfaldigt prisbel\u00f6nade.<\/p>\n<p><em>ACT-3000 \u00e4r utvecklad f\u00f6r professionell sanering och desinfektion inom industri, tj\u00e4nstesektor och kommunal verksamhet.<\/em><\/p>\n\n                            <\/div>\n            <div class=\"col-md-6 text-center\">\n                                    <img loading=\"lazy\" decoding=\"async\" width=\"1153\" height=\"1132\" src=\"https:\/\/ozonetech.com\/wp-content\/uploads\/2021\/02\/Ozonetech-ACT-3000-5.png\" class=\"attachment-full size-full\" alt=\"\" srcset=\"https:\/\/ozonetech.com\/wp-content\/uploads\/2021\/02\/Ozonetech-ACT-3000-5.png 1153w, https:\/\/ozonetech.com\/wp-content\/uploads\/2021\/02\/Ozonetech-ACT-3000-5-300x295.png 300w, https:\/\/ozonetech.com\/wp-content\/uploads\/2021\/02\/Ozonetech-ACT-3000-5-1024x1005.png 1024w, https:\/\/ozonetech.com\/wp-content\/uploads\/2021\/02\/Ozonetech-ACT-3000-5-768x754.png 768w\" sizes=\"auto, (max-width: 1153px) 100vw, 1153px\" \/>                \n                <a href='https:\/\/ozonetech.com\/sv\/produkter\/ozongeneratorer\/act-serien\/' class='btn' target=''>Beg\u00e4r en offert<\/a>            <\/div>\n        <\/div>\n    <\/div>\n<\/section>\n\n\n\n<section\n    id=\"\"\n    class=\"block content-block\"\n\tstyle=\"--cb-bg: #e6e6e6; --cb-content: #000; padding-top: 30px; padding-bottom: 30px;\"\n>\n    \n\n<div class=\"container-fluid editor_content content content--narrow\">\n    <div class=\"row\">\n        <div class=\"col-12 editor_content\">\n            <h4><strong>Enkel behandling, g\u00f6r s\u00e5 h\u00e4r<\/strong><\/h4>\n<p>1. St\u00e4ll in ACT-3000 i rummet\/lokalen, g\u00e4rna h\u00f6gt<br \/>\n2. St\u00e4ng d\u00f6rrar och f\u00f6nster<br \/>\n3. Anslut ACT-3000 till el<br \/>\n4. V\u00e4lj ozonproduktion 1\u2013100 %<br \/>\n5. G\u00e5 ut ur rummet och st\u00e4ng d\u00f6rren<br \/>\n6. Du v\u00e4ljer sj\u00e4lv hur l\u00e4nge behandlingen ska p\u00e5g\u00e5<br \/>\n7. N\u00e4r du vill avsluta behandlingen g\u00e5r du in i rummet och st\u00e4nger av ozongeneratorn. \u00d6ppna rummets f\u00f6nster f\u00f6r att snabbare v\u00e4dra ut eventuellt \u00f6verblivet ozon. G\u00e5 sen ut ur rummet och st\u00e4ng d\u00f6rren f\u00f6r att l\u00e5ta resterande ozon oxideras<br \/>\n8. Tips: Det \u00e4r smidigt att kontrollera behandlingen med hj\u00e4lp av en timer<\/p>\n        <\/div>\n    <\/div>\n<\/div>\n\n<\/section>\n","protected":false},"excerpt":{"rendered":"","protected":false},"author":21,"featured_media":0,"parent":14794,"menu_order":0,"comment_status":"closed","ping_status":"closed","template":"","meta":{"_acf_changed":false,"_seopress_robots_primary_cat":"","_seopress_titles_title":"","_seopress_titles_desc":"Ozon eliminerar orsaken till od\u00f6ren och inneb\u00e4r \u00e4ven att mattor, gardiner och andra textilier kr\u00e4ver mindre reng\u00f6ring.","_seopress_robots_index":"","inline_featured_image":false,"footnotes":""},"class_list":["post-11223","page","type-page","status-publish","hentry"],"acf":[],"_links":{"self":[{"href":"https:\/\/ozonetech.com\/sv\/wp-json\/wp\/v2\/pages\/11223","targetHints":{"allow":["GET"]}}],"collection":[{"href":"https:\/\/ozonetech.com\/sv\/wp-json\/wp\/v2\/pages"}],"about":[{"href":"https:\/\/ozonetech.com\/sv\/wp-json\/wp\/v2\/types\/page"}],"author":[{"embeddable":true,"href":"https:\/\/ozonetech.com\/sv\/wp-json\/wp\/v2\/users\/21"}],"replies":[{"embeddable":true,"href":"https:\/\/ozonetech.com\/sv\/wp-json\/wp\/v2\/comments?post=11223"}],"version-history":[{"count":47,"href":"https:\/\/ozonetech.com\/sv\/wp-json\/wp\/v2\/pages\/11223\/revisions"}],"predecessor-version":[{"id":41630,"href":"https:\/\/ozonetech.com\/sv\/wp-json\/wp\/v2\/pages\/11223\/revisions\/41630"}],"up":[{"embeddable":true,"href":"https:\/\/ozonetech.com\/sv\/wp-json\/wp\/v2\/pages\/14794"}],"wp:attachment":[{"href":"https:\/\/ozonetech.com\/sv\/wp-json\/wp\/v2\/media?parent=11223"}],"curies":[{"name":"wp","href":"https:\/\/api.w.org\/{rel}","templated":true}]}}