{"id":11206,"date":"2020-06-24T12:50:10","date_gmt":"2020-06-24T11:50:10","guid":{"rendered":"https:\/\/ozonetech.com\/solutions-systems-garbage-rooms\/"},"modified":"2024-10-22T09:11:15","modified_gmt":"2024-10-22T07:11:15","slug":"luktproblem-i-soprum","status":"publish","type":"page","link":"https:\/\/ozonetech.com\/sv\/applikationer\/lukt-sanering\/luktproblem-i-soprum\/","title":{"rendered":"Luktproblem i soprum"},"content":{"rendered":"\n<section\n    class=\"block hero hero--regular\"\n    style=\"background-image: url('https:\/\/ozonetech.com\/wp-content\/uploads\/2024\/10\/garbage-rooms-1.png'); --hero-opacity: 0.3\"\n>\n\n    <div class=\"container-fluid\">\n\n        <div class=\"content editor_content\">\n                         \n                <h2 class='h2'>Soprum &#8211; luktproblem<\/h2>            \n                    <\/div>\n\n            <\/div>\n<\/section>\n\n\n<section class=\"component component_breadcrumbs\">\n\t<div class=\"container-fluid\">\n  \t<\/div>\n<\/section>\n\n\n<section\n    id=\"\"\n    class=\"block content-block\"\n\tstyle=\"--cb-bg: white; --cb-content: #000; padding-top: 30px; padding-bottom: 30px;\"\n>\n    \n\n<div class=\"container-fluid editor_content content content--narrow\">\n    <div class=\"row\">\n        <div class=\"col-12 editor_content\">\n            <h1>H\u00e5llbar och kostnadseffektiv l\u00f6sning f\u00f6r luktproblem i soprum<\/h1>\n<p class=\"preamble\">Soprum, sopsorteringsrum, milj\u00f6rum och avfallsrum har av naturliga sk\u00e4l ofta problem med d\u00e5lig lukt. De allt h\u00e5rdare kraven p\u00e5 sopsortering g\u00f6r att boende g\u00f6r fler bes\u00f6k \u00e4n tidigare. Samtidigt \u00e4r det vanligt att h\u00e4mtningen av sopor sker mer oregelbundet och med st\u00f6rre intervall vilket \u00f6kar risken f\u00f6r hygien- och luktproblem.<\/p>\n<p>\u00c5r 2009 f\u00f6rsvann kravet att anv\u00e4nda kyla f\u00f6r att h\u00e5lla ner lukt och tillv\u00e4xt av virus och bakterier i soprum. Sen dess har vi hj\u00e4lpt hundratals fastighets\u00e4gare, bostadsr\u00e4ttsf\u00f6reningar och industrier att h\u00e5lla rent i utrymmen d\u00e4r sopor och avfall samlas och hanteras. Vi har dessutom hj\u00e4lpt till att spara tusentals kronor i elkostnader genom att byta till ozonbehandling.<\/p>\n<p>ACT-3000 behandlar luften med ozon. Den monteras h\u00f6gt upp p\u00e5 v\u00e4ggen i ett skr\u00e4ddarsytt f\u00e4ste. Ozonet bryter ner virus och bakterier och minimerar lukten i soputrymmet. Driften \u00e4r automatisk och underh\u00e5llet minimalt. Ozonet produceras oftast dygnet runt. M\u00e4ngden ozon \u00e4r mycket liten och p\u00e5verkar inte m\u00e4nniskor och djur.<\/p>\n        <\/div>\n    <\/div>\n<\/div>\n\n<\/section>\n\n\n\n<section class=\"block product-block\" style=\"--bg: white; --tc: #000000; --button-bg: #299f23; --button-tc: #ffffff; --button-hover-bg: transparent; --button-hover-tc: #299f23;\" >\n    <div class=\"container-fluid\">\n        <div class=\"row justify-content-center top\">\n            <div class=\"col-md-12 editor_content\">\n                                            <\/div>\n        <\/div>\n        <div class=\"row justify-content-center bottom\">\n            <div class=\"col-md-6 editor_content\">\n                <h3>Ozonrening med ACT-3000<\/h3>\n<p>Hur mycket ozon som beh\u00f6vs och hur l\u00e4nge produktionen ska vara ig\u00e5ng beror p\u00e5 rummets volym och hur stort problemet \u00e4r. Behandlingstiden kan variera men i soprum d\u00e4r det st\u00e4ndigt luktar kan behandlingen p\u00e5g\u00e5 dygnet runt. Anv\u00e4ndningen \u00e4r enkel och driftkostnaden minimal.<\/p>\n<p>ACT-3000 \u00e4r utvecklad och tillverkad i Sverige av Ozonetech. V\u00e5ra stora skr\u00e4ddarsydda systeml\u00f6sningar f\u00f6r rening av luft och vatten finns v\u00e4rlden \u00f6ver p\u00e5 industrier, avloppsreningsverk, j\u00e4stfabriker, l\u00e4kemedelstillverkare, bryggerier, v\u00e4xthus och shoppingcenter. Vi \u00e4r snabbv\u00e4xande och flerfaldigt prisbel\u00f6nade.<\/p>\n<p><em>ACT-3000 \u00e4r utvecklad f\u00f6r professionell sanering och desinfektion inom industri, tj\u00e4nstesektor och kommunal verksamhet.<\/em><\/p>\n\n                            <\/div>\n            <div class=\"col-md-6 text-center\">\n                                    <img loading=\"lazy\" decoding=\"async\" width=\"1153\" height=\"1132\" src=\"https:\/\/ozonetech.com\/wp-content\/uploads\/2021\/02\/Ozonetech-ACT-3000-5.png\" class=\"attachment-full size-full\" alt=\"\" srcset=\"https:\/\/ozonetech.com\/wp-content\/uploads\/2021\/02\/Ozonetech-ACT-3000-5.png 1153w, https:\/\/ozonetech.com\/wp-content\/uploads\/2021\/02\/Ozonetech-ACT-3000-5-300x295.png 300w, https:\/\/ozonetech.com\/wp-content\/uploads\/2021\/02\/Ozonetech-ACT-3000-5-1024x1005.png 1024w, https:\/\/ozonetech.com\/wp-content\/uploads\/2021\/02\/Ozonetech-ACT-3000-5-768x754.png 768w\" sizes=\"auto, (max-width: 1153px) 100vw, 1153px\" \/>                \n                <a href='https:\/\/ozonetech.com\/sv\/produkter\/ozongeneratorer\/act-serien\/' class='btn' target=''>Beg\u00e4r en offert<\/a>            <\/div>\n        <\/div>\n    <\/div>\n<\/section>\n\n\n\n<section\n    id=\"\"\n    class=\"block content-block\"\n\tstyle=\"--cb-bg: #e6e6e6; --cb-content: #000; padding-top: 30px; padding-bottom: 30px;\"\n>\n    \n\n<div class=\"container-fluid editor_content content content--narrow\">\n    <div class=\"row\">\n        <div class=\"col-12 editor_content\">\n            <h4>Enkel behandling, g\u00f6r s\u00e5 h\u00e4r<\/h4>\n<p>1. St\u00e4ll in ACT-3000 i rummet\/lokalen, g\u00e4rna h\u00f6gt.<br \/>\n2. St\u00e4ng d\u00f6rrar och f\u00f6nster<br \/>\n3. Anslut ACT-3000 till el<br \/>\n4. V\u00e4lj ozonproduktion 1\u2013100 %<br \/>\n5. Produktionen p\u00e5g\u00e5r vanligtvis dygnet runt<br \/>\n6. Reglera ozonproduktionen vid behov<\/p>\n        <\/div>\n    <\/div>\n<\/div>\n\n<\/section>\n","protected":false},"excerpt":{"rendered":"","protected":false},"author":21,"featured_media":0,"parent":14794,"menu_order":0,"comment_status":"closed","ping_status":"closed","template":"","meta":{"_acf_changed":false,"_seopress_robots_primary_cat":"","_seopress_titles_title":"","_seopress_titles_desc":"Vi har hj\u00e4lpt hundratals fastighets\u00e4gare, bostadsr\u00e4ttsf\u00f6reningar och industrier att h\u00e5lla rent i utrymmen d\u00e4r sopor och avfall samlas.","_seopress_robots_index":"","inline_featured_image":false,"footnotes":""},"class_list":["post-11206","page","type-page","status-publish","hentry"],"acf":[],"_links":{"self":[{"href":"https:\/\/ozonetech.com\/sv\/wp-json\/wp\/v2\/pages\/11206","targetHints":{"allow":["GET"]}}],"collection":[{"href":"https:\/\/ozonetech.com\/sv\/wp-json\/wp\/v2\/pages"}],"about":[{"href":"https:\/\/ozonetech.com\/sv\/wp-json\/wp\/v2\/types\/page"}],"author":[{"embeddable":true,"href":"https:\/\/ozonetech.com\/sv\/wp-json\/wp\/v2\/users\/21"}],"replies":[{"embeddable":true,"href":"https:\/\/ozonetech.com\/sv\/wp-json\/wp\/v2\/comments?post=11206"}],"version-history":[{"count":37,"href":"https:\/\/ozonetech.com\/sv\/wp-json\/wp\/v2\/pages\/11206\/revisions"}],"predecessor-version":[{"id":41673,"href":"https:\/\/ozonetech.com\/sv\/wp-json\/wp\/v2\/pages\/11206\/revisions\/41673"}],"up":[{"embeddable":true,"href":"https:\/\/ozonetech.com\/sv\/wp-json\/wp\/v2\/pages\/14794"}],"wp:attachment":[{"href":"https:\/\/ozonetech.com\/sv\/wp-json\/wp\/v2\/media?parent=11206"}],"curies":[{"name":"wp","href":"https:\/\/api.w.org\/{rel}","templated":true}]}}