{"id":11190,"date":"2020-06-26T14:09:19","date_gmt":"2020-06-26T14:09:19","guid":{"rendered":"https:\/\/ozonetech.com\/business-areas-odor-sanitation-digester-chamber\/"},"modified":"2024-10-10T10:41:50","modified_gmt":"2024-10-10T08:41:50","slug":"rotkammare","status":"publish","type":"page","link":"https:\/\/ozonetech.com\/sv\/applikationer\/lukt-sanering\/rotkammare\/","title":{"rendered":"R\u00f6tkammare"},"content":{"rendered":"\n<section\n    class=\"block hero hero--regular\"\n    style=\"background-image: url('https:\/\/ozonetech.com\/wp-content\/uploads\/2021\/02\/digester-chamber-1-1600x484.jpg'); --hero-opacity: 0.2\"\n>\n\n    <div class=\"container-fluid\">\n\n        <div class=\"content editor_content\">\n                         \n                <h2 class='h2'>R\u00f6tkammare &#8211; luktproblem<\/h2>            \n                    <\/div>\n\n            <\/div>\n<\/section>\n\n\n<section class=\"component component_breadcrumbs\">\n\t<div class=\"container-fluid\">\n  \t<\/div>\n<\/section>\n\n\n<section\n    id=\"\"\n    class=\"block content-block\"\n\tstyle=\"--cb-bg: white; --cb-content: #000; padding-top: 30px; padding-bottom: 30px;\"\n>\n    \n\n<div class=\"container-fluid editor_content content content--narrow\">\n    <div class=\"row\">\n        <div class=\"col-12 editor_content\">\n            <h1>Effektiv luktbehandling i r\u00f6tkammare<\/h1>\n<p class=\"preamble\">I en r\u00f6tkammare bryts slam ner (r\u00f6tas) av mikroorganismer och vid nedbrytningen bildas biogas, men ocks\u00e5 H<sub>2<\/sub>S som luktar intensivt och obehagligt. ACT-3000 kan anv\u00e4ndas i sm\u00e5 r\u00f6tkammare p\u00e5 till exempel lantbruksg\u00e5rdar f\u00f6r att bryta ner lukten som bildas i utrymmet.<\/p>\n<p>ACT-3000P kan anv\u00e4ndas f\u00f6r att f\u00f6ra in ozon direkt till kammaren d\u00e4r r\u00f6tningen p\u00e5g\u00e5r. F\u00f6r kommersiella biogasanl\u00e4ggningar rekommenderar vi v\u00e5rt kraftfulla ozonsystem <a href=\"https:\/\/ozonetech.com\/sv\/losningar-system\/luftbehandling\/ozonsystem-rena-pro\/\"><strong>RENA Pro<\/strong><\/a>.<\/p>\n        <\/div>\n    <\/div>\n<\/div>\n\n<\/section>\n\n\n\n<section class=\"block product-block\" style=\"--bg: white; --tc: #000000; --button-bg: #299f23; --button-tc: #ffffff; --button-hover-bg: transparent; --button-hover-tc: #299f23;\" >\n    <div class=\"container-fluid\">\n        <div class=\"row justify-content-center top\">\n            <div class=\"col-md-12 editor_content\">\n                                            <\/div>\n        <\/div>\n        <div class=\"row justify-content-center bottom\">\n            <div class=\"col-md-6 editor_content\">\n                <h3>Ozonrening med ACT-3000\/ACT-3000P<\/h3>\n<p>Hur mycket ozon som beh\u00f6vs och hur l\u00e4nge produktionen ska vara ig\u00e5ng beror p\u00e5 r\u00f6tkammarens volym och hur h\u00f6ga halter av H<sub>2<\/sub>S som bildas. Behandlingen kan s\u00e4ttas p\u00e5 vid behov eller p\u00e5g\u00e5 dygnet runt, beroende p\u00e5 hur stort luktproblemet \u00e4r. Anv\u00e4ndningen \u00e4r enkel och driftkostnaden minimal.<\/p>\n<p>ACT-3000 och ACT-3000P \u00e4r utvecklade och tillverkade i Sverige av Ozonetech. V\u00e5ra stora skr\u00e4ddarsydda systeml\u00f6sningar f\u00f6r rening av luft och vatten finns v\u00e4rlden \u00f6ver p\u00e5 industrier, avloppsreningsverk, j\u00e4stfabriker, l\u00e4kemedelstillverkare, bryggerier, v\u00e4xthus och shoppingcenter. Vi \u00e4r snabbv\u00e4xande och flerfaldigt prisbel\u00f6nade.<\/p>\n<p><em>ACT-3000 och ACT-3000P \u00e4r utvecklade f\u00f6r professionell sanering och desinfektion inom industri, tj\u00e4nstesektor och kommunal verksamhet.<\/em><\/p>\n\n                            <\/div>\n            <div class=\"col-md-6 text-center\">\n                                    <img loading=\"lazy\" decoding=\"async\" width=\"1153\" height=\"1132\" src=\"https:\/\/ozonetech.com\/wp-content\/uploads\/2021\/02\/Ozonetech-ACT-3000-11.png\" class=\"attachment-full size-full\" alt=\"Ozonetech-ACT-3000\" srcset=\"https:\/\/ozonetech.com\/wp-content\/uploads\/2021\/02\/Ozonetech-ACT-3000-11.png 1153w, https:\/\/ozonetech.com\/wp-content\/uploads\/2021\/02\/Ozonetech-ACT-3000-11-300x295.png 300w, https:\/\/ozonetech.com\/wp-content\/uploads\/2021\/02\/Ozonetech-ACT-3000-11-1024x1005.png 1024w, https:\/\/ozonetech.com\/wp-content\/uploads\/2021\/02\/Ozonetech-ACT-3000-11-768x754.png 768w\" sizes=\"auto, (max-width: 1153px) 100vw, 1153px\" \/>                \n                <a href='https:\/\/ozonetech.com\/sv\/produkter\/ozongeneratorer\/act-serien\/' class='btn' target=''>Beg\u00e4r en offert<\/a>            <\/div>\n        <\/div>\n    <\/div>\n<\/section>\n\n\n\n<section\n    id=\"\"\n    class=\"block content-block\"\n\tstyle=\"--cb-bg: #e6e6e6; --cb-content: #000; padding-top: 30px; padding-bottom: 30px;\"\n>\n    \n\n<div class=\"container-fluid editor_content content content--narrow\">\n    <div class=\"row\">\n        <div class=\"col-12 editor_content\">\n            <h4>Enkel behandling, g\u00f6r s\u00e5 h\u00e4r<\/h4>\n<p>1. Montera ACT-3000\/ACT-3000P i v\u00e4ggracket<br \/>\n2. St\u00e4ng d\u00f6rrar och f\u00f6nster\/f\u00f6r in slangen f\u00f6r ozon till r\u00f6tkammaren<br \/>\n3. V\u00e4lj ozonproduktion 1-100 %<br \/>\n4. Produktionen p\u00e5g\u00e5r vanligtvis dygnet runt<br \/>\n5. Reglera ozonproduktionen vid behov<\/p>\n        <\/div>\n    <\/div>\n<\/div>\n\n<\/section>\n","protected":false},"excerpt":{"rendered":"","protected":false},"author":21,"featured_media":0,"parent":14794,"menu_order":0,"comment_status":"closed","ping_status":"closed","template":"","meta":{"_acf_changed":false,"_seopress_robots_primary_cat":"","_seopress_titles_title":"","_seopress_titles_desc":"ACT-3000 kan anv\u00e4ndas i sm\u00e5 r\u00f6tkammare p\u00e5 till exempel lantbruksg\u00e5rdar f\u00f6r att bryta ner H2S som luktar intensivt och obehagligt.","_seopress_robots_index":"","inline_featured_image":false,"footnotes":""},"class_list":["post-11190","page","type-page","status-publish","hentry"],"acf":[],"_links":{"self":[{"href":"https:\/\/ozonetech.com\/sv\/wp-json\/wp\/v2\/pages\/11190","targetHints":{"allow":["GET"]}}],"collection":[{"href":"https:\/\/ozonetech.com\/sv\/wp-json\/wp\/v2\/pages"}],"about":[{"href":"https:\/\/ozonetech.com\/sv\/wp-json\/wp\/v2\/types\/page"}],"author":[{"embeddable":true,"href":"https:\/\/ozonetech.com\/sv\/wp-json\/wp\/v2\/users\/21"}],"replies":[{"embeddable":true,"href":"https:\/\/ozonetech.com\/sv\/wp-json\/wp\/v2\/comments?post=11190"}],"version-history":[{"count":34,"href":"https:\/\/ozonetech.com\/sv\/wp-json\/wp\/v2\/pages\/11190\/revisions"}],"predecessor-version":[{"id":40686,"href":"https:\/\/ozonetech.com\/sv\/wp-json\/wp\/v2\/pages\/11190\/revisions\/40686"}],"up":[{"embeddable":true,"href":"https:\/\/ozonetech.com\/sv\/wp-json\/wp\/v2\/pages\/14794"}],"wp:attachment":[{"href":"https:\/\/ozonetech.com\/sv\/wp-json\/wp\/v2\/media?parent=11190"}],"curies":[{"name":"wp","href":"https:\/\/api.w.org\/{rel}","templated":true}]}}