{"id":11184,"date":"2020-06-24T12:19:24","date_gmt":"2020-06-24T12:19:24","guid":{"rendered":"https:\/\/ozonetech.com\/business-areas-odor-sanitation-air-conditioning\/"},"modified":"2024-10-22T09:07:08","modified_gmt":"2024-10-22T07:07:08","slug":"luftkonditionering","status":"publish","type":"page","link":"https:\/\/ozonetech.com\/sv\/applikationer\/lukt-sanering\/luftkonditionering\/","title":{"rendered":"Luftkonditionering"},"content":{"rendered":"\n<section\n    class=\"block hero hero--regular\"\n    style=\"background-image: url('https:\/\/ozonetech.com\/wp-content\/uploads\/2024\/10\/Edited-air-condition.jpg'); --hero-opacity: 0.5\"\n>\n\n    <div class=\"container-fluid\">\n\n        <div class=\"content editor_content\">\n                         \n                <h2 class='h2'>Luftkonditionering \u2013 bakterier och svamp<\/h2>            \n                    <\/div>\n\n            <\/div>\n<\/section>\n\n\n<section class=\"component component_breadcrumbs\">\n\t<div class=\"container-fluid\">\n  \t<\/div>\n<\/section>\n\n\n<section\n    id=\"\"\n    class=\"block content-block\"\n\tstyle=\"--cb-bg: white; --cb-content: #000; padding-top: 30px; padding-bottom: 30px;\"\n>\n    \n\n<div class=\"container-fluid editor_content content content--narrow\">\n    <div class=\"row\">\n        <div class=\"col-12 editor_content\">\n            <h1>F\u00f6rebygg biologisk bel\u00e4ggning i luftkonditioneringssystem och neutralisera luftburna sporer och patogener<\/h1>\n<p class=\"preamble\">Luftburna bakterier och svampar \u00e4r en h\u00e4lsorisk och k\u00e4lla till d\u00e5lig lukt i luftkonditioneringssystem.<\/p>\n<p>Ansamlingen av organiskt partikelmaterial och kondenseringen av fukt som uppst\u00e5r kring droppbrickor, kondensr\u00f6r och r\u00f6rledningar p\u00e5 luftkonditioneringsenheter skapar den perfekta milj\u00f6n f\u00f6r tillv\u00e4xt av biologiska bel\u00e4ggningar. Detta leder inte bara till h\u00f6ga niv\u00e5er av svamp och bakterier som blir luftburna och transporteras runt i byggnaden via \u00e5tercirkuleringen av luft, utan ocks\u00e5 till att systemens effektivitet och v\u00e4rme\u00f6verf\u00f6ring minskar. Luftburna bakterier och svamp utg\u00f6r inte bara en stor h\u00e4lsorisk, utan ger ocks\u00e5 upphov till d\u00e5lig lukt.<\/p>\n<p>Genom att behandla luftkonditioneringssystemet med ozon kan man f\u00f6rebygga att biologiska bel\u00e4ggningar byggs upp.<\/p>\n<p>Detta tar bort d\u00e5lig lukt och spridning av h\u00e4lsoproblem som allergier, utslag, f\u00f6rkylningar, virus och legion\u00e4rssjuka. Ozon \u00e4r inte bara den mest kraftfulla oxidationsbehandling som finns, utrustningen har mycket l\u00e5ga underh\u00e5llskostnader, vilket inneb\u00e4r att ozon inte bara \u00e4r det mest effektiva behandlingsalternativet, utan ocks\u00e5 ett av de enklaste.<\/p>\n<p>Ozon kan anv\u00e4ndas f\u00f6r att f\u00f6rebygga biologisk bel\u00e4ggning och minimera luftburna sporer, virus och bakterier. Sanering i luftkonditionering kan exempelvis utf\u00f6ras i hotellrum, bost\u00e4der, barer, flygplan, restauranger, skolor, kontor, konferensanl\u00e4ggningar och andra fastigheter.<\/p>\n        <\/div>\n    <\/div>\n<\/div>\n\n<\/section>\n\n\n\n<section class=\"block product-block\" style=\"--bg: white; --tc: #000000; --button-bg: #299f23; --button-tc: #ffffff; --button-hover-bg: transparent; --button-hover-tc: #299f23;\" >\n    <div class=\"container-fluid\">\n        <div class=\"row justify-content-center top\">\n            <div class=\"col-md-12 editor_content\">\n                                            <\/div>\n        <\/div>\n        <div class=\"row justify-content-center bottom\">\n            <div class=\"col-md-6 editor_content\">\n                <h3>Ozonrening med ACT-3000<\/h3>\n<p>Ozonm\u00e4ngd och l\u00e4ngden p\u00e5 behandlingen beror p\u00e5 luftfl\u00f6det i ventilationssystemet och m\u00e4ngden virus och bakterier. Vilken tid p\u00e5 dygnet behandlingen sker kan variera, den kan ske under natten eller n\u00e4r verksamheten \u00e4r st\u00e4ngd. Om ventilationssystemet \u00e4r tillr\u00e4ckligt l\u00e5ngt f\u00f6r att l\u00e5ta ozonet brytas ner innan det n\u00e5r utbl\u00e5set i rummet, kan behandlingen p\u00e5g\u00e5 dygnet runt.<\/p>\n<p>ACT-3000 \u00e4r utvecklad och tillverkad i Sverige av Ozonetech. V\u00e5ra stora skr\u00e4ddarsydda systeml\u00f6sningar f\u00f6r rening av luft och vatten finns v\u00e4rlden \u00f6ver p\u00e5 industrier, avloppsreningsverk, j\u00e4stfabriker, l\u00e4kemedelstillverkare, bryggerier, v\u00e4xthus och shoppingcenter. Vi \u00e4r snabbv\u00e4xande och flerfaldigt prisbel\u00f6nade.<\/p>\n<p><em>ACT-3000 \u00e4r utvecklad f\u00f6r professionell sanering och desinfektion inom industri, tj\u00e4nstesektor och kommunal verksamhet.<\/em><\/p>\n\n                            <\/div>\n            <div class=\"col-md-6 text-center\">\n                                    <img loading=\"lazy\" decoding=\"async\" width=\"1153\" height=\"1132\" src=\"https:\/\/ozonetech.com\/wp-content\/uploads\/2021\/02\/Ozonetech-ACT-3000-5.png\" class=\"attachment-full size-full\" alt=\"\" srcset=\"https:\/\/ozonetech.com\/wp-content\/uploads\/2021\/02\/Ozonetech-ACT-3000-5.png 1153w, https:\/\/ozonetech.com\/wp-content\/uploads\/2021\/02\/Ozonetech-ACT-3000-5-300x295.png 300w, https:\/\/ozonetech.com\/wp-content\/uploads\/2021\/02\/Ozonetech-ACT-3000-5-1024x1005.png 1024w, https:\/\/ozonetech.com\/wp-content\/uploads\/2021\/02\/Ozonetech-ACT-3000-5-768x754.png 768w\" sizes=\"auto, (max-width: 1153px) 100vw, 1153px\" \/>                \n                <a href='https:\/\/ozonetech.com\/sv\/produkter\/ozongeneratorer\/act-serien\/' class='btn' target=''>Beg\u00e4r en offert<\/a>            <\/div>\n        <\/div>\n    <\/div>\n<\/section>\n\n\n\n<section\n    id=\"\"\n    class=\"block content-block\"\n\tstyle=\"--cb-bg: #e6e6e6; --cb-content: #000; padding-top: 30px; padding-bottom: 30px;\"\n>\n    \n\n<div class=\"container-fluid editor_content content content--narrow\">\n    <div class=\"row\">\n        <div class=\"col-12 editor_content\">\n            <h4>Enkel behandling, g\u00f6r s\u00e5 h\u00e4r<\/h4>\n<p>1. St\u00e4ll in ACT-3000 i rummet\/lokalen, g\u00e4rna h\u00f6gt<br \/>\n2. St\u00e4ng d\u00f6rrar och f\u00f6nster<br \/>\n3. Anslut ACT-3000 till el<br \/>\n4. V\u00e4lj ozonproduktion 1\u2013100 %<br \/>\n5. G\u00e5 ut ur rummet och st\u00e4ng d\u00f6rren<br \/>\n6. Du v\u00e4ljer sj\u00e4lv hur l\u00e4nge behandlingen ska p\u00e5g\u00e5<br \/>\n7. N\u00e4r du vill avsluta behandlingen g\u00e5r du in i rummet och st\u00e4nger av ozongeneratorn. \u00d6ppna rummets f\u00f6nster f\u00f6r att snabbare v\u00e4dra ut eventuellt \u00f6verblivet ozon. G\u00e5 sen ut ur rummet och st\u00e4ng d\u00f6rren f\u00f6r att l\u00e5ta resterande ozon oxideras<br \/>\n8. Tips: Det \u00e4r smidigt att kontrollera behandlingen med hj\u00e4lp av en timer<\/p>\n        <\/div>\n    <\/div>\n<\/div>\n\n<\/section>\n","protected":false},"excerpt":{"rendered":"","protected":false},"author":21,"featured_media":0,"parent":14794,"menu_order":0,"comment_status":"closed","ping_status":"closed","template":"","meta":{"_acf_changed":false,"_seopress_robots_primary_cat":"","_seopress_titles_title":"","_seopress_titles_desc":"Ozon kan anv\u00e4ndas f\u00f6r att f\u00f6rebygga biologisk bel\u00e4ggning och minimera luftburna sporer, virus och bakterier I luftkonditioneringssystemet.","_seopress_robots_index":"","inline_featured_image":false,"footnotes":""},"class_list":["post-11184","page","type-page","status-publish","hentry"],"acf":[],"_links":{"self":[{"href":"https:\/\/ozonetech.com\/sv\/wp-json\/wp\/v2\/pages\/11184","targetHints":{"allow":["GET"]}}],"collection":[{"href":"https:\/\/ozonetech.com\/sv\/wp-json\/wp\/v2\/pages"}],"about":[{"href":"https:\/\/ozonetech.com\/sv\/wp-json\/wp\/v2\/types\/page"}],"author":[{"embeddable":true,"href":"https:\/\/ozonetech.com\/sv\/wp-json\/wp\/v2\/users\/21"}],"replies":[{"embeddable":true,"href":"https:\/\/ozonetech.com\/sv\/wp-json\/wp\/v2\/comments?post=11184"}],"version-history":[{"count":34,"href":"https:\/\/ozonetech.com\/sv\/wp-json\/wp\/v2\/pages\/11184\/revisions"}],"predecessor-version":[{"id":41650,"href":"https:\/\/ozonetech.com\/sv\/wp-json\/wp\/v2\/pages\/11184\/revisions\/41650"}],"up":[{"embeddable":true,"href":"https:\/\/ozonetech.com\/sv\/wp-json\/wp\/v2\/pages\/14794"}],"wp:attachment":[{"href":"https:\/\/ozonetech.com\/sv\/wp-json\/wp\/v2\/media?parent=11184"}],"curies":[{"name":"wp","href":"https:\/\/api.w.org\/{rel}","templated":true}]}}