{"id":11167,"date":"2020-06-24T08:50:55","date_gmt":"2020-06-24T08:50:55","guid":{"rendered":"https:\/\/ozonetech.com\/business-areas-water-treatment-_-car-washes\/"},"modified":"2024-10-22T08:47:34","modified_gmt":"2024-10-22T06:47:34","slug":"biltvattar","status":"publish","type":"page","link":"https:\/\/ozonetech.com\/sv\/applikationer\/vattenrening\/biltvattar\/","title":{"rendered":"Biltv\u00e4ttar"},"content":{"rendered":"\n<section\n    class=\"block hero hero--regular\"\n    style=\"background-image: url('https:\/\/ozonetech.com\/wp-content\/uploads\/2024\/10\/car-washes-1.png'); --hero-opacity: 0.2\"\n>\n\n    <div class=\"container-fluid\">\n\n        <div class=\"content editor_content\">\n                         \n                <h2 class='h2'>Biltv\u00e4ttar<\/h2>            \n                    <\/div>\n\n            <\/div>\n<\/section>\n\n\n<section class=\"component component_breadcrumbs\">\n\t<div class=\"container-fluid\">\n  \t<\/div>\n<\/section>\n\n\n<section\n    id=\"\"\n    class=\"block content-block\"\n\tstyle=\"--cb-bg: white; --cb-content: #000; padding-top: 30px; padding-bottom: 30px;\"\n>\n    \n\n<div class=\"container-fluid editor_content content content--narrow\">\n    <div class=\"row\">\n        <div class=\"col-12 editor_content\">\n            <h1>Minska kostnader och kemikalief\u00f6rbrukningen i biltv\u00e4ttar och \u00e5tervinn samtidigt vattnet<\/h1>\n<p class=\"preamble\">\u00c5tervinning av vatten i biltv\u00e4ttar blir snabbt allt vanligare tack var de ekonomiska och milj\u00f6m\u00e4ssiga f\u00f6rdelarna. Det finns dock en risk f\u00f6r mikrobiologiska patogener i vattnet som kan ge upphov till problem.<\/p>\n<p>Genom att behandla vattnet med ozon \u00e4r det m\u00f6jligt att f\u00f6rbig\u00e5 de problem som \u00e4r f\u00f6rknippade med skadliga mikrobiologiska patogener. Genom att anv\u00e4nda ozon som ett desinficerande medel f\u00f6r vattnet d\u00f6das alla svampar, bakterier och virus som kan ge upphov till problem. Detta g\u00f6r att vattnet kan \u00e5tervinnas p\u00e5 ett mer effektivt s\u00e4tt, vilket leder till f\u00f6rb\u00e4ttrade ekonomiska och milj\u00f6m\u00e4ssiga resultat. Ozon \u00e4r inte den enda behandling som kan f\u00f6rb\u00e4ttra vattenkvaliteten, men det \u00e4r den l\u00e4mpligaste behandlingen f\u00f6r biltv\u00e4ttar eftersom ozon till skillnad fr\u00e5n kemiska l\u00f6sningar, t.ex. klor, inte har n\u00e5gra negativa effekter p\u00e5 bilkarossens lack och krom.<\/p>\n        <\/div>\n    <\/div>\n<\/div>\n\n<\/section>\n","protected":false},"excerpt":{"rendered":"","protected":false},"author":21,"featured_media":0,"parent":16960,"menu_order":0,"comment_status":"closed","ping_status":"closed","template":"","meta":{"_acf_changed":false,"_seopress_robots_primary_cat":"","_seopress_titles_title":"","_seopress_titles_desc":"Ozonbehandling d\u00f6dar alla svampar, bakterier och virus som orsakar problem med \u00e5tervinning av vatten i biltv\u00e4ttar.","_seopress_robots_index":"","inline_featured_image":false,"footnotes":""},"class_list":["post-11167","page","type-page","status-publish","hentry"],"acf":[],"_links":{"self":[{"href":"https:\/\/ozonetech.com\/sv\/wp-json\/wp\/v2\/pages\/11167","targetHints":{"allow":["GET"]}}],"collection":[{"href":"https:\/\/ozonetech.com\/sv\/wp-json\/wp\/v2\/pages"}],"about":[{"href":"https:\/\/ozonetech.com\/sv\/wp-json\/wp\/v2\/types\/page"}],"author":[{"embeddable":true,"href":"https:\/\/ozonetech.com\/sv\/wp-json\/wp\/v2\/users\/21"}],"replies":[{"embeddable":true,"href":"https:\/\/ozonetech.com\/sv\/wp-json\/wp\/v2\/comments?post=11167"}],"version-history":[{"count":18,"href":"https:\/\/ozonetech.com\/sv\/wp-json\/wp\/v2\/pages\/11167\/revisions"}],"predecessor-version":[{"id":41565,"href":"https:\/\/ozonetech.com\/sv\/wp-json\/wp\/v2\/pages\/11167\/revisions\/41565"}],"up":[{"embeddable":true,"href":"https:\/\/ozonetech.com\/sv\/wp-json\/wp\/v2\/pages\/16960"}],"wp:attachment":[{"href":"https:\/\/ozonetech.com\/sv\/wp-json\/wp\/v2\/media?parent=11167"}],"curies":[{"name":"wp","href":"https:\/\/api.w.org\/{rel}","templated":true}]}}