{"id":11143,"date":"2020-06-24T08:36:51","date_gmt":"2020-06-24T07:36:51","guid":{"rendered":"https:\/\/ozonetech.com\/business-areas-water-treatments-aquariums-water-tanks\/"},"modified":"2024-10-10T09:50:39","modified_gmt":"2024-10-10T07:50:39","slug":"akvarier-vattenparker","status":"publish","type":"page","link":"https:\/\/ozonetech.com\/sv\/applikationer\/vattenrening\/akvarier-vattenparker\/","title":{"rendered":"Akvarier &amp; vattenparker"},"content":{"rendered":"\n<section\n    class=\"block hero hero--regular\"\n    style=\"background-image: url('https:\/\/ozonetech.com\/wp-content\/uploads\/2021\/02\/Aquarium-1600x484.jpg'); --hero-opacity: 0.2\"\n>\n\n    <div class=\"container-fluid\">\n\n        <div class=\"content editor_content\">\n                         \n                <h2 class='h2'>Akvarier &#038; vattenparker<\/h2>            \n                    <\/div>\n\n            <\/div>\n<\/section>\n\n\n<section class=\"component component_breadcrumbs\">\n\t<div class=\"container-fluid\">\n  \t<\/div>\n<\/section>\n\n\n<section\n    id=\"\"\n    class=\"block content-block\"\n\tstyle=\"--cb-bg: white; --cb-content: #000; padding-top: 30px; padding-bottom: 30px;\"\n>\n    \n\n<div class=\"container-fluid editor_content content content--narrow\">\n    <div class=\"row\">\n        <div class=\"col-12 editor_content\">\n            <h1>Effektiv och h\u00e5llbar l\u00f6sning av vattenfiltreringsproblem i akvarier<\/h1>\n<p class=\"preamble\">Ozonbehandling av akvarier erbjuder anv\u00e4ndaren l\u00f6sningen p\u00e5 m\u00e5nga av de filtreringsproblem som man st\u00e4lls inf\u00f6r, med praktiskt taget inga negativa biverkningar.<\/p>\n<p>Det \u00e4r ozonets kraftfulla oxidationsf\u00f6rm\u00e5ga som \u00e4r f\u00f6rklaringen till dess till\u00e4mpningsm\u00f6jligheter i akvarier. Ozonet kan utpl\u00e5na sjukdomar, bakterier, patogener som svamp-, virus- och algorganismer som kan finnas i akvarier. Detta \u00e4r m\u00f6jligt att g\u00f6ra i ett mycket tidigt skede, innan organismerna f\u00e5r chansen att f\u00f6rvandlas till ett algproblem. Det h\u00e4r systemet kr\u00e4ver minsta m\u00f6jliga underh\u00e5ll och har l\u00e4gre underh\u00e5llskostnader och kr\u00e4ver mindre tid \u00e4n andra systsem. Sammantaget inneb\u00e4r detta att ett ozonsystem \u00e4r mer effektivt \u00e4n n\u00e5got annat tillg\u00e4ngligt behandlingssystem.<\/p>\n        <\/div>\n    <\/div>\n<\/div>\n\n<\/section>\n","protected":false},"excerpt":{"rendered":"","protected":false},"author":21,"featured_media":0,"parent":16960,"menu_order":0,"comment_status":"closed","ping_status":"closed","template":"","meta":{"_acf_changed":false,"_seopress_robots_primary_cat":"","_seopress_titles_title":"","_seopress_titles_desc":"Ozonbehandling av akvarier erbjuder l\u00f6sningen m\u00e5nga filtreringsproblem, med praktiskt taget inga negativa biverkningar.","_seopress_robots_index":"","inline_featured_image":false,"footnotes":""},"class_list":["post-11143","page","type-page","status-publish","hentry"],"acf":[],"_links":{"self":[{"href":"https:\/\/ozonetech.com\/sv\/wp-json\/wp\/v2\/pages\/11143","targetHints":{"allow":["GET"]}}],"collection":[{"href":"https:\/\/ozonetech.com\/sv\/wp-json\/wp\/v2\/pages"}],"about":[{"href":"https:\/\/ozonetech.com\/sv\/wp-json\/wp\/v2\/types\/page"}],"author":[{"embeddable":true,"href":"https:\/\/ozonetech.com\/sv\/wp-json\/wp\/v2\/users\/21"}],"replies":[{"embeddable":true,"href":"https:\/\/ozonetech.com\/sv\/wp-json\/wp\/v2\/comments?post=11143"}],"version-history":[{"count":28,"href":"https:\/\/ozonetech.com\/sv\/wp-json\/wp\/v2\/pages\/11143\/revisions"}],"predecessor-version":[{"id":40487,"href":"https:\/\/ozonetech.com\/sv\/wp-json\/wp\/v2\/pages\/11143\/revisions\/40487"}],"up":[{"embeddable":true,"href":"https:\/\/ozonetech.com\/sv\/wp-json\/wp\/v2\/pages\/16960"}],"wp:attachment":[{"href":"https:\/\/ozonetech.com\/sv\/wp-json\/wp\/v2\/media?parent=11143"}],"curies":[{"name":"wp","href":"https:\/\/api.w.org\/{rel}","templated":true}]}}