{"id":11125,"date":"2020-06-24T06:23:28","date_gmt":"2020-06-24T06:23:28","guid":{"rendered":"https:\/\/ozonetech.com\/business-areas-water-treatment-pfc-removal\/"},"modified":"2024-10-10T09:47:14","modified_gmt":"2024-10-10T07:47:14","slug":"nedbrytning-pfc","status":"publish","type":"page","link":"https:\/\/ozonetech.com\/sv\/applikationer\/vattenrening\/nedbrytning-pfc\/","title":{"rendered":"Nedbrytning av PFC"},"content":{"rendered":"\n<section\n    class=\"block hero hero--regular\"\n    style=\"background-image: url('https:\/\/ozonetech.com\/wp-content\/uploads\/2021\/02\/PFC-removal-1600x484.jpg'); --hero-opacity: 0.25\"\n>\n\n    <div class=\"container-fluid\">\n\n        <div class=\"content editor_content\">\n                         \n                <h2 class='h2'>Nedbrytning av PFC<\/h2>            \n                    <\/div>\n\n            <\/div>\n<\/section>\n\n\n<section class=\"component component_breadcrumbs\">\n\t<div class=\"container-fluid\">\n  \t<\/div>\n<\/section>\n\n\n<section\n    id=\"\"\n    class=\"block content-block\"\n\tstyle=\"--cb-bg: light-gray; --cb-content: #000; padding-top: 30px; padding-bottom: 30px;\"\n>\n    \n\n<div class=\"container-fluid editor_content content content--narrow\">\n    <div class=\"row\">\n        <div class=\"col-12 editor_content\">\n            <h1>Nedbrytning av sv\u00e5rnedbrytbara f\u00f6roreningar<\/h1>\n<p><img loading=\"lazy\" decoding=\"async\" class=\"aligncenter wp-image-19083 size-large\" src=\"https:\/\/ozonetech.com\/wp-content\/uploads\/2021\/02\/pfas-molecule-1-1024x368.png\" alt=\"\" width=\"1024\" height=\"368\" srcset=\"https:\/\/ozonetech.com\/wp-content\/uploads\/2021\/02\/pfas-molecule-1-1024x368.png 1024w, https:\/\/ozonetech.com\/wp-content\/uploads\/2021\/02\/pfas-molecule-1-300x108.png 300w, https:\/\/ozonetech.com\/wp-content\/uploads\/2021\/02\/pfas-molecule-1-768x276.png 768w, https:\/\/ozonetech.com\/wp-content\/uploads\/2021\/02\/pfas-molecule-1.png 1501w\" sizes=\"auto, (max-width: 1024px) 100vw, 1024px\" \/><\/p>\n<h3>Vad \u00e4r PFC, PFAA, PFOS och PFOA?<\/h3>\n<p>Perfluorerade f\u00f6reningar (PFC), exempelvis perfluorerade alkylsyror (PFAA), \u00e4r olika grupper av syntetiska kemiska strukturer med unika egenskaper, som termisk stabilitet och f\u00f6rm\u00e5gan att skapa sl\u00e4ta ytor som avvisar vatten, olja och smuts. Detta g\u00f6r PFC:er till anv\u00e4ndbara komponenter i m\u00e5nga konsument och industriprodukter, inklusive konserveringsmedel, sm\u00f6rjmedel, m\u00e5larf\u00e4rg, skum, stekpannor, livsmedelsf\u00f6rpackningar, vattent\u00e4ta kl\u00e4der, tygfl\u00e4ckskydd och brandsl\u00e4ckningsskum. PFOA och PFOS \u00e4r bland de mest k\u00e4nda f\u00f6reningarna, vanligtvis definierade som perfluorerade molekyler med \u00e5tta fluorerade kolatomer.<\/p>\n<h3>F\u00f6roreningar som \u00f6kar<\/h3>\n<p>PFC har producerats i stora volymer sedan 1950-talet och under senare \u00e5r har produktionen skiftat mer mot kortkedjiga f\u00f6reningar och perfluoroeter-karboxyl- och sulfonsyror, vilket redan har m\u00e4rkts i v\u00e5ra vattenmilj\u00f6er. Dessa specifika f\u00f6reningar utg\u00f6r dock endast en br\u00e5kdel av de PFAS som s\u00e4ljs globalt. En del produktion har ocks\u00e5 ersatts av andra starkt fluorerade f\u00f6reningar som fluorotelomeralkoholer som l\u00e5ngsamt kan brytas ned till PFOA.<\/p>\n<p>Den h\u00f6ga produktionsvolymen av PFC har lett till omfattande utsl\u00e4pp i milj\u00f6n, s\u00e4rskilt i vatten d\u00e4r de l\u00e4tt kan transporteras. De kemiska stabila egenskaperna i kombination med PFCs l\u00f6slighet i vatten har bidragit till att PFAS hittats i hela vattenmilj\u00f6n inklusive ytvatten, avloppsvatten och dricksvatten. PFOA har en negativ effekt p\u00e5 reproduktionsorganen och misst\u00e4nks vara cancerframkallande f\u00f6r m\u00e4nniskor och betraktas ocks\u00e5 som mycket sv\u00e5rnedbrytbar och mycket bioackumulerande (vPvB).<\/p>\n<p>PFOA \u00e4r d\u00e4rf\u00f6r upptagna i EU:s kandidatlista med \u00e4mnen som \u00e4r mycket oroande.<\/p>\n<p>PFC:er erk\u00e4nns nu av en allt st\u00f6rre del av det vetenskapliga samfundet som en v\u00e4xande milj\u00f6f\u00f6rorening p\u00e5 grund av deras kemiska stabilitet och toxiska effekter i kombination med deras h\u00f6ga f\u00f6rekomst i milj\u00f6n, biota och m\u00e4nniskor. De direkta exponeringsv\u00e4garna f\u00f6r dessa kemikalier f\u00f6r m\u00e4nniskor \u00e4r n\u00e5got oklara och oron f\u00f6r PFC-f\u00f6rorenade vattenk\u00e4llor har \u00f6kat dramatiskt de senaste \u00e5ren hos allm\u00e4nheten. Kranvatten och flaskvatten \u00e4r tv\u00e5 potentiella k\u00e4llor till PFC, vilket delvis f\u00f6rklarar varf\u00f6r de finns i m\u00e4nniskans blod.<\/p>\n<h3>Behandling av PFCS<\/h3>\n<p>De kemiskt mycket stabila f\u00f6reningarna av PFC f\u00f6rsv\u00e5rar varje m\u00f6jlig nedbrytningsprocess av \u00e4mnet. Olika metoder har testats och unders\u00f6kts f\u00f6r att s\u00f6nderdela och\/eller avl\u00e4gsna PFC:er i f\u00f6rorenat vatten, d\u00e4r starka oxidationsmedel m\u00e5ste anv\u00e4ndas.<\/p>\n<p>F\u00f6r att uppn\u00e5 en tillr\u00e4ckligt h\u00f6g oxidationspotential beh\u00f6vs en kombination av olika avancerade oxidationsprocesser (AOP-tekniker), till exempel en kombination av ozon och katalyserad hydroxylbildning. Ytterligare komplikationer inkluderar matrisen f\u00f6r provet som ska behandlas.<\/p>\n<p>Till exempel orsakar vatten som \u00e4r rikt p\u00e5 organiska partiklar eller TOC (Total Organic Content) problem n\u00e4r man vill avl\u00e4gsna PFAA p\u00e5 grund av att det oxiderande medlet prim\u00e4rt vill reagera med mindre stabila organiska f\u00f6reningar.<\/p>\n<p>Det \u00e4r mycket viktigt, av b\u00e5de milj\u00f6- och sociala sk\u00e4l, att effektivt bryta ner och ta bort PFC:er i vid rening av dricksvatten.<\/p>\n<h3>L\u00f6sning<\/h3>\n<p>PFC-f\u00f6reningar kan reduceras, brytas ner eller avl\u00e4gsnas helt med de metoder som beskrivs nedan och i m\u00e5nga fall \u00e4r en kombination av tekniker den b\u00e4sta l\u00f6sningen.<\/p>\n        <\/div>\n    <\/div>\n<\/div>\n\n\n<div class=\"container-fluid editor_content content content--narrow\">\n    <div class=\"row\">\n        <div class=\"col-md-6\">\n            <h4>Oxidation<\/h4>\n<p>F\u00f6r att bryta ner PFC-f\u00f6reningar i vatten beh\u00f6ver man vanligtvis oxidanter som \u00e4r starkare \u00e4n &#8221;vanliga&#8221; oxidanter.<\/p>\n<p>Avancerade oxidationstekniker som kombinerar olika oxidationsmedel har visat sig vara effektiva n\u00e4r de anv\u00e4nds p\u00e5 r\u00e4tt s\u00e4tt. En kombination av exempelvis ozon och v\u00e4teperoxid (H<sub>2<\/sub>O<sub>2<\/sub>) och\/eller speciella katalysatorer \u00f6kar oxidationspotentialen och m\u00f6jligg\u00f6r nedbrytning av PFC:er.<\/p>\n        <\/div>\n        <div class=\"col-md-6\">\n            <h4>Omv\u00e4nd osmos<\/h4>\n<p>Omv\u00e4nd osmos (RO) \u00e4r en enkel och traditionell reningsmetod som anv\u00e4nds i m\u00e5nga vattenreningssystem.<\/p>\n<p>V\u00e5ra RENA RO-system kan ta bort f\u00f6roreningarna innan de n\u00e5r hush\u00e5llen i de drabbade kommunerna.<\/p>\n<p>Den omv\u00e4nda osmostekniken som anv\u00e4nds separerar effektivt salter fr\u00e5n vatten och g\u00f6r metoden l\u00e4mplig f\u00f6r att minska PFAA-f\u00f6roreningar i dricksvatten.<\/p>\n<p>Ozonetech erbjuder flera h\u00f6gklassiga och nyckelf\u00e4rdiga vattenreningssystem baserade p\u00e5 v\u00e5r egen ozonteknik i kombination med v\u00e5r egenutvecklade AOP-teknik f\u00f6r att s\u00f6nderdela och ta bort PFC:er i vatten.<\/p>\n        <\/div>\n    <\/div>\n<\/div>\n\n<div class=\"container-fluid editor_content content content--narrow\">\n    <div class=\"row\">\n        <div class=\"col-12 editor_content\">\n            <h3>Pilotprojekt<\/h3>\n<p>Att minska eller eliminera PFC:er \u00e4r en komplex uppgift och kr\u00e4ver en skr\u00e4ddarsydd fullskalig l\u00f6sning.<\/p>\n<p>Designprocessen inleds med att v\u00e5ra ingenj\u00f6rer g\u00f6r en pilotstudie som resulterar i en laboratorie-uppst\u00e4llning baserad p\u00e5 troliga kritiska parametrar och b\u00e4sta tillg\u00e4ngliga teknik f\u00f6r att uppn\u00e5 optimal processdesign.<\/p>\n<p>Genom att genomf\u00f6ra flera pilotk\u00f6rningar och samtidigt stegvis justera varje parameter i systemet individuellt, kan v\u00e5ra ingenj\u00f6rer hitta den optimala konstruktionen f\u00f6r ett fullskaligt system. Vattenprover tas under hela pilotprocessen och analyseras av ett oberoende laboratorium f\u00f6r att verifiera resultaten.<\/p>\n<p>L\u00e4s mer om <a href=\"https:\/\/ozonetech.com\/sv\/losningar-system\/luftbehandling\/pilotproject-luftbehandling\/\" rel=\"noopener\">pilotprojekt och skr\u00e4ddarsydda system<\/a> och v\u00e5rt <a href=\"https:\/\/ozonetech.com\/sv\/losningar-system\/vattenrening\/rena-vitro\/\" rel=\"noopener\">AOP-system RENA Vitro.<\/a><\/p>\n<p><img loading=\"lazy\" decoding=\"async\" class=\"wp-image-19143 aligncenter\" src=\"https:\/\/ozonetech.com\/wp-content\/uploads\/2021\/02\/pilot-projects-300x200.jpg\" alt=\"\" width=\"1058\" height=\"705\" srcset=\"https:\/\/ozonetech.com\/wp-content\/uploads\/2021\/02\/pilot-projects-300x200.jpg 300w, https:\/\/ozonetech.com\/wp-content\/uploads\/2021\/02\/pilot-projects-1024x683.jpg 1024w, https:\/\/ozonetech.com\/wp-content\/uploads\/2021\/02\/pilot-projects-768x512.jpg 768w, https:\/\/ozonetech.com\/wp-content\/uploads\/2021\/02\/pilot-projects.jpg 1500w\" sizes=\"auto, (max-width: 1058px) 100vw, 1058px\" \/><\/p>\n        <\/div>\n    <\/div>\n<\/div>\n\n<\/section>\n\n\n\n\n\n\n<section class=\"block brochures\" style=\"--career-bgc: #5f5f5f; --career-c: #ffffff;\">\n    <div class=\"container-fluid\">\n\n        <h3 class='h3'>L\u00e4s mer<\/h3>\n                    <div class=\"brochures__list\">\n                                    <div class=\"brochures__list--item\">\n                                                    <a target=\"_blank\" href=\"https:\/\/ozonetech.com\/wp-content\/uploads\/2020\/12\/Brochure-Pilot-projects-and-tailored-industrial-water-treatment-systems-v1.1-EN-web.pdf\">\n                                <img loading=\"lazy\" decoding=\"async\" width=\"170\" height=\"240\" src=\"https:\/\/ozonetech.com\/wp-content\/uploads\/2021\/03\/tailored-wastewater-treatment-systems.jpg\" class=\"attachment-brochure size-brochure\" alt=\"\" \/>                            <\/a>\n                                            <\/div>\n                                    <div class=\"brochures__list--item\">\n                                                    <a target=\"_blank\" href=\"https:\/\/ozonetech.com\/wp-content\/uploads\/2020\/12\/Brochure-Rena-Water-Treatment-Solutions-v1.3-EN-web.pdf\">\n                                <img loading=\"lazy\" decoding=\"async\" width=\"170\" height=\"240\" src=\"https:\/\/ozonetech.com\/wp-content\/uploads\/2021\/03\/rena-water-treatment-solutions.jpg\" class=\"attachment-brochure size-brochure\" alt=\"\" \/>                            <\/a>\n                                            <\/div>\n                                    <div class=\"brochures__list--item\">\n                                                    <a target=\"_blank\" href=\"https:\/\/ozonetech.com\/wp-content\/uploads\/2020\/12\/Brochure-Pharmaceutical-residues-in-wastewater-v1.0-EN-web.pdf\">\n                                <img loading=\"lazy\" decoding=\"async\" width=\"170\" height=\"240\" src=\"https:\/\/ozonetech.com\/wp-content\/uploads\/2021\/03\/pharmaceuticals-in-wastewater.jpg\" class=\"attachment-brochure size-brochure\" alt=\"\" \/>                            <\/a>\n                                            <\/div>\n                                    <div class=\"brochures__list--item\">\n                                                    <a target=\"_blank\" href=\"https:\/\/ozonetech.com\/wp-content\/uploads\/2020\/12\/Brochure-RENA-Pro-Ozone-Systems-v1.5-SV-web.pdf\">\n                                <img loading=\"lazy\" decoding=\"async\" width=\"170\" height=\"241\" src=\"https:\/\/ozonetech.com\/wp-content\/uploads\/2021\/03\/rena-pro-ozonsystem.jpg\" class=\"attachment-brochure size-brochure\" alt=\"\" \/>                            <\/a>\n                                            <\/div>\n                            <\/div>\n                \n        <div class=\"btn-container\">\n                    <\/div>\n    <\/div>\n<\/section>\n","protected":false},"excerpt":{"rendered":"","protected":false},"author":21,"featured_media":0,"parent":16960,"menu_order":0,"comment_status":"closed","ping_status":"closed","template":"","meta":{"_acf_changed":false,"_seopress_robots_primary_cat":"","_seopress_titles_title":"","_seopress_titles_desc":"PFC-f\u00f6reningar kan reduceras, brytas ner eller avl\u00e4gsnas helt med oxidation eller omv\u00e4nd osmos eller an kombination av tekniker.","_seopress_robots_index":"","inline_featured_image":false,"footnotes":""},"class_list":["post-11125","page","type-page","status-publish","hentry"],"acf":[],"_links":{"self":[{"href":"https:\/\/ozonetech.com\/sv\/wp-json\/wp\/v2\/pages\/11125","targetHints":{"allow":["GET"]}}],"collection":[{"href":"https:\/\/ozonetech.com\/sv\/wp-json\/wp\/v2\/pages"}],"about":[{"href":"https:\/\/ozonetech.com\/sv\/wp-json\/wp\/v2\/types\/page"}],"author":[{"embeddable":true,"href":"https:\/\/ozonetech.com\/sv\/wp-json\/wp\/v2\/users\/21"}],"replies":[{"embeddable":true,"href":"https:\/\/ozonetech.com\/sv\/wp-json\/wp\/v2\/comments?post=11125"}],"version-history":[{"count":91,"href":"https:\/\/ozonetech.com\/sv\/wp-json\/wp\/v2\/pages\/11125\/revisions"}],"predecessor-version":[{"id":40473,"href":"https:\/\/ozonetech.com\/sv\/wp-json\/wp\/v2\/pages\/11125\/revisions\/40473"}],"up":[{"embeddable":true,"href":"https:\/\/ozonetech.com\/sv\/wp-json\/wp\/v2\/pages\/16960"}],"wp:attachment":[{"href":"https:\/\/ozonetech.com\/sv\/wp-json\/wp\/v2\/media?parent=11125"}],"curies":[{"name":"wp","href":"https:\/\/api.w.org\/{rel}","templated":true}]}}