{"id":11106,"date":"2020-06-24T06:10:46","date_gmt":"2020-06-24T06:10:46","guid":{"rendered":"https:\/\/ozonetech.com\/business-areas-water-treatment-ozone-water-disinfection\/"},"modified":"2024-10-10T09:44:05","modified_gmt":"2024-10-10T07:44:05","slug":"vattendesinfektion-ozon","status":"publish","type":"page","link":"https:\/\/ozonetech.com\/sv\/applikationer\/vattenrening\/vattendesinfektion-ozon\/","title":{"rendered":"Vattendesinfektion med ozon"},"content":{"rendered":"\n<section\n    class=\"block hero hero--regular\"\n    style=\"background-image: url('https:\/\/ozonetech.com\/wp-content\/uploads\/2021\/03\/ozone-water-disinfection-1600x484.jpg'); --hero-opacity: 0.2\"\n>\n\n    <div class=\"container-fluid\">\n\n        <div class=\"content editor_content\">\n                         \n                <h1 class='h1'>Vattendesinfektion med ozon<\/h1>            \n                    <\/div>\n\n            <\/div>\n<\/section>\n\n\n<section class=\"component component_breadcrumbs\">\n\t<div class=\"container-fluid\">\n  \t<\/div>\n<\/section>\n\n\n<section\n    id=\"\"\n    class=\"block content-block\"\n\tstyle=\"--cb-bg: white; --cb-content: #000; padding-top: 30px; padding-bottom: 30px;\"\n>\n    \n\n<div class=\"container-fluid editor_content content content--narrow\">\n    <div class=\"row\">\n        <div class=\"col-12 editor_content\">\n            <h1>Det mest effektiva s\u00e4ttet att rena vatten och eliminera patogener och mikrof\u00f6roreningar<\/h1>\n<p class=\"preamble\">Ozonetech tillhandah\u00e5ller produkter med premiumteknologi f\u00f6r desinfektion. Det kan vi g\u00f6ra bl.a. f\u00f6r att alla v\u00e5ra produkter utformas och produceras i v\u00e5ra lokaler i H\u00e4gersten, n\u00e5gra kilometer s\u00f6der om Stockholm. Ozonsystemen kan p\u00e5 ett enkelt s\u00e4tt installeras p\u00e5 ett sidofl\u00f6de till det befintliga vattenreningssystemet. D\u00e4rf\u00f6r \u00e4r vi \u00e4ven bekanta med andra desinfektionstekniker som t.ex. UV och klorering. De f\u00f6ljande avsnitten kommer att behandla desinfektion mer generellt f\u00f6r att ge en \u00f6kad f\u00f6rst\u00e5else f\u00f6r desinfektionsproblematiken samt beskriva vilka tekniker som l\u00e4mpar sig b\u00e4st i olika fall, om \u00e4n p\u00e5 ett \u00f6versiktligt plan.<\/p>\n        <\/div>\n    <\/div>\n<\/div>\n\n\n<div class=\"container-fluid editor_content content content--narrow\">\n    <div class=\"row\">\n        <div class=\"col-md-6\">\n            <h3>F\u00f6rdel med ozonbehandling vid vattenrening<\/h3>\n<p>Det finns m\u00e5nga f\u00f6rdelar med att anv\u00e4nda sig av ozon vid desinfektion j\u00e4mf\u00f6rt med mer traditionella tekniker, s\u00e5som klorering och UV. Ozon \u00e4r mer kraftfullt som desinfektionsmedel mot mikroorganismer och virus. Detta g\u00f6r bl.a. att det kr\u00e4vs sm\u00e5 m\u00e4ngder desinfektionsmedel samtidigt som den erforderliga uppeh\u00e5llstiden f\u00f6r att uppn\u00e5 fullst\u00e4ndig desinfektion minskar.<\/p>\n<p>Ozonets styrka ligger till st\u00f6rsta delen i dess h\u00f6ga oxidationspotential. Detta leder till biologisk stress f\u00f6r de skadliga mikroberna bl.a. genom en s\u00f6nderdelning av mikroorganismernas cellmembran samt nedbrytning av livsn\u00f6dv\u00e4ndiga biomolekyler inom bakterierna. I bilden nedan visas ett exempel p\u00e5 hur ozonet reagerar (oxiderar) ett kolv\u00e4te p\u00e5 samma s\u00e4tt som vid en eventuell desinfektionsprocess.<\/p>\n        <\/div>\n        <div class=\"col-md-6\">\n            <p><img loading=\"lazy\" decoding=\"async\" class=\"alignnone size-medium wp-image-13368\" src=\"https:\/\/ozonetech.com\/wp-content\/uploads\/2021\/01\/ozone-oxidation-reaction-molecules-300x177.png\" alt=\"\" width=\"781\" height=\"471\" \/><\/p>\n<p>Som med alla desinfektionsmedel b\u00f6r man ha respekt \u00e4ven f\u00f6r ozonet som desinfektionsmedel. D\u00e4rf\u00f6r har Ozonetech utvecklat styr- och \u00f6vervakningssystem f\u00f6r att kontrollera ozondoseringen samt garantera s\u00e4kerheten i den omgivande arbetsmilj\u00f6n. En stor f\u00f6rdel med ett ozonsystem \u00e4r att inte kr\u00e4vs n\u00e5gon kemikaliehantering efter att systemet installerats och driftsatt.<\/p>\n<p>En annan stor f\u00f6rdel med ozon \u00e4r att det inte kommer att l\u00e4mna n\u00e5gra restprodukter i den behandlade vattenmassan. Eventuella ozonresidualer efter desinfektionsprocessen s\u00f6nderfaller naturligt inom minuter till n\u00e5gra timmar beroende p\u00e5 vattenkvaliteten (temperatur, pH, COD\/BOD-m\u00e4ngd). Ozonbehandlingen f\u00f6rebygger ocks\u00e5 effektivt tillv\u00e4xt av organsikt material, givet att \u00f6vriga delar av desinfektionsprocessen t.ex. har minskat partikelm\u00e4ngden i vattnet.\u00a0Ozonet produceras in-situ och kr\u00e4ver enbart matning med atmosf\u00e4riskt syre. Detta g\u00f6r att man slipper transport och hantering av kemikalier, vilket i sin tur ger en s\u00e4krare, milj\u00f6v\u00e4nligare, och i slut\u00e4ndan billigare process.<\/p>\n        <\/div>\n    <\/div>\n<\/div>\n\n<div class=\"container-fluid editor_content content content--narrow\">\n    <div class=\"row\">\n        <div class=\"col-12 editor_content\">\n            <h3>Desinfektionseffektivitet<\/h3>\n<p>Som n\u00e4mnts ovan uppn\u00e5s effektiv desinfektion med ozon. Desinfektionseffektiviteten m\u00e4ts vanligtvis med det s.k. CT-v\u00e4rdet (koncentration multiplicerat med tid f\u00f6r ett desinfektionsmedel).<\/p>\n<p>Ozonbehandling av vatten skyddar mot alla typer av skadliga och sjukdomsframkallande mikrober. I tabellen nedan visas CT-v\u00e4rden f\u00f6r ozon f\u00f6r en rad olika mikroorganismer.<\/p>\n        <\/div>\n    <\/div>\n<\/div>\n\n<\/section>\n\n\n\n<section\n    id=\"\"\n    class=\"block content-block\"\n\tstyle=\"--cb-bg: white; --cb-content: #000; padding-top: 30px; padding-bottom: 30px;\"\n>\n    <div class=\"container-fluid editor_content\">\n    <div class=\"row\">\n        <div class=\"col-12 editor_content table-wrapper \" style=\"--table-text-color-header: #FFFFFF; --table-text-color-rows: #000000; --table-background-color-header: #5f5f5f; --table-background-color-rows-even: #efefef; --table-background-color-rows-odd: #dfdfdf; \">\n                            \n<table id=\"tablepress-76\" class=\"tablepress tablepress-id-76\" aria-describedby=\"tablepress-76-description\">\n<thead>\n<tr class=\"row-1\">\n\t<th class=\"column-1\">Mikroorganism<\/th><th class=\"column-2\">N\u00f6dv\u00e4ndig dos \/ CT-v\u00e4rde (mg, min\/L)<\/th>\n<\/tr>\n<\/thead>\n<tbody class=\"row-striping\">\n<tr class=\"row-2\">\n\t<td class=\"column-1\">Bacillus<\/td><td class=\"column-2\">0.1<\/td>\n<\/tr>\n<tr class=\"row-3\">\n\t<td class=\"column-1\">Clostridium botulinum spores\t<\/td><td class=\"column-2\">0.4<\/td>\n<\/tr>\n<tr class=\"row-4\">\n\t<td class=\"column-1\">Cryptosporidium<\/td><td class=\"column-2\">7<\/td>\n<\/tr>\n<tr class=\"row-5\">\n\t<td class=\"column-1\">E. coli<\/td><td class=\"column-2\">0.5<\/td>\n<\/tr>\n<tr class=\"row-6\">\n\t<td class=\"column-1\">Encephalomyocarditis virus<\/td><td class=\"column-2\">0.25<\/td>\n<\/tr>\n<tr class=\"row-7\">\n\t<td class=\"column-1\">Giardia cycts<\/td><td class=\"column-2\">0.5<\/td>\n<\/tr>\n<tr class=\"row-8\">\n\t<td class=\"column-1\">Legionella pneumophila<\/td><td class=\"column-2\">0.1<\/td>\n<\/tr>\n<tr class=\"row-9\">\n\t<td class=\"column-1\">Polio virus type 1<\/td><td class=\"column-2\">0.5<\/td>\n<\/tr>\n<tr class=\"row-10\">\n\t<td class=\"column-1\">Pseudomonas<\/td><td class=\"column-2\">1.5 &#8211; 2<\/td>\n<\/tr>\n<tr class=\"row-11\">\n\t<td class=\"column-1\">Salmonella<\/td><td class=\"column-2\">0.1 &#8211; 0.4<\/td>\n<\/tr>\n<tr class=\"row-12\">\n\t<td class=\"column-1\">Staphulococcus<\/td><td class=\"column-2\">1.5 &#8211; 2<\/td>\n<\/tr>\n<tr class=\"row-13\">\n\t<td class=\"column-1\">Streptococcus<\/td><td class=\"column-2\">0.1<\/td>\n<\/tr>\n<\/tbody>\n<\/table>\n<span id=\"tablepress-76-description\" class=\"tablepress-table-description tablepress-table-description-id-76\">J\u00e4mf\u00f6relsetabell CT-v\u00e4rden (mg.min\/L)* f\u00f6r olika desinfektionsmetoder.<\/span>\n<!-- #tablepress-76 from cache -->                                <\/div>\n    <\/div>\n<\/div>\n\n\n<div class=\"container-fluid editor_content content content--narrow\">\n    <div class=\"row\">\n        <div class=\"col-12 editor_content\">\n            <p>Nedan visas en j\u00e4mf\u00f6relse mellan olika desinfektionsmetoder mot typorganismer som anv\u00e4nds av EPA och WHO:<\/p>\n        <\/div>\n    <\/div>\n<\/div>\n\n<div class=\"container-fluid editor_content\">\n    <div class=\"row\">\n        <div class=\"col-12 editor_content table-wrapper \" style=\"--table-text-color-header: #FFFFFF; --table-text-color-rows: #000000; --table-background-color-header: #5f5f5f; --table-background-color-rows-even: #efefef; --table-background-color-rows-odd: #dfdfdf; \">\n                            \n<table id=\"tablepress-77\" class=\"tablepress tablepress-id-77\" aria-describedby=\"tablepress-77-description\">\n<thead>\n<tr class=\"row-1\">\n\t<th class=\"column-1\">Typ<\/th><th class=\"column-2\">Log inaktivering<\/th><th class=\"column-3\">Ozon<\/th><th class=\"column-4\">Hypoklorit<\/th><th class=\"column-5\">Klordioxid<\/th><th class=\"column-6\">Fritt klor<\/th><th class=\"column-7\">Per\u00e4ttiksyra (PAA)<\/th>\n<\/tr>\n<\/thead>\n<tbody class=\"row-striping\">\n<tr class=\"row-2\">\n\t<td class=\"column-1\">E. coli<\/td><td class=\"column-2\">2<\/td><td class=\"column-3\"><0.02<\/td><td class=\"column-4\">25-30<\/td><td class=\"column-5\"><1<\/td><td class=\"column-6\"><0.05<\/td><td class=\"column-7\">25-30<\/td>\n<\/tr>\n<tr class=\"row-3\">\n\t<td class=\"column-1\">Virus<\/td><td class=\"column-2\">4<\/td><td class=\"column-3\"><0.1<\/td><td class=\"column-4\"><0.1<\/td><td class=\"column-5\">25-30<\/td><td class=\"column-6\">6<\/td><td class=\"column-7\">Otillr\u00e4ckliga resultat<\/td>\n<\/tr>\n<tr class=\"row-4\">\n\t<td class=\"column-1\">Protozoa<\/td><td class=\"column-2\">3<\/td><td class=\"column-3\">1-2<\/td><td class=\"column-4\">10-20<\/td><td class=\"column-5\">15-25<\/td><td class=\"column-6\">>100<\/td><td class=\"column-7\">Otillr\u00e4ckliga resultat<\/td>\n<\/tr>\n<\/tbody>\n<\/table>\n<span id=\"tablepress-77-description\" class=\"tablepress-table-description tablepress-table-description-id-77\"><\/span>\n<!-- #tablepress-77 from cache -->                                <\/div>\n    <\/div>\n<\/div>\n\n\n<div class=\"container-fluid editor_content content content--narrow\">\n    <div class=\"row\">\n        <div class=\"col-12 editor_content\">\n            <p>Generellt kan s\u00e4gas att sporer \u00e4r betydligt motst\u00e5ndskraftigare. De uppvisar CT-v\u00e4rden som \u00e4r 10 till 15 g\u00e5nger st\u00f6rre \u00e4n f\u00f6r organismernas aktiva form. Det \u00e4r \u00e4ven viktigt att n\u00e4mna att i de flesta fall f\u00f6rekommer en desinfektionstr\u00f6skel vad g\u00e4ller koncentrationen p\u00e5 desinfektionsmedlet. Innan denna koncentration uppn\u00e5s f\u00e5s d\u00e5lig eller ev. liten desinfektionsverkan. Men d\u00e5 koncentrationen h\u00f6js \u00f6ver tr\u00f6skeln f\u00e5s i princip total desinfektion f\u00f6r organismen i fr\u00e5ga. Med andra ord kr\u00e4vs i vissa fall en minimikoncentration f\u00f6r att uppn\u00e5 effektiv desinfektion.<\/p>\n        <\/div>\n    <\/div>\n<\/div>\n\n\n\n<div class=\"container-fluid editor_content content content--narrow\">\n    <div class=\"row\">\n        <div class=\"col-12 editor_content\">\n            <h3>Typiska desinfektionstekniker<\/h3>\n<div class=\"pane-content\">\n<div class=\"field field-name-body field-type-text-with-summary field-label-hidden\">\n<div class=\"field-items\">\n<div class=\"field-item even\">\n<p>Det finns en stor bredd av tekniker och metoder f\u00f6r att desinficera v\u00e4tskor och ytor. Ozonetech tillhandah\u00e5ller flertalet alternativ med fokus p\u00e5 milj\u00f6v\u00e4nliga alternativ. H\u00e4r \u00e4r en \u00f6versiktlig lista \u00f6ver de vanligaste metoderna f\u00f6r att desinficera vatten:<\/p>\n<ul>\n<li>Ozonering \u2013 Inl\u00f6sning av en l\u00e5g ozonkoncentration i vatten, vilket ger snabbt och effektivt resultat.<\/li>\n<li>Ultraviolett str\u00e5lning \u2013 Bestr\u00e5lning av vattnet i UV-spektrumet.<\/li>\n<li>Klorering \u2013 Dosering av klor till vattnet vilket kan ge en l\u00e5ngvarig residual i vattnet, men det kan ocks\u00e5 leda till bildning av betydliga m\u00e4ngder skadliga biprodukter.<\/li>\n<li>Bland andra tekniker kan n\u00e4mnas t.ex. behandling med, brom, per\u00e4ttiksyra, jod, koppar och silverjoner, kaliumpermanganat, fenoler, tv\u00e4ttmedel, v\u00e4teperoxid, ultraljud, och v\u00e4rmebehandling.<\/li>\n<\/ul>\n<p>Alla tekniker har sina egna respektive f\u00f6rdelar och till\u00e4mpningsomr\u00e5den. I tabellen nedan visas f\u00f6rdelar och nackdelar f\u00f6r n\u00e5gra vanliga tekniker. Nyckel-egenskaper f\u00f6r varje teknik rankas fr\u00e5n 1 (svag) till 5 (stark) och summeras l\u00e4ngst ned.<\/p>\n<\/div>\n<\/div>\n<\/div>\n<\/div>\n        <\/div>\n    <\/div>\n<\/div>\n\n<div class=\"container-fluid editor_content\">\n    <div class=\"row\">\n        <div class=\"col-12 editor_content table-wrapper \" style=\"--table-text-color-header: #FFFFFF; --table-text-color-rows: #000000; --table-background-color-header: #5f5f5f; --table-background-color-rows-even: #efefef; --table-background-color-rows-odd: #dfdfdf; \">\n                            \n<table id=\"tablepress-78\" class=\"tablepress tablepress-id-78\" aria-describedby=\"tablepress-78-description\">\n<thead>\n<tr class=\"row-1\">\n\t<th class=\"column-1\">Teknologi<\/th><th class=\"column-2\">Ozon<\/th><th class=\"column-3\">UV<\/th><th class=\"column-4\">Klordioxid<\/th><th class=\"column-5\">Klorgas<\/th><th class=\"column-6\">Per\u00e4ttik-syra<\/th><th class=\"column-7\">Hypoklorit<\/th>\n<\/tr>\n<\/thead>\n<tbody class=\"row-striping\">\n<tr class=\"row-2\">\n\t<td class=\"column-1\">Milj\u00f6v\u00e4nligt<\/td><td class=\"column-2\">5<\/td><td class=\"column-3\">5<\/td><td class=\"column-4\">3<\/td><td class=\"column-5\">1<\/td><td class=\"column-6\">2<\/td><td class=\"column-7\">1<\/td>\n<\/tr>\n<tr class=\"row-3\">\n\t<td class=\"column-1\">Biprodukter<\/td><td class=\"column-2\">5<\/td><td class=\"column-3\">5<\/td><td class=\"column-4\">2<\/td><td class=\"column-5\">1<\/td><td class=\"column-6\">2<\/td><td class=\"column-7\">1<\/td>\n<\/tr>\n<tr class=\"row-4\">\n\t<td class=\"column-1\">Effektivitet (CT-v\u00e4rde)<\/td><td class=\"column-2\">5<\/td><td class=\"column-3\">3<\/td><td class=\"column-4\">3<\/td><td class=\"column-5\">2<\/td><td class=\"column-6\">2<\/td><td class=\"column-7\">2<\/td>\n<\/tr>\n<tr class=\"row-5\">\n\t<td class=\"column-1\">Investering<\/td><td class=\"column-2\">2<\/td><td class=\"column-3\">3<\/td><td class=\"column-4\">4<\/td><td class=\"column-5\">4<\/td><td class=\"column-6\">4<\/td><td class=\"column-7\">4<\/td>\n<\/tr>\n<tr class=\"row-6\">\n\t<td class=\"column-1\">Driftkostnad<\/td><td class=\"column-2\">5<\/td><td class=\"column-3\">4<\/td><td class=\"column-4\">3<\/td><td class=\"column-5\">4<\/td><td class=\"column-6\">4<\/td><td class=\"column-7\">4<\/td>\n<\/tr>\n<tr class=\"row-7\">\n\t<td class=\"column-1\">V\u00e4tskor<\/td><td class=\"column-2\">5<\/td><td class=\"column-3\">4<\/td><td class=\"column-4\">5<\/td><td class=\"column-5\">3<\/td><td class=\"column-6\">3<\/td><td class=\"column-7\">3<\/td>\n<\/tr>\n<tr class=\"row-8\">\n\t<td class=\"column-1\">Ytor<\/td><td class=\"column-2\">5<\/td><td class=\"column-3\">5<\/td><td class=\"column-4\">1<\/td><td class=\"column-5\">1<\/td><td class=\"column-6\">1<\/td><td class=\"column-7\">1<\/td>\n<\/tr>\n<tr class=\"row-9\">\n\t<td class=\"column-1\">Residual desinfektion<\/td><td class=\"column-2\">3<\/td><td class=\"column-3\">1<\/td><td class=\"column-4\">5<\/td><td class=\"column-5\">5<\/td><td class=\"column-6\">4<\/td><td class=\"column-7\">5<\/td>\n<\/tr>\n<tr class=\"row-10\">\n\t<td class=\"column-1\">Arbetsmilj\u00f6<\/td><td class=\"column-2\">5<\/td><td class=\"column-3\">4<\/td><td class=\"column-4\">3<\/td><td class=\"column-5\">3<\/td><td class=\"column-6\">2<\/td><td class=\"column-7\">2<\/td>\n<\/tr>\n<tr class=\"row-11\">\n\t<td class=\"column-1\">SUMMA PO\u00c4NG<\/td><td class=\"column-2\">40<\/td><td class=\"column-3\">34<\/td><td class=\"column-4\">29<\/td><td class=\"column-5\">24<\/td><td class=\"column-6\">24<\/td><td class=\"column-7\">23<\/td>\n<\/tr>\n<\/tbody>\n<\/table>\n<span id=\"tablepress-78-description\" class=\"tablepress-table-description tablepress-table-description-id-78\"><\/span>\n<!-- #tablepress-78 from cache -->                                <\/div>\n    <\/div>\n<\/div>\n\n\n<div class=\"container-fluid editor_content content content--narrow\">\n    <div class=\"row\">\n        <div class=\"col-12 editor_content\">\n            <p>Det \u00e4r sv\u00e5rt att g\u00f6ra en generell j\u00e4mf\u00f6relse som g\u00e4ller f\u00f6r alla applikationer och vattenkvaliteter. Emellertid, som kan utl\u00e4sas ur tabellen ovan, n\u00e4r j\u00e4mf\u00f6relsen g\u00f6rs mellan dessa typiska tekniker under normala f\u00f6rh\u00e5llanden sticker ozoneringsteknik ut genom att vara milj\u00f6v\u00e4nlig, robust, kompatibel, och mycket effektiv som desinfektionsmetod.<\/p>\n<p>I tabellen nedan visas n\u00e5gra typiska applikationer f\u00f6r olika tekniker:<\/p>\n        <\/div>\n    <\/div>\n<\/div>\n\n<div class=\"container-fluid editor_content\">\n    <div class=\"row\">\n        <div class=\"col-12 editor_content table-wrapper \" style=\"--table-text-color-header: #FFFFFF; --table-text-color-rows: #000000; --table-background-color-header: #5f5f5f; --table-background-color-rows-even: #efefef; --table-background-color-rows-odd: #dfdfdf; \">\n                            \n<table id=\"tablepress-79\" class=\"tablepress tablepress-id-79\" aria-describedby=\"tablepress-79-description\">\n<thead>\n<tr class=\"row-1\">\n\t<th class=\"column-1\">Teknologi<\/th><th class=\"column-2\">Applikationer and marknadsomr\u00e5den<\/th>\n<\/tr>\n<\/thead>\n<tbody class=\"row-striping\">\n<tr class=\"row-2\">\n\t<td class=\"column-1\">Ozondesinfektion<\/td><td class=\"column-2\"><li>Processmatar- och avloppsvatten<\/li><br \/>\n<li>Dricksvatten<\/li><br \/>\n<li>Ultrarent vatten<\/li><br \/>\n<li>Ytdesinfektion<\/li><br \/>\n<li>L\u00e4kemedelsindustri<\/li><br \/>\n<li>Swimming pooler och badhus<\/li><br \/>\n<li>Legionella behandling<\/li><br \/>\n<li>Kontinuerlig residualdesinfektion<\/li><\/td>\n<\/tr>\n<tr class=\"row-3\">\n\t<td class=\"column-1\">UV-desinfektion<\/td><td class=\"column-2\"><li>Processvatten<\/li><br \/>\n<li>Dricksvatten<\/li><br \/>\n<li>Ozonnedbrytning<\/li><br \/>\n<li>Ultrarent vatten<\/li><br \/>\n<li>Yt-desinfektion<\/li><br \/>\n<li>Swimming pooler<\/li><br \/>\n<li>Legionella behandling<\/li><\/td>\n<\/tr>\n<tr class=\"row-4\">\n\t<td class=\"column-1\">Klordesinfektion<\/td><td class=\"column-2\"><li>Dricksvatten<\/li><br \/>\n<li>Swimming pooler<\/li><br \/>\n<li>Residualdesinfektion i t.ex. r\u00f6rsystem<\/li><\/td>\n<\/tr>\n<\/tbody>\n<\/table>\n<span id=\"tablepress-79-description\" class=\"tablepress-table-description tablepress-table-description-id-79\"><\/span>\n<!-- #tablepress-79 from cache -->                                <\/div>\n    <\/div>\n<\/div>\n\n\n<div class=\"container-fluid editor_content content content--narrow\">\n    <div class=\"row\">\n        <div class=\"col-12 editor_content\">\n            <h3>F\u00f6ruts\u00e4ttningar f\u00f6r desinfektion<\/h3>\n<p>Exempelvis dricksvattenrening \u00e4r direkt kopplad till andra reningssteg. Erforderlig desinfektion kan bara uppn\u00e5s om vattnet \u00e4r tillr\u00e4ckligt f\u00f6rbehandlat. I m\u00e5nga fall ligger desinfektionssteget som ett av de sista stegen i reningsprocessen. I t.ex. dricksvattenrening f\u00f6reg\u00e5s desinfektionssteget ofta av f\u00f6rfiltrering, sedimentation, flockning, och sandfiltrering. F\u00f6rst efter det sista filtreringssteget \u00e4r vattnet l\u00e4mpat f\u00f6r slutlig desinfektion.<\/p>\n<p>Fr\u00e4mst l\u00f6sta och ol\u00f6sliga partiklar skall avskiljas fr\u00e5n vattnet eftersom de kan leda till bildning av biprodukter vid desinfektionsprocessen (s\u00e4rskilt vid klorbehandling). Dessutom kan partiklar inneh\u00e5lla substrat (n\u00e4ring) f\u00f6r patogener. Partiklar kan \u00e4ven tj\u00e4na som en grogrund och ett skydd f\u00f6r tillv\u00e4xt av mikrober. Partikelinneh\u00e5llet skall vara reducerat till under 1 mg\/l f\u00f6r att n\u00e5 b\u00e4sta desinfektionsresultat.<\/p>\n<p>\u00d6vrigt kemiskt inneh\u00e5ll i vattnet p\u00e5verkar \u00e4ven desinfektionsprocessen. Kemiska \u00e4mnen kan reagera med desinfektionsmedlet vilket kan ge o\u00f6nskade biprodukter. Det kan \u00e4ven leda till att det kr\u00e4vs en st\u00f6rre m\u00e4ngd desinfektionsmedel f\u00f6r att uppn\u00e5 erforderlig desinfektion eller att man f\u00e5r problem med att h\u00e5lla en tillr\u00e4cklig residual i vattnet.<\/p>\n        <\/div>\n    <\/div>\n<\/div>\n\n<\/section>\n","protected":false},"excerpt":{"rendered":"","protected":false},"author":21,"featured_media":0,"parent":16960,"menu_order":0,"comment_status":"closed","ping_status":"closed","template":"","meta":{"_acf_changed":false,"_seopress_robots_primary_cat":"","_seopress_titles_title":"","_seopress_titles_desc":"En stor f\u00f6rdel med ett ozonsystem \u00e4r att inte kr\u00e4vs n\u00e5gon kemikaliehantering efter att systemet installerats och driftsatt.","_seopress_robots_index":"","inline_featured_image":false,"footnotes":""},"class_list":["post-11106","page","type-page","status-publish","hentry"],"acf":[],"_links":{"self":[{"href":"https:\/\/ozonetech.com\/sv\/wp-json\/wp\/v2\/pages\/11106","targetHints":{"allow":["GET"]}}],"collection":[{"href":"https:\/\/ozonetech.com\/sv\/wp-json\/wp\/v2\/pages"}],"about":[{"href":"https:\/\/ozonetech.com\/sv\/wp-json\/wp\/v2\/types\/page"}],"author":[{"embeddable":true,"href":"https:\/\/ozonetech.com\/sv\/wp-json\/wp\/v2\/users\/21"}],"replies":[{"embeddable":true,"href":"https:\/\/ozonetech.com\/sv\/wp-json\/wp\/v2\/comments?post=11106"}],"version-history":[{"count":46,"href":"https:\/\/ozonetech.com\/sv\/wp-json\/wp\/v2\/pages\/11106\/revisions"}],"predecessor-version":[{"id":40459,"href":"https:\/\/ozonetech.com\/sv\/wp-json\/wp\/v2\/pages\/11106\/revisions\/40459"}],"up":[{"embeddable":true,"href":"https:\/\/ozonetech.com\/sv\/wp-json\/wp\/v2\/pages\/16960"}],"wp:attachment":[{"href":"https:\/\/ozonetech.com\/sv\/wp-json\/wp\/v2\/media?parent=11106"}],"curies":[{"name":"wp","href":"https:\/\/api.w.org\/{rel}","templated":true}]}}