{"id":11087,"date":"2020-06-23T13:29:59","date_gmt":"2020-06-23T13:29:59","guid":{"rendered":"https:\/\/ozonetech.com\/business-areas-water-treatment-flavor-compounds-removal\/"},"modified":"2024-10-10T09:39:24","modified_gmt":"2024-10-10T07:39:24","slug":"arom-smakborttagning","status":"publish","type":"page","link":"https:\/\/ozonetech.com\/sv\/applikationer\/vattenrening\/arom-smakborttagning\/","title":{"rendered":"Arom- och smakborttagning"},"content":{"rendered":"\n<section\n    class=\"block hero hero--regular\"\n    style=\"background-image: url('https:\/\/ozonetech.com\/wp-content\/uploads\/2021\/02\/flavor-removal-1600x484.jpg'); --hero-opacity: 0.25\"\n>\n\n    <div class=\"container-fluid\">\n\n        <div class=\"content editor_content\">\n                         \n                <h2 class='h2'>Arom- och smakborttagning<\/h2>            \n                    <\/div>\n\n            <\/div>\n<\/section>\n\n\n<section class=\"component component_breadcrumbs\">\n\t<div class=\"container-fluid\">\n  \t<\/div>\n<\/section>\n\n\n<section\n    id=\"\"\n    class=\"block content-block\"\n\tstyle=\"--cb-bg: light-gray; --cb-content: #000; padding-top: 30px; padding-bottom: 30px;\"\n>\n    \n\n<div class=\"container-fluid editor_content content content--narrow\">\n    <div class=\"row\">\n        <div class=\"col-12 editor_content\">\n            <h1>Undvik korskontaminering av aromf\u00f6reningar i dryckesindustrin<\/h1>\n<p class=\"preamble\">I dryckes- och <a href=\"https:\/\/mellifiq.com\/sv\/markets\/bryggerier\/\" target=\"_blank\" rel=\"noopener\">bryggeriindustrin<\/a> (extern sida) k\u00e4mpar operat\u00f6rer och kvalitetsansvariga med smak\u00f6verf\u00f6ringsproblem. I mineralvattenproduktion anv\u00e4nds arom\u00e4mnen f\u00f6r att smaks\u00e4tta dryck. Dessa tenderar att \u00f6verf\u00f6ras mellan produktionscykler av olika typer av drycker med olika smak i slutprodukten. P\u00e5 bryggerier, speciellt anl\u00e4ggningar d\u00e4r b\u00e5de \u00f6l och cider tillverkas i samma processutrustning, s\u00e5som fermentationstankar och fyllningsmaskiner, kan framf\u00f6rallt smak\u00e4mnen i cider \u00f6verf\u00f6ras till \u00f6l. Detta f\u00f6rebyggs oftast med l\u00e5ngs och intensiva reningscykler som kr\u00e4ver stora m\u00e4ngder med kemikalier och hetvatten.<\/p>\n<p>I dessa fall kan exempelvis naturellt vatten smaka apelsin eller bl\u00e5b\u00e4r och \u00f6l kan smaka cider. Arom\u00e4mnen kan absorberas eller fastna i t\u00e4tningsmaterial eller v\u00e4rmev\u00e4xlare som finns som en del av all processutrustning. I anl\u00e4ggningar d\u00e4r vatten p\u00e5 flaska produceras kan \u00e4ven k\u00e4llan vara aromberedningstankar och omr\u00f6rare.<\/p>\n        <\/div>\n    <\/div>\n<\/div>\n\n\n\n<div class=\"container-fluid editor_content content content--narrow\">\n    <div class=\"row\">\n        <div class=\"col-12 editor_content\">\n            <h3>Arom\u00e4mnenas egenskaper<\/h3>\n<p>Smak\u00e4mnen (synonymt med aromer) \u00e4r vanligtvis estrar eller cykliska f\u00f6reningar med flertalet kovalenta dubbel- eller trippelbindingar. Det kan finnas hundratals olika arom\u00e4mnen i frukt eller syntetiska smaker som tills\u00e4tts inom dryckesindustrin idag. Tabellen nedan ger en \u00f6verblick av n\u00e5gra typiska smak\u00e4mnen.<\/p>\n<p>&nbsp;<\/p>\n        <\/div>\n    <\/div>\n<\/div>\n\n<div class=\"container-fluid editor_content\">\n    <div class=\"row\">\n        <div class=\"col-12 editor_content table-wrapper \" style=\"--table-text-color-header: #FFFFFF; --table-text-color-rows: #000000; --table-background-color-header: #5f5f5f; --table-background-color-rows-even: #efefef; --table-background-color-rows-odd: #dfdfdf; \">\n                            \n<table id=\"tablepress-75\" class=\"tablepress tablepress-id-75\" aria-describedby=\"tablepress-75-description\">\n<thead>\n<tr class=\"row-1\">\n\t<th class=\"column-1\">Namn<\/th><th class=\"column-2\">Beskrivning<\/th><th class=\"column-3\">Kemisk struktur<\/th>\n<\/tr>\n<\/thead>\n<tbody class=\"row-striping\">\n<tr class=\"row-2\">\n\t<td class=\"column-1\">Hexanal<\/td><td class=\"column-2\">Vanlig natuligt f\u00f6rekommande substans som ger en smak av bittermandel.<\/td><td class=\"column-3\"><img decoding=\"async\" src=\"https:\/\/ozonetech.com\/wp-content\/uploads\/2021\/02\/Hexanal-4.png\" \/><\/td>\n<\/tr>\n<tr class=\"row-3\">\n\t<td class=\"column-1\">Limonen<\/td><td class=\"column-2\">\u00c4mne som kan anv\u00e4ndas f\u00f6r apelsin eller citron inom produktion av vatten p\u00e5 flaska.<\/td><td class=\"column-3\"><img decoding=\"async\" src=\"https:\/\/ozonetech.com\/wp-content\/uploads\/2021\/02\/Limonene-5.png\"\/><\/td>\n<\/tr>\n<tr class=\"row-4\">\n\t<td class=\"column-1\">Decanal<\/td><td class=\"column-2\">En av de dominerande \u00e4mnena i citrus.<\/td><td class=\"column-3\"><img decoding=\"async\" src=\"https:\/\/ozonetech.com\/wp-content\/uploads\/2021\/02\/Decanal-5.png\" \/><\/td>\n<\/tr>\n<tr class=\"row-5\">\n\t<td class=\"column-1\">Fructone<\/td><td class=\"column-2\">Anv\u00e4nds f\u00f6r \u00e4pple- eller ananassmak.<\/td><td class=\"column-3\"><img decoding=\"async\" src=\"https:\/\/ozonetech.com\/wp-content\/uploads\/2021\/02\/Fructone-5.png\" \/><\/td>\n<\/tr>\n<tr class=\"row-6\">\n\t<td class=\"column-1\">Vanillin<\/td><td class=\"column-2\">Vanliljsmak.<\/td><td class=\"column-3\"><img decoding=\"async\" src=\"https:\/\/ozonetech.com\/wp-content\/uploads\/2021\/02\/Vanillin-4.png\" \/><\/td>\n<\/tr>\n<tr class=\"row-7\">\n\t<td class=\"column-1\">Etylacetat<\/td><td class=\"column-2\">Kallas \u00e4ven etyletanoat och ger en s\u00f6t doft i m\u00e5nga drycker och andra smaksatta livsmedel.<\/td><td class=\"column-3\"><img decoding=\"async\" src=\"https:\/\/ozonetech.com\/wp-content\/uploads\/2021\/02\/Ethyl-acetate-5.png\" \/><\/td>\n<\/tr>\n<\/tbody>\n<\/table>\n<span id=\"tablepress-75-description\" class=\"tablepress-table-description tablepress-table-description-id-75\"><\/span>\n<!-- #tablepress-75 from cache -->                                <\/div>\n    <\/div>\n<\/div>\n\n\n<div class=\"container-fluid editor_content content content--narrow\">\n    <div class=\"row\">\n        <div class=\"col-12 editor_content\">\n            <p>En av de mest p\u00e5fallande likheterna mellan alla smak\u00e4mnen, inklusive ovan, \u00e4r att de inneh\u00e5ller minst en kovalent dubbelbindning. Ozon reagerar omedelbart vid dessa kemiska bindingar och s\u00e4tter ig\u00e5ng en kedjereaktion som involverar radikaler och biprodukter fr\u00e5n oxidation av arom\u00e4mnena. Reaktionen g\u00e5r vanligtvis helt till koldioxid och vatten, men den enkla oxidationen av arom\u00e4mnena g\u00f6r att smakeffekten f\u00f6rsvinner. Denna process liknar den som sker vid <a href=\"https:\/\/ozonetech.com\/sv\/applikationer\/vattenrening\/desinficering\/\">desinfektion med ozon i vatten<\/a>.<\/p>\n        <\/div>\n    <\/div>\n<\/div>\n\n\n\n<div class=\"container-fluid editor_content content content--narrow\">\n    <div class=\"row\">\n        <div class=\"col-12 editor_content\">\n            <h3>Ozonrening av arom\u00e4mnen<\/h3>\n<p>Som n\u00e4mnt ovan tenderar arom\u00e4mnen att stanna kvar i processutrustningen mellan de olika produktionscyklarna av olika smaksatta drycker. Ozonbehandling av systemet sker p\u00e5 samma s\u00e4tt som n\u00e4r ozon anv\u00e4nds i CIP. En typisk ozonkoncentration som kan anv\u00e4ndas f\u00f6r att behandla smakrester \u00e4r 3 ppm i CIP-v\u00e4tskan. En typisk applicering \u00e4r att anv\u00e4nda ozonerat vatten f\u00f6r att sk\u00f6lja processutrustningen. L\u00e4s mer om <a href=\"https:\/\/ozonetech.com\/sv\/applikationer\/vattenrening\/desinfektion-processutrustning-cip\/\">ozon-CIP<\/a> och reng\u00f6ring av processutrustning eller <a href=\"https:\/\/ozonetech.com\/sv\/applikationer\/vattenrening\/flaskskoljning-tappmaskiner\/\">flasksk\u00f6lj med ozon<\/a>.<\/p>\n<div class=\"youtube\"><iframe loading=\"lazy\" src=\"https:\/\/www.youtube.com\/embed\/ezKahaJbP8c\" width=\"560\" height=\"315\" frameborder=\"0\" allowfullscreen=\"allowfullscreen\" data-mce-fragment=\"1\"><\/iframe><\/div>\n<p>Om ozon anv\u00e4nds som den prim\u00e4ra desinfektionstekniken i CIP-processerna p\u00e5 bryggeriet, kan detta kombineras som smakborttagningsmetod.<\/p>\n        <\/div>\n    <\/div>\n<\/div>\n\n<\/section>\n","protected":false},"excerpt":{"rendered":"","protected":false},"author":21,"featured_media":0,"parent":16960,"menu_order":0,"comment_status":"closed","ping_status":"closed","template":"","meta":{"_acf_changed":false,"_seopress_robots_primary_cat":"","_seopress_titles_title":"","_seopress_titles_desc":"Ozon reagerar vid kemiska bindingar och s\u00e4tter ig\u00e5ng en kedjereaktion som involverar radikaler och biprodukter fr\u00e5n oxidation av arom\u00e4mnena.","_seopress_robots_index":"","inline_featured_image":false,"footnotes":""},"class_list":["post-11087","page","type-page","status-publish","hentry"],"acf":[],"_links":{"self":[{"href":"https:\/\/ozonetech.com\/sv\/wp-json\/wp\/v2\/pages\/11087","targetHints":{"allow":["GET"]}}],"collection":[{"href":"https:\/\/ozonetech.com\/sv\/wp-json\/wp\/v2\/pages"}],"about":[{"href":"https:\/\/ozonetech.com\/sv\/wp-json\/wp\/v2\/types\/page"}],"author":[{"embeddable":true,"href":"https:\/\/ozonetech.com\/sv\/wp-json\/wp\/v2\/users\/21"}],"replies":[{"embeddable":true,"href":"https:\/\/ozonetech.com\/sv\/wp-json\/wp\/v2\/comments?post=11087"}],"version-history":[{"count":52,"href":"https:\/\/ozonetech.com\/sv\/wp-json\/wp\/v2\/pages\/11087\/revisions"}],"predecessor-version":[{"id":40443,"href":"https:\/\/ozonetech.com\/sv\/wp-json\/wp\/v2\/pages\/11087\/revisions\/40443"}],"up":[{"embeddable":true,"href":"https:\/\/ozonetech.com\/sv\/wp-json\/wp\/v2\/pages\/16960"}],"wp:attachment":[{"href":"https:\/\/ozonetech.com\/sv\/wp-json\/wp\/v2\/media?parent=11087"}],"curies":[{"name":"wp","href":"https:\/\/api.w.org\/{rel}","templated":true}]}}