{"id":11079,"date":"2020-06-23T13:17:52","date_gmt":"2020-06-23T13:17:52","guid":{"rendered":"https:\/\/ozonetech.com\/business-areas-water-treatment-drinking-water\/"},"modified":"2024-10-10T09:35:44","modified_gmt":"2024-10-10T07:35:44","slug":"dricksvatten","status":"publish","type":"page","link":"https:\/\/ozonetech.com\/sv\/applikationer\/vattenrening\/dricksvatten\/","title":{"rendered":"Dricksvatten"},"content":{"rendered":"\n<section\n    class=\"block hero hero--regular\"\n    style=\"background-image: url('https:\/\/ozonetech.com\/wp-content\/uploads\/2021\/03\/drinking-water-1600x484.jpg'); --hero-opacity: 0.25\"\n>\n\n    <div class=\"container-fluid\">\n\n        <div class=\"content editor_content\">\n                         \n                <h2 class='h2'>Dricksvatten<\/h2>            \n                    <\/div>\n\n            <\/div>\n<\/section>\n\n\n<section class=\"component component_breadcrumbs\">\n\t<div class=\"container-fluid\">\n  \t<\/div>\n<\/section>\n\n\n<section\n    id=\"\"\n    class=\"block content-block\"\n\tstyle=\"--cb-bg: white; --cb-content: #000; padding-top: 30px; padding-bottom: 30px;\"\n>\n    \n\n<div class=\"container-fluid editor_content content content--narrow\">\n    <div class=\"row\">\n        <div class=\"col-12 editor_content\">\n            <h1>H\u00e5llbar och effektiv behandling av dricksvatten med ozon<\/h1>\n<p class=\"preamble\">Anv\u00e4ndning av ozon vid behandling av dricksvatten \u00e4r inte n\u00e5gon ny teknik. Man ber\u00e4knar att ozon idag anv\u00e4nds i drygt 3 000 kommunala dricksvattenanl\u00e4ggningar runt om i v\u00e4rlden.<\/p>\n<p>Behandlingen erbjuder en rad f\u00f6rdelar j\u00e4mf\u00f6rt med den traditionella anv\u00e4ndningen av klor, framf\u00f6r allt n\u00e4r det g\u00e4ller att f\u00f6rb\u00e4ttra smak, lukt och utseende. Kopplat till detta \u00e4r f\u00f6rm\u00e5gan att d\u00f6da bakterier och avaktivera virus p\u00e5 ett effektivare s\u00e4tt \u00e4n n\u00e5got kemiskt \u00e4mne.<\/p>\n<p>Ozon minskar ocks\u00e5 m\u00e4ngden tungmetaller som finns i dricksvattnet, t.ex. j\u00e4rn och mangan, till s\u00e4krare niv\u00e5er genom oxidation. Allt detta sker inom en process som \u00e4r milj\u00f6v\u00e4nlig och vars fr\u00e4msta biprodukt \u00e4r syre. Ozonbehandling motverkar riskerna med bildande av trihalometan, vilket inneb\u00e4r att det \u00e4r en s\u00e4krare metod som ocks\u00e5 f\u00f6rb\u00e4ttrar kvaliteten.<\/p>\n        <\/div>\n    <\/div>\n<\/div>\n\n<\/section>\n","protected":false},"excerpt":{"rendered":"","protected":false},"author":21,"featured_media":0,"parent":16960,"menu_order":0,"comment_status":"closed","ping_status":"closed","template":"","meta":{"_acf_changed":false,"_seopress_robots_primary_cat":"","_seopress_titles_title":"","_seopress_titles_desc":"Ozon minskar ocks\u00e5 m\u00e4ngden tungmetaller som finns i dricksvattnet, t.ex. j\u00e4rn och mangan, till s\u00e4krare niv\u00e5er genom oxidation.","_seopress_robots_index":"","inline_featured_image":false,"footnotes":""},"class_list":["post-11079","page","type-page","status-publish","hentry"],"acf":[],"_links":{"self":[{"href":"https:\/\/ozonetech.com\/sv\/wp-json\/wp\/v2\/pages\/11079","targetHints":{"allow":["GET"]}}],"collection":[{"href":"https:\/\/ozonetech.com\/sv\/wp-json\/wp\/v2\/pages"}],"about":[{"href":"https:\/\/ozonetech.com\/sv\/wp-json\/wp\/v2\/types\/page"}],"author":[{"embeddable":true,"href":"https:\/\/ozonetech.com\/sv\/wp-json\/wp\/v2\/users\/21"}],"replies":[{"embeddable":true,"href":"https:\/\/ozonetech.com\/sv\/wp-json\/wp\/v2\/comments?post=11079"}],"version-history":[{"count":24,"href":"https:\/\/ozonetech.com\/sv\/wp-json\/wp\/v2\/pages\/11079\/revisions"}],"predecessor-version":[{"id":40432,"href":"https:\/\/ozonetech.com\/sv\/wp-json\/wp\/v2\/pages\/11079\/revisions\/40432"}],"up":[{"embeddable":true,"href":"https:\/\/ozonetech.com\/sv\/wp-json\/wp\/v2\/pages\/16960"}],"wp:attachment":[{"href":"https:\/\/ozonetech.com\/sv\/wp-json\/wp\/v2\/media?parent=11079"}],"curies":[{"name":"wp","href":"https:\/\/api.w.org\/{rel}","templated":true}]}}