{"id":11071,"date":"2020-06-23T13:15:20","date_gmt":"2020-06-23T13:15:20","guid":{"rendered":"https:\/\/ozonetech.com\/business-areas-water-treatment-de-ozonized-water\/"},"modified":"2024-10-10T09:33:32","modified_gmt":"2024-10-10T07:33:32","slug":"avjoniserat-vatten","status":"publish","type":"page","link":"https:\/\/ozonetech.com\/sv\/applikationer\/vattenrening\/avjoniserat-vatten\/","title":{"rendered":"Avjoniserat vatten"},"content":{"rendered":"\n<section\n    class=\"block hero hero--regular\"\n    style=\"background-image: url('https:\/\/ozonetech.com\/wp-content\/uploads\/2021\/02\/De-ionized-water-2-1600x484.jpg'); --hero-opacity: 0.25\"\n>\n\n    <div class=\"container-fluid\">\n\n        <div class=\"content editor_content\">\n                         \n                <h2 class='h2'>Avjoniserat vatten<\/h2>            \n                    <\/div>\n\n            <\/div>\n<\/section>\n\n\n<section class=\"component component_breadcrumbs\">\n\t<div class=\"container-fluid\">\n  \t<\/div>\n<\/section>\n\n\n<section\n    id=\"\"\n    class=\"block content-block\"\n\tstyle=\"--cb-bg: white; --cb-content: #000; padding-top: 30px; padding-bottom: 30px;\"\n>\n    \n\n<div class=\"container-fluid editor_content content content--narrow\">\n    <div class=\"row\">\n        <div class=\"col-12 editor_content\">\n            <h1>Desinficera avjoniseringssystem och \u00e5teranv\u00e4nd avjoniserat vatten<\/h1>\n<p class=\"preamble\">Avjoniserat vatten anv\u00e4nds inom ett stort antal anv\u00e4ndningsomr\u00e5den, fr\u00e5n reng\u00f6ring av laboratorieutrustning till sk\u00f6ljning och reng\u00f6ring inom mikrotillverkningsprocesser. Problemet med avjonisering \u00e4r att det inte \u00e4r m\u00f6jligt att anv\u00e4nda traditionella desinficeringsmedel eftersom detta \u00e4ventyrar vattenkvaliteten. Ozonbehandling erbjuder en l\u00f6sning p\u00e5 det h\u00e4r problemet.<\/p>\n<p>Ozonbehandling av avjoniserat vatten sker vid sanering av av oniseringssystemet. Ozon uppl\u00f6ses i det avjoniserade vattnet och renar systemet p\u00e5 bakterier inom n\u00e5gra timmar. Det kan tv\u00e4ttas bort fr\u00e5n systemet n\u00e4stan lika snabbt. Anv\u00e4ndning av ozon inneb\u00e4r att niv\u00e5n f\u00f6r bakterib\u00e4rande partiklar (CFU) minskar och niv\u00e5n f\u00f6r TOC (Total Organic Compounds) kan kontrolleras. Det inneb\u00e4r ocks\u00e5 att det avjoniserade vattnet kan anv\u00e4ndas mer \u00e4n en g\u00e5ng, vilket ger b\u00e5de ekonomiska och milj\u00f6m\u00e4ssiga f\u00f6rdelar.<\/p>\n        <\/div>\n    <\/div>\n<\/div>\n\n<\/section>\n","protected":false},"excerpt":{"rendered":"","protected":false},"author":21,"featured_media":0,"parent":16960,"menu_order":0,"comment_status":"closed","ping_status":"closed","template":"","meta":{"_acf_changed":false,"_seopress_robots_primary_cat":"","_seopress_titles_title":"","_seopress_titles_desc":"Problemet med avjonisering \u00e4r att traditionella desinficeringsmedel \u00e4ventyrar vattenkvaliteten. Ozonbehandling erbjuder en l\u00f6sning p\u00e5 det.","_seopress_robots_index":"","inline_featured_image":false,"footnotes":""},"class_list":["post-11071","page","type-page","status-publish","hentry"],"acf":[],"_links":{"self":[{"href":"https:\/\/ozonetech.com\/sv\/wp-json\/wp\/v2\/pages\/11071","targetHints":{"allow":["GET"]}}],"collection":[{"href":"https:\/\/ozonetech.com\/sv\/wp-json\/wp\/v2\/pages"}],"about":[{"href":"https:\/\/ozonetech.com\/sv\/wp-json\/wp\/v2\/types\/page"}],"author":[{"embeddable":true,"href":"https:\/\/ozonetech.com\/sv\/wp-json\/wp\/v2\/users\/21"}],"replies":[{"embeddable":true,"href":"https:\/\/ozonetech.com\/sv\/wp-json\/wp\/v2\/comments?post=11071"}],"version-history":[{"count":17,"href":"https:\/\/ozonetech.com\/sv\/wp-json\/wp\/v2\/pages\/11071\/revisions"}],"predecessor-version":[{"id":40418,"href":"https:\/\/ozonetech.com\/sv\/wp-json\/wp\/v2\/pages\/11071\/revisions\/40418"}],"up":[{"embeddable":true,"href":"https:\/\/ozonetech.com\/sv\/wp-json\/wp\/v2\/pages\/16960"}],"wp:attachment":[{"href":"https:\/\/ozonetech.com\/sv\/wp-json\/wp\/v2\/media?parent=11071"}],"curies":[{"name":"wp","href":"https:\/\/api.w.org\/{rel}","templated":true}]}}