{"id":10809,"date":"2020-06-23T12:15:24","date_gmt":"2020-06-23T12:15:24","guid":{"rendered":"https:\/\/ozonetech.com\/business-areas-water-treatment-cip-sanitation\/"},"modified":"2024-10-22T08:50:39","modified_gmt":"2024-10-22T06:50:39","slug":"cip-desinfektion-processutrustning","status":"publish","type":"page","link":"https:\/\/ozonetech.com\/sv\/applikationer\/vattenrening\/cip-desinfektion-processutrustning\/","title":{"rendered":"CIP-system och desinfektion av processutrustning"},"content":{"rendered":"\n<section\n    class=\"block hero hero--regular\"\n    style=\"background-image: url('https:\/\/ozonetech.com\/wp-content\/uploads\/2024\/10\/CIP-process-banner.png'); --hero-opacity: 0.25\"\n>\n\n    <div class=\"container-fluid\">\n\n        <div class=\"content editor_content\">\n                         \n                <h2 class='h2'> CIP-system och desinfektion av processutrustning <\/h2>            \n                    <\/div>\n\n            <\/div>\n<\/section>\n\n\n<section class=\"component component_breadcrumbs\">\n\t<div class=\"container-fluid\">\n  \t<\/div>\n<\/section>\n\n\n<section\n    id=\"\"\n    class=\"block content-block\"\n\tstyle=\"--cb-bg: white; --cb-content: #000; padding-top: 30px; padding-bottom: 30px;\"\n>\n    \n\n<div class=\"container-fluid editor_content content content--narrow\">\n    <div class=\"row\">\n        <div class=\"col-12 editor_content\">\n            <h1>F\u00f6rkorta CIP-processen och minska driftskostnader<\/h1>\n<p class=\"preamble\">I hela process- och livsmedelsindustrin, inklusive bryggerier, mejerier och l\u00e4kemedelsindustrin, f\u00f6rbrukas stora m\u00e4ngder vatten, energi och kemikalier f\u00f6r att bebeh\u00e5lla hygienisk och ren milj\u00f6, framf\u00f6r allt i sluten processutrustning.<\/p>\n<p>Utrustning s\u00e5som tankar, r\u00f6r, ventiler och v\u00e4rmev\u00e4xlare beh\u00f6ver h\u00e5llas fria fr\u00e5n mikroorganismer, biofilm, avlagringar och kemiska restprodukter f\u00f6r att kvalitetss\u00e4kra produktionen. Oaktsam reng\u00f6ring och sanering kan leda till f\u00f6ljande:<\/p>\n<ul>\n<li>F\u00f6rst\u00f6rd slutprodukt &#8211; stora volymer kan beh\u00f6va sl\u00e4ngas<\/li>\n<li>L\u00e5g verkningsgrad p\u00e5 v\u00e4rmev\u00e4xlare &#8211; \u00f6kade driftkostnader<\/li>\n<li>H\u00f6g grad av underh\u00e5ll<\/li>\n<li>\u00d6kat behov av kemikalier, vatten och energi<\/li>\n<\/ul>\n        <\/div>\n    <\/div>\n<\/div>\n\n\n\n<div class=\"container-fluid editor_content content content--narrow\">\n    <div class=\"row\">\n        <div class=\"col-12 editor_content\">\n            <h3>Clean-in-place<\/h3>\n<h4>Grundl\u00e4ggande CIP<\/h4>\n<p>Clean-in-Place (CIP) \u00e4r en av de vanligaste enhetsoperationer inom den industriella sektorn och \u00e4r viktig f\u00f6r att bibeh\u00e5lla ren processutrustning och of\u00f6rst\u00f6rd produkt. Idag \u00e4r dessa processer till stor del automatiserade med centrala CIP-stationer som anv\u00e4nds f\u00f6r en hel anl\u00e4ggnings reng\u00f6rings och desinfektionsbehov. Systemen m\u00f6jligg\u00f6r reng\u00f6rings- och seneringscyklar i sluten utrustning som annars \u00e4r o\u00e5tkomliga genom manuell reng\u00f6ring. En typisk CIP-cykel best\u00e5r av f\u00f6ljande steg:<\/p>\n        <\/div>\n    <\/div>\n<\/div>\n\n<\/section>\n\n\n\n<section\n    id=\"\"\n    class=\"block content-block\"\n\tstyle=\"--cb-bg: light-gray; --cb-content: #000; padding-top: 30px; padding-bottom: 30px;\"\n>\n    <div class=\"container-fluid editor_content\">\n    <div class=\"row\">\n        <div class=\"col-12 editor_content table-wrapper wp-caption\" style=\"--table-text-color-header: #FFFFFF; --table-text-color-rows: #000000; --table-background-color-header: #5f5f5f; --table-background-color-rows-even: #efefef; --table-background-color-rows-odd: #dfdfdf; \">\n                            \n<table id=\"tablepress-64\" class=\"tablepress tablepress-id-64\" aria-describedby=\"tablepress-64-description\">\n<thead>\n<tr class=\"row-1\">\n\t<th class=\"column-1\">Fas i CIP-cykel<\/th><th class=\"column-2\">Syfte<\/th><th class=\"column-3\">Medel<\/th><th class=\"column-4\">Utmaningar<\/th>\n<\/tr>\n<\/thead>\n<tbody class=\"row-striping\">\n<tr class=\"row-2\">\n\t<td class=\"column-1\">1. F\u00f6rsk\u00f6lj<\/td><td class=\"column-2\">Ta bort den st\u00f6rsta delen av organiskt material fr\u00e5n f\u00f6reg\u00e5ende produktion.<\/td><td class=\"column-3\">Vatten.<\/td><td class=\"column-4\">Vattenf\u00f6rbrukning och belastning p\u00e5 avlopp.<\/td>\n<\/tr>\n<tr class=\"row-3\">\n\t<td class=\"column-1\">2. Lutreng\u00f6ring eller syra<\/td><td class=\"column-2\">Tar bort och reng\u00f6r material som fastnat p\u00e5 ytor i processutrustningen. Syra kan \u00e4ven ta bort oorganiskt material f\u00f6r and undvika avlagringar. Detta tar bort grogrunden f\u00f6r o\u00f6nskade mikroorganismer och biofilm.<\/td><td class=\"column-3\">Natrium- eller kaliumhydroxid. Olika typer av syror s\u00e5som fosforsyra.<\/td><td class=\"column-4\">Kemikaliehantering, f\u00f6rbrukningskostnader.<\/td>\n<\/tr>\n<tr class=\"row-4\">\n\t<td class=\"column-1\">3. Sk\u00f6ljning<\/td><td class=\"column-2\">Sk\u00f6ljer bort lut och\/eller syra fr\u00e5n f\u00f6reg\u00e5ende reng\u00f6ringssteg.<\/td><td class=\"column-3\">Vatten.<\/td><td class=\"column-4\">Vattenf\u00f6rbrukning och belastning p\u00e5 avlopp.<\/td>\n<\/tr>\n<tr class=\"row-5\">\n\t<td class=\"column-1\">4. Sanering &amp; desinfektion<\/td><td class=\"column-2\">S\u00e4kerst\u00e4ll att inga mikroorganismer (bakterier, alger, virus) finns kvar i systemet. Enbart ett f\u00e5tal bakterier kan orsaka f\u00f6rst\u00f6rd produkt i p\u00e5f\u00f6ljande produktion genom snabb tillv\u00e4xt.<\/td><td class=\"column-3\">Klorbaserade desinfektionsmedel, per\u00e4ttiksyra, hetvatten, \u00e5nga, jodoforer.<\/td><td class=\"column-4\">Att m\u00e4ta och uppn\u00e5 komplett sanering. Kostnader f\u00f6r kemikalier. Tidskr\u00e4vande.<\/td>\n<\/tr>\n<tr class=\"row-6\">\n\t<td class=\"column-1\">5. Slutsk\u00f6lj<\/td><td class=\"column-2\">Sk\u00f6ljning av resterande kemikalier. Beh\u00f6vs inte om hetvatten anv\u00e4nds.<\/td><td class=\"column-3\">Vatten.<\/td><td class=\"column-4\">Vattenf\u00f6rbrukning, energif\u00f6rbrukning vid hetvatten, tidskr\u00e4vande.<\/td>\n<\/tr>\n<\/tbody>\n<\/table>\n<span id=\"tablepress-64-description\" class=\"tablepress-table-description tablepress-table-description-id-64\"><\/span>\n<!-- #tablepress-64 from cache -->                                        <p class=\"wp-caption\">Typical CIP phases in process equipment cleaning and sanitation.<\/p>\n                    <\/div>\n    <\/div>\n<\/div>\n\n\n<div class=\"container-fluid editor_content content content--narrow\">\n    <div class=\"row\">\n        <div class=\"col-12 editor_content\">\n            <h3>Ozon-CIP<\/h3>\n<p>Ozonteknik erbjuder ett ny typ av saneringsprocess som f\u00f6rb\u00e4ttrar och minskar m\u00e5nga av de utmaningar som n\u00e4mns i tabellen ovan. Detta inkluderar l\u00e4gre vattenf\u00f6rbrukning, kemikalier och dess hantering samt energif\u00f6rbrukning. Ozon eliminerar anv\u00e4ndandet av desinfektionskemikalier och hetvatten. Det l\u00e4mnar inga restprodukter vilket inneb\u00e4r att slutsk\u00f6lj kan uteslutas fr\u00e5n CIP-processen. Det \u00e4r \u00e4ven m\u00f6jligt att sk\u00f6lja med ozon i CIP-steg nr 3 (tabell ovan) vilket inneb\u00e4r att en 5-stegs CIP kan reduceras till tre (3) eller fyra(4) steg. De \u00f6vergripande m\u00f6jligheterna med att anv\u00e4nda ozon f\u00f6r att sanera processutrustning illustreras i figurerna nedan.<\/p>\n<p>Hetvattensanering \u00e4r \u00e4ven mycket vanligt inom m\u00e5nga industrier d\u00e4r kemikalier undviks p\u00e5 grund av dess restprodukter eller f\u00f6r att hetta upp hela processutrustningen massa. I m\u00e5nga fall kan ozon ers\u00e4tta \u00e4ven hetvattendesinfektion vilket spar stora m\u00e4ngder energi och kostnader. Detta koncept illustreras nedan.<\/p>\n<p><img loading=\"lazy\" decoding=\"async\" class=\"aligncenter wp-image-21476 size-large\" src=\"https:\/\/ozonetech.com\/wp-content\/uploads\/2021\/03\/Reningsprocess-modell-e1614586799335-1024x755.png\" alt=\"\" width=\"1024\" height=\"755\" srcset=\"https:\/\/ozonetech.com\/wp-content\/uploads\/2021\/03\/Reningsprocess-modell-e1614586799335-1024x755.png 1024w, https:\/\/ozonetech.com\/wp-content\/uploads\/2021\/03\/Reningsprocess-modell-e1614586799335-300x221.png 300w, https:\/\/ozonetech.com\/wp-content\/uploads\/2021\/03\/Reningsprocess-modell-e1614586799335-768x566.png 768w, https:\/\/ozonetech.com\/wp-content\/uploads\/2021\/03\/Reningsprocess-modell-e1614586799335.png 1357w\" sizes=\"auto, (max-width: 1024px) 100vw, 1024px\" \/><\/p>\n<p>Ozon produceras <em>in-situ<\/em> (det vill s\u00e4ga p\u00e5 plats) och vid behov. Detta \u00e4r en av de viktigaste egenskaperna vid ozonanv\u00e4ndning j\u00e4mf\u00f6rt med traditionell kemikalie- eller hetvattendesinfektion. Ozon produceras kontinuerligt \u00f6ver saneringscykeln och regleras mot ett riktv\u00e4rde.<\/p>\n        <\/div>\n    <\/div>\n<\/div>\n\n\n<div class=\"container-fluid content content--narrow\">\n    <div class=\"row\">\n        <div class=\"col-md-6 order-1 editor_content \">\n            <p>Ett exempel p\u00e5 hur ozonproduktionen g\u00e5r till visas i figuren nedan. Det gr\u00f6na bandet representerar ozonkoncentrationen i processutrustningen som saneras. Sanering kan uppn\u00e5s inom n\u00e5gra minuter tack vare ozonets starka desinficerande egenskaper och vid mycket l\u00e5ga koncentrationer. Beroende p\u00e5 vilka mikroorganismer som ska inaktiveras kan komplett desinfektion p\u00e5 3 log-niv\u00e5 uppn\u00e5s inom 5-15 minuter vid 0,5-1 ppm d\u00e5 erforderliga CT-v\u00e4rden \u00e4r 10-1000 g\u00e5nger l\u00e4gre j\u00e4mf\u00f6rt med kemikalier och hetvatten.<\/p>\n        <\/div>\n        <div class=\"col-md-6 order-2 editor_content d-flex justify-content-center\">\n                                            <figure class=\"side-image \">\n                    <img loading=\"lazy\" decoding=\"async\" width=\"1058\" height=\"990\" src=\"https:\/\/ozonetech.com\/wp-content\/uploads\/2021\/03\/In-situ-ozonproduktion-i-cip-process-e1614955561577.png\" class=\"attachment-full size-full\" alt=\"\" srcset=\"https:\/\/ozonetech.com\/wp-content\/uploads\/2021\/03\/In-situ-ozonproduktion-i-cip-process-e1614955561577.png 1058w, https:\/\/ozonetech.com\/wp-content\/uploads\/2021\/03\/In-situ-ozonproduktion-i-cip-process-e1614955561577-300x281.png 300w, https:\/\/ozonetech.com\/wp-content\/uploads\/2021\/03\/In-situ-ozonproduktion-i-cip-process-e1614955561577-1024x958.png 1024w, https:\/\/ozonetech.com\/wp-content\/uploads\/2021\/03\/In-situ-ozonproduktion-i-cip-process-e1614955561577-768x719.png 768w\" sizes=\"auto, (max-width: 1058px) 100vw, 1058px\" \/>                                    <\/figure>\n                    <\/div>\n    <\/div>\n<\/div>\n\n\n<div class=\"container-fluid editor_content content content--narrow\">\n    <div class=\"row\">\n        <div class=\"col-12 editor_content\">\n            <div class=\"youtube\"><iframe src=\"https:\/\/www.youtube.com\/embed\/ezKahaJbP8c\" frameborder=\"0\" allowfullscreen=\"allowfullscreen\" data-mce-fragment=\"1\"><\/iframe><\/div>\n        <\/div>\n    <\/div>\n<\/div>\n\n<\/section>\n\n\n\n<section\n    id=\"\"\n    class=\"block content-block\"\n\tstyle=\"--cb-bg: #e6e6e6; --cb-content: #000; padding-top: 30px; padding-bottom: 30px;\"\n>\n    \n<div class=\"container-fluid editor_content content content--narrow\">\n    <div class=\"row\">\n        <div class=\"col-md-6\">\n            <h3>Clean-out-of-place (COP)<\/h3>\n<p>Medan CIP avser desinfektion i sluten processutrustning inneb\u00e4r COP desinfektion av \u00f6ppna ytor s\u00e5som transportband, r\u00f6r och golv. I traditionella metoder anv\u00e4nds desinfektionsmedel med skummande egenskaper f\u00f6r att avg\u00f6ra om ytor har sanerats eller inte. Saneringen sker ofta f\u00f6r hand. Ozon kan anv\u00e4ndas \u00e4ven f\u00f6r dessa \u00e4ndam\u00e5l genom att anv\u00e4nda ozonerat vatten i exempelvis en buffertank. \u00c4ven denna ozonproduktion sker vid behov vilket eliminerar hantering av kemikalier.<\/p>\n        <\/div>\n        <div class=\"col-md-6\">\n            <h3>Behandling av biofilm<\/h3>\n<p>Tack vare ozonets starka desinficerande egenskaper kan existerande biofilm behandlas med ozonteknik. I m\u00e5nga fall kan det kr\u00e4va en l\u00e4ngre saneringsperiod under vilken ozonet bryter ner de lager av mikroorganismer som f\u00e5tt f\u00e4ste vid en yta i processutrustningen. Dessa ytor kan uppst\u00e5 om reng\u00f6ring eller sanering inte varit tillr\u00e4ckligt under produktion. I dessa fall \u00e4r ozon et utm\u00e4rkt alternativ till behandling men \u00e4ven l\u00e5ngsiktigt f\u00f6rebyggande av biofilm. Slutna vattensystem och kylsystem \u00e4r typiska exempel d\u00e4r biofilm \u00e4r vanligt f\u00f6rekommande i form av bakterier eller alger.<\/p>\n        <\/div>\n    <\/div>\n<\/div>\n<div class=\"container-fluid editor_content content content--narrow\">\n    <div class=\"row\">\n        <div class=\"col-md-6\">\n            <h3>Kyltorn och slutna vattenkretsar<\/h3>\n<p>Dessa typer av applikationer skiljer sig n\u00e5got fr\u00e5n reng\u00f6ring av processutrustning via CIP. I dessa system circkulerar stora m\u00e4ngder v\u00e4tska under l\u00e5nga hydraliska uppeh\u00e5llstider. En mycket l\u00e5g ozonkoncentration, under 0.2 ppm, f\u00f6rebygger effektivt tillv\u00e4xt av bakterier och andra mikrober som kan ge uphov till legionellautbrott eller biofilm.<\/p>\n        <\/div>\n        <div class=\"col-md-6\">\n            <h3>Applicerbara branscher<\/h3>\n<p>Ozonsanering \u00e4r speciellt v\u00e4rdefullt f\u00f6r reng\u00f6rings- och saneringsintensiva branscher som <a href=\"https:\/\/mellifiq.com\/sv\/markets\/bryggerier\/\" target=\"_blank\" rel=\"noopener\">bryggerier<\/a>\u00a0(extern sida), mejerier, off-shore och \u00f6vrig <a href=\"https:\/\/mellifiq.com\/sv\/markets\/livsmedelsindustri\/\" target=\"_blank\" rel=\"noopener\">livsmedelsproduktion<\/a> (extern sida). Vad kan Ozonetech g\u00f6ra f\u00f6r er. Bes\u00f6k v\u00e5ra branschsidor f\u00f6r att l\u00e4ra dig mer om v\u00e5ra tj\u00e4nster och system.<\/p>\n        <\/div>\n    <\/div>\n<\/div><\/section>\n","protected":false},"excerpt":{"rendered":"","protected":false},"author":21,"featured_media":0,"parent":16960,"menu_order":0,"comment_status":"closed","ping_status":"closed","template":"","meta":{"_acf_changed":false,"_seopress_robots_primary_cat":"","_seopress_titles_title":"","_seopress_titles_desc":"Ozon eliminerar anv\u00e4ndandet av desinfektionskemikalier och hetvatten och l\u00e4mnar inga restprodukter jamf\u00f6rt med andra metoder.","_seopress_robots_index":"","inline_featured_image":false,"footnotes":""},"class_list":["post-10809","page","type-page","status-publish","hentry"],"acf":[],"_links":{"self":[{"href":"https:\/\/ozonetech.com\/sv\/wp-json\/wp\/v2\/pages\/10809","targetHints":{"allow":["GET"]}}],"collection":[{"href":"https:\/\/ozonetech.com\/sv\/wp-json\/wp\/v2\/pages"}],"about":[{"href":"https:\/\/ozonetech.com\/sv\/wp-json\/wp\/v2\/types\/page"}],"author":[{"embeddable":true,"href":"https:\/\/ozonetech.com\/sv\/wp-json\/wp\/v2\/users\/21"}],"replies":[{"embeddable":true,"href":"https:\/\/ozonetech.com\/sv\/wp-json\/wp\/v2\/comments?post=10809"}],"version-history":[{"count":84,"href":"https:\/\/ozonetech.com\/sv\/wp-json\/wp\/v2\/pages\/10809\/revisions"}],"predecessor-version":[{"id":41580,"href":"https:\/\/ozonetech.com\/sv\/wp-json\/wp\/v2\/pages\/10809\/revisions\/41580"}],"up":[{"embeddable":true,"href":"https:\/\/ozonetech.com\/sv\/wp-json\/wp\/v2\/pages\/16960"}],"wp:attachment":[{"href":"https:\/\/ozonetech.com\/sv\/wp-json\/wp\/v2\/media?parent=10809"}],"curies":[{"name":"wp","href":"https:\/\/api.w.org\/{rel}","templated":true}]}}