{"id":10538,"date":"2020-06-25T14:38:15","date_gmt":"2020-06-25T14:38:15","guid":{"rendered":"https:\/\/ozonetech.com\/business-areas-water-treatement-bottle-rinsing\/"},"modified":"2021-03-24T11:07:47","modified_gmt":"2021-03-24T10:07:47","slug":"flaskskoljning-tappningsmaskiner","status":"publish","type":"page","link":"https:\/\/ozonetech.com\/sv\/applikationer\/vattenrening\/flaskskoljning-tappningsmaskiner\/","title":{"rendered":"Flasksk\u00f6ljning och tappningsmaskiner"},"content":{"rendered":"\n<section\n    class=\"block hero hero--regular\"\n    style=\"background-image: url('https:\/\/ozonetech.com\/wp-content\/uploads\/2021\/02\/bottle-rinsing-1-1600x484.jpg'); --hero-opacity: 0.3\"\n>\n\n    <div class=\"container-fluid\">\n\n        <div class=\"content editor_content\">\n                         \n                <h1 class='h1'>Flasksk\u00f6ljning och tappningsmaskinser<\/h1>            \n                    <\/div>\n\n            <\/div>\n<\/section>\n\n\n<section class=\"component component_breadcrumbs\">\n\t<div class=\"container-fluid\">\n  \t<\/div>\n<\/section>\n\n\n<section\n    id=\"\"\n    class=\"block content-block\"\n\tstyle=\"--cb-bg: light-gray; --cb-content: #000; padding-top: 30px; padding-bottom: 30px;\"\n>\n    \n\n<div class=\"container-fluid editor_content content content--narrow\">\n    <div class=\"row\">\n        <div class=\"col-12 editor_content\">\n            <h2>Kostnadseffektiva och h\u00e5llbara l\u00f6sningar f\u00f6r flasksk\u00f6ljning utan kemikalier<\/h2>\n<p class=\"preamble\">Flasksk\u00f6ljning var en av de f\u00f6rsta anv\u00e4ndingsomr\u00e5dena med ozon inom industrin. Det var en attraktiv l\u00f6sning ist\u00e4llet f\u00f6r kemikalier och past\u00f6risering. Idag \u00e4r det ofta en integrerad del av hela tappningsmaskinen.<\/p>\n<h3>Flasksk\u00f6lj med ozon<\/h3>\n<p>I de fall d\u00e4r icke sterilizerade flaskor anv\u00e4nds f\u00f6r att fylla \u00f6l, l\u00e4sk eller vatten beh\u00f6ver flaskans inre ytor saneras f\u00f6re fyllningsprocessen. Det \u00e4r s\u00e4rskilt viktigt f\u00f6r returglasflaskor att saneras noggrannt innan de fylls med ny produkt d\u00e5 de inte kommer steriliserade fr\u00e5n leverant\u00f6ren.<\/p>\n        <\/div>\n    <\/div>\n<\/div>\n\n\n<div class=\"container-fluid editor_content content content--narrow\">\n    <div class=\"row\">\n        <div class=\"col-md-6\">\n            <h4>Ozon mot kemikalier<\/h4>\n<p>Trots att kemikalier som per\u00e4ttiksyra och hypoklorit, vanliga desinfektionsmedel inom bryggerin\u00e4ringen, l\u00e4mnar restprodukter efter sig anv\u00e4nds de fortfarande av m\u00e5nga anl\u00e4ggningar. De kemiska restprodukterna kan l\u00e4mna of\u00f6rdelaktiga smaker efter sig. \u00c4ven om restprodukterna sk\u00f6ljs kan o\u00f6nskade partiklar och mikroorganismer introduceras i sk\u00f6ljvattnet. Ozon kan f\u00f6rebygga dessa potentiella problem.<\/p>\n<p>Ozon \u00e4r det mest effektiva desinfektionsmedlet som finns tillg\u00e4ngligt f\u00f6r industriell anv\u00e4ndning. Vid l\u00e5ga koncentrationer (cirka 1 ppm) desinficeras flaskor och burkar p\u00e5 n\u00e5gra sekunder. Det l\u00e4mnar inga kemiska rester vilket inneb\u00e4r minskar riskerna f\u00f6r d\u00e5lig kvalitet och kort h\u00e5llbarhet. L\u00e4s mer om ozon som desinfektionsmedel p\u00e5 v\u00e5r dedikerade <a href=\"https:\/\/ozonetech.com\/sv\/applikationer\/vattenrening\/desinficering\/\">Desinfektionssida<\/a> f\u00f6r vatten.<\/p>\n        <\/div>\n        <div class=\"col-md-6\">\n            <h4>Ozon mot past\u00f6risering<\/h4>\n<p>I m\u00e5nga fall past\u00f6riseras b\u00e5de flaska (eller burk) och produkt efter fyllning genom att hetta upp till 100 grader C under flertalet minuter.<\/p>\n<p>Detta s\u00e4kerst\u00e4ller att o\u00f6nskade former av mikrorgansimer som bakterier avd\u00f6das, vilka \u00e4r de st\u00f6rsta orsakerna bakom f\u00f6rst\u00f6rd produkt. Trots att hetta \u00e4r ett effektivt s\u00e4tt att f\u00f6rl\u00e4nga h\u00e5llbarhet kan det f\u00f6rst\u00f6ra unika aromer och smaker. V\u00e5r ozonteknik erbjuder ett alternativt s\u00e4tt att preservera produkten och samtidigt bevara produktkvalitet och smaker &#8211; utan att anv\u00e4nda kemikalier eller past\u00f6risering. Eftersom ozon appliceras kallt \u00e4r det en kostnadsbesparande teknik tack vare att past\u00f6riseringsenergi kan undvikas.<\/p>\n        <\/div>\n    <\/div>\n<\/div>\n\n<div class=\"container-fluid editor_content content content--narrow\">\n    <div class=\"row\">\n        <div class=\"col-12 editor_content\">\n            <h4>Praktisk anv\u00e4ndning<\/h4>\n<p>Ozonkoncentrationen och saneringstiden b\u00f6r balanseras under flasksk\u00f6ljning. Tiden och koncentrationen, kallad CT-v\u00e4rdet i min.Mg \/ L, f\u00f6r att inaktivera potentiella bakterier inuti flaskorna eller i tappvattnet beror p\u00e5 vilka typer av mikroorganismer som finns i vattnet. Normalt b\u00f6r den faktiska ozonkoncentrationen under appliceringen inte \u00f6verstiga 1 ppm och b\u00f6r inte vara l\u00e4gre \u00e4n 0,2-0,4 ppm f\u00f6r att uppn\u00e5 ett effektivt resultat med \u00e5tminstone 3 log reduktion av sporer, bakterier och protozoer. Ozonerat vatten sprutas in i flaskorna med det inbyggda munstycket. Ozon \u00e5terg\u00e5r snabbt till sitt naturliga tillst\u00e5nd: syre och h\u00f6jer inte syreniv\u00e5erna som normalt finns i typiskt kranvatten.<\/p>\n        <\/div>\n    <\/div>\n<\/div>\n\n<\/section>\n\n\n\n<section\n    id=\"\"\n    class=\"block content-block\"\n\tstyle=\"--cb-bg: #e6e6e6; --cb-content: #000; padding-top: 30px; padding-bottom: 30px;\"\n>\n    \n\n<div class=\"container-fluid editor_content content content--narrow\">\n    <div class=\"row\">\n        <div class=\"col-12 editor_content\">\n            <h3>Desinficering av tappningsmaskiner<\/h3>\n<div id=\"panels-ipe-paneid-414\" class=\"panels-ipe-portlet-wrapper panels-ipe-portlet-marker\">\n<div class=\"panels-ipe-portlet-content\">\n<div class=\"panel-pane pane-entity-field pane-node-body\">\n<div class=\"pane-content\">\n<div class=\"field field-name-body field-type-text-with-summary field-label-hidden\">\n<div class=\"field-items\">\n<div class=\"field-item even\">\n<p>Precis som annan processutrustning som fermentationstankar, r\u00f6r och ventiler, \u00e4r ozon en effektiv metod f\u00f6r att sanera sj\u00e4lva tappningsmaskinen. Bes\u00f6k v\u00e5r sida om <a href=\"https:\/\/ozonetech.com\/sv\/applikationer\/vattenrening\/desinfektion-processutrustning-cip\/\">CIP &amp; Processutrustning<\/a>f\u00f6r att l\u00e4sa mer!<\/p>\n<p><img loading=\"lazy\" decoding=\"async\" class=\"wp-image-13258 aligncenter\" src=\"https:\/\/ozonetech.com\/wp-content\/uploads\/2021\/01\/filling-machine-bottling-plant-300x200.jpg\" alt=\"\" width=\"1460\" height=\"973\" srcset=\"https:\/\/ozonetech.com\/wp-content\/uploads\/2021\/01\/filling-machine-bottling-plant-300x200.jpg 300w, https:\/\/ozonetech.com\/wp-content\/uploads\/2021\/01\/filling-machine-bottling-plant-1024x683.jpg 1024w, https:\/\/ozonetech.com\/wp-content\/uploads\/2021\/01\/filling-machine-bottling-plant-768x512.jpg 768w, https:\/\/ozonetech.com\/wp-content\/uploads\/2021\/01\/filling-machine-bottling-plant.jpg 1170w\" sizes=\"auto, (max-width: 1460px) 100vw, 1460px\" \/><\/p>\n<p>Ozonetechs ozonsystem RENA Vivo har utformats speciellt f\u00f6r att producera l\u00e4mpliga ozonkoncentrationer p\u00e5 ett effektivt och s\u00e4kert s\u00e4tt, l\u00e4tt att anv\u00e4nda f\u00f6r sanering av r\u00f6rledningar och andra mekaniska komponenter inuti tappningsmaskiner.<\/p>\n<\/div>\n<\/div>\n<\/div>\n<\/div>\n<\/div>\n<\/div>\n<\/div>\n        <\/div>\n    <\/div>\n<\/div>\n\n<\/section>\n","protected":false},"excerpt":{"rendered":"","protected":false},"author":21,"featured_media":0,"parent":16960,"menu_order":0,"comment_status":"closed","ping_status":"closed","template":"","meta":{"_acf_changed":false,"_seopress_robots_primary_cat":"","_seopress_titles_title":"","_seopress_titles_desc":"Flasksk\u00f6ljning \u00e4r en av de f\u00f6rsta anv\u00e4ndingsomr\u00e5dena med ozon inom industrin, en h\u00e5llbar l\u00f6sning utan kemikalier och past\u00f6risering.","_seopress_robots_index":"","inline_featured_image":false,"footnotes":""},"class_list":["post-10538","page","type-page","status-publish","hentry"],"acf":[],"_links":{"self":[{"href":"https:\/\/ozonetech.com\/sv\/wp-json\/wp\/v2\/pages\/10538","targetHints":{"allow":["GET"]}}],"collection":[{"href":"https:\/\/ozonetech.com\/sv\/wp-json\/wp\/v2\/pages"}],"about":[{"href":"https:\/\/ozonetech.com\/sv\/wp-json\/wp\/v2\/types\/page"}],"author":[{"embeddable":true,"href":"https:\/\/ozonetech.com\/sv\/wp-json\/wp\/v2\/users\/21"}],"replies":[{"embeddable":true,"href":"https:\/\/ozonetech.com\/sv\/wp-json\/wp\/v2\/comments?post=10538"}],"version-history":[{"count":59,"href":"https:\/\/ozonetech.com\/sv\/wp-json\/wp\/v2\/pages\/10538\/revisions"}],"predecessor-version":[{"id":33336,"href":"https:\/\/ozonetech.com\/sv\/wp-json\/wp\/v2\/pages\/10538\/revisions\/33336"}],"up":[{"embeddable":true,"href":"https:\/\/ozonetech.com\/sv\/wp-json\/wp\/v2\/pages\/16960"}],"wp:attachment":[{"href":"https:\/\/ozonetech.com\/sv\/wp-json\/wp\/v2\/media?parent=10538"}],"curies":[{"name":"wp","href":"https:\/\/api.w.org\/{rel}","templated":true}]}}