{"id":10463,"date":"2020-12-18T10:51:09","date_gmt":"2020-12-18T09:51:09","guid":{"rendered":"https:\/\/ozonetech.com\/?page_id=10463"},"modified":"2024-10-11T10:46:51","modified_gmt":"2024-10-11T08:46:51","slug":"tillbehor","status":"publish","type":"page","link":"https:\/\/ozonetech.com\/sv\/nedladdningar\/tillbehor\/","title":{"rendered":"Tillbeh\u00f6r nedladdningar"},"content":{"rendered":"\n<section\n    class=\"block hero hero--regular\"\n    style=\"background-image: url('https:\/\/ozonetech.com\/wp-content\/uploads\/2021\/03\/accessories-1600x484.jpg'); --hero-opacity: 0.3\"\n>\n\n    <div class=\"container-fluid\">\n\n        <div class=\"content editor_content\">\n                         \n                <h2 class='h2'>Tillbeh\u00f6r nedladdningar<\/h2>            \n                    <\/div>\n\n            <\/div>\n<\/section>\n\n\n<section class=\"component component_breadcrumbs\">\n\t<div class=\"container-fluid\">\n  \t<\/div>\n<\/section>\n\n\n<section\n    id=\"\"\n    class=\"block content-block\"\n\tstyle=\"--cb-bg: white; --cb-content: #000; padding-top: 30px; padding-bottom: 30px;\"\n>\n    \n\n<div class=\"container-fluid editor_content content content--narrow\">\n    <div class=\"row\">\n        <div class=\"col-12 editor_content\">\n            <h1>En snabbguide till v\u00e5ra komponenter och reservdelar<\/h1>\n<p class=\"preamble\" style=\"text-align: left;\">H\u00e4r hittar du alla v\u00e5ra broschyrer om komponenter och reservdelar. Kontakta oss om du beh\u00f6ver ytterligare\u00a0<a href=\"https:\/\/ozonetech.com\/kontakt\/\">hj\u00e4lp<\/a>.<\/p>\n<p class=\"preamble\">L\u00e4s mer om v\u00e5ra referens projekt\u00a0<a href=\"https:\/\/mellifiq.com\/sv\/referensprojekt\/\" target=\"_blank\" rel=\"noopener\">h\u00e4r <\/a>(extern sida).<\/p>\n        <\/div>\n    <\/div>\n<\/div>\n\n<\/section>\n\n\n\n\n\n\n<section class=\"block downloads\"> \n    <div class=\"container-fluid\">\n        <div class=\"row\">\n            <div class=\"col-12 title\">\n                <h3 class='h3'>Broschyrer<\/h3>            <\/div>\n        <\/div>\n\n        <div class=\"row justify-content-center\">\n            <div class=\"col-lg-8\">\n                <div class=\"downloads\">\n                                                                        <div class=\"downloads__download\">\n                                <div class=\"downloads__download--image\">\n                                    <img loading=\"lazy\" decoding=\"async\" width=\"240\" height=\"340\" src=\"https:\/\/ozonetech.com\/wp-content\/uploads\/2021\/01\/hose-directory-brochure-front-page.png\" class=\"attachment-large size-large\" alt=\"\" srcset=\"https:\/\/ozonetech.com\/wp-content\/uploads\/2021\/01\/hose-directory-brochure-front-page.png 240w, https:\/\/ozonetech.com\/wp-content\/uploads\/2021\/01\/hose-directory-brochure-front-page-212x300.png 212w\" sizes=\"auto, (max-width: 240px) 100vw, 240px\" \/>                                <\/div>\n                                <div class=\"downloads__download--content\">\n                                    <h4><strong>Slangkatalog<\/strong><\/h4>\n<p>En komplett guide till v\u00e5ra slangar och delar vi anv\u00e4nder f\u00f6r v\u00e5ra ozonsystem.<\/p>\n                                                                            <div class=\"downloads__download--files\">\n                                            <svg version=\"1.1\" id=\"Layer_1\" xmlns=\"http:\/\/www.w3.org\/2000\/svg\" x=\"0\" y=\"0\" viewBox=\"0 0 20.83 25\" xml:space=\"preserve\"><path fill=\"currentColor\" d=\"M20.83 8.82h-5.95V0H5.95v8.82H0l10.42 10.29L20.83 8.82zM0 22.06V25h20.83v-2.94H0z\"\/><\/svg>                                            <span>Ladda ned<\/span>\n                                                                                            <a target=\"_blank\" href=\"https:\/\/ozonetech.com\/wp-content\/uploads\/2020\/12\/Datasheet-Hose-Directory-v1.0-EN-web.pdf\">\n                                                    Engelska                                                <\/a>\n                                                                                            <a target=\"_blank\" href=\"https:\/\/ozonetech.com\/wp-content\/uploads\/2020\/12\/Datasheet-Hose-Directory-v1.0-SV-web.pdf\">\n                                                    Svenska                                                <\/a>\n                                                                                    <\/div>\n                                                                    <\/div>\n                            <\/div>\n                                                            <\/div>\n            <\/div>\n        <\/div>\n    <\/div>\n<\/section>\n","protected":false},"excerpt":{"rendered":"","protected":false},"author":21,"featured_media":0,"parent":11766,"menu_order":0,"comment_status":"closed","ping_status":"closed","template":"","meta":{"_acf_changed":false,"_seopress_robots_primary_cat":"","_seopress_titles_title":"","_seopress_titles_desc":"H\u00e4r kan du hitta och ladda ner alla v\u00e5ra broschyrer f\u00f6r tillbeh\u00f6r. L\u00e5t oss veta om du beh\u00f6ver ytterligare hj\u00e4lp.","_seopress_robots_index":"","inline_featured_image":false,"footnotes":""},"class_list":["post-10463","page","type-page","status-publish","hentry"],"acf":[],"_links":{"self":[{"href":"https:\/\/ozonetech.com\/sv\/wp-json\/wp\/v2\/pages\/10463","targetHints":{"allow":["GET"]}}],"collection":[{"href":"https:\/\/ozonetech.com\/sv\/wp-json\/wp\/v2\/pages"}],"about":[{"href":"https:\/\/ozonetech.com\/sv\/wp-json\/wp\/v2\/types\/page"}],"author":[{"embeddable":true,"href":"https:\/\/ozonetech.com\/sv\/wp-json\/wp\/v2\/users\/21"}],"replies":[{"embeddable":true,"href":"https:\/\/ozonetech.com\/sv\/wp-json\/wp\/v2\/comments?post=10463"}],"version-history":[{"count":30,"href":"https:\/\/ozonetech.com\/sv\/wp-json\/wp\/v2\/pages\/10463\/revisions"}],"predecessor-version":[{"id":41385,"href":"https:\/\/ozonetech.com\/sv\/wp-json\/wp\/v2\/pages\/10463\/revisions\/41385"}],"up":[{"embeddable":true,"href":"https:\/\/ozonetech.com\/sv\/wp-json\/wp\/v2\/pages\/11766"}],"wp:attachment":[{"href":"https:\/\/ozonetech.com\/sv\/wp-json\/wp\/v2\/media?parent=10463"}],"curies":[{"name":"wp","href":"https:\/\/api.w.org\/{rel}","templated":true}]}}