{"id":10408,"date":"2020-06-23T10:56:08","date_gmt":"2020-06-23T10:56:08","guid":{"rendered":"https:\/\/ozonetech.com\/business-areas-air-treatment-voc-removal\/"},"modified":"2024-10-09T16:50:22","modified_gmt":"2024-10-09T14:50:22","slug":"voc-borttagning","status":"publish","type":"page","link":"https:\/\/ozonetech.com\/sv\/applikationer\/luftbehandling\/voc-borttagning\/","title":{"rendered":"VOC borttagning"},"content":{"rendered":"\n<section\n    class=\"block hero hero--regular\"\n    style=\"background-image: url('https:\/\/ozonetech.com\/wp-content\/uploads\/2021\/02\/VOC-removal-2-1600x484.jpg'); --hero-opacity: 0\"\n>\n\n    <div class=\"container-fluid\">\n\n        <div class=\"content editor_content\">\n                         \n                <h2 class='h2'>VOC borttagning <\/h2>            \n                    <\/div>\n\n            <\/div>\n<\/section>\n\n\n<section class=\"component component_breadcrumbs\">\n\t<div class=\"container-fluid\">\n  \t<\/div>\n<\/section>\n\n\n<section\n    id=\"\"\n    class=\"block content-block\"\n\tstyle=\"--cb-bg: white; --cb-content: #000; padding-top: 30px; padding-bottom: 30px;\"\n>\n    \n\n<div class=\"container-fluid editor_content content content--narrow\">\n    <div class=\"row\">\n        <div class=\"col-12 editor_content\">\n            <h1>Effektiv och h\u00e5llbar VOC borttagning med ozon och AOP<\/h1>\n<p class=\"preamble\">N\u00e4r man talar om \u201cVOC:er\u201d (Flyktiga organiska f\u00f6reningar) refererar man till en bred grupp av olika \u00e4mnen. Det som \u00e4r universellt bland dessa \u00e4r att \u00e4mnena \u00e4r organiska (inneh\u00e5ller kol) och att de har ett h\u00f6gt \u00e5ngtryck vid rumstemperatur. VOC:er delas upp i olika kategorier beroende p\u00e5 funktionella grupper s\u00e5som aromater, aldehyder och kolv\u00e4ten. Varje kategori har sina egna kemiska egenskaper vilket kan leda till att olika \u201dVOC:er\u201d kan medf\u00f6ra unika milj\u00f6- och h\u00e4lsoproblem.<\/p>\n<h3>Utsl\u00e4ppsk\u00e4llor<\/h3>\n<p>I Europa sl\u00e4pps VOC:er ut fr\u00e5n diverse k\u00e4llor varav de vanligaste \u00e4r \u201dindustriella processer\u201d och \u201dbr\u00e4nsleanv\u00e4ndning f\u00f6r industriellt, kommersiellt och eget bruk\u201d. Dessa tv\u00e5 k\u00e4llor tillsammans motsvarar ungef\u00e4r tv\u00e5 tredjedelar av de totala utsl\u00e4ppen i Europa och kommer d\u00e4rf\u00f6r vara i fokus vid problembeskrivningen nedan.<\/p>\n<p>&nbsp;<\/p>\n<h4 style=\"text-align: center;\">VOC-utsl\u00e4pp (k\u00e4llor)<\/h4>\n<div id=\"attachment_21322\" style=\"width: 1034px\" class=\"wp-caption aligncenter\"><img loading=\"lazy\" decoding=\"async\" aria-describedby=\"caption-attachment-21322\" class=\"wp-image-21322 size-large\" src=\"https:\/\/ozonetech.com\/wp-content\/uploads\/2021\/02\/VOC-utslapp-1024x683.png\" alt=\"\" width=\"1024\" height=\"683\" srcset=\"https:\/\/ozonetech.com\/wp-content\/uploads\/2021\/02\/VOC-utslapp-1024x683.png 1024w, https:\/\/ozonetech.com\/wp-content\/uploads\/2021\/02\/VOC-utslapp-300x200.png 300w, https:\/\/ozonetech.com\/wp-content\/uploads\/2021\/02\/VOC-utslapp-768x512.png 768w, https:\/\/ozonetech.com\/wp-content\/uploads\/2021\/02\/VOC-utslapp.png 1501w\" sizes=\"auto, (max-width: 1024px) 100vw, 1024px\" \/><p id=\"caption-attachment-21322\" class=\"wp-caption-text\">Figur 1. VOC-utsl\u00e4ppsk\u00e4llor i omr\u00e5det EU-28. K\u00e4lla: \u201cAir quality in Europe \u2013 2017 report\u201d EEA Report No 13\/2017.<\/p><\/div>\n<h3 style=\"text-align: center;\"><\/h3>\n<p>&nbsp;<\/p>\n<h4>Milj\u00f6problem<\/h4>\n<p>Utsl\u00e4pp av VOC:er i atmosf\u00e4ren kan bidra med en rad negativa implikationer p\u00e5 v\u00e5r milj\u00f6. Vissa kan dessutom skapa luktproblem d\u00e5 de kan ha kraftiga och irriterande lukter, vilket \u00e4r vanligt i livsmedelsindustrin och avloppsreningsverk. F\u00f6rgiftning \u00e4r ocks\u00e5 ett vanligt f\u00f6rekommande problem d\u00e5 vissa VOC:er kan vara direkt giftiga f\u00f6r m\u00e4nniskor och djur. \u00c4ven om de giftigaste \u00e4mnena ofta \u00e4r f\u00f6rbjudna f\u00f6r anv\u00e4ndning kan kraftiga utsl\u00e4pp av h\u00f6ga koncentrationer av andra VOC:er leda till giftiga f\u00f6rh\u00e5llanden. En vanlig k\u00e4lla \u00e4r utsl\u00e4pp vid l\u00f6sningsmedelsanv\u00e4ndning som f\u00f6rekommer i l\u00e4kemedels-, textil-, f\u00e4rg och lackindustrin.<\/p>\n        <\/div>\n    <\/div>\n<\/div>\n\n<\/section>\n\n\n\n<section\n    id=\"\"\n    class=\"block content-block\"\n\tstyle=\"--cb-bg: #e6e6e6; --cb-content: #000; padding-top: 30px; padding-bottom: 30px;\"\n>\n    \n\n<div class=\"container-fluid editor_content content content--narrow\">\n    <div class=\"row\">\n        <div class=\"col-12 editor_content\">\n            <h3>VOC i industriella och kommersiella applikationer<\/h3>\n        <\/div>\n    <\/div>\n<\/div>\n\n\n<div class=\"container-fluid editor_content content content--narrow\">\n    <div class=\"row\">\n        <div class=\"col-md-6\">\n            <h4><img loading=\"lazy\" decoding=\"async\" class=\"aligncenter wp-image-15170 size-full\" src=\"https:\/\/ozonetech.com\/wp-content\/uploads\/2021\/01\/Acetaldehyde-2.png\" alt=\"\" width=\"396\" height=\"201\" srcset=\"https:\/\/ozonetech.com\/wp-content\/uploads\/2021\/01\/Acetaldehyde-2.png 396w, https:\/\/ozonetech.com\/wp-content\/uploads\/2021\/01\/Acetaldehyde-2-300x152.png 300w\" sizes=\"auto, (max-width: 396px) 100vw, 396px\" \/><\/h4>\n<h4><strong>Acetaldehyd (Aldehyder)<\/strong><\/h4>\n<p>Acetaldehyd h\u00e4rstammar fr\u00e5n kategorin \u201daldehyder\u201d. Acetaldehyd finns naturligt i kaffe, br\u00f6d och i f\u00e4rsk frukt.<\/p>\n<p>Acetaldehyd \u00e4r en av de viktigaste VOC:erna att behandla d\u00e5 den \u00e4r giftig och cancerframkallande. Utsl\u00e4pp av acetaldehyd kan ocks\u00e5 medf\u00f6ra luktproblem vilket kan f\u00f6rekomma i k\u00f6ksventilation och livsmedelsindustrin.<\/p>\n        <\/div>\n        <div class=\"col-md-6\">\n            <p><img loading=\"lazy\" decoding=\"async\" class=\"aligncenter wp-image-15190 size-full\" src=\"https:\/\/ozonetech.com\/wp-content\/uploads\/2021\/01\/Benzene-2.png\" alt=\"\" width=\"396\" height=\"201\" srcset=\"https:\/\/ozonetech.com\/wp-content\/uploads\/2021\/01\/Benzene-2.png 396w, https:\/\/ozonetech.com\/wp-content\/uploads\/2021\/01\/Benzene-2-300x152.png 300w\" sizes=\"auto, (max-width: 396px) 100vw, 396px\" \/><\/p>\n<h4><strong>Bensen (Aromater)<\/strong><\/h4>\n<p>Bensen \u00e4r ett av de mest v\u00e4lk\u00e4nda aromatiska \u00e4mnena. Det anv\u00e4nds ofta som l\u00f6sningsmedel och intermedi\u00e4r i kemiska processer.<\/p>\n<p>D\u00e5 det ocks\u00e5 \u00e4r v\u00e4lk\u00e4nt att bensen \u00e4r karcinogent, anv\u00e4nds det mindre och mindre i industrin. Utsl\u00e4pp fr\u00e5n industrier s\u00e5som den petrokemiska och kemiska industrin m\u00e5ste kontrolleras ordentligt.<\/p>\n        <\/div>\n    <\/div>\n<\/div>\n<div class=\"container-fluid editor_content content content--narrow\">\n    <div class=\"row\">\n        <div class=\"col-md-6\">\n            <h4><img loading=\"lazy\" decoding=\"async\" class=\"aligncenter wp-image-15204 size-full\" src=\"https:\/\/ozonetech.com\/wp-content\/uploads\/2021\/01\/Acetone.png\" alt=\"\" width=\"396\" height=\"201\" srcset=\"https:\/\/ozonetech.com\/wp-content\/uploads\/2021\/01\/Acetone.png 396w, https:\/\/ozonetech.com\/wp-content\/uploads\/2021\/01\/Acetone-300x152.png 300w\" sizes=\"auto, (max-width: 396px) 100vw, 396px\" \/><\/h4>\n<h4><strong>Aceton (Ketoner)<\/strong><\/h4>\n<p>Aceton h\u00e4rstammar fr\u00e5n kategorin \u201cketoner\u201d. Anv\u00e4nds vanligtvis som ett l\u00f6sningsmedel i industriella processer.<\/p>\n<p>\u00c4ven om aceton inte \u00e4r s\u00e4rskilt giftigt finns det strikta begr\u00e4nsningar p\u00e5 h\u00f6g-koncentrationsutsl\u00e4pp av denna. Aceton finns ofta l\u00e4kemedels-, textil- och f\u00e4rgindustrin.<\/p>\n        <\/div>\n        <div class=\"col-md-6\">\n            <p><img loading=\"lazy\" decoding=\"async\" class=\"aligncenter wp-image-15211 size-full\" src=\"https:\/\/ozonetech.com\/wp-content\/uploads\/2021\/01\/Skatole-3.png\" alt=\"\" width=\"396\" height=\"201\" srcset=\"https:\/\/ozonetech.com\/wp-content\/uploads\/2021\/01\/Skatole-3.png 396w, https:\/\/ozonetech.com\/wp-content\/uploads\/2021\/01\/Skatole-3-300x152.png 300w\" sizes=\"auto, (max-width: 396px) 100vw, 396px\" \/><\/p>\n<h4><strong>Skatol (Aromater)<\/strong><\/h4>\n<p>Skatol \u00e4r kopplat till kategorin \u201caromatiska f\u00f6reningar\u201d. Bildas vid naturlig nedbrytning av proteiner. Kan anv\u00e4ndas som parfym vid l\u00e5ga koncentrationer.<\/p>\n<p>\u00c4ven om skatol luktar gott i l\u00e5ga koncentrationer, blir den v\u00e4ldigt obehaglig i h\u00f6gre koncentrationer. Detta inneb\u00e4r att \u00e4mnet l\u00e4tt kan bli ett luktproblem i t.ex. avloppsreningsverk.<\/p>\n        <\/div>\n    <\/div>\n<\/div>\n<div class=\"container-fluid editor_content content content--narrow\">\n    <div class=\"row\">\n        <div class=\"col-md-6\">\n            <h4><img loading=\"lazy\" decoding=\"async\" class=\"aligncenter wp-image-15148 size-full\" src=\"https:\/\/ozonetech.com\/wp-content\/uploads\/2021\/01\/Xylenes-2.png\" alt=\"\" width=\"396\" height=\"201\" srcset=\"https:\/\/ozonetech.com\/wp-content\/uploads\/2021\/01\/Xylenes-2.png 396w, https:\/\/ozonetech.com\/wp-content\/uploads\/2021\/01\/Xylenes-2-300x152.png 300w\" sizes=\"auto, (max-width: 396px) 100vw, 396px\" \/><\/h4>\n<h4><strong>Xylener (Aromater)<\/strong><\/h4>\n<p>Xylener tillh\u00f6r de aromatiska f\u00f6reningarna. Dessa \u00e4r viktiga intermedi\u00e4rer vid framst\u00e4llning av PET-flaskor..<\/p>\n<p>Utsl\u00e4pp av xylener i luft \u00e4r ofta kopplat till luktproblem d\u00e5 de kan k\u00e4nnas av vid v\u00e4ldigt l\u00e5ga koncentrationer. Kan ocks\u00e5 vara giftiga om de sl\u00e4pps ut i h\u00f6gre koncentrationer.\u00a0Xylener kan skapas vid biogasanl\u00e4ggningar och m\u00e5nga andra kemiska industrier.<\/p>\n        <\/div>\n        <div class=\"col-md-6\">\n            <h4><img loading=\"lazy\" decoding=\"async\" class=\"aligncenter wp-image-15158 size-full\" src=\"https:\/\/ozonetech.com\/wp-content\/uploads\/2021\/01\/Limonene-3.png\" alt=\"\" width=\"396\" height=\"201\" srcset=\"https:\/\/ozonetech.com\/wp-content\/uploads\/2021\/01\/Limonene-3.png 396w, https:\/\/ozonetech.com\/wp-content\/uploads\/2021\/01\/Limonene-3-300x152.png 300w\" sizes=\"auto, (max-width: 396px) 100vw, 396px\" \/><\/h4>\n<h4><strong>Limonen (Terpener)<\/strong><\/h4>\n<p>Limonen \u00e4r en av de mest f\u00f6rekommande terpenerna oavsett applikation. Det \u00e4r den huvudsakliga best\u00e5ndsdelen av oljan som finns i citronskal, d\u00e4rmed namnet &#8221;Limonen&#8221; fr\u00e5n engelskans <em>&#8221;Lemon&#8221;.<\/em><\/p>\n<p>Utsl\u00e4pp av limonen leder ofta till\u00a0luktproblem p\u00e5 grund av dess l\u00e5ga luktgr\u00e4ns och att den vanligtvis f\u00f6rekommer i h\u00f6ga koncentrationer. Exempel p\u00e5 industrier d\u00e4r limonen skapas\/sl\u00e4pps ut \u00e4r\u00a0livsmedelsindustrin och\u00a0biogasanl\u00e4ggningar.<\/p>\n        <\/div>\n    <\/div>\n<\/div>\n\n<div class=\"container-fluid editor_content content content--narrow\">\n    <div class=\"row\">\n        <div class=\"col-12 editor_content\">\n            <p><em>Vi \u00e4r specialister n\u00e4r det g\u00e4ller att analysera vilken typ samt koncentration av VOC:er som finns i ert fall. L\u00e4s mer <a href=\"https:\/\/ozonetech.com\/sv\/losningar-system\/luftbehandling\/luft-luktanalys\/\"><strong>h\u00e4r<\/strong><\/a>.<\/em><\/p>\n        <\/div>\n    <\/div>\n<\/div>\n\n<\/section>\n\n\n\n<section\n    id=\"\"\n    class=\"block content-block\"\n\tstyle=\"--cb-bg: white; --cb-content: #000; padding-top: 30px; padding-bottom: 30px;\"\n>\n    \n\n<div class=\"container-fluid editor_content content content--narrow\">\n    <div class=\"row\">\n        <div class=\"col-12 editor_content\">\n            <h3>Direktiv och f\u00f6reskrifter om VOC-utsl\u00e4pp<\/h3>\n<p>P\u00e5 grund av de milj\u00f6problem som VOC bidrar med har flera direktiv och f\u00f6reskrifter verkst\u00e4llts, b\u00e5de p\u00e5 europeisk och nationell niv\u00e5. Via de europeiska direktiven har tv\u00e5 viktiga milstolpar fastst\u00e4llts, n\u00e4mligen 2001\/81\/EG och 2016\/2284. I det f\u00f6rsta direktivet fastst\u00e4lldes nationella begr\u00e4nsningar av VOC-utsl\u00e4pp fr\u00e5n alla k\u00e4llor som skulle uppfyllas senast 2010. Det andra direktivet anger procentuell minskning av VOC-utsl\u00e4ppen som kr\u00e4vs, b\u00e5de f\u00f6r enskilda l\u00e4nder och f\u00f6r hela EU-omr\u00e5det. Sedan 2001 har EU varit mycket aktivt f\u00f6r att minska VOC-utsl\u00e4ppen, vilket medf\u00f6r h\u00f6ga reduktionsm\u00e5l som framg\u00e5r av nedanst\u00e5ende figur.<\/p>\n<p><img loading=\"lazy\" decoding=\"async\" class=\"wp-image-21336 size-large\" src=\"https:\/\/ozonetech.com\/wp-content\/uploads\/2021\/02\/Minskning-av-VOC-utslapp-1024x744.png\" alt=\"\" width=\"1024\" height=\"744\" srcset=\"https:\/\/ozonetech.com\/wp-content\/uploads\/2021\/02\/Minskning-av-VOC-utslapp-1024x744.png 1024w, https:\/\/ozonetech.com\/wp-content\/uploads\/2021\/02\/Minskning-av-VOC-utslapp-300x218.png 300w, https:\/\/ozonetech.com\/wp-content\/uploads\/2021\/02\/Minskning-av-VOC-utslapp-768x558.png 768w, https:\/\/ozonetech.com\/wp-content\/uploads\/2021\/02\/Minskning-av-VOC-utslapp.png 1501w\" sizes=\"auto, (max-width: 1024px) 100vw, 1024px\" \/><\/p>\n<p style=\"text-align: center;\"><em>Planerad procentuell minskning av VOC-utsl\u00e4pp enligt EU-direktivet 2016\/2284 f\u00f6r EU-28 omr\u00e5det och f\u00f6r Sverige. Den procentuella minskningen \u00e4r ber\u00e4knad med avseende p\u00e5 utsl\u00e4ppen uppm\u00e4tt vid \u00e5r 2005. Tv\u00e5 milstolpar sattes; en f\u00f6r \u00e5r 2020 och en f\u00f6r 2030<\/em><\/p>\n<p>&nbsp;<\/p>\n<p>EU-direktivet 2016\/2284 har f\u00f6rts in i svensk lagstiftning genom f\u00f6rordningen SFS 2017:418.<\/p>\n        <\/div>\n    <\/div>\n<\/div>\n\n\n\n<div class=\"container-fluid editor_content content content--narrow\">\n    <div class=\"row\">\n        <div class=\"col-12 editor_content\">\n            <h4>VOC-reduktionskrav f\u00f6r specifika industrier<\/h4>\n<p>Ut\u00f6ver direktiven som begr\u00e4nsar de huvudsakliga VOC-utsl\u00e4ppen, inf\u00f6rdes ytterligare krav f\u00f6r vissa sektorer och industrier. Ett exempel p\u00e5 detta \u00e4r direktivet 2010\/75\/EU som behandlar utsl\u00e4pp fr\u00e5n f\u00f6rbr\u00e4nningsanl\u00e4ggningar f\u00f6r br\u00e4nsle och \u00e5tervinning, produktion av titandioxid och anv\u00e4ndning av l\u00f6sningsmedel. Den senast n\u00e4mnda blev begr\u00e4nsat i m\u00e5nga aspekter d\u00e5 det sattes upp diverse utsl\u00e4ppskrav beroende p\u00e5 typ och m\u00e4ngd l\u00f6sningsmedel f\u00f6rbrukad. Utsl\u00e4ppstaken varierar mellan 20 till 100 mg organiskt kol per normalkubikmeter (Nm<sup>3<\/sup>). Detta direktiv inf\u00f6rdes i svensk lagstiftning genom f\u00f6rordningarna SFS 2013:254 och SFS 2014:20.<\/p>\n        <\/div>\n    <\/div>\n<\/div>\n\n\n\n<div class=\"container-fluid editor_content content content--narrow\">\n    <div class=\"row\">\n        <div class=\"col-12 editor_content\">\n            <h3>Ozon &amp; AOP f\u00f6r reduktion av VOC:er<\/h3>\n<p>Vi erbjuder ett stort utbud l\u00f6sningar f\u00f6r reducering av VOC:er, vilken process eller industri det \u00e4n handlar om. Ett exempel p\u00e5 VOC-reduktion med Ozonetechs l\u00f6sningar visas nedan.<\/p>\n<h3 style=\"text-align: center;\"><img loading=\"lazy\" decoding=\"async\" class=\"aligncenter wp-image-21390 size-large\" src=\"https:\/\/ozonetech.com\/wp-content\/uploads\/2021\/02\/VOC-redukton-med-OTS-losningar-1024x744.png\" alt=\"\" width=\"1024\" height=\"744\" srcset=\"https:\/\/ozonetech.com\/wp-content\/uploads\/2021\/02\/VOC-redukton-med-OTS-losningar-1024x744.png 1024w, https:\/\/ozonetech.com\/wp-content\/uploads\/2021\/02\/VOC-redukton-med-OTS-losningar-300x218.png 300w, https:\/\/ozonetech.com\/wp-content\/uploads\/2021\/02\/VOC-redukton-med-OTS-losningar-768x558.png 768w, https:\/\/ozonetech.com\/wp-content\/uploads\/2021\/02\/VOC-redukton-med-OTS-losningar.png 1501w\" sizes=\"auto, (max-width: 1024px) 100vw, 1024px\" \/><\/h3>\n<p>V\u00e5r teknik m\u00f6jligg\u00f6r luftkvalitet som \u00e4r i enlighet med direktivens utsl\u00e4ppskrav f\u00f6r VOC:er, \u00e4ven vid h\u00f6ga koncentrationer.<\/p>\n        <\/div>\n    <\/div>\n<\/div>\n\n<\/section>\n\n\n\n\n\n\n<section\n    id=\"\"\n    class=\"block content-block\"\n\tstyle=\"--cb-bg: white; --cb-content: #000; padding-top: 30px; padding-bottom: 30px;\"\n>\n    \n\n<div class=\"container-fluid editor_content content content--narrow\">\n    <div class=\"row\">\n        <div class=\"col-12 editor_content\">\n            <h3>System och l\u00f6sningar<\/h3>\n        <\/div>\n    <\/div>\n<\/div>\n\n\n<div class=\"container-fluid editor_content content content--narrow\">\n    <div class=\"row\">\n        <div class=\"col-md-6\">\n            <h4><img loading=\"lazy\" decoding=\"async\" class=\"wp-image-15291 aligncenter\" src=\"https:\/\/ozonetech.com\/wp-content\/uploads\/2021\/01\/RENA-Pro-C-1-228x300.png\" alt=\"\" width=\"280\" height=\"369\" srcset=\"https:\/\/ozonetech.com\/wp-content\/uploads\/2021\/01\/RENA-Pro-C-1-228x300.png 228w, https:\/\/ozonetech.com\/wp-content\/uploads\/2021\/01\/RENA-Pro-C-1.png 300w\" sizes=\"auto, (max-width: 280px) 100vw, 280px\" \/>Rena Pro<\/h4>\n<p><a href=\"https:\/\/ozonetech.com\/sv\/losningar-system\/luftbehandling\/ozonsystem-rena-pro\/\"><strong>RENA Pro<\/strong><\/a> medf\u00f6r en ozonbehandling av h\u00f6gsta kvalitet f\u00f6r industriella processer. Ozonet reagerar snabbt med VOC:er och oxiderar dessa utan att skapa farliga biprodukter. Vad detta leder till \u00e4r en utm\u00e4rkt behandling av VOC:er, med en utloppskoncentration som \u00e4r l\u00e4gre \u00e4n \u00e4ven de h\u00e5rdaste milj\u00f6krav. Vi erbjuder alltid v\u00e5ra RENA Pro l\u00f6sningar med en skr\u00e4ddarsydd design, specifik f\u00f6r varje fall. Designen \u00e4r gjord med avseende p\u00e5 parametrar s\u00e5som luftfl\u00f6de och VOC koncentration, vilket medf\u00f6r att r\u00e4tt m\u00e4ngd ozon matas f\u00f6r att n\u00e5 kundens \u00f6nskem\u00e5l och krav. S\u00e5dana skr\u00e4ddarsydda och optimerade l\u00f6sningar leder till stora energibesparingar och h\u00f6g prestanda, vilket minskar driftskostnaderna f\u00f6r ozonbehandlingen.<\/p>\n<p><em>L\u00e4s mer om v\u00e5ra RENA Pro Ozonsystem <strong><a href=\"https:\/\/ozonetech.com\/sv\/losningar-system\/luftbehandling\/ozonsystem-rena-pro\/\">h\u00e4r<\/a><\/strong>\u00a0eller ladda ned v\u00e5r<a href=\"https:\/\/ozonetech.com\/wp-content\/uploads\/2020\/12\/Brochure-RENA-Pro-Ozone-Systems-v1.5-SV-web.pdf\" target=\"_blank\" rel=\"noopener\"><strong> broschyr<\/strong><\/a>.<\/em><\/p>\n        <\/div>\n        <div class=\"col-md-6\">\n            <h4><img loading=\"lazy\" decoding=\"async\" class=\"wp-image-38834 size-medium aligncenter\" src=\"https:\/\/ozonetech.com\/wp-content\/uploads\/2021\/10\/uv-reactor-300x199.png\" alt=\"\" width=\"300\" height=\"199\" srcset=\"https:\/\/ozonetech.com\/wp-content\/uploads\/2021\/10\/uv-reactor-300x199.png 300w, https:\/\/ozonetech.com\/wp-content\/uploads\/2021\/10\/uv-reactor-1024x680.png 1024w, https:\/\/ozonetech.com\/wp-content\/uploads\/2021\/10\/uv-reactor-768x510.png 768w, https:\/\/ozonetech.com\/wp-content\/uploads\/2021\/10\/uv-reactor.png 1500w\" sizes=\"auto, (max-width: 300px) 100vw, 300px\" \/><\/h4>\n<h4>Rena Pro i kombination med UV-system<\/h4>\n<p>F\u00f6r industrier och applikationer med v\u00e4ldigt h\u00f6ga koncentrationer VOC:er eller extra str\u00e4nga utsl\u00e4ppskrav kan vi kombinera RENA Pro-l\u00f6sningen med v\u00e5ra <a href=\"https:\/\/mellifiq.com\/brands\/saniray\/systems\/#a-series\" target=\"_blank\" rel=\"noopener\"><strong>Saniray UV System <\/strong><\/a><em>(extern sida)<\/em> d\u00e4rmed skapa en AOP-l\u00f6sning. AOP st\u00e5r f\u00f6r Avancerad Oxidations Process och \u00e4r en teknik med m\u00e5l att generera hydroxylradikaler. I v\u00e5ra l\u00f6sningar omvandlas ozon till dessa hydroxylradikaler vid exponering f\u00f6r UV-ljus. Radikalerna har en h\u00f6gre oxidationspotential och reagerar d\u00e4rf\u00f6r snabbare med VOC:er. VOC-behandlingen ut\u00f6kas ytterligare av UV-str\u00e5lningarna fr\u00e5n UV-reaktorn, vilket ger en kompakt l\u00f6sning med h\u00f6g prestanda. V\u00e5ra UV System utnyttjar enbart \u201dHigh-Performance\u201d (HP) UV-lampor f\u00f6r att uppn\u00e5 maximal effektivitet med sm\u00e5 ytterm\u00e5tt.<\/p>\n<p><em>L\u00e4s mer om v\u00e5ra UV System <a href=\"https:\/\/mellifiq.com\/en\/saniray\/\"><strong>h\u00e4r <\/strong><\/a><\/em>(extern sida)<\/p>\n        <\/div>\n    <\/div>\n<\/div>\n<div class=\"container-fluid editor_content content content--narrow\">\n    <div class=\"row\">\n        <div class=\"col-md-6\">\n            <h4><img loading=\"lazy\" decoding=\"async\" class=\"wp-image-15305 aligncenter\" src=\"https:\/\/ozonetech.com\/wp-content\/uploads\/2021\/01\/nodora-by-Mellifiq-1-227x300.png\" alt=\"\" width=\"280\" height=\"370\" srcset=\"https:\/\/ozonetech.com\/wp-content\/uploads\/2021\/01\/nodora-by-Mellifiq-1-227x300.png 227w, https:\/\/ozonetech.com\/wp-content\/uploads\/2021\/01\/nodora-by-Mellifiq-1.png 300w\" sizes=\"auto, (max-width: 280px) 100vw, 280px\" \/>Kombination av AOP-scen och Nodora<\/h4>\n<p>F\u00f6r att uppn\u00e5 den ultimata prestandan vid behandling av VOC:er rekommenderar vi v\u00e5r kompletta l\u00f6sning som kombinerar AOP-teknik och v\u00e5ra Nodora-filter. Genom att l\u00e4gga till Nodora till AOP-l\u00f6sningen f\u00e5r man ett polerande steg f\u00f6r att uppn\u00e5 nonexistenta niv\u00e5er av VOC. Nodora \u00e4r ett katalytiskt filter som best\u00e5r av flera skr\u00e4ddarsydda material specialiserade f\u00f6r maximal reduktion av VOC:er. Nodora anv\u00e4nds vanligtvis f\u00f6r de fall med h\u00f6gst krav och f\u00f6r fall d\u00e4r h\u00f6g prestanda efterfr\u00e5gas f\u00f6r VOC:er, men utrymmet \u00e4r begr\u00e4nsat. Dessutom \u00e4r Nodora-filtrerna utvecklade s\u00e5 att tryckfallen \u00e4r minimala, vilket medf\u00f6r stora energi- och kostnadsbesparingar.<\/p>\n<p><em>L\u00e4s mer om Nodora <a href=\"https:\/\/mellifiq.com\/sv\/brands\/nodora\/\" target=\"_blank\" rel=\"noopener\"><strong>h\u00e4r<\/strong><\/a> (extern sida) eller ladda ned v\u00e5r <a href=\"https:\/\/ozonetech.com\/wp-content\/uploads\/2021\/01\/brochure_-_nodora_v1.2_sv-web.pdf\" target=\"_blank\" rel=\"noopener\"><strong>broschyr<\/strong><\/a>.<\/em><\/p>\n<p><em>VOC:er kan ocks\u00e5 bidra med luktproblem. L\u00e4s mer <a href=\"https:\/\/ozonetech.com\/sv\/applikationer\/luftbehandling\/luktbehandling\/\"><strong>h\u00e4r<\/strong><\/a> om luktreducering.<\/em><\/p>\n<p>&nbsp;<\/p>\n        <\/div>\n        <div class=\"col-md-6\">\n                    <\/div>\n    <\/div>\n<\/div><\/section>\n","protected":false},"excerpt":{"rendered":"","protected":false},"author":21,"featured_media":0,"parent":14758,"menu_order":0,"comment_status":"closed","ping_status":"closed","template":"","meta":{"_acf_changed":false,"_seopress_robots_primary_cat":"","_seopress_titles_title":"","_seopress_titles_desc":"Vi erbjuder ett stort utbud l\u00f6sningar f\u00f6r reducering av VOC:er, vilken process eller industri det \u00e4n handlar om.","_seopress_robots_index":"","inline_featured_image":false,"footnotes":""},"class_list":["post-10408","page","type-page","status-publish","hentry"],"acf":[],"_links":{"self":[{"href":"https:\/\/ozonetech.com\/sv\/wp-json\/wp\/v2\/pages\/10408","targetHints":{"allow":["GET"]}}],"collection":[{"href":"https:\/\/ozonetech.com\/sv\/wp-json\/wp\/v2\/pages"}],"about":[{"href":"https:\/\/ozonetech.com\/sv\/wp-json\/wp\/v2\/types\/page"}],"author":[{"embeddable":true,"href":"https:\/\/ozonetech.com\/sv\/wp-json\/wp\/v2\/users\/21"}],"replies":[{"embeddable":true,"href":"https:\/\/ozonetech.com\/sv\/wp-json\/wp\/v2\/comments?post=10408"}],"version-history":[{"count":169,"href":"https:\/\/ozonetech.com\/sv\/wp-json\/wp\/v2\/pages\/10408\/revisions"}],"predecessor-version":[{"id":40212,"href":"https:\/\/ozonetech.com\/sv\/wp-json\/wp\/v2\/pages\/10408\/revisions\/40212"}],"up":[{"embeddable":true,"href":"https:\/\/ozonetech.com\/sv\/wp-json\/wp\/v2\/pages\/14758"}],"wp:attachment":[{"href":"https:\/\/ozonetech.com\/sv\/wp-json\/wp\/v2\/media?parent=10408"}],"curies":[{"name":"wp","href":"https:\/\/api.w.org\/{rel}","templated":true}]}}