{"id":10362,"date":"2020-06-23T08:57:45","date_gmt":"2020-06-23T08:57:45","guid":{"rendered":"https:\/\/ozonetech.com\/business-areas-air-treatment-digester-ozonation\/"},"modified":"2024-10-09T16:40:33","modified_gmt":"2024-10-09T14:40:33","slug":"ozonering-av-rotkammare","status":"publish","type":"page","link":"https:\/\/ozonetech.com\/sv\/applikationer\/luftbehandling\/ozonering-av-rotkammare\/","title":{"rendered":"Ozonering av r\u00f6tkammare"},"content":{"rendered":"\n<section\n    class=\"block hero hero--regular\"\n    style=\"background-image: url('https:\/\/ozonetech.com\/wp-content\/uploads\/2021\/02\/digester-ozonation-2-1600x484.jpg'); --hero-opacity: 0.25\"\n>\n\n    <div class=\"container-fluid\">\n\n        <div class=\"content editor_content\">\n                         \n                <h2 class='h2'>Ozonering av r\u00f6tkammare<\/h2>            \n                    <\/div>\n\n            <\/div>\n<\/section>\n\n\n<section class=\"component component_breadcrumbs\">\n\t<div class=\"container-fluid\">\n  \t<\/div>\n<\/section>\n\n\n<section\n    id=\"\"\n    class=\"block content-block\"\n\tstyle=\"--cb-bg: white; --cb-content: #000; padding-top: 30px; padding-bottom: 30px;\"\n>\n    \n\n<div class=\"container-fluid editor_content content content--narrow\">\n    <div class=\"row\">\n        <div class=\"col-12 editor_content\">\n            <h1>Energieffektiv H<sub>2<\/sub>S-behandling och f\u00f6rb\u00e4ttrad metanuppgradering<\/h1>\n<p class=\"preamble\">V\u00e4tesulfid (H<sub>2<\/sub>S) \u00e4r ett bekymmer i m\u00e5nga fall d\u00e5 dess sj\u00e4lva n\u00e4rvaro kan medf\u00f6ra lukt- och korrosionsproblem. \u00c4mnet \u00e4r v\u00e4ldigt vanligt i t.ex. <a href=\"https:\/\/mellifiq.com\/en\/biogas-plants\/\" target=\"_blank\" rel=\"noopener\">biogasanl\u00e4ggningar<\/a> (extern sida). Fokus i detta avsnitt \u00e4r biogasanl\u00e4ggningar som utnyttjar en tv\u00e5stegsprocess, d\u00e4r den syrefria r\u00f6tningen \u00e4r separerat fr\u00e5n metanuppgraderingssteget. I s\u00e5dana fall bildas h\u00f6ga koncentrationer H<sub>2<\/sub>S redan i r\u00f6tningssteget d\u00e4r ozon effektivt kan behandla och f\u00f6rebygga svavel-relaterade problem genom injektion.<\/p>\n        <\/div>\n    <\/div>\n<\/div>\n\n\n\n<div class=\"container-fluid editor_content content content--narrow\">\n    <div class=\"row\">\n        <div class=\"col-12 editor_content\">\n            <p>D\u00e5 r\u00f6tningsprocessen arbetar i en anaerobisk milj\u00f6, allts\u00e5 en syrefri milj\u00f6, m\u00e5ste ozon injiceras med stor f\u00f6rsiktighet och precision. Injektionen sker i luftfickan ovanf\u00f6r den mikrobiella reagerande b\u00e4dden. Alternativt kan man ozonbehandla en till\u00e4ggstank som kan placeras mellan r\u00f6tningen och metanuppgraderingen. Den senare l\u00f6sningen medf\u00f6r h\u00f6gre chans att den syrefria milj\u00f6n f\u00f6rblir ost\u00f6rd men har en h\u00f6gre investeringskostnad.<\/p>\n<p>Luftfickan ovanf\u00f6r r\u00f6tningen har en volym som ger gott om tid f\u00f6r ozon att reagera med H<sub>2<\/sub>S. D\u00e4rmed \u00e4r oxidationsreaktionen med ozon s\u00e4rskilt effektiv. Ett referensfall med H<sub>2<\/sub>S-reduktion i en ozonbehandlad r\u00f6tningskammare visas i figuren nedan.<\/p>\n<div id=\"attachment_21222\" style=\"width: 1034px\" class=\"wp-caption aligncenter\"><img loading=\"lazy\" decoding=\"async\" aria-describedby=\"caption-attachment-21222\" class=\"wp-image-21222 size-large\" src=\"https:\/\/ozonetech.com\/wp-content\/uploads\/2021\/02\/Kontakttid-jamforelse-1024x732.png\" alt=\"\" width=\"1024\" height=\"732\" srcset=\"https:\/\/ozonetech.com\/wp-content\/uploads\/2021\/02\/Kontakttid-jamforelse-1024x732.png 1024w, https:\/\/ozonetech.com\/wp-content\/uploads\/2021\/02\/Kontakttid-jamforelse-300x214.png 300w, https:\/\/ozonetech.com\/wp-content\/uploads\/2021\/02\/Kontakttid-jamforelse-768x549.png 768w, https:\/\/ozonetech.com\/wp-content\/uploads\/2021\/02\/Kontakttid-jamforelse.png 1501w\" sizes=\"auto, (max-width: 1024px) 100vw, 1024px\" \/><p id=\"caption-attachment-21222\" class=\"wp-caption-text\">Figur 1 &#8211; H<sub>2<\/sub>S-reduktion vid biogas-r\u00f6tning med tv\u00e5 olika RENA Pro-l\u00f6sningar.<\/p><\/div>\n<p>&nbsp;<\/p>\n<p>Som syns i figuren ovan bidrar ozon med H<sub>2<\/sub>S-reduktioner som \u00f6verstiger 80 %. Detta inneb\u00e4r att ozon kan minska H<sub>2<\/sub>S koncentrationen fr\u00e5n 500 &#8211; 1000 ppm till 75 &#8211; 150 ppm redan innan metanuppgraderingssteget. Beroende p\u00e5 infl\u00f6desf\u00f6rh\u00e5llandena och krav har vi ett stort utbud av skr\u00e4ddasydda l\u00f6sningar som optimerar H<sub>2<\/sub>S-reduktionen och minimerar energikonsumtionen. H<sub>2<\/sub>S omvandlas till SO<sub>2<\/sub> vilket medf\u00f6r en kraftig s\u00e4nkning av lukt- och korrosionsproblemen. Ozons reaktion med H<sub>2<\/sub>S visas nedan.<\/p>\n<p style=\"text-align: center;\"><img loading=\"lazy\" decoding=\"async\" class=\"alignnone wp-image-12721\" src=\"https:\/\/ozonetech.com\/wp-content\/uploads\/2021\/01\/H2S-conversion-300x159.png\" alt=\"\" width=\"396\" height=\"210\" srcset=\"https:\/\/ozonetech.com\/wp-content\/uploads\/2021\/01\/H2S-conversion-300x159.png 300w, https:\/\/ozonetech.com\/wp-content\/uploads\/2021\/01\/H2S-conversion.png 379w\" sizes=\"auto, (max-width: 396px) 100vw, 396px\" \/><\/p>\n<p>Ozon bidrar med ett antal f\u00f6rdelar vid reduktion av H<sub>2<\/sub>S, speciellt i j\u00e4mf\u00f6relse med alternativa teknologier. Till exempel har anv\u00e4ndning av j\u00e4rnklorid i r\u00f6tningsb\u00e4dden varit det vanligaste under flera \u00e5r. Detta medf\u00f6r d\u00e4remot h\u00f6ga driftskostnader d\u00e5 j\u00e4rnklorid kontinuerligt f\u00f6rbrukas vid den syrefria r\u00f6tningen. Dessutom kan j\u00e4rnklorid bidra med ytterligare korrosionsproblem d\u00e5 denna har en h\u00f6g korrosionspotential.<\/p>\n<p>Ozonbehandling har en markant h\u00f6gre effektivitet j\u00e4mf\u00f6rt med injektion\/behandling med vanlig luft eller syrgas, detta tack vare ozons h\u00f6ga oxidationspotential. I fallet d\u00e5 man anv\u00e4nder sig utav luft s\u00e4nks biogasens slutgiltiga kvalitet p.g.a. att den h\u00f6ga koncentrationen kv\u00e4ve inte kan tas bort i de f\u00f6ljande processtegen. Om man ist\u00e4llet utnyttjar syrgas l\u00f6per man inte risken att s\u00e4nka biogasens kvalitet. D\u00e4remot \u00e4r behandlingens effektivitet l\u00e5g j\u00e4mf\u00f6rt med ozon d\u00e5 oxidationsreaktioner med syre sker betydligt l\u00e5ngsammare. Detta inneb\u00e4r att en syrgasbehandling kr\u00e4ver st\u00f6rre volymer och l\u00e4ngre reaktionstider. Ozon kr\u00e4ver betydligt mindre reaktionstid och kan d\u00e4rmed medf\u00f6ra effektiv behandling \u00e4ven f\u00f6r mindre volymer, l\u00e4mpligt f\u00f6r anl\u00e4ggningar som har begr\u00e4nsat med utrymme.<\/p>\n        <\/div>\n    <\/div>\n<\/div>\n\n<\/section>\n\n\n\n<section\n    id=\"\"\n    class=\"block content-block\"\n\tstyle=\"--cb-bg: #5f5f5f; --cb-content: #ffffff; padding-top: 30px; padding-bottom: 30px;\"\n>\n    \n\n<div class=\"container-fluid editor_content content content--narrow\">\n    <div class=\"row\">\n        <div class=\"col-12 editor_content\">\n            <h3>F\u00f6rdelar med ozonbehandling av H<sub>2<\/sub>S i r\u00f6tningskammaren<\/h3>\n<ul>\n<li>Effektiv rening av H<sub>2<\/sub>S (utfl\u00f6dets koncentration kan s\u00e4nkas till niv\u00e5er under 100 ppm)<\/li>\n<li>H\u00f6g energieffektivitet med l\u00e5ga driftskostnader<\/li>\n<li>Justerbar och flexibel ozondosering beroende p\u00e5 krav<\/li>\n<li>Plug and play-system med l\u00e5gt underh\u00e5ll<\/li>\n<li>Ingen korrosion eller farliga biprodukter<\/li>\n<li>H\u00f6g kvalitet p\u00e5 biogasen<\/li>\n<\/ul>\n        <\/div>\n    <\/div>\n<\/div>\n\n<\/section>\n\n\n\n<section\n    id=\"\"\n    class=\"block content-block\"\n\tstyle=\"--cb-bg: white; --cb-content: #000; padding-top: 30px; padding-bottom: 30px;\"\n>\n    \n\n<div class=\"container-fluid editor_content content content--narrow\">\n    <div class=\"row\">\n        <div class=\"col-12 editor_content\">\n            <h3>RENA Pro f\u00f6r ozonbehandling av H<sub>2<\/sub>S i r\u00f6tningskammaren<\/h3>\n<p>F\u00f6r en optimal ozonbehandling av H<sub>2<\/sub>S i r\u00f6tningskammare rekommenderar vi starkt v\u00e5r RENA Pro-l\u00f6sning. Systemet erbjuder en \u00f6verl\u00e4gsen prestanda tack vare sin syrgasmatning och specialgjorda vattenkylningssystem. Syrgasen produceras\u00a0<em>in-situ<\/em> d\u00e5 syrgas-koncentratorn inkluderas i l\u00f6sningen. Denna enhet genererar syrgas fr\u00e5n luft genom filtrering och borttagning av kv\u00e4ve och fukt.\u00a0\u00a0Slutligen ing\u00e5r en PLC-kontroller, en ozon-sensor och rostfria monteringsalternativ f\u00f6r en komplett RENA Pro-l\u00f6sning.<\/p>\n<p><em>L\u00e4s mer om v\u00e5ra <strong><a href=\"https:\/\/ozonetech.com\/sv\/losningar-system\/luftbehandling\/ozonsystem-rena-pro\/\">RENA L\u00f6sningar<\/a>\u00a0<\/strong>eller ladda ned RENA Pro-seriens produktbroschyr<strong> <a href=\"https:\/\/ozonetech.com\/wp-content\/uploads\/2020\/12\/Brochure-RENA-Pro-Ozone-Systems-v1.5-SV-web.pdf\" target=\"_blank\" rel=\"noopener\">h\u00e4r<\/a><\/strong>!\u00a0<\/em><\/p>\n<h3 style=\"text-align: center;\"><img loading=\"lazy\" decoding=\"async\" class=\"alignnone wp-image-13038\" src=\"https:\/\/ozonetech.com\/wp-content\/uploads\/2021\/01\/Factory-300x198.jpg\" alt=\"\" width=\"942\" height=\"622\" srcset=\"https:\/\/ozonetech.com\/wp-content\/uploads\/2021\/01\/Factory-300x198.jpg 300w, https:\/\/ozonetech.com\/wp-content\/uploads\/2021\/01\/Factory-1024x675.jpg 1024w, https:\/\/ozonetech.com\/wp-content\/uploads\/2021\/01\/Factory-768x506.jpg 768w, https:\/\/ozonetech.com\/wp-content\/uploads\/2021\/01\/Factory.jpg 1500w\" sizes=\"auto, (max-width: 942px) 100vw, 942px\" \/><\/h3>\n        <\/div>\n    <\/div>\n<\/div>\n\n<\/section>\n","protected":false},"excerpt":{"rendered":"","protected":false},"author":21,"featured_media":0,"parent":14758,"menu_order":0,"comment_status":"closed","ping_status":"closed","template":"","meta":{"_acf_changed":false,"_seopress_robots_primary_cat":"","_seopress_titles_title":"","_seopress_titles_desc":"Ozonbehandling har h\u00f6gre effektivitet j\u00e4mf\u00f6rt med behandling med vanlig luft eller syrgas, detta tack vare ozons h\u00f6ga oxidationspotential.","_seopress_robots_index":"","inline_featured_image":false,"footnotes":""},"class_list":["post-10362","page","type-page","status-publish","hentry"],"acf":[],"_links":{"self":[{"href":"https:\/\/ozonetech.com\/sv\/wp-json\/wp\/v2\/pages\/10362","targetHints":{"allow":["GET"]}}],"collection":[{"href":"https:\/\/ozonetech.com\/sv\/wp-json\/wp\/v2\/pages"}],"about":[{"href":"https:\/\/ozonetech.com\/sv\/wp-json\/wp\/v2\/types\/page"}],"author":[{"embeddable":true,"href":"https:\/\/ozonetech.com\/sv\/wp-json\/wp\/v2\/users\/21"}],"replies":[{"embeddable":true,"href":"https:\/\/ozonetech.com\/sv\/wp-json\/wp\/v2\/comments?post=10362"}],"version-history":[{"count":58,"href":"https:\/\/ozonetech.com\/sv\/wp-json\/wp\/v2\/pages\/10362\/revisions"}],"predecessor-version":[{"id":40180,"href":"https:\/\/ozonetech.com\/sv\/wp-json\/wp\/v2\/pages\/10362\/revisions\/40180"}],"up":[{"embeddable":true,"href":"https:\/\/ozonetech.com\/sv\/wp-json\/wp\/v2\/pages\/14758"}],"wp:attachment":[{"href":"https:\/\/ozonetech.com\/sv\/wp-json\/wp\/v2\/media?parent=10362"}],"curies":[{"name":"wp","href":"https:\/\/api.w.org\/{rel}","templated":true}]}}