{"id":10347,"date":"2020-06-23T08:09:30","date_gmt":"2020-06-23T07:09:30","guid":{"rendered":"https:\/\/ozonetech.com\/business-areas-air-treatment\/"},"modified":"2024-10-10T09:22:43","modified_gmt":"2024-10-10T07:22:43","slug":"luft-och-ytdesinfektion","status":"publish","type":"page","link":"https:\/\/ozonetech.com\/sv\/applikationer\/luftbehandling\/luft-och-ytdesinfektion\/","title":{"rendered":"Luft- och ytdesinfektion"},"content":{"rendered":"\n<section\n    class=\"block hero hero--regular\"\n    style=\"background-image: url('https:\/\/ozonetech.com\/wp-content\/uploads\/2021\/03\/air-disinfection-1-1600x484.jpg'); --hero-opacity: 0.25\"\n>\n\n    <div class=\"container-fluid\">\n\n        <div class=\"content editor_content\">\n                         \n                <h2 class='h1'>Luft- och ytdesinfektion <\/h2>            \n                    <\/div>\n\n            <\/div>\n<\/section>\n\n\n<section class=\"component component_breadcrumbs\">\n\t<div class=\"container-fluid\">\n  \t<\/div>\n<\/section>\n\n\n<section\n    id=\"\"\n    class=\"block content-block\"\n\tstyle=\"--cb-bg: white; --cb-content: #000; padding-top: 30px; padding-bottom: 30px;\"\n>\n    \n\n<div class=\"container-fluid editor_content content content--narrow\">\n    <div class=\"row\">\n        <div class=\"col-12 editor_content\">\n            <h1>Effektiv luft- och ytdisinfektion mot virus, bakterier och svampar<\/h1>\n<p class=\"preamble\">Mikroorganismer orsakar problem, i ett kliniskt sammanhang kan utbrott och spridning av multi-resistenta bakterier f\u00f6rekomma, i matindustrin minskar mikroorganismer h\u00e5llbarheten p\u00e5 livsmedel.<\/p>\n<p><a href=\"https:\/\/ozonetech.com\/sv\/om-ozon\/\">Ozon<\/a> kan redan vid l\u00e5g koncentration anv\u00e4ndas som ett kemiskt desinfektionsmedel f\u00f6r att deaktivera bakterier och virus anpassat efter \u00f6nskad effekt som visas i figuren nedan:<\/p>\n<div id=\"attachment_21249\" style=\"width: 1034px\" class=\"wp-caption aligncenter\"><img loading=\"lazy\" decoding=\"async\" aria-describedby=\"caption-attachment-21249\" class=\"wp-image-21249 size-large\" src=\"https:\/\/ozonetech.com\/wp-content\/uploads\/2021\/02\/Deaktivering-av-mikroorganismer-med-ozonbehandling-1024x735.png\" alt=\"\" width=\"1024\" height=\"735\" srcset=\"https:\/\/ozonetech.com\/wp-content\/uploads\/2021\/02\/Deaktivering-av-mikroorganismer-med-ozonbehandling-1024x735.png 1024w, https:\/\/ozonetech.com\/wp-content\/uploads\/2021\/02\/Deaktivering-av-mikroorganismer-med-ozonbehandling-300x215.png 300w, https:\/\/ozonetech.com\/wp-content\/uploads\/2021\/02\/Deaktivering-av-mikroorganismer-med-ozonbehandling-768x552.png 768w, https:\/\/ozonetech.com\/wp-content\/uploads\/2021\/02\/Deaktivering-av-mikroorganismer-med-ozonbehandling.png 1501w\" sizes=\"auto, (max-width: 1024px) 100vw, 1024px\" \/><p id=\"caption-attachment-21249\" class=\"wp-caption-text\">Average trends for pathogen removal with ozone treatment.<\/p><\/div>\n<p>&nbsp;<\/p>\n<p>F\u00f6r m\u00e5nga applikationer r\u00e4cker en bakteriereduktion av 99.99 % vilket \u00e4r en 4 log reduktion, f\u00f6r h\u00f6gre deaktivering anpassas ozon koncentrationen och exponeringstiden enkelt, med h\u00f6gre ozonkoncentration kan \u00e4ven sporer deaktiveras. Vi har anv\u00e4nt ozon f\u00f6r att\u00a0begr\u00e4nsa\u00a0spridningen av luftburna mikroorganismer i livsmedelsproduktion och <a href=\"https:\/\/ozonetech.com\/sv\/applikationer\/lukt-och-sanering\/sanering-i-livsmedelstillverkning\/\">lagring av livsmedel<\/a>.<\/p>\n        <\/div>\n    <\/div>\n<\/div>\n\n<\/section>\n\n\n\n<section\n    id=\"\"\n    class=\"block content-block\"\n\tstyle=\"--cb-bg: #e6e6e6; --cb-content: #000; padding-top: 30px; padding-bottom: 30px;\"\n>\n    \n\n<div class=\"container-fluid editor_content content content--narrow\">\n    <div class=\"row\">\n        <div class=\"col-12 editor_content\">\n            <h3>Luftdesinfektion i livsmedelsindustrin<\/h3>\n        <\/div>\n    <\/div>\n<\/div>\n\n\n<div class=\"container-fluid content content--narrow\">\n    <div class=\"row\">\n        <div class=\"col-md-6 order-1 editor_content \">\n            <p>I m\u00e5nga livsmedelsapplikationer leder migration av mikroorganismer till accelererad m\u00f6geltillv\u00e4xt, med mild ozonbehandling kan m\u00f6gelangreppet skjutas upp flera dagar utan att p\u00e5verka livsmedlet. I <a href=\"https:\/\/mellifiq.com\/sv\/markets\/mejerier\/\" target=\"_blank\" rel=\"noopener\">mejeriindustrin<\/a> (extern sida) har <a href=\"https:\/\/ozonetech.com\/sv\/applikationer\/vattenrening\/desinfektion-processutrustning-cip\/\">utrustning rengjorts<\/a> med ozon d\u00e4r det presterade bra och tar bort behovet av andra skadliga desinfektionsmedel.<\/p>\n        <\/div>\n        <div class=\"col-md-6 order-2 editor_content d-flex justify-content-center\">\n                                            <figure class=\"side-image wp-caption\">\n                    <img loading=\"lazy\" decoding=\"async\" width=\"425\" height=\"281\" src=\"https:\/\/ozonetech.com\/wp-content\/uploads\/2021\/02\/ozone-treatment-strawberries.jpg\" class=\"attachment-full size-full\" alt=\"\" srcset=\"https:\/\/ozonetech.com\/wp-content\/uploads\/2021\/02\/ozone-treatment-strawberries.jpg 425w, https:\/\/ozonetech.com\/wp-content\/uploads\/2021\/02\/ozone-treatment-strawberries-300x198.jpg 300w\" sizes=\"auto, (max-width: 425px) 100vw, 425px\" \/>                                            <p class=\"wp-caption-text\">\n                            Ozonbehandling av jordgubbar kan dubbla h\u00e5llbarhetstiden                        <\/p>\n                                    <\/figure>\n                    <\/div>\n    <\/div>\n<\/div>\n\n\n<div class=\"container-fluid editor_content content content--narrow\">\n    <div class=\"row\">\n        <div class=\"col-12 editor_content\">\n            <h3>Desinfektion av luft p\u00e5 sjukhus och inom h\u00e4lsov\u00e5rden<\/h3>\n<p>I kontrast med livsmedelsindustrin d\u00e4r rum oftast inte behandlas har sjukhus rum med h\u00f6gre renhetskrav som st\u00e4das ofta, detta g\u00f6rs ofta genom att torka ytor med desinficeringsmedel. Det finns dock brister i metoden, det har gjorts studier som visar att manuell reng\u00f6ring genom torkning av ytor inte presterar optimalt. Anledningar till detta inkluderar enkla missf\u00f6rst\u00e5nden, avvikelse ifr\u00e5n reng\u00f6ringsprotokoll, felaktig sp\u00e4dning av reng\u00f6ringsmedel och f\u00f6r att vissa ytor inte torkas effektivt av vissa material. I ett sjukhus kan s\u00e5dana skillnader i reng\u00f6ringsgrad \u00f6ka risken f\u00f6r \u00f6verf\u00f6ring av patogen mellan utrymmen och patienter. Automatiserade kontaktfria metoder \u00e4r ett bra komplement till traditionell reng\u00f6ring eftersom det l\u00e4gger till ett extra reng\u00f6ringssteg. (Boyce, 2016).<\/p>\n        <\/div>\n    <\/div>\n<\/div>\n\n<\/section>\n\n\n\n<section\n    id=\"\"\n    class=\"block content-block\"\n\tstyle=\"--cb-bg: white; --cb-content: #000; padding-top: 30px; padding-bottom: 30px;\"\n>\n    \n\n<div class=\"container-fluid editor_content content content--narrow\">\n    <div class=\"row\">\n        <div class=\"col-12 editor_content\">\n            <h3>Olika behandlingsmetoder<\/h3>\n<p>Kontaktfria metoder innefattar anv\u00e4ndning av UV-lampor och kemikalier i form av aerosol eller gas som deaktiverar mikroorganismer. J\u00e4mf\u00f6rt med andra metoder f\u00f6r luftdesinfektion kan ozon deaktivera bakterier och virus utan giftiga restprodukter. Detta g\u00f6r metoden l\u00e4mpad f\u00f6r kliniker, som t.ex. v\u00e4ntrum och behandlingsrum hos sjukhus och tandl\u00e4kare. En viktig faktor f\u00f6r besparing j\u00e4mf\u00f6rt med andra metoder \u00e4r den tiden som ozonet kan aktivt deaktivera mikroorganismer, som j\u00e4mf\u00f6rs i diagrammet nedan:<\/p>\n<p><img loading=\"lazy\" decoding=\"async\" class=\"aligncenter wp-image-34683 size-large\" src=\"https:\/\/ozonetech.com\/wp-content\/uploads\/2021\/04\/jamforelse-av-kontakttid-och-rackvidd-1024x761.png\" alt=\"\" width=\"1024\" height=\"761\" srcset=\"https:\/\/ozonetech.com\/wp-content\/uploads\/2021\/04\/jamforelse-av-kontakttid-och-rackvidd-1024x761.png 1024w, https:\/\/ozonetech.com\/wp-content\/uploads\/2021\/04\/jamforelse-av-kontakttid-och-rackvidd-300x223.png 300w, https:\/\/ozonetech.com\/wp-content\/uploads\/2021\/04\/jamforelse-av-kontakttid-och-rackvidd-768x571.png 768w, https:\/\/ozonetech.com\/wp-content\/uploads\/2021\/04\/jamforelse-av-kontakttid-och-rackvidd.png 1501w\" sizes=\"auto, (max-width: 1024px) 100vw, 1024px\" \/><\/p>\n        <\/div>\n    <\/div>\n<\/div>\n\n\n<div class=\"container-fluid editor_content content content--narrow\">\n    <div class=\"row\">\n        <div class=\"col-md-6\">\n            <p>Diagrammet visar att kontakttiden varierar kraftigt, UV system har oftast en v\u00e4ldigt kort exponeringstid i n\u00e4rheten av lampan och beh\u00f6ver d\u00e4rf\u00f6r extra mycket energi f\u00f6r att s\u00e4kerst\u00e4lla h\u00f6g reningsgrad. Att torka ytor med l\u00f6sningar har en kontakttid lika med tiden det tar f\u00f6r l\u00f6sningen att torka ut medan ozon verkar tills det s\u00f6nderfaller till syrgas eller tas bort. Det g\u00f6r s\u00e5 att ozon kan spara energi i j\u00e4mf\u00f6relse med andra kontaktfria metoder.<\/p>\n<p><a href=\"https:\/\/ozonetech.com\/sv\/om-ozon\/\">Ozon<\/a> produceras p\u00e5 plats n\u00e4r det beh\u00f6vs, det tar bort behovet att ordna med personal och s\u00e4kra utrymmen associerade med lagring av farliga kemikalier. Till skillnad fr\u00e5n andra desinficeringsmedel l\u00e4mnar ozon inga kemiska sp\u00e5r efter sig eftersom ozon s\u00f6nderfaller till syrgas och inte bildar farliga \u00e4mnen som t.ex. klor.<\/p>\n        <\/div>\n        <div class=\"col-md-6\">\n            <p>Ozon \u00e4r en gas och kan d\u00e4rf\u00f6r komma \u00e5t sv\u00e5rtorkade platser inuti sprickor och h\u00e5ligheter. Studier har visat l\u00e5ga ozonkoncentrationer kan deaktivera bakterier och virus med lipidh\u00f6lje redan vid l\u00e5ga koncentrationer genom att reagera med om\u00e4ttade fetter i plasma membranet, vissa membran protein och DNA. Men, f\u00f6r att behandla de tuffaste sporerna beh\u00f6vs h\u00f6gre ozonkoncentrationer tillsammans med luftfuktighet.<\/p>\n<p><em>L\u00e4s g\u00e4rna mer om v\u00e5ra <a href=\"https:\/\/ozonetech.com\/sv\/losningar-system\/luftbehandling\/ozonsystem-rena-pro\/\" rel=\"noopener\"><strong>RENA Pro<\/strong><\/a>-ozonsystem eller ladda ned brochyren <a href=\"https:\/\/ozonetech.com\/wp-content\/uploads\/2020\/12\/Brochure-RENA-Pro-Ozone-Systems-v1.5-SV-web.pdf\"><strong>h\u00e4r<\/strong><\/a>.<\/em><\/p>\n        <\/div>\n    <\/div>\n<\/div><\/section>\n\n\n\n<section\n    id=\"\"\n    class=\"block content-block\"\n\tstyle=\"--cb-bg: #e6e6e6; --cb-content: #000; padding-top: 30px; padding-bottom: 30px;\"\n>\n    \n\n<div class=\"container-fluid editor_content content content--narrow\">\n    <div class=\"row\">\n        <div class=\"col-12 editor_content\">\n            <h3>Minska risken f\u00f6r spridning av patogener<\/h3>\n<p>I ett kliniskt sammanhang kan ozongeneratorer minska risker f\u00f6r spridning av smittor till nya patienter som l\u00e4ggs in i rum d\u00e4r andra patienter behandlats under l\u00e4ngre tid. Det kan ocks\u00e5 anv\u00e4ndas efter traditionell reng\u00f6ring f\u00f6r att ytterligare minska m\u00e4ngden sjukdomar i kroppsv\u00e4tskor kvarl\u00e4mnade av tidigare patient.<\/p>\n<p>F\u00f6r kliniker som \u00e4r st\u00e4ngda under natten kan ozonbehandling schemal\u00e4ggas i v\u00e4ntrum, korridorer och toaletter f\u00f6r att m\u00f6jligg\u00f6ra l\u00e5ng behandlingstid. Ozonet \u00e4r sedan borta utan sp\u00e5r n\u00e4r den f\u00f6rsta personen g\u00e5r in p\u00e5 morgonen.<\/p>\n<p>F\u00f6r operationsrum eller andra rum som kr\u00e4ver 6 log deaktivering av bakterier, virus och \u00e4ven sporer kan speciella l\u00f6sningar g\u00f6ras d\u00e4r rummet st\u00e4ngs och ozonbehandling med h\u00f6ga koncentrationer startas via en panel p\u00e5 utsidan av rummet. Displayen visar kvarvarande tid p\u00e5 behandlingen. N\u00e4r behandlingen \u00e4r slut, slussas ozonet ut till <a href=\"https:\/\/ozonetech.com\/sv\/produkter\/ozondestruktorer\/\">ozondestruktorer<\/a>.<\/p>\n<p><a href=\"https:\/\/ozonetech.com\/contact\/\">Kontakta oss<\/a> f\u00f6r att skr\u00e4ddarsy en desinfektionsl\u00f6sning f\u00f6r er.<\/p>\n        <\/div>\n    <\/div>\n<\/div>\n\n<\/section>\n","protected":false},"excerpt":{"rendered":"","protected":false},"author":21,"featured_media":0,"parent":14758,"menu_order":0,"comment_status":"closed","ping_status":"closed","template":"","meta":{"_acf_changed":false,"_seopress_robots_primary_cat":"","_seopress_titles_title":"","_seopress_titles_desc":"Ozon tar bort behovet att ordna med personal, s\u00e4kra utrymmen associerade med lagring av farliga kemikalier och l\u00e4mnar inga kemiska sp\u00e5r.","_seopress_robots_index":"","inline_featured_image":false,"footnotes":""},"class_list":["post-10347","page","type-page","status-publish","hentry"],"acf":[],"_links":{"self":[{"href":"https:\/\/ozonetech.com\/sv\/wp-json\/wp\/v2\/pages\/10347","targetHints":{"allow":["GET"]}}],"collection":[{"href":"https:\/\/ozonetech.com\/sv\/wp-json\/wp\/v2\/pages"}],"about":[{"href":"https:\/\/ozonetech.com\/sv\/wp-json\/wp\/v2\/types\/page"}],"author":[{"embeddable":true,"href":"https:\/\/ozonetech.com\/sv\/wp-json\/wp\/v2\/users\/21"}],"replies":[{"embeddable":true,"href":"https:\/\/ozonetech.com\/sv\/wp-json\/wp\/v2\/comments?post=10347"}],"version-history":[{"count":75,"href":"https:\/\/ozonetech.com\/sv\/wp-json\/wp\/v2\/pages\/10347\/revisions"}],"predecessor-version":[{"id":40405,"href":"https:\/\/ozonetech.com\/sv\/wp-json\/wp\/v2\/pages\/10347\/revisions\/40405"}],"up":[{"embeddable":true,"href":"https:\/\/ozonetech.com\/sv\/wp-json\/wp\/v2\/pages\/14758"}],"wp:attachment":[{"href":"https:\/\/ozonetech.com\/sv\/wp-json\/wp\/v2\/media?parent=10347"}],"curies":[{"name":"wp","href":"https:\/\/api.w.org\/{rel}","templated":true}]}}