{"id":33121,"date":"2021-03-11T14:55:02","date_gmt":"2021-03-11T13:55:02","guid":{"rendered":"https:\/\/ozonetech.com\/cookie-policy\/"},"modified":"2021-05-05T12:43:41","modified_gmt":"2021-05-05T11:43:41","slug":"evastekaytanto","status":"publish","type":"page","link":"https:\/\/ozonetech.com\/fi\/evastekaytanto\/","title":{"rendered":"Ev\u00e4stek\u00e4yt\u00e4nt\u00f6"},"content":{"rendered":"\n<section\n    class=\"block hero hero--regular\"\n    style=\"background-image: url('https:\/\/ozonetech.com\/wp-content\/uploads\/2021\/03\/cookie-policy-1600x484.jpg'); --hero-opacity: 0.3\"\n>\n\n    <div class=\"container-fluid\">\n\n        <div class=\"content editor_content\">\n                         \n                <h1 class='h1'>Ev\u00e4stek\u00e4yt\u00e4nt\u00f6<\/h1>            \n                    <\/div>\n\n            <\/div>\n<\/section>\n\n\n\n<section\n    id=\"\"\n    class=\"block content-block\"\n\tstyle=\"--cb-bg: #fff; --cb-content: #000; \"\n>\n    \n\n<div class=\"container-fluid editor_content content content--narrow\">\n    <div class=\"row\">\n        <div class=\"col-12 editor_content\">\n            <h2 id=\"h-about-this-cookie-policy\">Tietoja ev\u00e4stek\u00e4yt\u00e4nn\u00f6st\u00e4<\/h2>\n<p>Selitys ev\u00e4stek\u00e4yt\u00e4nn\u00f6st\u00e4, mit\u00e4 ovat ev\u00e4steet ja miten k\u00e4yt\u00e4mme niit\u00e4. Lue millaisia ev\u00e4steit\u00e4 k\u00e4yt\u00e4mme, mit\u00e4 tietoja ker\u00e4t\u00e4\u00e4n ja miten niit\u00e4 k\u00e4ytet\u00e4\u00e4n. Lis\u00e4tietoja siit\u00e4, miten k\u00e4yt\u00e4mme, s\u00e4ilyt\u00e4mme ja pid\u00e4mme henkil\u00f6tietojasi turvassa, l\u00f6ytyy tietosuojak\u00e4yt\u00e4nn\u00f6ss\u00e4mme (link).<\/p>\n<p>Ev\u00e4stek\u00e4yt\u00e4nn\u00f6st\u00e4 selvi\u00e4\u00e4 oikeutenne meille annettuihin henkil\u00f6tietoihin. Jos sinulla on kysytt\u00e4v\u00e4\u00e4 t\u00e4st\u00e4 ev\u00e4stek\u00e4yt\u00e4nn\u00f6st\u00e4, ota meihin yhteytt\u00e4 t\u00e4st\u00e4 (hyperlinkki).<\/p>\n<h3 id=\"h-what-are-cookies\">Mit\u00e4 ev\u00e4steet ovat?<\/h3>\n<p>Ev\u00e4steet ovat tekstitiedostoja, jotka tallennetaan tietokoneesi tai mobiililaitteesi selaimeen tai kiintolevylle, kun vierailet verkkosivulla tai sovelluksessa. Ev\u00e4steet mahdollistavat selauskokemuksesi sivustollamme mahdollisimman sujuvasti ja joidenkin mieltymystesi muistamisen, joten sinun ei tarvitse lis\u00e4t\u00e4 tietojasi uudestaan ja uudestaan.<\/p>\n<p>Ev\u00e4steit\u00e4 on erilaisia. Jotkut ev\u00e4steet tulevat suoraan verkkosivustoltamme ja toiset kolmansilta osapuolilta, jotka k\u00e4ytt\u00e4v\u00e4t ev\u00e4steit\u00e4 sivustollamme.<\/p>\n<p>Ev\u00e4steit\u00e4 voidaan s\u00e4ilytt\u00e4\u00e4 eripituisia aikoja selaimellasi tai laitteellasi. Istuntoev\u00e4steet poistetaan tietokoneeltasi tai laitteeltasi, kun suljet selaimesi. Pysyv\u00e4t ev\u00e4steet s\u00e4ilyv\u00e4t tietokoneellasi tai laitteellasi, kunnes ne poistetaan tai kunnes niiden viimeinen k\u00e4ytt\u00f6p\u00e4iv\u00e4 on.<\/p>\n<h3 id=\"h-we-have-3-varieties-of-cookies-which-operate-on-our-website\">Sivustollamme k\u00e4ytet\u00e4\u00e4n kolmea ev\u00e4stelajiketta<\/h3>\n<h4 id=\"h-1-strictly-necessary-cookies\">1. V\u00e4ltt\u00e4m\u00e4tt\u00f6m\u00e4t ev\u00e4steet<\/h4>\n<p>N\u00e4m\u00e4 ev\u00e4steet ovat v\u00e4ltt\u00e4m\u00e4tt\u00f6mi\u00e4 verkkosivuston toiminnalle, eik\u00e4 niit\u00e4 voi kytke\u00e4 pois p\u00e4\u00e4lt\u00e4 j\u00e4rjestelmiss\u00e4mme. Ne asetetaan yleens\u00e4 vain vastauksena sinun teoillesi, jotka ovat palvelupyynt\u00f6, kuten yksityisyysasetusten m\u00e4\u00e4ritt\u00e4minen, kirjautuminen tai lomakkeiden t\u00e4ytt\u00e4minen. Voit asettaa selaimesi est\u00e4m\u00e4\u00e4n tai varoittamaan sinua n\u00e4ist\u00e4 ev\u00e4steist\u00e4, mutta jotkin sivuston osat eiv\u00e4t sitten toimi. N\u00e4m\u00e4 ev\u00e4steet eiv\u00e4t tallenna mit\u00e4\u00e4n henkil\u00f6kohtaisia tietoja.<\/p>\n<h4 id=\"h-2-performance-cookies\">2. Suorituskykyev\u00e4steet<\/h4>\n<p>N\u00e4iden ev\u00e4steiden avulla voimme laskea vierailuja ja liikennel\u00e4hteit\u00e4, joten voimme mitata ja parantaa sivustomme suorituskyky\u00e4. Niiden avulla tied\u00e4mme mitk\u00e4 sivut ovat suosituimpia ja v\u00e4hiten suosittuja ja miten k\u00e4vij\u00e4t liikkuvat sivustolla. Kaikki n\u00e4iden ev\u00e4steiden ker\u00e4\u00e4m\u00e4t tiedot ovat koostettuja ja siten anonyymej\u00e4. Jos et salli n\u00e4it\u00e4 ev\u00e4steit\u00e4, emme tied\u00e4 milloin olet k\u00e4ynyt sivustollamme.<\/p>\n<h4 id=\"h-3-targeting-cookies\">3. Kohdistus ev\u00e4steet<\/h4>\n<p>Mainoskumppanimme voivat asettaa n\u00e4m\u00e4 ev\u00e4steet sivustomme kautta, ja he voivat k\u00e4ytt\u00e4\u00e4 niit\u00e4 luodakseen profiilin kiinnostuksen kohteistasi ja n\u00e4ytt\u00e4\u00e4kseen sinulle asiaankuuluvia mainoksia muilla sivustoilla. Ne eiv\u00e4t tallenna suoraan henkil\u00f6kohtaisia tietoja, vaan perustuvat selaimen ja Internet-laitteen yksil\u00f6lliseen tunnistamiseen. Jos et salli n\u00e4it\u00e4 ev\u00e4steit\u00e4, koet v\u00e4hemm\u00e4n kohdennettua mainontaa.<\/p>\n<h3>Kuinka k\u00e4yt\u00e4mme ev\u00e4steit\u00e4?<\/h3>\n<p>K\u00e4yt\u00e4mme ev\u00e4steit\u00e4 parantaaksemme selauskokemustasi:<\/p>\n<ul id=\"block-b0e4a446-ad72-4af1-9a99-d26b801accee\">\n<li>Kirjautumisen tunnistaminen ja haluamasi asetukset<\/li>\n<li>Antaa sinulle ainutlaatuisen selauskokemuksen ja palvella sinulle sis\u00e4lt\u00f6\u00e4, jonka uskomme parantavan kokemustasi sivustollamme<\/li>\n<li>Analysoimme miten k\u00e4yt\u00e4t sivustoamme, joka auttaa meit\u00e4 vianm\u00e4\u00e4rityksess\u00e4 ja oman suorituskykymme seuraamisessa<\/li>\n<\/ul>\n<h3 id=\"h-changes-to-the-cookie-policy\">Ev\u00e4stek\u00e4yt\u00e4nn\u00f6n muutokset<\/h3>\n<p>Voimme p\u00e4ivitt\u00e4\u00e4 t\u00e4t\u00e4 k\u00e4yt\u00e4nt\u00f6\u00e4 aika ajoin. Jos teemme merkitt\u00e4vi\u00e4 muutoksia, ilmoitamme siit\u00e4 sinulle, mutta tarkista s\u00e4\u00e4nn\u00f6llisesti t\u00e4m\u00e4 k\u00e4yt\u00e4nt\u00f6 varmistaaksesi, ett\u00e4 olet tietoinen p\u00e4ivitetyst\u00e4 versiosta. T\u00e4m\u00e4 ev\u00e4stek\u00e4yt\u00e4nt\u00f6 on p\u00e4ivitetty viimeksi 9.9.2020.<\/p>\n        <\/div>\n    <\/div>\n<\/div>\n\n<\/section>\n","protected":false},"excerpt":{"rendered":"","protected":false},"author":21,"featured_media":0,"parent":0,"menu_order":0,"comment_status":"closed","ping_status":"closed","template":"","meta":{"_acf_changed":false,"_seopress_robots_primary_cat":"","_seopress_titles_title":"","_seopress_titles_desc":"","_seopress_robots_index":"","inline_featured_image":false,"footnotes":""},"class_list":["post-33121","page","type-page","status-publish","hentry"],"acf":[],"_links":{"self":[{"href":"https:\/\/ozonetech.com\/fi\/wp-json\/wp\/v2\/pages\/33121","targetHints":{"allow":["GET"]}}],"collection":[{"href":"https:\/\/ozonetech.com\/fi\/wp-json\/wp\/v2\/pages"}],"about":[{"href":"https:\/\/ozonetech.com\/fi\/wp-json\/wp\/v2\/types\/page"}],"author":[{"embeddable":true,"href":"https:\/\/ozonetech.com\/fi\/wp-json\/wp\/v2\/users\/21"}],"replies":[{"embeddable":true,"href":"https:\/\/ozonetech.com\/fi\/wp-json\/wp\/v2\/comments?post=33121"}],"version-history":[{"count":5,"href":"https:\/\/ozonetech.com\/fi\/wp-json\/wp\/v2\/pages\/33121\/revisions"}],"predecessor-version":[{"id":34755,"href":"https:\/\/ozonetech.com\/fi\/wp-json\/wp\/v2\/pages\/33121\/revisions\/34755"}],"wp:attachment":[{"href":"https:\/\/ozonetech.com\/fi\/wp-json\/wp\/v2\/media?parent=33121"}],"curies":[{"name":"wp","href":"https:\/\/api.w.org\/{rel}","templated":true}]}}