{"id":30574,"date":"2021-03-15T16:17:22","date_gmt":"2021-03-15T15:17:22","guid":{"rendered":"https:\/\/ozonetech.com\/sovellukset\/vedenkasittely-hakemukset\/bottled-water-ozone\/"},"modified":"2024-10-22T08:21:57","modified_gmt":"2024-10-22T06:21:57","slug":"otsonikasittely-pullotetun-veden-tuotannossa","status":"publish","type":"page","link":"https:\/\/ozonetech.com\/fi\/sovellukset\/vedenkasittely-hakemukset\/otsonikasittely-pullotetun-veden-tuotannossa\/","title":{"rendered":"Otsonik\u00e4sittely pullotetun veden tuotannossa"},"content":{"rendered":"\n<section\n    class=\"block hero hero--regular\"\n    style=\"background-image: url('https:\/\/ozonetech.com\/wp-content\/uploads\/2024\/10\/Edited-Firefly-closeup-image-of-glass-bottle-without-liquid-industrial-background.jpg'); --hero-opacity: 0.4\"\n>\n\n    <div class=\"container-fluid\">\n\n        <div class=\"content editor_content\">\n                         \n                <h2 class='h2'>Otsonik\u00e4sittely pullotetun veden tuotannossa<\/h2>            \n                    <\/div>\n\n            <\/div>\n<\/section>\n\n\n<section class=\"component component_breadcrumbs\">\n\t<div class=\"container-fluid\">\n  \t<\/div>\n<\/section>\n\n\n<section\n    id=\"\"\n    class=\"block content-block\"\n\tstyle=\"--cb-bg: #fff; --cb-content: #000; \"\n>\n    \n\n<div class=\"container-fluid editor_content content content--narrow\">\n    <div class=\"row\">\n        <div class=\"col-12 editor_content\">\n            <h1>Kest\u00e4v\u00e4 ja tehokas esik\u00e4sittely ja desinfiointi pullotetun veden tuotantolaitoksissa<\/h1>\n<p class=\"preamble\">Pullottamoissa otsonik\u00e4sittelyll\u00e4 on ollut keskeinen rooli aina siit\u00e4 saakka, kun toiminta alkoi 1970-luvulla. Pullottamoiden haasteena oli mikro-organismien r\u00e4j\u00e4hdysm\u00e4isen lis\u00e4\u00e4ntymisen aiheuttama saastuminen tuotannossa, steriiliss\u00e4 k\u00e4sittelyss\u00e4 ja varastoinnissa. T\u00e4ll\u00e4 oli merkitt\u00e4v\u00e4 vaikutus makuun ja hajuun. Pullotetun veden desinfioinnin puute aiheutti my\u00f6s terveyshaittoja.<\/p>\n<p>\u00a0Vuonna 1982 Yhdysvaltain elintarvike- ja l\u00e4\u00e4kevirasto (FDA) luokitteli otsonin turvalliseksi ja hyv\u00e4n tuotantotavan mukaiseksi desinfiointimenetelm\u00e4ksi, kun j\u00e4ljelle j\u00e4\u00e4v\u00e4 otsonipitoisuus pullotetussa vedess\u00e4 on enint\u00e4\u00e4n 0,4 ppm. T\u00e4m\u00e4n j\u00e4lkeen monien valtioiden terveysviranomaiset sek\u00e4 WHO ovat hyv\u00e4ksyneet otsonin t\u00e4rke\u00e4ksi osaksi pullotetun veden tuotantoa. Viimeaikaiset lains\u00e4\u00e4d\u00e4nn\u00f6n ja toimialan ohjeistuksen muutokset ovat lis\u00e4nneet otsonin tarvetta\u00a0<a href=\"https:\/\/mellifiq.com\/markets\/breweries\/\">panimoissa<\/a>\u00a0(external site). Otsonin k\u00e4ytt\u00f6 vedenpullottamoissa on turvallista, koska se ei j\u00e4t\u00e4 j\u00e4\u00e4mi\u00e4 tai makua pullotettuun veteen \u00a0kansainv\u00e4lisen pullottamoiden yhdistyksen (IBWA:n) ohjeistuksen mukaan.<\/p>\n<h3>Desinfiointik\u00e4sittely<\/h3>\n<p>Alla olevassa kuvassa esitet\u00e4\u00e4n otsonik\u00e4sittelyn kaavioesittely ja sen mahdolliset hy\u00f6dyt pullottamoissa.<\/p>\n<p><img loading=\"lazy\" decoding=\"async\" class=\"aligncenter wp-image-29450 size-large\" src=\"https:\/\/ozonetech.com\/wp-content\/uploads\/2021\/03\/treatment-for-disinfection-2-1024x512.png\" alt=\"\" width=\"1024\" height=\"512\" srcset=\"https:\/\/ozonetech.com\/wp-content\/uploads\/2021\/03\/treatment-for-disinfection-2-1024x512.png 1024w, https:\/\/ozonetech.com\/wp-content\/uploads\/2021\/03\/treatment-for-disinfection-2-300x150.png 300w, https:\/\/ozonetech.com\/wp-content\/uploads\/2021\/03\/treatment-for-disinfection-2-768x384.png 768w, https:\/\/ozonetech.com\/wp-content\/uploads\/2021\/03\/treatment-for-disinfection-2.png 1500w\" sizes=\"auto, (max-width: 1024px) 100vw, 1024px\" \/><\/p>\n        <\/div>\n    <\/div>\n<\/div>\n\n\n\n<div class=\"container-fluid editor_content content content--narrow\">\n    <div class=\"row\">\n        <div class=\"col-12 editor_content\">\n            <h3>Otsoni esik\u00e4sittelyvaiheena<\/h3>\n<p>Otsonij\u00e4rjestelmi\u00e4 voidaan k\u00e4ytt\u00e4\u00e4 prosessin esik\u00e4sittelyvaiheissa raudan, rikin, mangaanin, v\u00e4rien, bakteerien, maun ja hajun poistamisen apuna. Esiotsonointi v\u00e4hent\u00e4\u00e4 saastumista ja biokalvojen kehittymist\u00e4, mik\u00e4 v\u00e4hent\u00e4\u00e4 kunnossapitokustannuksia. Yleinen k\u00e4sittelyj\u00e4rjestelm\u00e4 on sopeutettava vesil\u00e4hteen laatuun. Otsoni on kuitenkin aina keskeinen k\u00e4sittely- ja desinfiointimenetelm\u00e4, jolla v\u00e4ltet\u00e4\u00e4n lopputuotteen ep\u00e4miellytt\u00e4v\u00e4 maku, joka syntyy k\u00e4ytett\u00e4ess\u00e4 kemikaaleja, kuten esimerkiksi klooria.<\/p>\n<h3>Otsoni desinfiointivaiheena<\/h3>\n<p>Otsoni on poikkeuksellinen kemikaaleista vapaa desinfiointiaine ja tehokas hapettaja. Lis\u00e4tietoa otsonik\u00e4sittelyn ja desinfioinnin toteuttamisesta l\u00f6ytyy\u00a0<a href=\"https:\/\/ozonetech.com\/fi\/sovellukset\/ilmankasittely\/ilman-desinfiointi\/\">t\u00e4st\u00e4<\/a>. Pullotetun veden otsonoinnissa otsonij\u00e4rjestelm\u00e4\u00e4 s\u00e4\u00e4det\u00e4\u00e4n, jotta s\u00e4ilytet\u00e4\u00e4n tietty liuenneen otsonin pitoisuus m\u00e4\u00e4ritettyn\u00e4 kosketusaikana. T\u00e4m\u00e4 tarjoaa tehokkaan desinfioinnin ennen pullotusvaihetta. Reaktioaika halutulle desinfiointi- ja\/tai hapetusprosessille on yleens\u00e4 0,2\u20130,5 ppm 5\u201320 minuutissa. J\u00e4rjestelm\u00e4mme saavuttavat nopeasti korkean liuenneen otsonin pitoisuuden ja hapetuspotentiaalin integroidun ohjausj\u00e4rjestelm\u00e4n ansiosta, mik\u00e4 tekee Ozonetechin\u00a0<a href=\"https:\/\/ozonetech.com\/fi\/ratkaisut-jarjestelmat\/vedenkasittely\/rena-vivo\/\">RENA Vivo -j\u00e4rjestelmist\u00e4<\/a>\u00a0ykk\u00f6svaihtoehdon pullotetun veden desinfioinnissa.<\/p>\n<p>Otsonidesinfiointivaiheen aikana k\u00e4siteltyyn veteen muodostuu suojaava ymp\u00e4rist\u00f6 bakteereita, viruksia ja parasiitteja, kuten kryptosporidioosia ja giardiaa, vastaan. T\u00e4m\u00e4n lis\u00e4ksi otsoni on hyvin tehokas ep\u00e4miellytt\u00e4vi\u00e4 makuja ja hajuja vastaan. Lis\u00e4tietoa veden desinfioinnista otsonilla l\u00f6ytyy\u00a0<a href=\"https:\/\/ozonetech.com\/fi\/sovellukset\/vedenkasittely-hakemukset\/veden-desinfiointi-otsonilla\/\">t\u00e4st\u00e4<\/a>.<\/p>\n<h3>Otsoni vastaan kemiallinen desinfiointi pullottamoissa<\/h3>\n<p>Otsoni on yleinen tekniikka veden desinfiointiin ennen t\u00e4ytt\u00f6prosessia. Joissakin laitoksissa k\u00e4ytet\u00e4\u00e4n kuitenkin viel\u00e4 kemikaaleja, kuten natriumhypokloriittia (NaCIO), mikrobeista vapaan j\u00e4rjestelm\u00e4n yll\u00e4pit\u00e4miseen. Alla olevassa taulukossa on yhteenveto n\u00e4iden kahden menetelm\u00e4n k\u00e4ytt\u00f6eroista.<\/p>\n        <\/div>\n    <\/div>\n<\/div>\n\n<div class=\"container-fluid editor_content\">\n    <div class=\"row\">\n        <div class=\"col-12 editor_content table-wrapper \" style=\"--table-text-color-header: #FFFFFF; --table-text-color-rows: #000000; --table-background-color-header: #5f5f5f; --table-background-color-rows-even: #efefef; --table-background-color-rows-odd: #dfdfdf; \">\n                            \n<table id=\"tablepress-184\" class=\"tablepress tablepress-id-184\" aria-describedby=\"tablepress-184-description\">\n<thead>\n<tr class=\"row-1\">\n\t<th class=\"column-1\">Ominaisuudet<\/th><th class=\"column-2\">Otsoni<\/th><th class=\"column-3\">Hypokloriitti (HClO<sup>&#8211;<\/sup>) tai muut kemikaalit<br \/>\n<\/th>\n<\/tr>\n<\/thead>\n<tbody class=\"row-striping\">\n<tr class=\"row-2\">\n\t<td class=\"column-1\">Desinfiointipotentiaali (CT, mg\/l min.)<\/td><td class=\"column-2\">0.05-1<\/td><td class=\"column-3\">0.1-10<\/td>\n<\/tr>\n<tr class=\"row-3\">\n\t<td class=\"column-1\">Tyypillinen pitoisuus k\u00e4yt\u00f6n aikana (mg\/l)<\/td><td class=\"column-2\">0.1-0.3<\/td><td class=\"column-3\">0.3-0.6<\/td>\n<\/tr>\n<tr class=\"row-4\">\n\t<td class=\"column-1\">J\u00e4\u00e4m\u00e4t<\/td><td class=\"column-2\">Ei ole<\/td><td class=\"column-3\">Kyll\u00e4, vaatii ep\u00e4toivotun maun poistamisen UV-k\u00e4sittelyll\u00e4<\/td>\n<\/tr>\n<tr class=\"row-5\">\n\t<td class=\"column-1\">Sivutuotteet<\/td><td class=\"column-2\">Ei ole<\/td><td class=\"column-3\">Voi kehitt\u00e4\u00e4 sy\u00f6p\u00e4\u00e4 aiheuttavia sivutuotteita, ellei kaikkia orgaanisia aineita poisteta<\/td>\n<\/tr>\n<tr class=\"row-6\">\n\t<td class=\"column-1\">pH-s\u00e4\u00e4tely<\/td><td class=\"column-2\">Ei vaadittu<\/td><td class=\"column-3\">Pit\u00e4isi s\u00e4\u00e4t\u00e4\u00e4 arvoon 6,5-7  parhaiden desinfiointitulosten s\u00e4ilytt\u00e4miseksi<br \/>\n<\/td>\n<\/tr>\n<tr class=\"row-7\">\n\t<td class=\"column-1\">Mekaaniset laitteet<\/td><td class=\"column-2\"><a href=\"https:\/\/ozonetech.com\/fi\/ratkaisut-jarjestelmat\/vedenkasittely\/rena-vivo\/\">RENA Vivo -otsonij\u00e4rjestelm\u00e4<\/a><\/td><td class=\"column-3\">Annostelupumppu, kemikaalien s\u00e4ilytyss\u00e4ili\u00f6, erilaisia logistiikkalaitteita<\/td>\n<\/tr>\n<tr class=\"row-8\">\n\t<td class=\"column-1\">Ostohy\u00f6dykkeet<\/td><td class=\"column-2\">1-2 kW<\/td><td class=\"column-3\">Kulutetut kemikaalit, annostelupumpun virta, pH-s\u00e4\u00e4telyn happo<\/td>\n<\/tr>\n<\/tbody>\n<\/table>\n<span id=\"tablepress-184-description\" class=\"tablepress-table-description tablepress-table-description-id-184\"><\/span>\n<!-- #tablepress-184 from cache -->                                <\/div>\n    <\/div>\n<\/div>\n\n\n<div class=\"container-fluid editor_content content content--narrow\">\n    <div class=\"row\">\n        <div class=\"col-12 editor_content\">\n            <h3>RENA Vivo on k\u00e4ytt\u00f6valmis j\u00e4rjestelm\u00e4 vedenpullottamoihin<\/h3>\n<p>Ozonetech on erikoistunut tarjoamaan pullovesiteollisuudelle t\u00e4ysin integroituja j\u00e4rjestelmi\u00e4, jotka sis\u00e4lt\u00e4v\u00e4t tehokkaan otsonigeneraattorin, hapensy\u00f6t\u00f6n, kehittyneen ohjauksen, otsonintuhoamisen ja kaasunpoiston yhdess\u00e4 k\u00e4ytt\u00f6valmiissa j\u00e4rjestelm\u00e4ss\u00e4. RENA Vivo A- tai B-sarjan laitteet riitt\u00e4v\u00e4t t\u00e4ytt\u00e4m\u00e4\u00e4n pullotusprosessin korkeat desinfiointistandardit. Lis\u00e4tietoa RENA Vivo -tuotesegmentist\u00e4mme l\u00f6yd\u00e4t\u00a0<a href=\"https:\/\/ozonetech.com\/fi\/ratkaisut-jarjestelmat\/vedenkasittely\/rena-vivo\/\">t\u00e4st\u00e4<\/a>.<\/p>\n<ul>\n<li>Otsonij\u00e4rjestelmiss\u00e4mme on tehokas hapetuspotentiaali, joka on ylivoimainen muihin k\u00e4ytett\u00e4viss\u00e4 oleviin desinfiointiaineisiin verrattuna.<\/li>\n<li>K\u00e4sittelyn k\u00e4ytt\u00f6kustannukset ovat alhaiset eik\u00e4 kemikaaleista tule kustannuksia.<\/li>\n<li>Takaamme asiakkaan vaatimusten mukaisten korkeiden tulosten toistuvuuden luotettavasti joka kerta.<\/li>\n<li>Otsoni itse poistaa desinfioinnin sivutuotteet tehokkaasti.<\/li>\n<li>Hyv\u00e4 sijoitetun p\u00e4\u00e4oman tuotto ja eritt\u00e4in alhaiset kunnossapitokustannukset<\/li>\n<\/ul>\n<p>Otsonij\u00e4rjestelm\u00e4mme on helppo asentaa. Niiss\u00e4 on vain kaksi hydrauliikkaliit\u00e4nt\u00e4\u00e4, jotka voidaan liitt\u00e4\u00e4 pullottamon vesipuskuris\u00e4ili\u00f6\u00f6n, linjaan tai sivuvirtana p\u00e4\u00e4sy\u00f6tt\u00f6linjaan. Kaikki liuenneen otsonin haluttuja tasoja s\u00e4\u00e4t\u00e4v\u00e4t anturit on integroitu j\u00e4rjestelm\u00e4\u00e4n. RENA Vivo -j\u00e4rjestelm\u00e4 toimii mahdollisimman tehokkaasti eli yli 25 g liuennutta otsonia per kilowattitunti. Kaikki turvallisen k\u00e4yt\u00f6n mekanismit ovat sis\u00e4\u00e4nrakennettuja, kuten poistokaasuventtiili, otsonintuhoaja ja ymp\u00e4r\u00f6iv\u00e4n otsonin ilmaisimet.<\/p>\n<p style=\"text-align: center;\"><img loading=\"lazy\" decoding=\"async\" class=\"aligncenter wp-image-29720 size-large\" src=\"https:\/\/ozonetech.com\/wp-content\/uploads\/2021\/03\/rena-vivo-ozonetech-1024x993.jpg\" alt=\"\" width=\"1024\" height=\"993\" srcset=\"https:\/\/ozonetech.com\/wp-content\/uploads\/2021\/03\/rena-vivo-ozonetech-1024x993.jpg 1024w, https:\/\/ozonetech.com\/wp-content\/uploads\/2021\/03\/rena-vivo-ozonetech-300x291.jpg 300w, https:\/\/ozonetech.com\/wp-content\/uploads\/2021\/03\/rena-vivo-ozonetech-768x745.jpg 768w, https:\/\/ozonetech.com\/wp-content\/uploads\/2021\/03\/rena-vivo-ozonetech.jpg 1500w\" sizes=\"auto, (max-width: 1024px) 100vw, 1024px\" \/><\/p>\n<div class=\"col-md-6 radix-layouts-content whelan-column-content-region whelan-content panel-panel\">\n<div class=\"whelan-column-content-region-inner whelan-content-inner panel-panel-inner\">\n<div class=\"panel-pane pane-entity-field pane-node-body\">\n<div class=\"pane-content\">\n<div class=\"field field-name-body field-type-text-with-summary field-label-hidden\">\n<div class=\"field-items\">\n<div class=\"field-item even\">\n<p>Ota\u00a0<a href=\"https:\/\/ozonetech.com\/contact\/\" target=\"_blank\" rel=\"noopener\">meihin yhteytt\u00e4<\/a> , jos haluat lis\u00e4tietoa tai lis\u00e4apua tuotantolinjanne korkean laadun varmistamiseen pienill\u00e4 kunnossapitokustannuksilla.<\/p>\n<\/div>\n<\/div>\n<\/div>\n<\/div>\n<\/div>\n<div class=\"panel-separator\"><\/div>\n<div class=\"panel-separator\"><\/div>\n<div class=\"panel-separator\"><\/div>\n<\/div>\n<\/div>\n<div class=\"col-md-3 radix-layouts-column2 whelan-column-content-region whelan-column2 panel-panel\">\n<div class=\"whelan-column-content-region-inner whelan-column2-inner panel-panel-inner\">\n<div class=\"panel-pane pane-views-panes pane-we-recommend-panel-pane-4\"><\/div>\n<\/div>\n<\/div>\n        <\/div>\n    <\/div>\n<\/div>\n\n<\/section>\n","protected":false},"excerpt":{"rendered":"","protected":false},"author":21,"featured_media":0,"parent":16988,"menu_order":0,"comment_status":"closed","ping_status":"closed","template":"","meta":{"_acf_changed":false,"_seopress_robots_primary_cat":"","_seopress_titles_title":"","_seopress_titles_desc":"Ozonetech tarjoaa pullovesiteollisuudelle t\u00e4ysin integroidut avaimet k\u00e4teen -j\u00e4rjestelmi\u00e4 esik\u00e4sittely\u00e4 ja desinfiointia varten","_seopress_robots_index":"","inline_featured_image":false,"footnotes":""},"class_list":["post-30574","page","type-page","status-publish","hentry"],"acf":[],"_links":{"self":[{"href":"https:\/\/ozonetech.com\/fi\/wp-json\/wp\/v2\/pages\/30574","targetHints":{"allow":["GET"]}}],"collection":[{"href":"https:\/\/ozonetech.com\/fi\/wp-json\/wp\/v2\/pages"}],"about":[{"href":"https:\/\/ozonetech.com\/fi\/wp-json\/wp\/v2\/types\/page"}],"author":[{"embeddable":true,"href":"https:\/\/ozonetech.com\/fi\/wp-json\/wp\/v2\/users\/21"}],"replies":[{"embeddable":true,"href":"https:\/\/ozonetech.com\/fi\/wp-json\/wp\/v2\/comments?post=30574"}],"version-history":[{"count":24,"href":"https:\/\/ozonetech.com\/fi\/wp-json\/wp\/v2\/pages\/30574\/revisions"}],"predecessor-version":[{"id":41507,"href":"https:\/\/ozonetech.com\/fi\/wp-json\/wp\/v2\/pages\/30574\/revisions\/41507"}],"up":[{"embeddable":true,"href":"https:\/\/ozonetech.com\/fi\/wp-json\/wp\/v2\/pages\/16988"}],"wp:attachment":[{"href":"https:\/\/ozonetech.com\/fi\/wp-json\/wp\/v2\/media?parent=30574"}],"curies":[{"name":"wp","href":"https:\/\/api.w.org\/{rel}","templated":true}]}}