{"id":26979,"date":"2021-03-10T15:32:35","date_gmt":"2021-03-10T14:32:35","guid":{"rendered":"https:\/\/ozonetech.com\/tuotteet\/happigeneraattorit-ja-rikastimet\/onyx-series\/"},"modified":"2024-11-07T08:11:01","modified_gmt":"2024-11-07T07:11:01","slug":"onyx-series","status":"publish","type":"page","link":"https:\/\/ozonetech.com\/fi\/tuotteet\/happigeneraattorit-ja-rikastimet\/onyx-series\/","title":{"rendered":"Onyx-sarja"},"content":{"rendered":"\n<section\n    id=\"\"\n    class=\"block content-block\"\n\tstyle=\"--cb-bg: #fff; --cb-content: #000; \"\n>\n    \n\n<div class=\"container-fluid editor_content content content--narrow\">\n    <div class=\"row\">\n        <div class=\"col-12 editor_content\">\n            <h1 class=\"h2\">Onyx-sarja<\/h1>\n<p class=\"preamble\">Erityisesti luotettavuuteen, energiatehokkuuteen ja helppok\u00e4ytt\u00f6isyyteen suunniteltuja Onyx PSA -happigeneraattoreita on t\u00e4ll\u00e4 hetkell\u00e4 k\u00e4yt\u00f6ss\u00e4 ymp\u00e4ri maailmaa.<\/p>\n<p>Onyxin luotettavuuden, alhaisen melutason ja jopa 95,5% hapentuoton ansiosta se soveltuu t\u00e4ydellisesti useisiin k\u00e4ytt\u00f6kohteisiin. N\u00e4m\u00e4 generaattorit eiv\u00e4t vaadi erityist\u00e4 asennusta. Liit\u00e4 vain hapen ulostulo haluttuun hapenjakeluj\u00e4rjestelm\u00e4\u00e4n ja virtajohto maadoitettuun pistorasiaan. K\u00e4ynnist\u00e4 laite ja aseta happivirtaus.<\/p>\n        <\/div>\n    <\/div>\n<\/div>\n\n\n<div class=\"container-fluid content content--narrow\">\n    <div class=\"row\">\n        <div class=\"col-md-6 order-1 editor_content \">\n            <h2><\/h2>\n<h2 class=\"h3\">Tyypilliset kohteet<\/h2>\n<h3 class=\"h4\">Valmistus<\/h3>\n<ul>\n<li>Korut\/Juotto<\/li>\n<li>Lasity\u00f6\/puhallus<\/li>\n<\/ul>\n<h3 class=\"h4\">Ymp\u00e4rist\u00f6<\/h3>\n<ul>\n<li>Otsonin (generaattorin) sy\u00f6tt\u00f6kaasu<\/li>\n<li>Ymp\u00e4rist\u00f6n kunnostaminen<\/li>\n<\/ul>\n<h3 class=\"h4\">Muut<\/h3>\n<ul>\n<li>Kalanviljely<\/li>\n<li>Happibaarit<\/li>\n<li>Harjoittelu lis\u00e4hapella (EWOT)<\/li>\n<li>Hyvinvointi \/ Kylpyl\u00e4t<\/li>\n<\/ul>\n        <\/div>\n        <div class=\"col-md-6 order-2 editor_content d-flex justify-content-center\">\n                                            <figure class=\"side-image \">\n                    <img loading=\"lazy\" decoding=\"async\" width=\"425\" height=\"499\" src=\"https:\/\/ozonetech.com\/wp-content\/uploads\/2021\/03\/onyx-ozonetech-3.png\" class=\"attachment-full size-full\" alt=\"\" srcset=\"https:\/\/ozonetech.com\/wp-content\/uploads\/2021\/03\/onyx-ozonetech-3.png 425w, https:\/\/ozonetech.com\/wp-content\/uploads\/2021\/03\/onyx-ozonetech-3-256x300.png 256w\" sizes=\"auto, (max-width: 425px) 100vw, 425px\" \/>                                    <\/figure>\n                    <\/div>\n    <\/div>\n<\/div>\n\n\n<div class=\"container-fluid editor_content content content--narrow\">\n    <div class=\"row\">\n        <div class=\"col-12 editor_content\">\n            <h3>Pyyd\u00e4 tarjous<\/h3>\n<p><script type=\"text\/javascript\">\n    var ss_form = {'account': 'MzawMDE3MzI2BwA', 'formID': 'S0w1MDZINE_RtUxLMdQ1sTQz1000TjLQNTQ1MDMyMk42MUhNBQA'};\n    ss_form.width = '100%';\n    ss_form.height = '1000';\n    ss_form.domain = 'app-3QNJA1Z2XY.marketingautomation.services';\n    ss_form.hidden = {'field_400000003544067': 'Ozonetech.com'};\n    \/\/ ss_form.target_id = 'target'; \/\/ Optional parameter: forms will be placed inside the element with the specified id\n    \/\/ ss_form.polling = true; \/\/ Optional parameter: set to true ONLY if your page loads dynamically and the id needs to be polled continually.\n<\/script><br \/>\n<script type=\"text\/javascript\" src=\"https:\/\/koi-3QNJA1Z2XY.marketingautomation.services\/client\/form.js?ver=2.0.1\"><\/script><\/p>\n        <\/div>\n    <\/div>\n<\/div>\n\n<\/section>\n","protected":false},"excerpt":{"rendered":"","protected":false},"author":21,"featured_media":0,"parent":25082,"menu_order":0,"comment_status":"closed","ping_status":"closed","template":"","meta":{"_acf_changed":false,"_seopress_robots_primary_cat":"","_seopress_titles_title":"","_seopress_titles_desc":"Onyxin luotettavuus, alhainen melutaso ja kyky tuottaa jopa 95,5 % happipitoisuutta tekev\u00e4t siit\u00e4 t\u00e4ydellisen istuvuuden moniin sovelluksiin","_seopress_robots_index":"","inline_featured_image":false,"footnotes":""},"class_list":["post-26979","page","type-page","status-publish","hentry"],"acf":[],"_links":{"self":[{"href":"https:\/\/ozonetech.com\/fi\/wp-json\/wp\/v2\/pages\/26979","targetHints":{"allow":["GET"]}}],"collection":[{"href":"https:\/\/ozonetech.com\/fi\/wp-json\/wp\/v2\/pages"}],"about":[{"href":"https:\/\/ozonetech.com\/fi\/wp-json\/wp\/v2\/types\/page"}],"author":[{"embeddable":true,"href":"https:\/\/ozonetech.com\/fi\/wp-json\/wp\/v2\/users\/21"}],"replies":[{"embeddable":true,"href":"https:\/\/ozonetech.com\/fi\/wp-json\/wp\/v2\/comments?post=26979"}],"version-history":[{"count":11,"href":"https:\/\/ozonetech.com\/fi\/wp-json\/wp\/v2\/pages\/26979\/revisions"}],"predecessor-version":[{"id":41966,"href":"https:\/\/ozonetech.com\/fi\/wp-json\/wp\/v2\/pages\/26979\/revisions\/41966"}],"up":[{"embeddable":true,"href":"https:\/\/ozonetech.com\/fi\/wp-json\/wp\/v2\/pages\/25082"}],"wp:attachment":[{"href":"https:\/\/ozonetech.com\/fi\/wp-json\/wp\/v2\/media?parent=26979"}],"curies":[{"name":"wp","href":"https:\/\/api.w.org\/{rel}","templated":true}]}}