{"id":23604,"date":"2020-06-24T11:36:06","date_gmt":"2020-06-24T11:36:06","guid":{"rendered":"https:\/\/ozonetech.com\/ratkaisut-ja-jarjestelmat\/ilmankasittely\/pilot-projects-air-treatment\/"},"modified":"2024-10-10T11:10:37","modified_gmt":"2024-10-10T09:10:37","slug":"raataloidyt-ilmankasittelyn-pilottiprojektit","status":"publish","type":"page","link":"https:\/\/ozonetech.com\/fi\/ratkaisut-jarjestelmat\/ilmankasittely\/raataloidyt-ilmankasittelyn-pilottiprojektit\/","title":{"rendered":"R\u00e4\u00e4t\u00e4l\u00f6idyt ilmank\u00e4sittelyn pilottiprojektit"},"content":{"rendered":"\n<section\n    class=\"block hero hero--regular\"\n    style=\"background-image: url('https:\/\/ozonetech.com\/wp-content\/uploads\/2021\/03\/industrial-air-pilot-1-1600x484.jpg'); --hero-opacity: 0.2\"\n>\n\n    <div class=\"container-fluid\">\n\n        <div class=\"content editor_content\">\n                         \n                <h2 class='h2'>R\u00e4\u00e4t\u00e4l\u00f6idyt ilmank\u00e4sittelyn pilottiprojektit<\/h2>            \n                    <\/div>\n\n            <\/div>\n<\/section>\n\n\n<section class=\"component component_breadcrumbs\">\n\t<div class=\"container-fluid\">\n  \t<\/div>\n<\/section>\n\n\n<section\n    id=\"\"\n    class=\"block content-block\"\n\tstyle=\"--cb-bg: white; --cb-content: #000; padding-top: 30px; padding-bottom: 30px;\"\n>\n    \n\n<div class=\"container-fluid editor_content content content--narrow\">\n    <div class=\"row\">\n        <div class=\"col-12 editor_content\">\n            <h1>Pilottitestaus on optimaalinen ensimm\u00e4inen vaihe ilmank\u00e4sittelyratkaisujen parantamiseksi<\/h1>\n<p class=\"preamble\">Tehokas teollisten ilmanp\u00e4\u00e4st\u00f6jen hallinta on hyvin haastava toimialue. Jokainen prosessi on ainutlaatuinen kuten my\u00f6s siit\u00e4 vapautuva p\u00e4\u00e4st\u00f6jen kirjo. On hyvinkin luonnollista, ettei samalla tuotteella voida ratkaista kaikkia tapauksia. Etenkin kun tuotantokapasiteetti on suuri ja prosessille on asetettu tiukat vaatimukset. Huolellisella optimoinnilla s\u00e4\u00e4stet\u00e4\u00e4n paljon resursseja ja samalla v\u00e4ltet\u00e4\u00e4n tehottomien ratkaisuiden integrointia.<\/p>\n<p><span class=\"TextRun BCX0 SCXW163625236\" lang=\"FI-FI\" xml:lang=\"FI-FI\" data-contrast=\"auto\"><span class=\"NormalTextRun BCX0 SCXW163625236\">Pilottitestaus on<\/span><\/span><span class=\"TextRun BCX0 SCXW163625236\" lang=\"FI-FI\" xml:lang=\"FI-FI\" data-contrast=\"auto\"><span class=\"NormalTextRun BCX0 SCXW163625236\">\u00a0<\/span><\/span><span class=\"TextRun BCX0 SCXW163625236\" lang=\"FI-FI\" xml:lang=\"FI-FI\" data-contrast=\"auto\"><span class=\"NormalTextRun BCX0 SCXW163625236\">sopiva tapa<\/span><\/span><span class=\"TextRun BCX0 SCXW163625236\" lang=\"FI-FI\" xml:lang=\"FI-FI\" data-contrast=\"auto\"><span class=\"NormalTextRun BCX0 SCXW163625236\">\u00a0<\/span><\/span><span class=\"TextRun BCX0 SCXW163625236\" lang=\"FI-FI\" xml:lang=\"FI-FI\" data-contrast=\"auto\"><span class=\"NormalTextRun BCX0 SCXW163625236\">monimutkaisten\u00a0<\/span><\/span><span class=\"TextRun BCX0 SCXW163625236\" lang=\"FI-FI\" xml:lang=\"FI-FI\" data-contrast=\"auto\"><span class=\"NormalTextRun BCX0 SCXW163625236\">ilmak\u00e4sittelyratkaisuiden\u00a0<\/span><\/span><span class=\"TextRun BCX0 SCXW163625236\" lang=\"FI-FI\" xml:lang=\"FI-FI\" data-contrast=\"auto\"><span class=\"NormalTextRun BCX0 SCXW163625236\">suunnitteluun<\/span><\/span><span class=\"TextRun BCX0 SCXW163625236\" lang=\"FI-FI\" xml:lang=\"FI-FI\" data-contrast=\"auto\"><span class=\"NormalTextRun BCX0 SCXW163625236\">. Pystymme\u00a0<\/span><\/span><span class=\"TextRun BCX0 SCXW163625236\" lang=\"FI-FI\" xml:lang=\"FI-FI\" data-contrast=\"auto\"><span class=\"NormalTextRun BCX0 SCXW163625236\">j\u00e4ljent\u00e4m\u00e4\u00e4n kohdeolosuhteet<\/span><\/span><span class=\"TextRun BCX0 SCXW163625236\" lang=\"FI-FI\" xml:lang=\"FI-FI\" data-contrast=\"auto\"><span class=\"NormalTextRun BCX0 SCXW163625236\">\u00a0ja suorittamaan tarvittavat laboratoriotestit<\/span><\/span><span class=\"TextRun BCX0 SCXW163625236\" lang=\"FI-FI\" xml:lang=\"FI-FI\" data-contrast=\"auto\"><span class=\"NormalTextRun BCX0 SCXW163625236\">.<\/span><\/span><span class=\"TextRun BCX0 SCXW163625236\" lang=\"FI-FI\" xml:lang=\"FI-FI\" data-contrast=\"auto\"><span class=\"NormalTextRun BCX0 SCXW163625236\">\u00a0<\/span><\/span><span class=\"TextRun BCX0 SCXW163625236\" lang=\"FI-FI\" xml:lang=\"FI-FI\" data-contrast=\"auto\"><span class=\"NormalTextRun BCX0 SCXW163625236\">Huolellisen suunnittelun ansiosta v\u00e4henn\u00e4mme\u00a0<\/span><\/span><span class=\"TextRun BCX0 SCXW163625236\" lang=\"FI-FI\" xml:lang=\"FI-FI\" data-contrast=\"auto\"><span class=\"NormalTextRun BCX0 SCXW163625236\">kustannuksia ja tarjoa<\/span><\/span><span class=\"TextRun BCX0 SCXW163625236\" lang=\"FI-FI\" xml:lang=\"FI-FI\" data-contrast=\"auto\"><span class=\"NormalTextRun BCX0 SCXW163625236\">mme<\/span><\/span><span class=\"TextRun BCX0 SCXW163625236\" lang=\"FI-FI\" xml:lang=\"FI-FI\" data-contrast=\"auto\"><span class=\"NormalTextRun BCX0 SCXW163625236\">\u00a0laajempia mahdollisuuksia olosuhteiden hallintaan.<\/span><\/span><\/p>\n        <\/div>\n    <\/div>\n<\/div>\n\n\n\n<div class=\"container-fluid editor_content content content--narrow\">\n    <div class=\"row\">\n        <div class=\"col-12 editor_content\">\n            <h3>Meid\u00e4n ratkaisumme<\/h3>\n<p>Tukholmassa meill\u00e4 on yksi edistyneimmist\u00e4 testilaitteistoista teollisen mittakaavan pilottiratkaisujen toteuttamiseksi. Erilaisten koeasetelmien avulla pystymme r\u00e4\u00e4t\u00e4l\u00f6im\u00e4\u00e4n kullekin projektille ominaiset olosuhteet ja suorittamaan varsinaisen k\u00e4sittelyvaiheen edistyksellisill\u00e4 hapetusteknologioilla. Pilottiin sis\u00e4ltyy kolme tehokkaimmaksi todettua hapetusteknologiaa.<\/p>\n        <\/div>\n    <\/div>\n<\/div>\n\n\n<div class=\"container-fluid editor_content content content--narrow\">\n    <div class=\"row\">\n        <div class=\"col-md-6\">\n            <h3><img loading=\"lazy\" decoding=\"async\" class=\"alignleft wp-image-22304 size-medium\" src=\"https:\/\/ozonetech.com\/wp-content\/uploads\/2021\/03\/ozonation-300x212.jpg\" alt=\"\" width=\"300\" height=\"212\" srcset=\"https:\/\/ozonetech.com\/wp-content\/uploads\/2021\/03\/ozonation-300x212.jpg 300w, https:\/\/ozonetech.com\/wp-content\/uploads\/2021\/03\/ozonation.jpg 425w\" sizes=\"auto, (max-width: 300px) 100vw, 300px\" \/><\/h3>\n<p>&nbsp;<\/p>\n<h4><\/h4>\n<h4><\/h4>\n<h4><\/h4>\n<h4><\/h4>\n<p><strong>Otsonointi<br \/>\n<\/strong><em>Oxidation via ozone.<\/em><\/p>\n        <\/div>\n        <div class=\"col-md-6\">\n            <h4><img loading=\"lazy\" decoding=\"async\" class=\"alignleft wp-image-22294 size-medium\" src=\"https:\/\/ozonetech.com\/wp-content\/uploads\/2021\/03\/advanced-oxidation-process-300x212.jpg\" alt=\"\" width=\"300\" height=\"212\" srcset=\"https:\/\/ozonetech.com\/wp-content\/uploads\/2021\/03\/advanced-oxidation-process-300x212.jpg 300w, https:\/\/ozonetech.com\/wp-content\/uploads\/2021\/03\/advanced-oxidation-process.jpg 425w\" sizes=\"auto, (max-width: 300px) 100vw, 300px\" \/><\/h4>\n<h4><\/h4>\n<h4><\/h4>\n<h4><\/h4>\n<h4><\/h4>\n<h4><\/h4>\n<p><strong>Advanced Oxidation Process (AOP)<br \/>\n<\/strong>Hapetus hydroksyyliradikaaleilla.<\/p>\n        <\/div>\n    <\/div>\n<\/div>\n<div class=\"container-fluid editor_content content content--narrow\">\n    <div class=\"row\">\n        <div class=\"col-md-6\">\n            <h3><img loading=\"lazy\" decoding=\"async\" class=\"alignnone size-medium wp-image-22299\" src=\"https:\/\/ozonetech.com\/wp-content\/uploads\/2021\/03\/catalytic-oxidation-300x212.jpg\" alt=\"\" width=\"300\" height=\"212\" srcset=\"https:\/\/ozonetech.com\/wp-content\/uploads\/2021\/03\/catalytic-oxidation-300x212.jpg 300w, https:\/\/ozonetech.com\/wp-content\/uploads\/2021\/03\/catalytic-oxidation.jpg 425w\" sizes=\"auto, (max-width: 300px) 100vw, 300px\" \/><\/h3>\n<p><strong>Katalyyttinen hapetus<br \/>\n<\/strong>Hapetus katalyytin ja otsonin avulla.<\/p>\n        <\/div>\n        <div class=\"col-md-6\">\n            <p>&nbsp;<\/p>\n<p>&nbsp;<\/p>\n<p>Jokaista k\u00e4sittelytyyppi\u00e4 voidaan k\u00e4ytt\u00e4\u00e4 yhdess\u00e4 tai erikseen, sovelluskohteen mukaan.<\/p>\n        <\/div>\n    <\/div>\n<\/div>\n\n<div class=\"container-fluid editor_content content content--narrow\">\n    <div class=\"row\">\n        <div class=\"col-12 editor_content\">\n            <h3>Meid\u00e4n toimintatapamme<\/h3>\n<p>Suoritamme huolellisesti kaikki tutkimusvaiheet ja teemme pilotit vuorovaikuttaen tiiviisti asiakkaan kanssa. Alla on esitettyn\u00e4 pilottiprojektimme runko, joka kostuu viidest\u00e4 vaiheesta.<\/p>\n<h2 style=\"text-align: center;\"><img loading=\"lazy\" decoding=\"async\" class=\"aligncenter wp-image-22401 size-large\" src=\"https:\/\/ozonetech.com\/wp-content\/uploads\/2021\/03\/our-method-2-1024x568.png\" alt=\"\" width=\"1024\" height=\"568\" srcset=\"https:\/\/ozonetech.com\/wp-content\/uploads\/2021\/03\/our-method-2-1024x568.png 1024w, https:\/\/ozonetech.com\/wp-content\/uploads\/2021\/03\/our-method-2-300x166.png 300w, https:\/\/ozonetech.com\/wp-content\/uploads\/2021\/03\/our-method-2-768x426.png 768w, https:\/\/ozonetech.com\/wp-content\/uploads\/2021\/03\/our-method-2.png 1501w\" sizes=\"auto, (max-width: 1024px) 100vw, 1024px\" \/><\/h2>\n        <\/div>\n    <\/div>\n<\/div>\n\n<\/section>\n\n\n\n<section\n    id=\"\"\n    class=\"block content-block\"\n\tstyle=\"--cb-bg: #fff; --cb-content: #000; \"\n>\n    \n<div class=\"container-fluid editor_content content content--narrow\">\n    <div class=\"row\">\n        <div class=\"col-md-6\">\n            <h4>1. Analyysi<\/h4>\n<p>Analysoimme teollisen kohteen ilmanp\u00e4\u00e4st\u00f6t. Sovellamme uusinta analyysiteknologiaa, jolla voidaan havaita pienemm\u00e4tkin pitoisuudet. Meilt\u00e4 l\u00f6ytyy ty\u00f6kalut erilaisten VOC, H<sub>2<\/sub>S, NH<sub>3<\/sub> ja erilaisten hiukkasten yksityiskohtaiseen analyysiin.<\/p>\n<p>Tarkat tiedot p\u00e4\u00e4st\u00f6tyypeist\u00e4 ja pitoisuuksista muodostavat perustan huolelliselle pilottitestauksen ja t\u00e4ysmittaisen puhdistusratkaisun suunnittelulle.<\/p>\n        <\/div>\n        <div class=\"col-md-6\">\n            <h4>2. Asetelma<\/h4>\n<p>Testeiss\u00e4 simuloimme ongelmakohdetta vastaavat olosuhteet. S\u00e4\u00e4d\u00e4mme virtaaman, kosteuden ja l\u00e4mp\u00f6tilan vastaamaan oikeaa tilannetta. Sitten sy\u00f6t\u00e4mme p\u00e4\u00e4st\u00f6j\u00e4 aiheuttavat yhdisteet vastaamaan analyysin pitoisuuksia. Tarkastamme kaikkien komponenttien toimivuuden ennen kutakin testikertaa.<\/p>\n        <\/div>\n    <\/div>\n<\/div>\n<div class=\"container-fluid editor_content content content--narrow\">\n    <div class=\"row\">\n        <div class=\"col-md-6\">\n            <h4>3. Testaus<\/h4>\n<p>T\u00e4m\u00e4 on pilottiprojektin olennaisin osa, jonka aikana suoritamme varsinaisen k\u00e4sittelyteknologian testauksen. Vertaamme erilaisten menetelmien ja teknologioiden toimivuutta yhdess\u00e4 ja erikseen. Kiinnit\u00e4mme erityisesti huomiota asiakkaan esitt\u00e4miin vaatimuksiin ja k\u00e4sittelyprosessin kustannustehokkuuteen. Pilottiprojektin johtaessa t\u00e4ysmittaisen k\u00e4sittelyratkaisun suunnitteluun, teemme arvion investointi- ja k\u00e4ytt\u00f6kustannuksista.<\/p>\n        <\/div>\n        <div class=\"col-md-6\">\n            <h4>4. Raportti<\/h4>\n<p>Kaikki ker\u00e4tty data analysoidaan ja esitet\u00e4\u00e4n asiakkaalle raportin muodossa. Jokaisen k\u00e4sittelyteknologian (otsonointi, AOP tai katalyysi) vaikutustehoa arvioidaan yksityiskohtaisesti vastaamaan asiakkaan esitt\u00e4mi\u00e4 kriteereit\u00e4. Raportti sis\u00e4lt\u00e4\u00e4 pilottiprojektin olennaiset johtop\u00e4\u00e4t\u00f6kset, jotka yhdistet\u00e4\u00e4n todelliseen prosessiin.<\/p>\n        <\/div>\n    <\/div>\n<\/div>\n<div class=\"container-fluid editor_content content content--narrow\">\n    <div class=\"row\">\n        <div class=\"col-md-6\">\n            <h4>5. Ehdotus<\/h4>\n<p>Asiakkaamme pyynn\u00f6st\u00e4 sis\u00e4llyt\u00e4mme ehdotuksen soveltuvasta ratkaisusta. Pilottiprojektin tulosten avulla saadaan suunniteltua parhaiten palveleva t\u00e4ysmittainen puhdistusratkaisu. Kun kaikki t\u00e4rke\u00e4t parametrit otetaan testauksen aikana huomioon, saadaan maksimoitua lopullisen ratkaisun tehokkuus ja pidet\u00e4\u00e4n k\u00e4ytt\u00f6kustannukset alhaisina.<\/p>\n<p>Kattavan testauksen ansiosta olemme varmoja toimittamamme ratkaisun toimivuudesta.<\/p>\n<p>&nbsp;<\/p>\n        <\/div>\n        <div class=\"col-md-6\">\n                    <\/div>\n    <\/div>\n<\/div><\/section>\n\n\n\n<section\n    id=\"\"\n    class=\"block content-block\"\n\tstyle=\"--cb-bg: #e6e6e6; --cb-content: #000; padding-top: 30px; padding-bottom: 30px;\"\n>\n    \n\n<div class=\"container-fluid editor_content content content--narrow\">\n    <div class=\"row\">\n        <div class=\"col-12 editor_content\">\n            <h3>Sovelluskohteet ja teollisuuden tyypit<\/h3>\n<p>Laitteistomme on suunniteltu laajaan testaukseen ja sopii usealle k\u00e4ytt\u00f6kohteelle. Pystymme pilotoimaan hajunpoistoa sek\u00e4 muiden kaasumaisten p\u00e4\u00e4st\u00f6jen, kuten VOC, NH<sub>3<\/sub> ja H<sub>2<\/sub>S k\u00e4sittely\u00e4. Lis\u00e4ksi tarjoamme mahdollisuuden desinfioinnin ja biofilmin poiston testaamiseen. Olemme my\u00f6s avoimia t\u00e4ysin r\u00e4\u00e4t\u00e4l\u00f6ityjen testiratkaisujen toteutukseen.<\/p>\n<p>Pilottitestauksen avulla pystymme ratkaisemaan ilmanp\u00e4\u00e4st\u00f6jen ongelmia useissa eri teollisuuden tyypeiss\u00e4. L\u00f6yd\u00e4t alapuolelta muutamia esimerkkej\u00e4.<\/p>\n        <\/div>\n    <\/div>\n<\/div>\n\n<\/section>\n\n\n\n<section class=\"block landing-page-grid\" style=\"--grid-bg: #e6e6e6; --grid-link: #5f5f5f; --grid-content: #000;\">\n\n    <div class=\"container-fluid grid\">\n\n                \n                    <div class=\"grid__list\">\n                                    <a class=\"item\" href=\"https:\/\/mellifiq.com\/markets\/biogas-plants\/\" target=\"_blank\">\n                        <span class=\"item__overlay\"><\/span>\n                        <span\n                            class=\"item__background-image\"\n                            style=\"background-image: url('https:\/\/ozonetech.com\/wp-content\/uploads\/2021\/03\/biogas-plant.jpg');\"\n                        ><\/span>\n                        \n                        <span class=\"item__content\">\n                            <figure class=\"item__content--icon\">\n                                                            <\/figure>\n\n                            <span class=\"item__content--link\">\n                                <span>Biokaasulaitokset<\/span><svg version=\"1.1\" id=\"Layer_1\" xmlns=\"http:\/\/www.w3.org\/2000\/svg\" x=\"0\" y=\"0\" viewBox=\"0 0 25 21.76\" xml:space=\"preserve\"><path fill=\"#FF691C\" d=\"M12.17 1.45l1.11-1.1c.46-.47 1.22-.47 1.68 0l9.69 9.68c.47.46.47 1.22 0 1.68l-9.69 9.69c-.46.47-1.22.47-1.68 0l-1.11-1.11c-.47-.47-.46-1.23.01-1.7l.01-.01 6-5.72h-17c-.66 0-1.2-.53-1.2-1.19v-1.6c0-.66.53-1.2 1.19-1.2h17.01l-6-5.72c-.48-.45-.5-1.2-.05-1.68.01 0 .02-.01.03-.02z\"\/><\/svg>                            <\/span>\n                        <\/span>\n                    <\/a>\n                                    <a class=\"item\" href=\"https:\/\/mellifiq.com\/markets\/dairy-production\/\" target=\"_blank\">\n                        <span class=\"item__overlay\"><\/span>\n                        <span\n                            class=\"item__background-image\"\n                            style=\"background-image: url('https:\/\/ozonetech.com\/wp-content\/uploads\/2021\/03\/Diary-production.jpg');\"\n                        ><\/span>\n                        \n                        <span class=\"item__content\">\n                            <figure class=\"item__content--icon\">\n                                                            <\/figure>\n\n                            <span class=\"item__content--link\">\n                                <span>Meijerituotanto<\/span><svg version=\"1.1\" id=\"Layer_1\" xmlns=\"http:\/\/www.w3.org\/2000\/svg\" x=\"0\" y=\"0\" viewBox=\"0 0 25 21.76\" xml:space=\"preserve\"><path fill=\"#FF691C\" d=\"M12.17 1.45l1.11-1.1c.46-.47 1.22-.47 1.68 0l9.69 9.68c.47.46.47 1.22 0 1.68l-9.69 9.69c-.46.47-1.22.47-1.68 0l-1.11-1.11c-.47-.47-.46-1.23.01-1.7l.01-.01 6-5.72h-17c-.66 0-1.2-.53-1.2-1.19v-1.6c0-.66.53-1.2 1.19-1.2h17.01l-6-5.72c-.48-.45-.5-1.2-.05-1.68.01 0 .02-.01.03-.02z\"\/><\/svg>                            <\/span>\n                        <\/span>\n                    <\/a>\n                                    <a class=\"item\" href=\"https:\/\/mellifiq.com\/markets\/food-and-beverage-production\/\" target=\"_blank\">\n                        <span class=\"item__overlay\"><\/span>\n                        <span\n                            class=\"item__background-image\"\n                            style=\"background-image: url('https:\/\/ozonetech.com\/wp-content\/uploads\/2021\/03\/food-production.jpg');\"\n                        ><\/span>\n                        \n                        <span class=\"item__content\">\n                            <figure class=\"item__content--icon\">\n                                                            <\/figure>\n\n                            <span class=\"item__content--link\">\n                                <span>Ruoka ja juoma<\/span><svg version=\"1.1\" id=\"Layer_1\" xmlns=\"http:\/\/www.w3.org\/2000\/svg\" x=\"0\" y=\"0\" viewBox=\"0 0 25 21.76\" xml:space=\"preserve\"><path fill=\"#FF691C\" d=\"M12.17 1.45l1.11-1.1c.46-.47 1.22-.47 1.68 0l9.69 9.68c.47.46.47 1.22 0 1.68l-9.69 9.69c-.46.47-1.22.47-1.68 0l-1.11-1.11c-.47-.47-.46-1.23.01-1.7l.01-.01 6-5.72h-17c-.66 0-1.2-.53-1.2-1.19v-1.6c0-.66.53-1.2 1.19-1.2h17.01l-6-5.72c-.48-.45-.5-1.2-.05-1.68.01 0 .02-.01.03-.02z\"\/><\/svg>                            <\/span>\n                        <\/span>\n                    <\/a>\n                                    <a class=\"item\" href=\"https:\/\/mellifiq.com\/markets\/commercial-kitchens\/\" target=\"_blank\">\n                        <span class=\"item__overlay\"><\/span>\n                        <span\n                            class=\"item__background-image\"\n                            style=\"background-image: url('https:\/\/ozonetech.com\/wp-content\/uploads\/2021\/03\/commercial-kitchen-1.jpg');\"\n                        ><\/span>\n                        \n                        <span class=\"item__content\">\n                            <figure class=\"item__content--icon\">\n                                                            <\/figure>\n\n                            <span class=\"item__content--link\">\n                                <span>Kaupalliset keitti\u00f6t<\/span><svg version=\"1.1\" id=\"Layer_1\" xmlns=\"http:\/\/www.w3.org\/2000\/svg\" x=\"0\" y=\"0\" viewBox=\"0 0 25 21.76\" xml:space=\"preserve\"><path fill=\"#FF691C\" d=\"M12.17 1.45l1.11-1.1c.46-.47 1.22-.47 1.68 0l9.69 9.68c.47.46.47 1.22 0 1.68l-9.69 9.69c-.46.47-1.22.47-1.68 0l-1.11-1.11c-.47-.47-.46-1.23.01-1.7l.01-.01 6-5.72h-17c-.66 0-1.2-.53-1.2-1.19v-1.6c0-.66.53-1.2 1.19-1.2h17.01l-6-5.72c-.48-.45-.5-1.2-.05-1.68.01 0 .02-.01.03-.02z\"\/><\/svg>                            <\/span>\n                        <\/span>\n                    <\/a>\n                            <\/div>\n            <\/div>\n\n<\/section>","protected":false},"excerpt":{"rendered":"","protected":false},"author":21,"featured_media":0,"parent":14819,"menu_order":0,"comment_status":"closed","ping_status":"closed","template":"","meta":{"_acf_changed":false,"_seopress_robots_primary_cat":"","_seopress_titles_title":"","_seopress_titles_desc":"Ylpeydenaiheenamme on yksi edistyneimmist\u00e4 testausmenetelmist\u00e4, teollisuuden ilmank\u00e4sittelyhankkeiden pilottiratkaisujen arviointiin","_seopress_robots_index":"","inline_featured_image":false,"footnotes":""},"class_list":["post-23604","page","type-page","status-publish","hentry"],"acf":[],"_links":{"self":[{"href":"https:\/\/ozonetech.com\/fi\/wp-json\/wp\/v2\/pages\/23604","targetHints":{"allow":["GET"]}}],"collection":[{"href":"https:\/\/ozonetech.com\/fi\/wp-json\/wp\/v2\/pages"}],"about":[{"href":"https:\/\/ozonetech.com\/fi\/wp-json\/wp\/v2\/types\/page"}],"author":[{"embeddable":true,"href":"https:\/\/ozonetech.com\/fi\/wp-json\/wp\/v2\/users\/21"}],"replies":[{"embeddable":true,"href":"https:\/\/ozonetech.com\/fi\/wp-json\/wp\/v2\/comments?post=23604"}],"version-history":[{"count":37,"href":"https:\/\/ozonetech.com\/fi\/wp-json\/wp\/v2\/pages\/23604\/revisions"}],"predecessor-version":[{"id":40846,"href":"https:\/\/ozonetech.com\/fi\/wp-json\/wp\/v2\/pages\/23604\/revisions\/40846"}],"up":[{"embeddable":true,"href":"https:\/\/ozonetech.com\/fi\/wp-json\/wp\/v2\/pages\/14819"}],"wp:attachment":[{"href":"https:\/\/ozonetech.com\/fi\/wp-json\/wp\/v2\/media?parent=23604"}],"curies":[{"name":"wp","href":"https:\/\/api.w.org\/{rel}","templated":true}]}}