{"id":20989,"date":"2020-06-26T09:53:13","date_gmt":"2020-06-26T09:53:13","guid":{"rendered":"https:\/\/ozonetech.com\/hakemukset\/hajut-ja-desinfiointi\/water-damages\/"},"modified":"2024-10-10T10:21:42","modified_gmt":"2024-10-10T08:21:42","slug":"vesivahingot","status":"publish","type":"page","link":"https:\/\/ozonetech.com\/fi\/sovellukset\/hajut-ja-desinfiointi\/vesivahingot\/","title":{"rendered":"Vesivahingot"},"content":{"rendered":"\n<section\n    class=\"block hero hero--regular\"\n    style=\"background-image: url('https:\/\/ozonetech.com\/wp-content\/uploads\/2021\/02\/water-damage-1600x484.jpg'); --hero-opacity: 0.3\"\n>\n\n    <div class=\"container-fluid\">\n\n        <div class=\"content editor_content\">\n                         \n                <h2 class='h2'>Vesivahingot &#8211; hajuongelmat<\/h2>            \n                    <\/div>\n\n            <\/div>\n<\/section>\n\n\n<section class=\"component component_breadcrumbs\">\n\t<div class=\"container-fluid\">\n  \t<\/div>\n<\/section>\n\n\n<section\n    id=\"\"\n    class=\"block content-block\"\n\tstyle=\"--cb-bg: white; --cb-content: #000; padding-top: 30px; padding-bottom: 30px;\"\n>\n    \n\n<div class=\"container-fluid editor_content content content--narrow\">\n    <div class=\"row\">\n        <div class=\"col-12 editor_content\">\n            <h1>Haju- ja vesivahinkojen tehokas ja kest\u00e4v\u00e4 puhdistus huoneistoissa<\/h1>\n<p class=\"preamble\">Vesivahingon j\u00e4lkeen\u00a0huoneessa voi\u00a0ilmet\u00e4\u00a0homeen muodostusta\u00a0ja\u00a0muita kosteuteen liittyvi\u00e4 ongelmia. Sopivissa olosuhteissa\u00a0home voi synty\u00e4 jo yhden vuorokauden aikana. Jotkut hometyypit ovat myrkyllisi\u00e4 ihmisille ja aiheuttavat\u00a0materiaalivahinkoja.\u00a0Vesivahingon j\u00e4lkeiset tilat alkavat vapauttamaan ep\u00e4miellytt\u00e4vi\u00e4 hajuja ja voivat aiheuttaa vakavia terveyshaittoja.<\/p>\n<p>Otsoni poistaa tehokkaasti yli 90% vallitsevista hajuista ja pilkkoo tehokkaasti muodostuneen homeen, mahdollistaen vaurioituneen tilan uudelleenk\u00e4yt\u00f6n. Vesivahinkojen k\u00e4sittely\u00e4 voidaan suorittaa esimerkiksi kiinteist\u00f6iss\u00e4, kellareissa, asuin- ja varasatotiloissa, autotalleissa, kosteilla alueilla, pukuhuoneissa, kylpyl\u00f6iss\u00e4 ja vessoissa.<\/p>\n<p>Lue lis\u00e4\u00e4 homeen puhdistuksesta t\u00e4\u00e4lt\u00e4.<\/p>\n        <\/div>\n    <\/div>\n<\/div>\n\n<\/section>\n\n\n\n<section class=\"block product-block\" style=\"--bg: white; --tc: #000000; --button-bg: #299f23; --button-tc: #ffffff; --button-hover-bg: transparent; --button-hover-tc: #299f23;\" >\n    <div class=\"container-fluid\">\n        <div class=\"row justify-content-center top\">\n            <div class=\"col-md-12 editor_content\">\n                                            <\/div>\n        <\/div>\n        <div class=\"row justify-content-center bottom\">\n            <div class=\"col-md-6 editor_content\">\n                <h3>Otsonipuhdistus ACT-3000 avulla<\/h3>\n<p>Otsonin\u202ftarve\u202fja k\u00e4sittelyaika riippuvat tilan koosta sek\u00e4 kosteusvaurion laajuudesta. K\u00e4sittelyajat voivat vaihdella tunnista yli 10h mittaisiin jaksoihin. K\u00e4sittelyn voi toistaa tarvittaessa uudestaan. ACT-3000 on helppok\u00e4ytt\u00f6inen ja k\u00e4ytt\u00f6kustannukset ovat matalat.<\/p>\n<p>ACT-3000 on kehitetty ja valmistettu Ruotsissa Ozonetechin toimesta. Meid\u00e4n r\u00e4\u00e4t\u00e4l\u00f6ityj\u00e4mme ilman- ja vedenk\u00e4sittelyratkaisuja k\u00e4ytet\u00e4\u00e4n maailmalla laajasti eri teollisuuden muodoissa, kuten j\u00e4teveden k\u00e4sittelyss\u00e4, l\u00e4\u00e4keteollisuudessa, panimoissa, kasvihuoneissa ja kauppakeskuksissa. Olemme nopeasti kasvava ja useasti palkittu ymp\u00e4rist\u00f6palvelualan yritys.<\/p>\n<p><em>ACT-3000 ja ACT-3000P mallit ovat kehitetty ammattipuhdistukseen ja teollisten kohteiden desinfiointiin, palvelusektorin k\u00e4ytt\u00f6\u00f6n sek\u00e4 kunnalliselle puolelle.<\/em><\/p>\n\n                            <\/div>\n            <div class=\"col-md-6 text-center\">\n                                    <img loading=\"lazy\" decoding=\"async\" width=\"1153\" height=\"1132\" src=\"https:\/\/ozonetech.com\/wp-content\/uploads\/2021\/02\/Ozonetech-ACT-3000-5.png\" class=\"attachment-full size-full\" alt=\"\" srcset=\"https:\/\/ozonetech.com\/wp-content\/uploads\/2021\/02\/Ozonetech-ACT-3000-5.png 1153w, https:\/\/ozonetech.com\/wp-content\/uploads\/2021\/02\/Ozonetech-ACT-3000-5-300x295.png 300w, https:\/\/ozonetech.com\/wp-content\/uploads\/2021\/02\/Ozonetech-ACT-3000-5-1024x1005.png 1024w, https:\/\/ozonetech.com\/wp-content\/uploads\/2021\/02\/Ozonetech-ACT-3000-5-768x754.png 768w\" sizes=\"auto, (max-width: 1153px) 100vw, 1153px\" \/>                \n                <a href='https:\/\/ozonetech.com\/fi\/tuotteet\/otsonigeneraattorit\/act-sarja\/' class='btn' target=''>Pyyd\u00e4 tarjous<\/a>            <\/div>\n        <\/div>\n    <\/div>\n<\/section>\n\n\n\n<section\n    id=\"\"\n    class=\"block content-block\"\n\tstyle=\"--cb-bg: #e6e6e6; --cb-content: #000; padding-top: 30px; padding-bottom: 30px;\"\n>\n    \n\n<div class=\"container-fluid editor_content content content--narrow\">\n    <div class=\"row\">\n        <div class=\"col-12 editor_content\">\n            <h4><span class=\"TextRun SCXW115427017 BCX4\" lang=\"FI-FI\" xml:lang=\"FI-FI\" data-contrast=\"auto\"><span class=\"NormalTextRun SCXW115427017 BCX4\">Helppo k\u00e4sittely, tee n\u00e4in<\/span><\/span><span class=\"EOP SCXW115427017 BCX4\" data-ccp-props=\"{&quot;201341983&quot;:0,&quot;335559739&quot;:160,&quot;335559740&quot;:259}\">\u00a0<\/span><\/h4>\n<p>1. Sijoita ACT-3000 huoneeseen, mieluummin yl\u00e4tasolle<br \/>\n2. Sulje ovet ja ikkunat<br \/>\n3. Kiinnit\u00e4 ACT-3000 virtasy\u00f6tt\u00f6\u00f6n<br \/>\n4. Valitse otsonin tuotannon taso 1-100%<br \/>\n5. J\u00e4t\u00e4 huoneeseen ja sulje ovi<br \/>\n6. P\u00e4\u00e4t\u00e4t itse, kuinka pitk\u00e4\u00e4n k\u00e4sittely kest\u00e4\u00e4<br \/>\n7. Kun haluat lopettaa k\u00e4sittelyn, astu huoneeseen ja sammuta otsonigeneraattori. Avaa ikkuna poistaakseen otsonin nopeammin. Astu ulos huoneesta ja sulje ovi, jotta j\u00e4\u00e4nn\u00f6sotsoni hapettuu<br \/>\n8. Vinkki: Voit m\u00e4\u00e4ritt\u00e4\u00e4 k\u00e4sittelyajan pistorasiaan asennettavalla ajastimella<\/p>\n        <\/div>\n    <\/div>\n<\/div>\n\n<\/section>\n","protected":false},"excerpt":{"rendered":"","protected":false},"author":21,"featured_media":0,"parent":14796,"menu_order":0,"comment_status":"closed","ping_status":"closed","template":"","meta":{"_acf_changed":false,"_seopress_robots_primary_cat":"","_seopress_titles_title":"","_seopress_titles_desc":"Vesivahingoista voi aiheutua ep\u00e4miellytt\u00e4vi\u00e4 hajuja ja kastuneet rakenteet voivat olla jopa terveydelle haitallisia. Otsoni poistaa tehokkaasti jopa 90% kaikista hajuista","_seopress_robots_index":"","inline_featured_image":false,"footnotes":""},"class_list":["post-20989","page","type-page","status-publish","hentry"],"acf":[],"_links":{"self":[{"href":"https:\/\/ozonetech.com\/fi\/wp-json\/wp\/v2\/pages\/20989","targetHints":{"allow":["GET"]}}],"collection":[{"href":"https:\/\/ozonetech.com\/fi\/wp-json\/wp\/v2\/pages"}],"about":[{"href":"https:\/\/ozonetech.com\/fi\/wp-json\/wp\/v2\/types\/page"}],"author":[{"embeddable":true,"href":"https:\/\/ozonetech.com\/fi\/wp-json\/wp\/v2\/users\/21"}],"replies":[{"embeddable":true,"href":"https:\/\/ozonetech.com\/fi\/wp-json\/wp\/v2\/comments?post=20989"}],"version-history":[{"count":22,"href":"https:\/\/ozonetech.com\/fi\/wp-json\/wp\/v2\/pages\/20989\/revisions"}],"predecessor-version":[{"id":40594,"href":"https:\/\/ozonetech.com\/fi\/wp-json\/wp\/v2\/pages\/20989\/revisions\/40594"}],"up":[{"embeddable":true,"href":"https:\/\/ozonetech.com\/fi\/wp-json\/wp\/v2\/pages\/14796"}],"wp:attachment":[{"href":"https:\/\/ozonetech.com\/fi\/wp-json\/wp\/v2\/media?parent=20989"}],"curies":[{"name":"wp","href":"https:\/\/api.w.org\/{rel}","templated":true}]}}