{"id":20988,"date":"2020-06-26T13:31:10","date_gmt":"2020-06-26T13:31:10","guid":{"rendered":"https:\/\/ozonetech.com\/hakemukset\/hajut-ja-desinfiointi\/rooms-and-premises\/"},"modified":"2024-10-22T09:16:23","modified_gmt":"2024-10-22T07:16:23","slug":"huoneet-ja-tilat","status":"publish","type":"page","link":"https:\/\/ozonetech.com\/fi\/sovellukset\/hajut-ja-desinfiointi\/huoneet-ja-tilat\/","title":{"rendered":"Huoneet ja tilat"},"content":{"rendered":"\n<section\n    class=\"block hero hero--regular\"\n    style=\"background-image: url('https:\/\/ozonetech.com\/wp-content\/uploads\/2024\/10\/Edited-getty-images-msyQNw7AfJ0-unsplash-1.jpg'); --hero-opacity: 0.35\"\n>\n\n    <div class=\"container-fluid\">\n\n        <div class=\"content editor_content\">\n                         \n                <h2 class='h2'>Huoneistojen ja kiinteist\u00f6jen hajuhaitat<\/h2>            \n                    <\/div>\n\n            <\/div>\n<\/section>\n\n\n<section class=\"component component_breadcrumbs\">\n\t<div class=\"container-fluid\">\n  \t<\/div>\n<\/section>\n\n\n<section\n    id=\"\"\n    class=\"block content-block\"\n\tstyle=\"--cb-bg: white; --cb-content: #000; padding-top: 30px; padding-bottom: 30px;\"\n>\n    \n\n<div class=\"container-fluid editor_content content content--narrow\">\n    <div class=\"row\">\n        <div class=\"col-12 editor_content\">\n            <h1>Yksinkertainen ja tehokas desinfiointi huoneiden raikastamiseksi<\/h1>\n<p class=\"preamble\">Otsonik\u00e4sittely on tehokas tapa raikastaa huoneistoja ja poistaa homeen, tupakan, hien, roskan sek\u00e4 elintarvikej\u00e4tteiden aiheuttamat hajuhaitat.<\/p>\n<p>Hajujen otsonik\u00e4sittely voidaan suorittaa kaikentyyppisiss\u00e4 tiloissa, kuten kokoushuoneissa, toimistoissa, asuinkiinteist\u00f6iss\u00e4 ja pukuhuoneissa. Otsoni sopii my\u00f6s erinomaisesti isokokoisten huoneistojen, kuten teattereiden, konsertti- ja kuntosalien hajuhaittojen k\u00e4sittelyyn. Yli 50 m<sup>2<\/sup> kokoisiin tiloihin tarvitaan useampi otsonigeneraattori.<\/p>\n<p>Lue lis\u00e4\u00e4 hotellihuoneiden hajuongelmista t\u00e4\u00e4lt\u00e4.<\/p>\n        <\/div>\n    <\/div>\n<\/div>\n\n<\/section>\n\n\n\n<section class=\"block product-block\" style=\"--bg: white; --tc: #000000; --button-bg: #299f23; --button-tc: #ffffff; --button-hover-bg: transparent; --button-hover-tc: #299f23;\" >\n    <div class=\"container-fluid\">\n        <div class=\"row justify-content-center top\">\n            <div class=\"col-md-12 editor_content\">\n                                            <\/div>\n        <\/div>\n        <div class=\"row justify-content-center bottom\">\n            <div class=\"col-md-6 editor_content\">\n                <h3>Otsonipuhdistus ACT-3000 avulla<\/h3>\n<p>Otsonin\u202ftarve\u202fja k\u00e4sittelyaika riippuvat tilan koosta sek\u00e4 hajuongelmien laajuudesta. K\u00e4sittelyajat voivat vaihdella tunnista yli 10h mittaisiin jaksoihin.\u202fSuurempikokoisten tilojen k\u00e4sittelyyn tarvitaan useampi ACT-3000 otsonigeneraattori tai vaihtoehtoisesti voidaan soveltaa ACT-5000 mallia, jossa on korkeampi otsonin tuotanto. K\u00e4sittely voi olla jatkuvaa niiss\u00e4 tiloissa, joissa hajuhaitat ovat pysyvi\u00e4, kuten j\u00e4tehuoneissa.<\/p>\n<p>ACT-3000 on kehitetty ja valmistettu Ruotsissa Ozonetechin toimesta. Meid\u00e4n r\u00e4\u00e4t\u00e4l\u00f6ityj\u00e4mme ilman- ja vedenk\u00e4sittelyratkaisuja k\u00e4ytet\u00e4\u00e4n maailmalla laajasti eri teollisuuden muodoissa, kuten j\u00e4teveden k\u00e4sittelyss\u00e4, l\u00e4\u00e4keteollisuudessa, panimoissa, kasvihuoneissa ja kauppakeskuksissa. Olemme nopeasti kasvava ja useasti palkittu ymp\u00e4rist\u00f6palvelualan yritys.<\/p>\n<p><em>ACT-3000 ja ACT-3000P mallit ovat kehitetty ammattipuhdistukseen ja teollisten kohteiden desinfiointiin, palvelusektorin k\u00e4ytt\u00f6\u00f6n sek\u00e4 kunnalliselle puolelle.<\/em><\/p>\n\n                            <\/div>\n            <div class=\"col-md-6 text-center\">\n                                    <img loading=\"lazy\" decoding=\"async\" width=\"1153\" height=\"1132\" src=\"https:\/\/ozonetech.com\/wp-content\/uploads\/2021\/02\/Ozonetech-ACT-3000-5.png\" class=\"attachment-full size-full\" alt=\"\" srcset=\"https:\/\/ozonetech.com\/wp-content\/uploads\/2021\/02\/Ozonetech-ACT-3000-5.png 1153w, https:\/\/ozonetech.com\/wp-content\/uploads\/2021\/02\/Ozonetech-ACT-3000-5-300x295.png 300w, https:\/\/ozonetech.com\/wp-content\/uploads\/2021\/02\/Ozonetech-ACT-3000-5-1024x1005.png 1024w, https:\/\/ozonetech.com\/wp-content\/uploads\/2021\/02\/Ozonetech-ACT-3000-5-768x754.png 768w\" sizes=\"auto, (max-width: 1153px) 100vw, 1153px\" \/>                \n                <a href='https:\/\/ozonetech.com\/fi\/tuotteet\/otsonigeneraattorit\/act-sarja\/' class='btn' target=''>Pyyd\u00e4 tarjous<\/a>            <\/div>\n        <\/div>\n    <\/div>\n<\/section>\n\n\n\n<section\n    id=\"\"\n    class=\"block content-block\"\n\tstyle=\"--cb-bg: #e6e6e6; --cb-content: #000; padding-top: 30px; padding-bottom: 30px;\"\n>\n    \n\n<div class=\"container-fluid editor_content content content--narrow\">\n    <div class=\"row\">\n        <div class=\"col-12 editor_content\">\n            <h4>Helppo k\u00e4sittely, tee n\u00e4in<\/h4>\n<p>1. Sijoita ACT-3000 huoneeseen, mieluummin yl\u00e4tasolle<br \/>\n2. Sulje ovet ja ikkunat<br \/>\n3. Kiinnit\u00e4 ACT-3000 virtasy\u00f6tt\u00f6\u00f6n<br \/>\n4. Valitse otsonin tuotannon taso 1-100%<br \/>\n5. J\u00e4t\u00e4 huoneeseen ja sulje ovi<br \/>\n6. P\u00e4\u00e4t\u00e4t itse, kuinka pitk\u00e4\u00e4n k\u00e4sittely kest\u00e4\u00e4<br \/>\n7. Kun haluat lopettaa k\u00e4sittelyn, astu huoneeseen ja sammuta otsonigeneraattori. Avaa ikkuna poistaakseen otsonin nopeammin. Astu ulos huoneesta ja sulje ovi, jotta j\u00e4\u00e4nn\u00f6sotsoni hapettuu<br \/>\n8. Vinkki: Voit m\u00e4\u00e4ritt\u00e4\u00e4 k\u00e4sittelyajan pistorasiaan asennettavalla ajastimella<\/p>\n        <\/div>\n    <\/div>\n<\/div>\n\n<\/section>\n","protected":false},"excerpt":{"rendered":"","protected":false},"author":21,"featured_media":0,"parent":14796,"menu_order":0,"comment_status":"closed","ping_status":"closed","template":"","meta":{"_acf_changed":false,"_seopress_robots_primary_cat":"","_seopress_titles_title":"","_seopress_titles_desc":"Ozone treatment is an effective way to freshen up any type of room, by removing odor from mold, tobacco, sweat, garbage and food debris.","_seopress_robots_index":"","inline_featured_image":false,"footnotes":""},"class_list":["post-20988","page","type-page","status-publish","hentry"],"acf":[],"_links":{"self":[{"href":"https:\/\/ozonetech.com\/fi\/wp-json\/wp\/v2\/pages\/20988","targetHints":{"allow":["GET"]}}],"collection":[{"href":"https:\/\/ozonetech.com\/fi\/wp-json\/wp\/v2\/pages"}],"about":[{"href":"https:\/\/ozonetech.com\/fi\/wp-json\/wp\/v2\/types\/page"}],"author":[{"embeddable":true,"href":"https:\/\/ozonetech.com\/fi\/wp-json\/wp\/v2\/users\/21"}],"replies":[{"embeddable":true,"href":"https:\/\/ozonetech.com\/fi\/wp-json\/wp\/v2\/comments?post=20988"}],"version-history":[{"count":25,"href":"https:\/\/ozonetech.com\/fi\/wp-json\/wp\/v2\/pages\/20988\/revisions"}],"predecessor-version":[{"id":41704,"href":"https:\/\/ozonetech.com\/fi\/wp-json\/wp\/v2\/pages\/20988\/revisions\/41704"}],"up":[{"embeddable":true,"href":"https:\/\/ozonetech.com\/fi\/wp-json\/wp\/v2\/pages\/14796"}],"wp:attachment":[{"href":"https:\/\/ozonetech.com\/fi\/wp-json\/wp\/v2\/media?parent=20988"}],"curies":[{"name":"wp","href":"https:\/\/api.w.org\/{rel}","templated":true}]}}