{"id":20986,"date":"2020-06-24T13:56:56","date_gmt":"2020-06-24T13:56:56","guid":{"rendered":"https:\/\/ozonetech.com\/hakemukset\/hajut-ja-desinfiointi\/smoking-rooms\/"},"modified":"2024-10-22T09:25:15","modified_gmt":"2024-10-22T07:25:15","slug":"tupakointihuoneet","status":"publish","type":"page","link":"https:\/\/ozonetech.com\/fi\/sovellukset\/hajut-ja-desinfiointi\/tupakointihuoneet\/","title":{"rendered":"Tupakointihuoneet"},"content":{"rendered":"\n<section\n    class=\"block hero hero--regular\"\n    style=\"background-image: url('https:\/\/ozonetech.com\/wp-content\/uploads\/2024\/10\/smoke-banner-2-1.png'); --hero-opacity: 0.3\"\n>\n\n    <div class=\"container-fluid\">\n\n        <div class=\"content editor_content\">\n                         \n                <h2 class='h2'>Savu &#8211; savusta aiheutuvien hajujen puhdistus <\/h2>            \n                    <\/div>\n\n            <\/div>\n<\/section>\n\n\n<section class=\"component component_breadcrumbs\">\n\t<div class=\"container-fluid\">\n  \t<\/div>\n<\/section>\n\n\n<section\n    id=\"\"\n    class=\"block content-block\"\n\tstyle=\"--cb-bg: white; --cb-content: #000; padding-top: 30px; padding-bottom: 30px;\"\n>\n    \n\n<div class=\"container-fluid editor_content content content--narrow\">\n    <div class=\"row\">\n        <div class=\"col-12 editor_content\">\n            <h1>Tehokas ja kemikaaliton savun ja siihen liittyvien hajujen poisto<\/h1>\n<p class=\"preamble\">Tupakasta, takasta ja tulipaloista vapautuva savu aiheuttaa voimakasta hajua, joka tunkeutuu rakenteisiin ja huonekaluihin. Otsonik\u00e4sittelyll\u00e4 pystyt\u00e4\u00e4n tehokkaasti poistamaan suurin osa ep\u00e4miellytt\u00e4vist\u00e4 hajuista.<\/p>\n<p>Passiivisen tupakoinnin haittavaikutuksiin kiinnitet\u00e4\u00e4n paljon huomiota ja tupakointia varten tarkoitetut tilat yleistyv\u00e4t, erityisesti kun tupakointi sis\u00e4tiloissa ja terasseilla ei ole sallittua.<\/p>\n<p>Tupakoinnin ollessa jatkuvaa sille varatuissa tiloissa, hajut tarttuvat herk\u00e4sti ja oleskelu voi olla ep\u00e4miellytt\u00e4v\u00e4\u00e4 jopa tupakoitsijalle. Tupakointitilan otsonik\u00e4sittelyll\u00e4 saadaan huomattavasti v\u00e4hennetty\u00e4 ep\u00e4miellytt\u00e4v\u00e4\u00e4 hajua, parantaen vierailijoiden viihtyvyytt\u00e4. Otsoni pilkkoo tehokkaasti savussa olevia molekyylej\u00e4 ja erottaa ne toisistaan, jotta ne voivat levitt\u00e4yty\u00e4.<\/p>\n<p>Otsoni toimii tehokkaasti kaikentyyppist\u00e4 savua vastaan, joten tupakointitilojen lis\u00e4ksi sit\u00e4 voidaan hy\u00f6dynt\u00e4\u00e4 my\u00f6s tulipalojen j\u00e4lkeisten hajuhaittojen korjaamiseen.<\/p>\n<p>Lue lis\u00e4\u00e4 <a href=\"https:\/\/ozonetech.com\/fi\/sovellukset\/hajut-ja-desinfiointi\/tulipalosta-aiheutuvien-hajujen-puhdistus\/\">tulipalon<\/a> j\u00e4lkeisist\u00e4 hajuhaittojen kunnostuksesta t\u00e4\u00e4lt\u00e4.<\/p>\n        <\/div>\n    <\/div>\n<\/div>\n\n<\/section>\n\n\n\n<section class=\"block product-block\" style=\"--bg: white; --tc: #000000; --button-bg: #299f23; --button-tc: #ffffff; --button-hover-bg: transparent; --button-hover-tc: #299f23;\" >\n    <div class=\"container-fluid\">\n        <div class=\"row justify-content-center top\">\n            <div class=\"col-md-12 editor_content\">\n                                            <\/div>\n        <\/div>\n        <div class=\"row justify-content-center bottom\">\n            <div class=\"col-md-6 editor_content\">\n                <h3>Otsonipuhdistus ACT-3000 avulla<\/h3>\n<p>Otsonin\u202ftarve\u202fja k\u00e4sittelyaika riippuvat tilan koosta sek\u00e4 hajuongelmien laajuudesta. K\u00e4sittelyajat voivat vaihdella tunnista yli 10h mittaisiin jaksoihin. K\u00e4sittely voi olla jatkuvaa niiss\u00e4 tiloissa, joissa hajuhaitat ovat pysyvi\u00e4. N\u00e4iss\u00e4 tapauksissa otsonin tuotanto asetetaan matalammalle tasolle. K\u00e4sittelyn voi toistaa tarvittaessa uudestaan. ACT-3000 on helppok\u00e4ytt\u00f6inen ja k\u00e4ytt\u00f6kustannukset ovat matalat.<\/p>\n<p>ACT-3000 on kehitetty ja valmistettu Ruotsissa Ozonetechin toimesta. Meid\u00e4n r\u00e4\u00e4t\u00e4l\u00f6ityj\u00e4mme ilman- ja vedenk\u00e4sittelyratkaisuja k\u00e4ytet\u00e4\u00e4n maailmalla laajasti eri teollisuuden muodoissa, kuten j\u00e4teveden k\u00e4sittelyss\u00e4, l\u00e4\u00e4keteollisuudessa, panimoissa, kasvihuoneissa ja kauppakeskuksissa. Olemme nopeasti kasvava ja useasti palkittu ymp\u00e4rist\u00f6palvelualan yritys.<\/p>\n<p><em>ACT-3000 ja ACT-3000P mallit ovat kehitetty ammattipuhdistukseen ja teollisuuden desinfiointiin, palvelusektorin k\u00e4ytt\u00f6\u00f6n ja kunnalliselle puolelle.<\/em><\/p>\n\n                            <\/div>\n            <div class=\"col-md-6 text-center\">\n                                    <img loading=\"lazy\" decoding=\"async\" width=\"1153\" height=\"1132\" src=\"https:\/\/ozonetech.com\/wp-content\/uploads\/2021\/02\/Ozonetech-ACT-3000-5.png\" class=\"attachment-full size-full\" alt=\"\" srcset=\"https:\/\/ozonetech.com\/wp-content\/uploads\/2021\/02\/Ozonetech-ACT-3000-5.png 1153w, https:\/\/ozonetech.com\/wp-content\/uploads\/2021\/02\/Ozonetech-ACT-3000-5-300x295.png 300w, https:\/\/ozonetech.com\/wp-content\/uploads\/2021\/02\/Ozonetech-ACT-3000-5-1024x1005.png 1024w, https:\/\/ozonetech.com\/wp-content\/uploads\/2021\/02\/Ozonetech-ACT-3000-5-768x754.png 768w\" sizes=\"auto, (max-width: 1153px) 100vw, 1153px\" \/>                \n                <a href='https:\/\/ozonetech.com\/fi\/tuotteet\/otsonigeneraattorit\/act-sarja\/' class='btn' target=''>Pyyd\u00e4 tarjous<\/a>            <\/div>\n        <\/div>\n    <\/div>\n<\/section>\n\n\n\n<section\n    id=\"\"\n    class=\"block content-block\"\n\tstyle=\"--cb-bg: #e6e6e6; --cb-content: #000; padding-top: 30px; padding-bottom: 30px;\"\n>\n    \n\n<div class=\"container-fluid editor_content content content--narrow\">\n    <div class=\"row\">\n        <div class=\"col-12 editor_content\">\n            <h4>Helppo k\u00e4sittely, tee n\u00e4in<\/h4>\n<p>1. Sijoita ACT-3000 huoneeseen, mieluummin yl\u00e4tasolle<br \/>\n2. Sulje ovet ja ikkunat<br \/>\n3. Kiinnit\u00e4 ACT-3000 virtasy\u00f6tt\u00f6\u00f6n<br \/>\n4. Valitse otsonin tuotannon taso 1-100%<br \/>\n5. J\u00e4t\u00e4 huoneeseen ja sulje ovi<br \/>\n6. P\u00e4\u00e4t\u00e4t itse, kuinka pitk\u00e4\u00e4n k\u00e4sittely kest\u00e4\u00e4<br \/>\n7. Kun haluat lopettaa k\u00e4sittelyn, astu huoneeseen ja sammuta otsonigeneraattori. Avaa ikkuna poistaakseen otsonin nopeammin. Astu ulos huoneesta ja sulje ovi, jotta j\u00e4\u00e4nn\u00f6sotsoni hapettuu<br \/>\n8. Vinkki: Voit m\u00e4\u00e4ritt\u00e4\u00e4 k\u00e4sittelyajan pistorasiaan asennettavalla ajastimella<\/p>\n        <\/div>\n    <\/div>\n<\/div>\n\n<\/section>\n","protected":false},"excerpt":{"rendered":"","protected":false},"author":21,"featured_media":0,"parent":14796,"menu_order":0,"comment_status":"closed","ping_status":"closed","template":"","meta":{"_acf_changed":false,"_seopress_robots_primary_cat":"","_seopress_titles_title":"","_seopress_titles_desc":"Otsoni v\u00e4hent\u00e4\u00e4 tehokkaasti savunhajua pilkkomalla sen molekyylej\u00e4. Tehoaa eri l\u00e4hteist\u00e4 aiheutuneeseen hajuun","_seopress_robots_index":"","inline_featured_image":false,"footnotes":""},"class_list":["post-20986","page","type-page","status-publish","hentry"],"acf":[],"_links":{"self":[{"href":"https:\/\/ozonetech.com\/fi\/wp-json\/wp\/v2\/pages\/20986","targetHints":{"allow":["GET"]}}],"collection":[{"href":"https:\/\/ozonetech.com\/fi\/wp-json\/wp\/v2\/pages"}],"about":[{"href":"https:\/\/ozonetech.com\/fi\/wp-json\/wp\/v2\/types\/page"}],"author":[{"embeddable":true,"href":"https:\/\/ozonetech.com\/fi\/wp-json\/wp\/v2\/users\/21"}],"replies":[{"embeddable":true,"href":"https:\/\/ozonetech.com\/fi\/wp-json\/wp\/v2\/comments?post=20986"}],"version-history":[{"count":28,"href":"https:\/\/ozonetech.com\/fi\/wp-json\/wp\/v2\/pages\/20986\/revisions"}],"predecessor-version":[{"id":41751,"href":"https:\/\/ozonetech.com\/fi\/wp-json\/wp\/v2\/pages\/20986\/revisions\/41751"}],"up":[{"embeddable":true,"href":"https:\/\/ozonetech.com\/fi\/wp-json\/wp\/v2\/pages\/14796"}],"wp:attachment":[{"href":"https:\/\/ozonetech.com\/fi\/wp-json\/wp\/v2\/media?parent=20986"}],"curies":[{"name":"wp","href":"https:\/\/api.w.org\/{rel}","templated":true}]}}