{"id":17870,"date":"2020-06-24T12:41:15","date_gmt":"2020-06-24T12:41:15","guid":{"rendered":"https:\/\/ozonetech.com\/hakemukset\/hajut-ja-desinfiointi\/remediation-in-food-production\/"},"modified":"2024-10-10T10:44:12","modified_gmt":"2024-10-10T08:44:12","slug":"kunnostus-elintarviketuotannossa","status":"publish","type":"page","link":"https:\/\/ozonetech.com\/fi\/sovellukset\/hajut-ja-desinfiointi\/kunnostus-elintarviketuotannossa\/","title":{"rendered":"Kunnostus elintarviketuotannossa"},"content":{"rendered":"\n<section\n    class=\"block hero hero--regular\"\n    style=\"background-image: url('https:\/\/ozonetech.com\/wp-content\/uploads\/2021\/02\/remediation-in-food-production-1600x484.jpg'); --hero-opacity: 0.2\"\n>\n\n    <div class=\"container-fluid\">\n\n        <div class=\"content editor_content\">\n                         \n                <h2 class='h2'>Bakteerit ja virukset \u2013 kunnostus elintarviketuotannossa  <\/h2>            \n                    <\/div>\n\n            <\/div>\n<\/section>\n\n\n<section class=\"component component_breadcrumbs\">\n\t<div class=\"container-fluid\">\n  \t<\/div>\n<\/section>\n\n\n<section\n    id=\"\"\n    class=\"block content-block\"\n\tstyle=\"--cb-bg: white; --cb-content: #000; padding-top: 30px; padding-bottom: 30px;\"\n>\n    \n\n<div class=\"container-fluid editor_content content content--narrow\">\n    <div class=\"row\">\n        <div class=\"col-12 editor_content\">\n            <h1><span class=\"TextRun SCXW62478106 BCX4\" lang=\"FI-FI\" xml:lang=\"FI-FI\" data-contrast=\"auto\"><span class=\"NormalTextRun SCXW62478106 BCX4\">Mikro-organismit on poistettava ruoan s\u00e4ilyvyy<\/span><\/span><span class=\"TextRun SCXW62478106 BCX4\" lang=\"FI-FI\" xml:lang=\"FI-FI\" data-contrast=\"auto\"><span class=\"NormalTextRun SCXW62478106 BCX4\">sajan pident\u00e4miseksi<\/span><\/span><\/h1>\n<p class=\"preamble\"><span data-contrast=\"auto\">Otsonia voi hy\u00f6dynt\u00e4\u00e4 e<\/span><span data-contrast=\"auto\">lintarviketuotanno<\/span><span data-contrast=\"auto\">n<\/span><span data-contrast=\"auto\"> kahdessa eri vaiheessa \u2013<\/span> <span data-contrast=\"auto\">lihatuotteiden pakkausprosessin yhteydess\u00e4 ja <\/span><span data-contrast=\"auto\">varastoitavien tuotteiden, kuten perunoiden puhdistukseen.<\/span> <span data-contrast=\"auto\">K\u00e4sittelem\u00e4ll\u00e4 tuotteet otsonilla ennen pakkaamista, saadaan bakteeritasoja tehokkaasti alennettua ja v\u00e4ltyt\u00e4\u00e4n muilta taudinaiheuttajilta, kuten <\/span><span data-contrast=\"auto\">listerialta<\/span><span data-contrast=\"auto\">. Lis\u00e4ksi pidennet\u00e4\u00e4n tuotteen s\u00e4ilyvyysaikaa.<\/span><\/p>\n<p><span data-contrast=\"auto\">Elintarviket<\/span><span data-contrast=\"auto\">uotteiden lis\u00e4ksi<\/span><span data-contrast=\"auto\">,<\/span> <span data-contrast=\"auto\">otsonilla voidaan puhdistaa <\/span><span data-contrast=\"auto\">prosessi<\/span><span data-contrast=\"auto\">laitteisto turvaten <\/span><span data-contrast=\"auto\">tuotannon <\/span><span data-contrast=\"auto\">laatu ja<\/span> <span data-contrast=\"auto\">tehokkuus<\/span><span data-contrast=\"auto\">.<\/span><span data-contrast=\"auto\"> Otsonik\u00e4sittely on turvallista suorittaa sek\u00e4 kypsennyst\u00e4 vaativille- ett\u00e4 einestuotteille.<\/span> <span data-contrast=\"auto\">Satotuotteiden, kuten juuresten tapauksessa, otsonik\u00e4sittely v\u00e4hent\u00e4\u00e4 huomattavasti pilaantumisen riski\u00e4. T\u00e4m\u00e4 johtuu otsonin voimakkaasta kyvyst\u00e4 poistaa haitalliset bakteerityypit, kuten <\/span><span data-contrast=\"auto\">tulipolte, joka aiheuttaa perunoiden pilaantumista.\u00a0<\/span><span data-ccp-props=\"{&quot;201341983&quot;:0,&quot;335559739&quot;:160,&quot;335559740&quot;:259}\">\u00a0<\/span><\/p>\n<p><span data-contrast=\"auto\">Otsonik\u00e4sittel<\/span><span data-contrast=\"auto\">yn avulla<\/span><span data-contrast=\"auto\"> bakteerit, homeet, sienet ja virukset voidaan poistaa <\/span><span data-contrast=\"auto\">elintarvikeprosessin <\/span><span data-contrast=\"auto\">kaikis<\/span><span data-contrast=\"auto\">t<\/span><span data-contrast=\"auto\">a vaiheis<\/span><span data-contrast=\"auto\">t<\/span><span data-contrast=\"auto\">a tuotannon, varastoinnin ja pakkaamisen v\u00e4lill\u00e4.\u00a0<\/span><span data-ccp-props=\"{&quot;201341983&quot;:0,&quot;335559739&quot;:160,&quot;335559740&quot;:259}\">\u00a0<\/span><\/p>\n<p><span data-contrast=\"auto\">Otsonia voidaan <\/span><span data-contrast=\"auto\">hy\u00f6dynt\u00e4\u00e4<\/span> <span data-contrast=\"auto\">biofilmin ja ilmassa <\/span><span data-contrast=\"auto\">olev<\/span><span data-contrast=\"auto\">i<\/span><span data-contrast=\"auto\">e<\/span><span data-contrast=\"auto\">n<\/span><span data-contrast=\"auto\"> iti\u00f6<\/span><span data-contrast=\"auto\">iden<\/span><span data-contrast=\"auto\">, viru<\/span><span data-contrast=\"auto\">sten<\/span><span data-contrast=\"auto\"> ja bakteeri<\/span><span data-contrast=\"auto\">en poistamiseen<\/span><span data-contrast=\"auto\">. <\/span><span data-contrast=\"auto\">P<\/span><span data-contrast=\"auto\">uhdistusta voi hy\u00f6dynt\u00e4\u00e4 useissa eri ruuan varastoinnin vaiheissa, esimerkiksi varastorakennuksista, kylm\u00e4huoneista, ajoneuvoista kuljetuksen aikana sek\u00e4 siiloista.<\/span><span data-ccp-props=\"{&quot;201341983&quot;:0,&quot;335559739&quot;:160,&quot;335559740&quot;:259}\">\u00a0<\/span><\/p>\n        <\/div>\n    <\/div>\n<\/div>\n\n<\/section>\n\n\n\n<section class=\"block product-block\" style=\"--bg: white; --tc: #000000; --button-bg: #299f23; --button-tc: #ffffff; --button-hover-bg: transparent; --button-hover-tc: #299f23;\" >\n    <div class=\"container-fluid\">\n        <div class=\"row justify-content-center top\">\n            <div class=\"col-md-12 editor_content\">\n                                            <\/div>\n        <\/div>\n        <div class=\"row justify-content-center bottom\">\n            <div class=\"col-md-6 editor_content\">\n                <h3><span class=\"TextRun SCXW151347823 BCX4\" lang=\"FI-FI\" xml:lang=\"FI-FI\" data-contrast=\"auto\"><span class=\"NormalTextRun SCXW151347823 BCX4\" data-ccp-charstyle=\"normaltextrun\" data-ccp-charstyle-defn=\"{&quot;ObjectId&quot;:&quot;c1ab50aa-36f4-4bb2-909f-199153c2099a|82&quot;,&quot;Properties&quot;:[134233614,&quot;true&quot;,201340122,&quot;1&quot;,469775450,&quot;normaltextrun&quot;,469778129,&quot;normaltextrun&quot;,469778324,&quot;Default Paragraph Font&quot;],&quot;ClassId&quot;:1179649}\">Otsonipuhdistus ACT-3000 avulla<\/span><\/span><\/h3>\n<p><span class=\"TextRun SCXW236284989 BCX4\" lang=\"FI-FI\" xml:lang=\"FI-FI\" data-contrast=\"auto\"><span class=\"NormalTextRun SCXW236284989 BCX4\" data-ccp-charstyle=\"normaltextrun\" data-ccp-charstyle-defn=\"{&quot;ObjectId&quot;:&quot;c1ab50aa-36f4-4bb2-909f-199153c2099a|82&quot;,&quot;Properties&quot;:[134233614,&quot;true&quot;,201340122,&quot;1&quot;,469775450,&quot;normaltextrun&quot;,469778129,&quot;normaltextrun&quot;,469778324,&quot;Default Paragraph Font&quot;],&quot;ClassId&quot;:1179649}\">Otsonin\u202ftarve\u202f<\/span><\/span><span class=\"TextRun SCXW236284989 BCX4\" lang=\"FI-FI\" xml:lang=\"FI-FI\" data-contrast=\"auto\"><span class=\"NormalTextRun SCXW236284989 BCX4\" data-ccp-charstyle=\"normaltextrun\">ja k\u00e4sittelyaika riippuvat tilan koosta sek\u00e4 bakteerien ja virusten m\u00e4\u00e4r\u00e4st\u00e4.\u00a0<\/span><\/span><span class=\"TextRun SCXW236284989 BCX4\" lang=\"FI-FI\" xml:lang=\"FI-FI\" data-contrast=\"auto\"><span class=\"NormalTextRun SCXW236284989 BCX4\" data-ccp-charstyle=\"normaltextrun\">K\u00e4sittelyajat voivat vaihdella tunnista yli 10h mittaisiin jaksoihin.\u202fPuhdistuksen\u202fvoi aina toistaa tarvittaessa.<\/span><\/span><span class=\"TextRun SCXW236284989 BCX4\" lang=\"FI-FI\" xml:lang=\"FI-FI\" data-contrast=\"auto\"><span class=\"NormalTextRun SCXW236284989 BCX4\" data-ccp-charstyle=\"normaltextrun\">\u00a0ACT-3000<\/span><\/span><span class=\"TextRun SCXW236284989 BCX4\" lang=\"FI-FI\" xml:lang=\"FI-FI\" data-contrast=\"auto\"><span class=\"NormalTextRun SCXW236284989 BCX4\" data-ccp-charstyle=\"normaltextrun\">\u202fon helppok\u00e4ytt\u00f6inen\u202fja\u00a0<\/span><\/span><span class=\"TextRun SCXW236284989 BCX4\" lang=\"FI-FI\" xml:lang=\"FI-FI\" data-contrast=\"auto\"><span class=\"NormalTextRun SCXW236284989 BCX4\" data-ccp-charstyle=\"normaltextrun\">k\u00e4ytt\u00f6<\/span><\/span><span class=\"TextRun SCXW236284989 BCX4\" lang=\"FI-FI\" xml:lang=\"FI-FI\" data-contrast=\"auto\"><span class=\"NormalTextRun SCXW236284989 BCX4\" data-ccp-charstyle=\"normaltextrun\">kustannukset ovat matalat.<\/span><\/span><span class=\"TextRun SCXW236284989 BCX4\" lang=\"FI-FI\" xml:lang=\"FI-FI\" data-contrast=\"auto\"><span class=\"NormalTextRun SCXW236284989 BCX4\" data-ccp-charstyle=\"normaltextrun\">\u00a0K\u00e4sittely voi olla jatkuvaa niiss\u00e4 tiloissa, joissa on korkea riski bakteerien ja virusten kasvulle.\u00a0<\/span><\/span><span class=\"EOP SCXW236284989 BCX4\" data-ccp-props=\"{&quot;134233117&quot;:true,&quot;134233118&quot;:true,&quot;201341983&quot;:0,&quot;335559740&quot;:240}\">\u00a0<\/span><\/p>\n<p><span class=\"TextRun SCXW90190028 BCX4\" lang=\"FI-FI\" xml:lang=\"FI-FI\" data-contrast=\"auto\"><span class=\"NormalTextRun SCXW90190028 BCX4\" data-ccp-charstyle=\"normaltextrun\" data-ccp-charstyle-defn=\"{&quot;ObjectId&quot;:&quot;c1ab50aa-36f4-4bb2-909f-199153c2099a|82&quot;,&quot;Properties&quot;:[134233614,&quot;true&quot;,201340122,&quot;1&quot;,469775450,&quot;normaltextrun&quot;,469778129,&quot;normaltextrun&quot;,469778324,&quot;Default Paragraph Font&quot;],&quot;ClassId&quot;:1179649}\">ACT-3000 on kehitetty ja valmistettu Ruotsissa Ozonetechin toimesta. Meid\u00e4n r\u00e4\u00e4t\u00e4l\u00f6ityj\u00e4mme ilman- ja vedenk\u00e4sittelyratkaisuja k\u00e4ytet\u00e4\u00e4n maailmalla laajasti eri teollisuuden muodoissa, kuten j\u00e4teveden k\u00e4sittelyss\u00e4, l\u00e4\u00e4keteollisuudessa, panimoissa, kasvihuoneissa ja kauppakeskuksissa. Olemme nopeasti kasvava ja useasti palkittu ymp\u00e4rist\u00f6palvelualan yritys.<\/span><\/span><\/p>\n<p><em>ACT-3000 ja ACT-3000P mallit ovat kehitetty ammattipuhdistukseen ja teollisuuden desinfiointiin, palvelusektorin k\u00e4ytt\u00f6\u00f6n ja kunnalliselle puolelle.<\/em><\/p>\n\n                            <\/div>\n            <div class=\"col-md-6 text-center\">\n                                    <img loading=\"lazy\" decoding=\"async\" width=\"1153\" height=\"1132\" src=\"https:\/\/ozonetech.com\/wp-content\/uploads\/2021\/02\/Ozonetech-ACT-3000-5.png\" class=\"attachment-full size-full\" alt=\"\" srcset=\"https:\/\/ozonetech.com\/wp-content\/uploads\/2021\/02\/Ozonetech-ACT-3000-5.png 1153w, https:\/\/ozonetech.com\/wp-content\/uploads\/2021\/02\/Ozonetech-ACT-3000-5-300x295.png 300w, https:\/\/ozonetech.com\/wp-content\/uploads\/2021\/02\/Ozonetech-ACT-3000-5-1024x1005.png 1024w, https:\/\/ozonetech.com\/wp-content\/uploads\/2021\/02\/Ozonetech-ACT-3000-5-768x754.png 768w\" sizes=\"auto, (max-width: 1153px) 100vw, 1153px\" \/>                \n                <a href='https:\/\/ozonetech.com\/fi\/tuotteet\/otsonigeneraattorit\/act-sarja\/' class='btn' target=''>Pyyd\u00e4 tarjous<\/a>            <\/div>\n        <\/div>\n    <\/div>\n<\/section>\n\n\n\n<section\n    id=\"\"\n    class=\"block content-block\"\n\tstyle=\"--cb-bg: #e6e6e6; --cb-content: #000; padding-top: 30px; padding-bottom: 30px;\"\n>\n    \n\n<div class=\"container-fluid editor_content content content--narrow\">\n    <div class=\"row\">\n        <div class=\"col-12 editor_content\">\n            <h4><span class=\"TextRun SCXW162867320 BCX4\" lang=\"FI-FI\" xml:lang=\"FI-FI\" data-contrast=\"auto\"><span class=\"NormalTextRun SCXW162867320 BCX4\" data-ccp-charstyle=\"normaltextrun\" data-ccp-charstyle-defn=\"{&quot;ObjectId&quot;:&quot;c1ab50aa-36f4-4bb2-909f-199153c2099a|82&quot;,&quot;Properties&quot;:[134233614,&quot;true&quot;,201340122,&quot;1&quot;,469775450,&quot;normaltextrun&quot;,469778129,&quot;normaltextrun&quot;,469778324,&quot;Default Paragraph Font&quot;],&quot;ClassId&quot;:1179649}\">Helppo k\u00e4sittely, tee n\u00e4in<\/span><\/span><span class=\"TextRun SCXW162867320 BCX4\" lang=\"EN-US\" xml:lang=\"EN-US\" data-contrast=\"auto\"><span class=\"NormalTextRun SCXW162867320 BCX4\" data-ccp-charstyle=\"normaltextrun\">\u202f<\/span><\/span><span class=\"TextRun SCXW162867320 BCX4\" lang=\"EN-US\" xml:lang=\"EN-US\" data-contrast=\"auto\"><span class=\"NormalTextRun SCXW162867320 BCX4\" data-ccp-charstyle=\"eop\" data-ccp-charstyle-defn=\"{&quot;ObjectId&quot;:&quot;c1ab50aa-36f4-4bb2-909f-199153c2099a|83&quot;,&quot;Properties&quot;:[134233614,&quot;true&quot;,201340122,&quot;1&quot;,469775450,&quot;eop&quot;,469778129,&quot;eop&quot;,469778324,&quot;Default Paragraph Font&quot;],&quot;ClassId&quot;:1179649}\">\u202f<\/span><\/span><span class=\"EOP SCXW162867320 BCX4\" data-ccp-props=\"{&quot;134233117&quot;:true,&quot;134233118&quot;:true,&quot;201341983&quot;:0,&quot;335559740&quot;:240}\">\u00a0<\/span><\/h4>\n<ol>\n<li data-leveltext=\"%1.\" data-font=\"Calibri\" data-listid=\"1\" aria-setsize=\"-1\" data-aria-posinset=\"1\" data-aria-level=\"1\"><span data-contrast=\"auto\">Sijoita ACT-3000 huoneeseen, mieluummin yl\u00e4tasolle<\/span><span data-contrast=\"auto\">\u202f<\/span><span data-contrast=\"auto\">\u202f<\/span><span data-ccp-props=\"{&quot;134233117&quot;:true,&quot;134233118&quot;:true,&quot;201341983&quot;:0,&quot;335559685&quot;:360,&quot;335559731&quot;:360,&quot;335559740&quot;:240}\">\u00a0<\/span><\/li>\n<li data-leveltext=\"%1.\" data-font=\"Calibri\" data-listid=\"1\" aria-setsize=\"-1\" data-aria-posinset=\"1\" data-aria-level=\"1\"><span data-contrast=\"auto\">Sulje ovet ja ikkunat<\/span><span data-contrast=\"auto\">\u202f<\/span><span data-contrast=\"auto\">\u202f<\/span><span data-ccp-props=\"{&quot;134233117&quot;:true,&quot;134233118&quot;:true,&quot;201341983&quot;:0,&quot;335559685&quot;:360,&quot;335559731&quot;:360,&quot;335559740&quot;:240}\">\u00a0<\/span><\/li>\n<li data-leveltext=\"%1.\" data-font=\"Calibri\" data-listid=\"1\" aria-setsize=\"-1\" data-aria-posinset=\"1\" data-aria-level=\"1\"><span data-contrast=\"auto\">Kiinnit\u00e4 ACT-3000 virtasy\u00f6tt\u00f6\u00f6n\u202f<\/span><span data-contrast=\"auto\">\u202f<\/span><span data-contrast=\"auto\">\u202f<\/span><span data-ccp-props=\"{&quot;134233117&quot;:true,&quot;134233118&quot;:true,&quot;201341983&quot;:0,&quot;335559685&quot;:360,&quot;335559731&quot;:360,&quot;335559740&quot;:240}\">\u00a0<\/span><\/li>\n<li data-leveltext=\"%1.\" data-font=\"Calibri\" data-listid=\"1\" aria-setsize=\"-1\" data-aria-posinset=\"1\" data-aria-level=\"1\"><span data-contrast=\"auto\">Valitse otsonin tuotannon taso 1-100%<\/span><span data-contrast=\"auto\">\u202f<\/span><span data-contrast=\"auto\">\u202f<\/span><span data-ccp-props=\"{&quot;134233117&quot;:true,&quot;134233118&quot;:true,&quot;201341983&quot;:0,&quot;335559685&quot;:360,&quot;335559731&quot;:360,&quot;335559740&quot;:240}\">\u00a0<\/span><\/li>\n<li data-leveltext=\"%1.\" data-font=\"Calibri\" data-listid=\"1\" aria-setsize=\"-1\" data-aria-posinset=\"1\" data-aria-level=\"1\"><span data-contrast=\"auto\">J\u00e4t\u00e4 huoneeseen ja sulje ovi<\/span><span data-contrast=\"auto\">\u202f<\/span><span data-contrast=\"auto\">\u202f<\/span><span data-ccp-props=\"{&quot;134233117&quot;:true,&quot;134233118&quot;:true,&quot;201341983&quot;:0,&quot;335559685&quot;:360,&quot;335559731&quot;:360,&quot;335559740&quot;:240}\">\u00a0<\/span><\/li>\n<li data-leveltext=\"%1.\" data-font=\"Calibri\" data-listid=\"1\" aria-setsize=\"-1\" data-aria-posinset=\"1\" data-aria-level=\"1\"><span data-contrast=\"auto\">P\u00e4\u00e4t\u00e4t itse, kuinka pitk\u00e4\u00e4n k\u00e4sittely kest\u00e4\u00e4\u202f<\/span><span data-contrast=\"auto\">\u202f<\/span><span data-ccp-props=\"{&quot;134233117&quot;:true,&quot;134233118&quot;:true,&quot;201341983&quot;:0,&quot;335559685&quot;:360,&quot;335559731&quot;:360,&quot;335559740&quot;:240}\">\u00a0<\/span><\/li>\n<li data-leveltext=\"%1.\" data-font=\"Calibri\" data-listid=\"1\" aria-setsize=\"-1\" data-aria-posinset=\"1\" data-aria-level=\"1\"><span data-contrast=\"auto\">\u202fKun haluat lopettaa k\u00e4sittelyn, astu huoneeseen ja sammuta otsonigeneraattori. Avaa ikkuna poistaakseen otsonin nopeammin. Astu ulos huoneesta ja sulje ovi, jotta loppu otsoni hapettuu\u202f<\/span><span data-contrast=\"auto\">\u202f<\/span><span data-ccp-props=\"{&quot;134233117&quot;:true,&quot;134233118&quot;:true,&quot;201341983&quot;:0,&quot;335559685&quot;:360,&quot;335559731&quot;:360,&quot;335559740&quot;:240}\">\u00a0<\/span><\/li>\n<li data-leveltext=\"%1.\" data-font=\"Calibri\" data-listid=\"1\" aria-setsize=\"-1\" data-aria-posinset=\"1\" data-aria-level=\"1\"><span data-contrast=\"auto\">Vinkki: <\/span><span data-contrast=\"auto\">Voit<\/span><span data-contrast=\"auto\"> m\u00e4\u00e4ritt\u00e4\u00e4 k\u00e4sittelya<\/span><span data-contrast=\"auto\">jan<\/span><span data-contrast=\"auto\"> pistorasiaan asennettavalla ajastimella<\/span><\/li>\n<\/ol>\n        <\/div>\n    <\/div>\n<\/div>\n\n<\/section>\n","protected":false},"excerpt":{"rendered":"","protected":false},"author":21,"featured_media":0,"parent":14796,"menu_order":0,"comment_status":"closed","ping_status":"closed","template":"","meta":{"_acf_changed":false,"_seopress_robots_primary_cat":"","_seopress_titles_title":"","_seopress_titles_desc":"Otsonoimalla tuotteet ennen pakkaamista, bakteerit poistamalla pidet\u00e4\u00e4n patogeenit kurissa, pidennet\u00e4\u00e4n tuotteen k\u00e4ytt\u00f6ik\u00e4\u00e4.","_seopress_robots_index":"","inline_featured_image":false,"footnotes":""},"class_list":["post-17870","page","type-page","status-publish","hentry"],"acf":[],"_links":{"self":[{"href":"https:\/\/ozonetech.com\/fi\/wp-json\/wp\/v2\/pages\/17870","targetHints":{"allow":["GET"]}}],"collection":[{"href":"https:\/\/ozonetech.com\/fi\/wp-json\/wp\/v2\/pages"}],"about":[{"href":"https:\/\/ozonetech.com\/fi\/wp-json\/wp\/v2\/types\/page"}],"author":[{"embeddable":true,"href":"https:\/\/ozonetech.com\/fi\/wp-json\/wp\/v2\/users\/21"}],"replies":[{"embeddable":true,"href":"https:\/\/ozonetech.com\/fi\/wp-json\/wp\/v2\/comments?post=17870"}],"version-history":[{"count":23,"href":"https:\/\/ozonetech.com\/fi\/wp-json\/wp\/v2\/pages\/17870\/revisions"}],"predecessor-version":[{"id":40704,"href":"https:\/\/ozonetech.com\/fi\/wp-json\/wp\/v2\/pages\/17870\/revisions\/40704"}],"up":[{"embeddable":true,"href":"https:\/\/ozonetech.com\/fi\/wp-json\/wp\/v2\/pages\/14796"}],"wp:attachment":[{"href":"https:\/\/ozonetech.com\/fi\/wp-json\/wp\/v2\/media?parent=17870"}],"curies":[{"name":"wp","href":"https:\/\/api.w.org\/{rel}","templated":true}]}}