{"id":17868,"date":"2020-06-26T14:25:34","date_gmt":"2020-06-26T14:25:34","guid":{"rendered":"https:\/\/ozonetech.com\/hakemukset\/hajut-ja-desinfiointi\/viruses-bacteria\/"},"modified":"2024-10-10T10:46:32","modified_gmt":"2024-10-10T08:46:32","slug":"virukset-ja-bakteerit","status":"publish","type":"page","link":"https:\/\/ozonetech.com\/fi\/sovellukset\/hajut-ja-desinfiointi\/virukset-ja-bakteerit\/","title":{"rendered":"Virukset ja bakteerit"},"content":{"rendered":"\n<section\n    class=\"block hero hero--regular\"\n    style=\"background-image: url('https:\/\/ozonetech.com\/wp-content\/uploads\/2021\/02\/virus-and-bacteria-1600x484.jpg'); --hero-opacity: 0.2\"\n>\n\n    <div class=\"container-fluid\">\n\n        <div class=\"content editor_content\">\n                         \n                <h2 class='h2'>Virukset ja bakteerit \u2013 infektion levi\u00e4minen<\/h2>            \n                    <\/div>\n\n            <\/div>\n<\/section>\n\n\n<section class=\"component component_breadcrumbs\">\n\t<div class=\"container-fluid\">\n  \t<\/div>\n<\/section>\n\n\n<section\n    id=\"\"\n    class=\"block content-block\"\n\tstyle=\"--cb-bg: white; --cb-content: #000; padding-top: 30px; padding-bottom: 30px;\"\n>\n    \n\n<div class=\"container-fluid editor_content content content--narrow\">\n    <div class=\"row\">\n        <div class=\"col-12 editor_content\">\n            <h1>Tehokas ja kest\u00e4v\u00e4 virusten ja bakteerien desinfiointi<\/h1>\n<p class=\"preamble\">Monet virukset ja bakteerit levi\u00e4v\u00e4t hengitysilman v\u00e4lityksell\u00e4. Ilman mukana siirtyv\u00e4t tartuntataudit ovat pieni\u00e4 partikkeleita, jotka kulkeutuessaan hengityselimiin aiheuttavat infektion.<\/p>\n        <\/div>\n    <\/div>\n<\/div>\n\n\n<div class=\"container-fluid editor_content content content--narrow\">\n    <div class=\"row\">\n        <div class=\"col-md-6\">\n            <p>Yleisin tartuntamuoto on pisarainfektio, jossa taudinaiheuttajat siirtyv\u00e4t yskiess\u00e4 tai aivastaessa pienien pisaroiden mukana.<\/p>\n<p>Taudinaiheuttajat voivat my\u00f6s tarttua pinnoille ja siirty\u00e4 kosketuksessa. Mit\u00e4 useampi henkil\u00f6 koskettaa pintaa, sit\u00e4 korkeampi on tartuntariski. Hyv\u00e4n\u00e4 esimerkkin\u00e4 taudinaiheuttajien siirtymistiest\u00e4 ovat ovenkahvat ja hanat. T\u00e4m\u00e4n takia meit\u00e4 kehotetaan pesem\u00e4\u00e4n k\u00e4temme s\u00e4\u00e4nn\u00f6llisesti ja huolella.<\/p>\n<p>Jotkut taudinaiheuttajat voivat s\u00e4ily\u00e4 pinnoilla aktiivisena jopa useiden p\u00e4ivien ajan, samalla infektiota levitt\u00e4en. Esimerkiksi kylmill\u00e4 pinnoilla taudinaiheuttajat voivat pysytell\u00e4 kolmen p\u00e4iv\u00e4n ajan.<\/p>\n<p>Suurin osa bakteereista, viruksista ja pieneli\u00f6ist\u00e4 pystyt\u00e4\u00e4n tappamaan tai inaktivoimaan desinfiointiaineiden avulla. Otsoni on yksi voimakkaammista desinfiointitavoista.<\/p>\n<p>Otsonilla voidaan tehokkaasti desinfioida sek\u00e4 sis\u00e4ilma ett\u00e4 vaikeasti tavoitettavissa olevat pinnat. Normaaliolosuhteissa otsoni on kaasumaisessa muodossa, jolloin se sekoittuu huoneessa olevan ilman kanssa ja vaikuttaa nopeasti paikkoihin, joita on normaalisti hankala puhdistaa.<\/p>\n        <\/div>\n        <div class=\"col-md-6\">\n            <p>K\u00e4sittelyn tehokkuus (mikrobien inaktivaation aste) ja tarvittava aika riippuvat annostelusta. Desinfiointiin tarvittava annos on otsonin pitoisuuden ja vaikutusajan tulo (CT-arvo). Mikro-organismin vastustuskyky desinfiointia kohtaan riippuu bakteerin tai viruksen tyypist\u00e4. Suurempi otsonin pitoisuus tappaa virukset nopeammin, samalla lyhent\u00e4en k\u00e4sittelyaikaa.<\/p>\n<p>Otsonin haitalliseksi tunnettu pitoisuus (HTP) ty\u00f6paikalla on yleens\u00e4 0.05 ppm, mik\u00e4 m\u00e4\u00e4ritet\u00e4\u00e4n paikallisten viranomaisten toimesta. Otsonik\u00e4sittelyn aikana pitoisuus ylitt\u00e4\u00e4 0.05 ppm, joten oleskelu puhdistettavassa tilassa on kielletty\u00e4. K\u00e4sittelyn j\u00e4lkeen on my\u00f6s varmistettava, ett\u00e4 kaikki j\u00e4\u00e4nn\u00f6sotsoni poistuu tilasta, mik\u00e4 onnistuu helpoiten avaamalla ikkunat. Mik\u00e4li se ei ole mahdollista, annetaan ilmastoinnin olla k\u00e4ynniss\u00e4 puolen tunnin ajan.<\/p>\n<p>Otsoni hajoaa nopeasti ja inaktivoi tehokkaasti ilmassa sek\u00e4 pinnoilla olevia haitallisia viruksia ja bakteereita. Se my\u00f6s tunkeutuu paikkoihin, jotka ovat normaalisti hankalasti puhdistettavissa.<\/p>\n<p>Suljettu tila on ainut edellytys otsonipuhdistukselle. Virusten ja bakteerien k\u00e4sittely\u00e4 voidaan suorittaa esimerkiksi sairaaloissa ja terveyskeskuksissa, busseissa, takseissa, junissa, kouluissa, ambulansseissa sek\u00e4 ravintoloissa.<\/p>\n        <\/div>\n    <\/div>\n<\/div><\/section>\n\n\n\n<section class=\"block product-block\" style=\"--bg: white; --tc: #000000; --button-bg: #299f23; --button-tc: #ffffff; --button-hover-bg: transparent; --button-hover-tc: #299f23;\" >\n    <div class=\"container-fluid\">\n        <div class=\"row justify-content-center top\">\n            <div class=\"col-md-12 editor_content\">\n                                            <\/div>\n        <\/div>\n        <div class=\"row justify-content-center bottom\">\n            <div class=\"col-md-6 editor_content\">\n                <h4>Otsonipuhdistus ACT-3000 avulla<\/h4>\n<p>Otsonin\u202ftarve\u202fja k\u00e4sittelyaika riippuvat tilan koosta ja mikro-organismien m\u00e4\u00e4r\u00e4st\u00e4. K\u00e4sittelyajat voivat vaihdella tunnista yli 10h mittaisiin jaksoihin. Puhdistusta voi suorittaa esimerkiksi y\u00f6ll\u00e4, aukioloaikojen ulkopuolella.<\/p>\n<p>K\u00e4sittelyn voi toistaa tarvittaessa uudestaan. ACT-3000 on helppok\u00e4ytt\u00f6inen ja k\u00e4ytt\u00f6kustannukset ovat matalat.<\/p>\n<p>ACT-3000 on kehitetty ja valmistettu Ruotsissa Ozonetechin toimesta. Meid\u00e4n r\u00e4\u00e4t\u00e4l\u00f6ityj\u00e4mme ilman- ja vedenk\u00e4sittelyratkaisuja k\u00e4ytet\u00e4\u00e4n maailmalla laajasti eri teollisuuden muodoissa, kuten j\u00e4teveden k\u00e4sittelyss\u00e4, l\u00e4\u00e4keteollisuudessa, panimoissa, kasvihuoneissa ja kauppakeskuksissa. Olemme nopeasti kasvava ja useasti palkittu ymp\u00e4rist\u00f6palvelualan yritys.<\/p>\n<p><em>ACT-3000 ja ACT-3000P mallit ovat kehitetty ammattipuhdistukseen ja teollisten kohteiden desinfiointiin, palvelusektorin k\u00e4ytt\u00f6\u00f6n sek\u00e4 kunnalliselle puolelle.<\/em><\/p>\n\n                            <\/div>\n            <div class=\"col-md-6 text-center\">\n                                    <img loading=\"lazy\" decoding=\"async\" width=\"1153\" height=\"1132\" src=\"https:\/\/ozonetech.com\/wp-content\/uploads\/2021\/02\/Ozonetech-ACT-3000-5.png\" class=\"attachment-full size-full\" alt=\"\" srcset=\"https:\/\/ozonetech.com\/wp-content\/uploads\/2021\/02\/Ozonetech-ACT-3000-5.png 1153w, https:\/\/ozonetech.com\/wp-content\/uploads\/2021\/02\/Ozonetech-ACT-3000-5-300x295.png 300w, https:\/\/ozonetech.com\/wp-content\/uploads\/2021\/02\/Ozonetech-ACT-3000-5-1024x1005.png 1024w, https:\/\/ozonetech.com\/wp-content\/uploads\/2021\/02\/Ozonetech-ACT-3000-5-768x754.png 768w\" sizes=\"auto, (max-width: 1153px) 100vw, 1153px\" \/>                \n                <a href='https:\/\/ozonetech.com\/fi\/tuotteet\/otsonigeneraattorit\/act-sarja\/' class='btn' target=''>Pyyd\u00e4 tarjous<\/a>            <\/div>\n        <\/div>\n    <\/div>\n<\/section>\n\n\n\n<section\n    id=\"\"\n    class=\"block content-block\"\n\tstyle=\"--cb-bg: #e6e6e6; --cb-content: #000; padding-top: 30px; padding-bottom: 30px;\"\n>\n    \n\n<div class=\"container-fluid editor_content content content--narrow\">\n    <div class=\"row\">\n        <div class=\"col-12 editor_content\">\n            <h4>Helppo k\u00e4sittely, tee n\u00e4in<\/h4>\n<p>1. Sijoita ACT-3000 huoneeseen, mieluummin yl\u00e4tasolle<br \/>\n2. Sulje ovet ja ikkunat<br \/>\n3. Kiinnit\u00e4 ACT-3000 virtasy\u00f6tt\u00f6\u00f6n<br \/>\n4. Valitse otsonin tuotannon taso 1-100%<br \/>\n5. J\u00e4t\u00e4 huoneeseen ja sulje ovi<br \/>\n6. P\u00e4\u00e4t\u00e4t itse, kuinka pitk\u00e4\u00e4n k\u00e4sittely kest\u00e4\u00e4<br \/>\n7. Kun haluat lopettaa k\u00e4sittelyn, astu huoneeseen ja sammuta otsonigeneraattori. Avaa ikkuna poistaakseen otsonin nopeammin. Astu ulos huoneesta ja sulje ovi, jotta j\u00e4\u00e4nn\u00f6sotsoni hapettuu<br \/>\n8. Vinkki: Voit m\u00e4\u00e4ritt\u00e4\u00e4 k\u00e4sittelyajan pistorasiaan asennettavalla ajastimella<\/p>\n        <\/div>\n    <\/div>\n<\/div>\n\n<\/section>\n","protected":false},"excerpt":{"rendered":"","protected":false},"author":21,"featured_media":0,"parent":14796,"menu_order":0,"comment_status":"closed","ping_status":"closed","template":"","meta":{"_acf_changed":false,"_seopress_robots_primary_cat":"","_seopress_titles_title":"","_seopress_titles_desc":"Otsoni hajottaa ja deaktivoi nopeasti haitallisia viruksia ja bakteereja ilmasta ja erilaisilta pinnoilta, my\u00f6s vaikeap\u00e4\u00e4syisit\u00e4 paikoista","_seopress_robots_index":"","inline_featured_image":false,"footnotes":""},"class_list":["post-17868","page","type-page","status-publish","hentry"],"acf":[],"_links":{"self":[{"href":"https:\/\/ozonetech.com\/fi\/wp-json\/wp\/v2\/pages\/17868","targetHints":{"allow":["GET"]}}],"collection":[{"href":"https:\/\/ozonetech.com\/fi\/wp-json\/wp\/v2\/pages"}],"about":[{"href":"https:\/\/ozonetech.com\/fi\/wp-json\/wp\/v2\/types\/page"}],"author":[{"embeddable":true,"href":"https:\/\/ozonetech.com\/fi\/wp-json\/wp\/v2\/users\/21"}],"replies":[{"embeddable":true,"href":"https:\/\/ozonetech.com\/fi\/wp-json\/wp\/v2\/comments?post=17868"}],"version-history":[{"count":29,"href":"https:\/\/ozonetech.com\/fi\/wp-json\/wp\/v2\/pages\/17868\/revisions"}],"predecessor-version":[{"id":40719,"href":"https:\/\/ozonetech.com\/fi\/wp-json\/wp\/v2\/pages\/17868\/revisions\/40719"}],"up":[{"embeddable":true,"href":"https:\/\/ozonetech.com\/fi\/wp-json\/wp\/v2\/pages\/14796"}],"wp:attachment":[{"href":"https:\/\/ozonetech.com\/fi\/wp-json\/wp\/v2\/media?parent=17868"}],"curies":[{"name":"wp","href":"https:\/\/api.w.org\/{rel}","templated":true}]}}