{"id":17861,"date":"2020-06-24T13:52:16","date_gmt":"2020-06-24T13:52:16","guid":{"rendered":"https:\/\/ozonetech.com\/hakemukset\/hajut-ja-desinfiointi\/mold-and-mildew\/"},"modified":"2024-10-10T10:30:21","modified_gmt":"2024-10-10T08:30:21","slug":"homeiden-puhdistus","status":"publish","type":"page","link":"https:\/\/ozonetech.com\/fi\/sovellukset\/hajut-ja-desinfiointi\/homeiden-puhdistus\/","title":{"rendered":"Homeiden puhdistus"},"content":{"rendered":"\n<section\n    class=\"block hero hero--regular\"\n    style=\"background-image: url('https:\/\/ozonetech.com\/wp-content\/uploads\/2021\/02\/mold-sanitation-1600x484.jpg'); --hero-opacity: 0.3\"\n>\n\n    <div class=\"container-fluid\">\n\n        <div class=\"content editor_content\">\n                         \n                <h2 class='h2'>Homeiden puhdistus<\/h2>            \n                    <\/div>\n\n            <\/div>\n<\/section>\n\n\n<section class=\"component component_breadcrumbs\">\n\t<div class=\"container-fluid\">\n  \t<\/div>\n<\/section>\n\n\n<section\n    id=\"\"\n    class=\"block content-block\"\n\tstyle=\"--cb-bg: white; --cb-content: #000; padding-top: 30px; padding-bottom: 30px;\"\n>\n    \n\n<div class=\"container-fluid editor_content content content--narrow\">\n    <div class=\"row\">\n        <div class=\"col-12 editor_content\">\n            <h1>Homeenpuhdistus tehokkaasti sek\u00e4 ilmasta ett\u00e4 pinnoilta<\/h1>\n<p class=\"preamble\"><span class=\"TextRun SCXW216099239 BCX4\" lang=\"FI-FI\" xml:lang=\"FI-FI\" data-contrast=\"auto\"><span class=\"NormalTextRun SCXW216099239 BCX4\">Oikeissa olosuhteissa homeiti\u00f6t voivat lis\u00e4\u00e4nty\u00e4 tehokkaasti aiheuttaen haittavaikutuksia ja allergisia oireita. Ainut tapa hankkiutua eroon homeesta on puhdistaa n\u00e4kyv\u00e4 home, desinfioida pinnat ja v\u00e4hent\u00e4\u00e4 kosteuden m\u00e4\u00e4r\u00e4\u00e4. Homesienen lis\u00e4\u00e4ntyess\u00e4 hallitsemattomasti voivat pinnat vaurioitua pysyv\u00e4sti<\/span><\/span><span class=\"TextRun SCXW216099239 BCX4\" lang=\"FI-FI\" xml:lang=\"FI-FI\" data-contrast=\"auto\"><span class=\"NormalTextRun SCXW216099239 BCX4\">, mik\u00e4 edellytt\u00e4\u00e4<\/span><\/span><span class=\"TextRun SCXW216099239 BCX4\" lang=\"FI-FI\" xml:lang=\"FI-FI\" data-contrast=\"auto\"><span class=\"NormalTextRun SCXW216099239 BCX4\"> materiaalin uusimista.<\/span><\/span><\/p>\n<p><span class=\"TextRun SCXW43431100 BCX4\" lang=\"FI-FI\" xml:lang=\"FI-FI\" data-contrast=\"auto\"><span class=\"NormalTextRun SCXW43431100 BCX4\">Otsoni<\/span><\/span><span class=\"TextRun SCXW43431100 BCX4\" lang=\"FI-FI\" xml:lang=\"FI-FI\" data-contrast=\"auto\"><span class=\"NormalTextRun SCXW43431100 BCX4\">n avulla<\/span><\/span><span class=\"TextRun SCXW43431100 BCX4\" lang=\"FI-FI\" xml:lang=\"FI-FI\" data-contrast=\"auto\"><span class=\"NormalTextRun SCXW43431100 BCX4\"> voi<\/span><\/span><span class=\"TextRun SCXW43431100 BCX4\" lang=\"FI-FI\" xml:lang=\"FI-FI\" data-contrast=\"auto\"><span class=\"NormalTextRun SCXW43431100 BCX4\">daan<\/span><\/span><span class=\"TextRun SCXW43431100 BCX4\" lang=\"FI-FI\" xml:lang=\"FI-FI\" data-contrast=\"auto\"><span class=\"NormalTextRun SCXW43431100 BCX4\"> poistaa home<\/span><\/span><span class=\"TextRun SCXW43431100 BCX4\" lang=\"FI-FI\" xml:lang=\"FI-FI\" data-contrast=\"auto\"><span class=\"NormalTextRun SCXW43431100 BCX4\">-esiintym\u00e4t<\/span><\/span><span class=\"TextRun SCXW43431100 BCX4\" lang=\"FI-FI\" xml:lang=\"FI-FI\" data-contrast=\"auto\"><span class=\"NormalTextRun SCXW43431100 BCX4\"> sek\u00e4 ilmasta ett\u00e4 pinnoilta, kuten matoista, seinist\u00e4 ja lattiasta. Otsonilla voidaan my\u00f6s k\u00e4sitell\u00e4 hankalasti tavoitettavissa olevat pinnat mm. eristemateriaalit, kaakeloinnit, puumateriaalit ja betonirakenteet.<\/span><\/span><\/p>\n<p><span class=\"TextRun SCXW191991218 BCX4\" lang=\"FI-FI\" xml:lang=\"FI-FI\" data-contrast=\"auto\"><span class=\"NormalTextRun SCXW191991218 BCX4\">Jos kiinteist\u00f6ss\u00e4 oleva haju ei ole per\u00e4isin j\u00e4tteest\u00e4, on t\u00e4m\u00e4 yleens\u00e4 ensimm\u00e4inen merkki home- ja kosteusvauriosta. Haju<\/span><\/span><span class=\"TextRun SCXW191991218 BCX4\" lang=\"FI-FI\" xml:lang=\"FI-FI\" data-contrast=\"auto\"><span class=\"NormalTextRun SCXW191991218 BCX4\">n<\/span><\/span><span class=\"TextRun SCXW191991218 BCX4\" lang=\"FI-FI\" xml:lang=\"FI-FI\" data-contrast=\"auto\"><span class=\"NormalTextRun SCXW191991218 BCX4\">&#8211; ja homeen<\/span><\/span><span class=\"TextRun SCXW191991218 BCX4\" lang=\"FI-FI\" xml:lang=\"FI-FI\" data-contrast=\"auto\"><span class=\"NormalTextRun SCXW191991218 BCX4\">poistoa<\/span><\/span><span class=\"TextRun SCXW191991218 BCX4\" lang=\"FI-FI\" xml:lang=\"FI-FI\" data-contrast=\"auto\"><span class=\"NormalTextRun SCXW191991218 BCX4\"> voidaan suorittaa esimerkiksi asuinrakennuksis<\/span><\/span><span class=\"TextRun SCXW191991218 BCX4\" lang=\"FI-FI\" xml:lang=\"FI-FI\" data-contrast=\"auto\"><span class=\"NormalTextRun SCXW191991218 BCX4\">s<\/span><\/span><span class=\"TextRun SCXW191991218 BCX4\" lang=\"FI-FI\" xml:lang=\"FI-FI\" data-contrast=\"auto\"><span class=\"NormalTextRun SCXW191991218 BCX4\">a,<\/span><\/span> <span class=\"TextRun SCXW191991218 BCX4\" lang=\"FI-FI\" xml:lang=\"FI-FI\" data-contrast=\"auto\"><span class=\"NormalTextRun SCXW191991218 BCX4\">kellareissa,<\/span><\/span><span class=\"TextRun SCXW191991218 BCX4\" lang=\"FI-FI\" xml:lang=\"FI-FI\" data-contrast=\"auto\"><span class=\"NormalTextRun SCXW191991218 BCX4\"> varastois<\/span><\/span><span class=\"TextRun SCXW191991218 BCX4\" lang=\"FI-FI\" xml:lang=\"FI-FI\" data-contrast=\"auto\"><span class=\"NormalTextRun SCXW191991218 BCX4\">s<\/span><\/span><span class=\"TextRun SCXW191991218 BCX4\" lang=\"FI-FI\" xml:lang=\"FI-FI\" data-contrast=\"auto\"><span class=\"NormalTextRun SCXW191991218 BCX4\">a, autotalleis<\/span><\/span><span class=\"TextRun SCXW191991218 BCX4\" lang=\"FI-FI\" xml:lang=\"FI-FI\" data-contrast=\"auto\"><span class=\"NormalTextRun SCXW191991218 BCX4\">s<\/span><\/span><span class=\"TextRun SCXW191991218 BCX4\" lang=\"FI-FI\" xml:lang=\"FI-FI\" data-contrast=\"auto\"><span class=\"NormalTextRun SCXW191991218 BCX4\">a, m\u00f6keis<\/span><\/span><span class=\"TextRun SCXW191991218 BCX4\" lang=\"FI-FI\" xml:lang=\"FI-FI\" data-contrast=\"auto\"><span class=\"NormalTextRun SCXW191991218 BCX4\">s<\/span><\/span><span class=\"TextRun SCXW191991218 BCX4\" lang=\"FI-FI\" xml:lang=\"FI-FI\" data-contrast=\"auto\"><span class=\"NormalTextRun SCXW191991218 BCX4\">\u00e4, kylpyhuoneis<\/span><\/span><span class=\"TextRun SCXW191991218 BCX4\" lang=\"FI-FI\" xml:lang=\"FI-FI\" data-contrast=\"auto\"><span class=\"NormalTextRun SCXW191991218 BCX4\">s<\/span><\/span><span class=\"TextRun SCXW191991218 BCX4\" lang=\"FI-FI\" xml:lang=\"FI-FI\" data-contrast=\"auto\"><span class=\"NormalTextRun SCXW191991218 BCX4\">a ja vessois<\/span><\/span><span class=\"TextRun SCXW191991218 BCX4\" lang=\"FI-FI\" xml:lang=\"FI-FI\" data-contrast=\"auto\"><span class=\"NormalTextRun SCXW191991218 BCX4\">s<\/span><\/span><span class=\"TextRun SCXW191991218 BCX4\" lang=\"FI-FI\" xml:lang=\"FI-FI\" data-contrast=\"auto\"><span class=\"NormalTextRun SCXW191991218 BCX4\">a.<\/span><\/span><\/p>\n<p><span class=\"TextRun SCXW198050060 BCX4\" lang=\"FI-FI\" xml:lang=\"FI-FI\" data-contrast=\"auto\"><span class=\"NormalTextRun SCXW198050060 BCX4\">Otsoni<\/span><\/span><span class=\"TextRun SCXW198050060 BCX4\" lang=\"FI-FI\" xml:lang=\"FI-FI\" data-contrast=\"auto\"><span class=\"NormalTextRun SCXW198050060 BCX4\">k\u00e4sittely <\/span><\/span><span class=\"TextRun SCXW198050060 BCX4\" lang=\"FI-FI\" xml:lang=\"FI-FI\" data-contrast=\"auto\"><span class=\"NormalTextRun SCXW198050060 BCX4\">on hyvin todistettu tapa homeen<\/span><\/span><span class=\"TextRun SCXW198050060 BCX4\" lang=\"FI-FI\" xml:lang=\"FI-FI\" data-contrast=\"auto\"><span class=\"NormalTextRun SCXW198050060 BCX4\"> ehk\u00e4isemiseen<\/span><\/span><span class=\"TextRun SCXW198050060 BCX4\" lang=\"FI-FI\" xml:lang=\"FI-FI\" data-contrast=\"auto\"><span class=\"NormalTextRun SCXW198050060 BCX4\">. Otsonin vahva<\/span><\/span><span class=\"TextRun SCXW198050060 BCX4\" lang=\"FI-FI\" xml:lang=\"FI-FI\" data-contrast=\"auto\"><span class=\"NormalTextRun SCXW198050060 BCX4\">n<\/span><\/span><span class=\"TextRun SCXW198050060 BCX4\" lang=\"FI-FI\" xml:lang=\"FI-FI\" data-contrast=\"auto\"><span class=\"NormalTextRun SCXW198050060 BCX4\"> hapettumispotentiaali<\/span><\/span><span class=\"TextRun SCXW198050060 BCX4\" lang=\"FI-FI\" xml:lang=\"FI-FI\" data-contrast=\"auto\"><span class=\"NormalTextRun SCXW198050060 BCX4\">n<\/span><\/span> <span class=\"TextRun SCXW198050060 BCX4\" lang=\"FI-FI\" xml:lang=\"FI-FI\" data-contrast=\"auto\"><span class=\"NormalTextRun SCXW198050060 BCX4\">ansiosta<\/span><\/span><span class=\"TextRun SCXW198050060 BCX4\" lang=\"FI-FI\" xml:lang=\"FI-FI\" data-contrast=\"auto\"><span class=\"NormalTextRun SCXW198050060 BCX4\"> se<\/span><\/span> <span class=\"TextRun SCXW198050060 BCX4\" lang=\"FI-FI\" xml:lang=\"FI-FI\" data-contrast=\"auto\"><span class=\"NormalTextRun SCXW198050060 BCX4\">ei<\/span><\/span> <span class=\"TextRun SCXW198050060 BCX4\" lang=\"FI-FI\" xml:lang=\"FI-FI\" data-contrast=\"auto\"><span class=\"NormalTextRun SCXW198050060 BCX4\">pelk\u00e4st\u00e4\u00e4n<\/span><\/span><span class=\"TextRun SCXW198050060 BCX4\" lang=\"FI-FI\" xml:lang=\"FI-FI\" data-contrast=\"auto\"><span class=\"NormalTextRun SCXW198050060 BCX4\"> piilota hajua<\/span><\/span><span class=\"TextRun SCXW198050060 BCX4\" lang=\"FI-FI\" xml:lang=\"FI-FI\" data-contrast=\"auto\"><span class=\"NormalTextRun SCXW198050060 BCX4\">, vaan<\/span><\/span><span class=\"TextRun SCXW198050060 BCX4\" lang=\"FI-FI\" xml:lang=\"FI-FI\" data-contrast=\"auto\"><span class=\"NormalTextRun SCXW198050060 BCX4\"> tappaa aktiivisesti ilmassa olevat iti\u00f6t<\/span><\/span><span class=\"TextRun SCXW198050060 BCX4\" lang=\"EN-US\" xml:lang=\"EN-US\" data-contrast=\"auto\"><span class=\"NormalTextRun SCXW198050060 BCX4\">.<\/span><\/span><span class=\"TextRun SCXW198050060 BCX4\" lang=\"FI-FI\" xml:lang=\"FI-FI\" data-contrast=\"auto\"><span class=\"NormalTextRun SCXW198050060 BCX4\"> Se on my\u00f6s 3000 kertaa nopeampi <\/span><\/span><span class=\"TextRun SCXW198050060 BCX4\" lang=\"FI-FI\" xml:lang=\"FI-FI\" data-contrast=\"auto\"><span class=\"NormalTextRun SCXW198050060 BCX4\">k\u00e4sittelytapa <\/span><\/span><span class=\"TextRun SCXW198050060 BCX4\" lang=\"FI-FI\" xml:lang=\"FI-FI\" data-contrast=\"auto\"><span class=\"NormalTextRun SCXW198050060 BCX4\">kuin<\/span><\/span><span class=\"TextRun SCXW198050060 BCX4\" lang=\"FI-FI\" xml:lang=\"FI-FI\" data-contrast=\"auto\"><span class=\"NormalTextRun SCXW198050060 BCX4\"> kloori<\/span><\/span><span class=\"TextRun SCXW198050060 BCX4\" lang=\"EN-US\" xml:lang=\"EN-US\" data-contrast=\"auto\"><span class=\"NormalTextRun SCXW198050060 BCX4\">&#8211;<\/span><\/span><span class=\"TextRun SCXW198050060 BCX4\" lang=\"FI-FI\" xml:lang=\"FI-FI\" data-contrast=\"auto\"><span class=\"NormalTextRun SCXW198050060 BCX4\"> tai <\/span><\/span><span class=\"TextRun SCXW198050060 BCX4\" lang=\"FI-FI\" xml:lang=\"FI-FI\" data-contrast=\"auto\"><span class=\"NormalTextRun SpellingErrorV2 SCXW198050060 BCX4\">bakterisidi<\/span><\/span><span class=\"TextRun SCXW198050060 BCX4\" lang=\"FI-FI\" xml:lang=\"FI-FI\" data-contrast=\"auto\"><span class=\"NormalTextRun SpellingErrorV2 SCXW198050060 BCX4\">k\u00e4sittely<\/span><\/span><span class=\"TextRun SCXW198050060 BCX4\" lang=\"FI-FI\" xml:lang=\"FI-FI\" data-contrast=\"auto\"><span class=\"NormalTextRun SCXW198050060 BCX4\">. Lis\u00e4ksi se on ymp\u00e4rist\u00f6yst\u00e4v\u00e4llinen.<\/span><\/span> <span class=\"TextRun SCXW198050060 BCX4\" lang=\"FI-FI\" xml:lang=\"FI-FI\" data-contrast=\"auto\"><span class=\"NormalTextRun SCXW198050060 BCX4\">Otsoni <\/span><\/span><span class=\"TextRun SCXW198050060 BCX4\" lang=\"FI-FI\" xml:lang=\"FI-FI\" data-contrast=\"auto\"><span class=\"NormalTextRun SCXW198050060 BCX4\">p\u00e4\u00e4see k\u00e4siksi my\u00f6s hankalasti tavoitettavissa oleviin paikkoihin, kuten kulmiin ja halkeamiin sek\u00e4 tunkeutuu tekstiilien kuituihin.<\/span><\/span> <span class=\"TextRun SCXW198050060 BCX4\" lang=\"FI-FI\" xml:lang=\"FI-FI\" data-contrast=\"auto\"><span class=\"NormalTextRun SCXW198050060 BCX4\">On olemassa selke\u00e4\u00e4 n\u00e4ytt\u00f6\u00e4 siit\u00e4<\/span><\/span><span class=\"TextRun SCXW198050060 BCX4\" lang=\"FI-FI\" xml:lang=\"FI-FI\" data-contrast=\"auto\"><span class=\"NormalTextRun SCXW198050060 BCX4\">, ett\u00e4 otsoni tarjoaa nopean, perusteellisen ja ymp\u00e4rist\u00f6yst\u00e4v\u00e4llisen ratkaisun homeongelmiin.<\/span><\/span><span class=\"EOP SCXW198050060 BCX4\" data-ccp-props=\"{&quot;201341983&quot;:0,&quot;335559739&quot;:160,&quot;335559740&quot;:259}\">\u00a0<\/span><\/p>\n<p><span class=\"TextRun SCXW70598878 BCX4\" lang=\"FI-FI\" xml:lang=\"FI-FI\" data-contrast=\"auto\"><span class=\"NormalTextRun SCXW70598878 BCX4\">Lue lis\u00e4\u00e4 <\/span><\/span><span class=\"TextRun SCXW70598878 BCX4\" lang=\"FI-FI\" xml:lang=\"FI-FI\" data-contrast=\"auto\"><span class=\"NormalTextRun SCXW70598878 BCX4\"><a href=\"https:\/\/ozonetech.com\/fi\/sovellukset\/hajut-ja-desinfiointi\/vesivahingot\/\"><strong>vesivahinkoihin liittyvist\u00e4 homeongelmista<\/strong><\/a>.<\/span><\/span><span class=\"EOP SCXW70598878 BCX4\" data-ccp-props=\"{&quot;201341983&quot;:0,&quot;335559739&quot;:160,&quot;335559740&quot;:259}\">\u00a0<\/span><\/p>\n        <\/div>\n    <\/div>\n<\/div>\n\n<\/section>\n\n\n\n<section class=\"block product-block\" style=\"--bg: white; --tc: #000000; --button-bg: #299f23; --button-tc: #ffffff; --button-hover-bg: transparent; --button-hover-tc: #299f23;\" >\n    <div class=\"container-fluid\">\n        <div class=\"row justify-content-center top\">\n            <div class=\"col-md-12 editor_content\">\n                                            <\/div>\n        <\/div>\n        <div class=\"row justify-content-center bottom\">\n            <div class=\"col-md-6 editor_content\">\n                <h3>Otsonipuhdistus ACT-3000 avulla<\/h3>\n<p>Otsonin\u202ftarve\u202friippuu\u202fhuoneen\u202ftilavuudesta\u202fsek\u00e4 home- ja kosteusvaurion laajuudesta. K\u00e4sittelyajat voivat vaihdella tunnista yli 10h mittaisiin jaksoihin. Puhdistuksen voi aina toistaa tarvittaessa.\u202fOtsonigeneraattori\u202fon helppok\u00e4ytt\u00f6inen\u202fja toimintakustannukset ovat matalat.<\/p>\n<p>ACT-3000 on kehitetty\u202fja\u202fvalmistettu Ruotsissa Ozonetechin\u202ftoimesta. Meid\u00e4n r\u00e4\u00e4t\u00e4l\u00f6ityj\u00e4mme ilman- ja vedenk\u00e4sittelyratkaisuja k\u00e4ytet\u00e4\u00e4n maailmalla laajasti eri teollisuuden muodoissa, kuten j\u00e4teveden k\u00e4sittelyss\u00e4, l\u00e4\u00e4keteollisuudessa, panimoissa, kasvihuoneissa ja kauppakeskuksissa. Olemme nopeasti kasvava ja useasti palkittu ymp\u00e4rist\u00f6palvelualan yritys.<\/p>\n<p>ACT-3000P malli on kehitetty ammattipuhdistukseen ja teollisuuden desinfiointiin, palvelusektorin k\u00e4ytt\u00f6\u00f6n ja kunnalliselle puolelle.<\/p>\n\n                            <\/div>\n            <div class=\"col-md-6 text-center\">\n                                    <img loading=\"lazy\" decoding=\"async\" width=\"1153\" height=\"1132\" src=\"https:\/\/ozonetech.com\/wp-content\/uploads\/2021\/02\/Ozonetech-ACT-3000-5.png\" class=\"attachment-full size-full\" alt=\"\" srcset=\"https:\/\/ozonetech.com\/wp-content\/uploads\/2021\/02\/Ozonetech-ACT-3000-5.png 1153w, https:\/\/ozonetech.com\/wp-content\/uploads\/2021\/02\/Ozonetech-ACT-3000-5-300x295.png 300w, https:\/\/ozonetech.com\/wp-content\/uploads\/2021\/02\/Ozonetech-ACT-3000-5-1024x1005.png 1024w, https:\/\/ozonetech.com\/wp-content\/uploads\/2021\/02\/Ozonetech-ACT-3000-5-768x754.png 768w\" sizes=\"auto, (max-width: 1153px) 100vw, 1153px\" \/>                \n                <a href='https:\/\/ozonetech.com\/fi\/tuotteet\/otsonigeneraattorit\/act-sarja\/' class='btn' target=''>Pyyd\u00e4 tarjous<\/a>            <\/div>\n        <\/div>\n    <\/div>\n<\/section>\n\n\n\n<section\n    id=\"\"\n    class=\"block content-block\"\n\tstyle=\"--cb-bg: #e6e6e6; --cb-content: #000; padding-top: 30px; padding-bottom: 30px;\"\n>\n    \n\n<div class=\"container-fluid editor_content content content--narrow\">\n    <div class=\"row\">\n        <div class=\"col-12 editor_content\">\n            <h4><\/h4>\n<h4><span class=\"TextRun SCXW21563560 BCX4\" lang=\"FI-FI\" xml:lang=\"FI-FI\" data-contrast=\"auto\"><span class=\"NormalTextRun SCXW21563560 BCX4\" data-ccp-charstyle=\"normaltextrun\" data-ccp-charstyle-defn=\"{&quot;ObjectId&quot;:&quot;4a9f380e-d58a-4507-931e-63f2cd66f068|82&quot;,&quot;Properties&quot;:[134233614,&quot;true&quot;,201340122,&quot;1&quot;,469775450,&quot;normaltextrun&quot;,469778129,&quot;normaltextrun&quot;,469778324,&quot;Default Paragraph Font&quot;],&quot;ClassId&quot;:1179649}\">Helppo k\u00e4sittely, tee n\u00e4in<\/span><\/span><span class=\"TextRun SCXW21563560 BCX4\" lang=\"EN-US\" xml:lang=\"EN-US\" data-contrast=\"auto\"><span class=\"NormalTextRun SCXW21563560 BCX4\" data-ccp-charstyle=\"eop\" data-ccp-charstyle-defn=\"{&quot;ObjectId&quot;:&quot;4a9f380e-d58a-4507-931e-63f2cd66f068|83&quot;,&quot;Properties&quot;:[134233614,&quot;true&quot;,201340122,&quot;1&quot;,469775450,&quot;eop&quot;,469778129,&quot;eop&quot;,469778324,&quot;Default Paragraph Font&quot;],&quot;ClassId&quot;:1179649}\">\u202f<\/span><\/span><span class=\"EOP SCXW21563560 BCX4\" data-ccp-props=\"{&quot;134233117&quot;:true,&quot;134233118&quot;:true,&quot;201341983&quot;:0,&quot;335559740&quot;:240}\">\u00a0<\/span><\/h4>\n<ol>\n<li data-leveltext=\"%1.\" data-font=\"Calibri\" data-listid=\"1\" aria-setsize=\"-1\" data-aria-posinset=\"1\" data-aria-level=\"1\"><span data-contrast=\"auto\">Sijoita ACT-3000 huoneeseen, mieluummin yl\u00e4tasolle<\/span><span data-contrast=\"auto\">\u202f<\/span><span data-ccp-props=\"{&quot;134233117&quot;:true,&quot;134233118&quot;:true,&quot;201341983&quot;:0,&quot;335559685&quot;:360,&quot;335559731&quot;:0,&quot;335559740&quot;:240}\">\u00a0<\/span><\/li>\n<li data-leveltext=\"%1.\" data-font=\"Calibri\" data-listid=\"1\" aria-setsize=\"-1\" data-aria-posinset=\"1\" data-aria-level=\"1\"><span data-contrast=\"auto\">Sulje ovet ja ikkunat<\/span><span data-contrast=\"auto\">\u202f<\/span><span data-ccp-props=\"{&quot;134233117&quot;:true,&quot;134233118&quot;:true,&quot;201341983&quot;:0,&quot;335559685&quot;:360,&quot;335559731&quot;:0,&quot;335559740&quot;:240}\">\u00a0<\/span><\/li>\n<li data-leveltext=\"%1.\" data-font=\"Calibri\" data-listid=\"1\" aria-setsize=\"-1\" data-aria-posinset=\"1\" data-aria-level=\"1\"><span data-contrast=\"auto\">Kiinnit\u00e4 ACT-3000 virtasy\u00f6tt\u00f6\u00f6n\u202f<\/span><span data-contrast=\"auto\">\u202f<\/span><span data-ccp-props=\"{&quot;134233117&quot;:true,&quot;134233118&quot;:true,&quot;201341983&quot;:0,&quot;335559685&quot;:360,&quot;335559731&quot;:0,&quot;335559740&quot;:240}\">\u00a0<\/span><\/li>\n<li data-leveltext=\"%1.\" data-font=\"Calibri\" data-listid=\"1\" aria-setsize=\"-1\" data-aria-posinset=\"1\" data-aria-level=\"1\"><span data-contrast=\"auto\">Valitse otsonin tuotannon taso 1-100%<\/span><span data-contrast=\"auto\">\u202f<\/span><span data-ccp-props=\"{&quot;134233117&quot;:true,&quot;134233118&quot;:true,&quot;201341983&quot;:0,&quot;335559685&quot;:360,&quot;335559731&quot;:0,&quot;335559740&quot;:240}\">\u00a0<\/span><\/li>\n<li data-leveltext=\"%1.\" data-font=\"Calibri\" data-listid=\"1\" aria-setsize=\"-1\" data-aria-posinset=\"1\" data-aria-level=\"1\"><span data-contrast=\"auto\">J\u00e4t\u00e4 huoneeseen ja sulje ovi<\/span><span data-contrast=\"auto\">\u202f<\/span><span data-ccp-props=\"{&quot;134233117&quot;:true,&quot;134233118&quot;:true,&quot;201341983&quot;:0,&quot;335559685&quot;:360,&quot;335559731&quot;:0,&quot;335559740&quot;:240}\">\u00a0<\/span><\/li>\n<li data-leveltext=\"%1.\" data-font=\"Calibri\" data-listid=\"1\" aria-setsize=\"-1\" data-aria-posinset=\"1\" data-aria-level=\"1\"><span data-contrast=\"auto\">P\u00e4\u00e4t\u00e4t itse, kuinka pitk\u00e4\u00e4n k\u00e4sittely kest\u00e4\u00e4<\/span><span data-contrast=\"auto\">\u202f<\/span><span data-ccp-props=\"{&quot;134233117&quot;:true,&quot;134233118&quot;:true,&quot;201341983&quot;:0,&quot;335559685&quot;:360,&quot;335559731&quot;:0,&quot;335559740&quot;:240}\">\u00a0<\/span><\/li>\n<li data-leveltext=\"%1.\" data-font=\"Calibri\" data-listid=\"1\" aria-setsize=\"-1\" data-aria-posinset=\"1\" data-aria-level=\"1\"><span data-contrast=\"auto\">\u202fKun haluat lopettaa k\u00e4sittelyn, astu huoneeseen ja sammuta otsonigeneraattori. Avaa ikkuna poistaakseen otsonin nopeammin. Astu ulos huoneesta ja sulje ovi, jotta loppu otsoni hapettuu<\/span><span data-contrast=\"auto\">\u202f<\/span><\/li>\n<li data-leveltext=\"%1.\" data-font=\"Calibri\" data-listid=\"1\" aria-setsize=\"-1\" data-aria-posinset=\"1\" data-aria-level=\"1\"><span data-contrast=\"auto\">Vinkki: On k\u00e4yt\u00e4nn\u00f6llist\u00e4 m\u00e4\u00e4ritt\u00e4\u00e4 k\u00e4sittelyaika pistorasiaan asennettavalla ajastimella<\/span><span data-contrast=\"auto\">\u202f<\/span><span data-ccp-props=\"{&quot;134233117&quot;:true,&quot;134233118&quot;:true,&quot;201341983&quot;:0,&quot;335559685&quot;:360,&quot;335559731&quot;:0,&quot;335559740&quot;:240}\">\u00a0<\/span><\/li>\n<\/ol>\n        <\/div>\n    <\/div>\n<\/div>\n\n<\/section>\n","protected":false},"excerpt":{"rendered":"","protected":false},"author":21,"featured_media":0,"parent":14796,"menu_order":0,"comment_status":"closed","ping_status":"closed","template":"","meta":{"_acf_changed":false,"_seopress_robots_primary_cat":"","_seopress_titles_title":"","_seopress_titles_desc":"Otsoni poistaa homeet erilaisilta pinnoilta kuten matoista, laittioista ja seinist\u00e4, sek\u00e4 vaikeasti puhdistettavista paikoista kuten eristeist\u00e4, tiilist\u00e4 ja laudoista jne.","_seopress_robots_index":"","inline_featured_image":false,"footnotes":""},"class_list":["post-17861","page","type-page","status-publish","hentry"],"acf":[],"_links":{"self":[{"href":"https:\/\/ozonetech.com\/fi\/wp-json\/wp\/v2\/pages\/17861","targetHints":{"allow":["GET"]}}],"collection":[{"href":"https:\/\/ozonetech.com\/fi\/wp-json\/wp\/v2\/pages"}],"about":[{"href":"https:\/\/ozonetech.com\/fi\/wp-json\/wp\/v2\/types\/page"}],"author":[{"embeddable":true,"href":"https:\/\/ozonetech.com\/fi\/wp-json\/wp\/v2\/users\/21"}],"replies":[{"embeddable":true,"href":"https:\/\/ozonetech.com\/fi\/wp-json\/wp\/v2\/comments?post=17861"}],"version-history":[{"count":69,"href":"https:\/\/ozonetech.com\/fi\/wp-json\/wp\/v2\/pages\/17861\/revisions"}],"predecessor-version":[{"id":40624,"href":"https:\/\/ozonetech.com\/fi\/wp-json\/wp\/v2\/pages\/17861\/revisions\/40624"}],"up":[{"embeddable":true,"href":"https:\/\/ozonetech.com\/fi\/wp-json\/wp\/v2\/pages\/14796"}],"wp:attachment":[{"href":"https:\/\/ozonetech.com\/fi\/wp-json\/wp\/v2\/media?parent=17861"}],"curies":[{"name":"wp","href":"https:\/\/api.w.org\/{rel}","templated":true}]}}