{"id":17770,"date":"2020-06-26T09:58:21","date_gmt":"2020-06-26T08:58:21","guid":{"rendered":"https:\/\/ozonetech.com\/hakemukset\/ilmankasittely\/pump-pits\/"},"modified":"2024-10-10T10:33:03","modified_gmt":"2024-10-10T08:33:03","slug":"pumppulaitosten-hajuongelmat","status":"publish","type":"page","link":"https:\/\/ozonetech.com\/fi\/sovellukset\/hajut-ja-desinfiointi\/pumppulaitosten-hajuongelmat\/","title":{"rendered":"Pumppulaitosten hajuongelmat"},"content":{"rendered":"\n<section\n    class=\"block hero hero--regular\"\n    style=\"background-image: url('https:\/\/ozonetech.com\/wp-content\/uploads\/2021\/02\/pump-station-1600x484.jpg'); --hero-opacity: 0.3\"\n>\n\n    <div class=\"container-fluid\">\n\n        <div class=\"content editor_content\">\n                         \n                <h2 class='h2'>Pumppulaitosten hajuongelmat <\/h2>            \n                    <\/div>\n\n            <\/div>\n<\/section>\n\n\n<section class=\"component component_breadcrumbs\">\n\t<div class=\"container-fluid\">\n  \t<\/div>\n<\/section>\n\n\n<section\n    id=\"\"\n    class=\"block content-block\"\n\tstyle=\"--cb-bg: light-gray; --cb-content: #000; padding-top: 30px; padding-bottom: 30px;\"\n>\n    \n\n<div class=\"container-fluid editor_content content content--narrow\">\n    <div class=\"row\">\n        <div class=\"col-12 editor_content\">\n            <h1>Tehokkain tapa pumppulaitosten hajuongelmien k\u00e4sittelyyn on suoraan ongelman l\u00e4hteell\u00e4<\/h1>\n<p class=\"preamble\"><span class=\"TextRun SCXW232061057 BCX4\" lang=\"FI-FI\" xml:lang=\"FI-FI\" data-contrast=\"auto\"><span class=\"NormalTextRun SCXW232061057 BCX4\">Pumppulaitoksista ja pumppukaivoista vapautuu yleens\u00e4 haitallisia hajuja. Otsonilla voidaan minimoida haju<\/span><\/span><span class=\"TextRun SCXW232061057 BCX4\" lang=\"FI-FI\" xml:lang=\"FI-FI\" data-contrast=\"auto\"><span class=\"NormalTextRun SCXW232061057 BCX4\">p\u00e4\u00e4st\u00f6t<\/span><\/span><span class=\"TextRun SCXW232061057 BCX4\" lang=\"FI-FI\" xml:lang=\"FI-FI\" data-contrast=\"auto\"><span class=\"NormalTextRun SCXW232061057 BCX4\">, mik\u00e4li ne ovat haitaksi ymp\u00e4rist\u00f6lle. <\/span><\/span><span class=\"TextRun SCXW232061057 BCX4\" lang=\"FI-FI\" xml:lang=\"FI-FI\" data-contrast=\"auto\"><span class=\"NormalTextRun SCXW232061057 BCX4\">Otsonia tuotetaan pumppulaitoksen l\u00e4heisyydess\u00e4, jonka j\u00e4lkeen se ohjataan jatkuvalla sy\u00f6t\u00f6ll\u00e4 hajua aiheuttavaan <\/span><\/span><span class=\"TextRun SCXW232061057 BCX4\" lang=\"FI-FI\" xml:lang=\"FI-FI\" data-contrast=\"auto\"><span class=\"NormalTextRun SCXW232061057 BCX4\">kohteeseen<\/span><\/span><span class=\"TextRun SCXW232061057 BCX4\" lang=\"EN-US\" xml:lang=\"EN-US\" data-contrast=\"auto\"><span class=\"NormalTextRun SCXW232061057 BCX4\">.<\/span><\/span><\/p>\n        <\/div>\n    <\/div>\n<\/div>\n\n<\/section>\n\n\n\n<section class=\"block product-block\" style=\"--bg: white; --tc: #000000; --button-bg: #299f23; --button-tc: #ffffff; --button-hover-bg: transparent; --button-hover-tc: #299f23;\" >\n    <div class=\"container-fluid\">\n        <div class=\"row justify-content-center top\">\n            <div class=\"col-md-12 editor_content\">\n                                            <\/div>\n        <\/div>\n        <div class=\"row justify-content-center bottom\">\n            <div class=\"col-md-6 editor_content\">\n                <h3>Otsonipuhdistus ACT-3000P avulla<\/h3>\n<p>K\u00e4sittelyyn tarvittavan otsonin m\u00e4\u00e4r\u00e4 riippuu pumppukaivon tilavuudesta ja hajuongelmien tasosta. Pumppukaivoissa k\u00e4sittely voi olla k\u00e4ynniss\u00e4 ymp\u00e4ri vuorokauden parhaan mahdollisen tuloksen saavuttamiseksi. ACT-3000P on helppok\u00e4ytt\u00f6inen ja toimintakustannukset ovat matalat.<\/p>\n<p>ACT-3000P on kehitetty ja valmistettu Ruotsissa Ozonetechin toimesta. Meid\u00e4n r\u00e4\u00e4t\u00e4l\u00f6ityj\u00e4mme ilman- ja vedenk\u00e4sittelyratkaisuja k\u00e4ytet\u00e4\u00e4n maailmalla laajasti eri teollisuuden muodoissa, kuten j\u00e4teveden k\u00e4sittelyss\u00e4, l\u00e4\u00e4keteollisuudessa, panimoissa, kasvihuoneissa ja kauppakeskuksissa. Olemme nopeasti kasvava ja useasti palkittu ymp\u00e4rist\u00f6palvelualan yritys.<\/p>\n<p><em>ACT-3000P malli on kehitetty ammattipuhdistukseen ja teollisuuden desinfiointiin, palvelusektorin k\u00e4ytt\u00f6\u00f6n ja kunnalliselle puolelle.<\/em><\/p>\n\n                            <\/div>\n            <div class=\"col-md-6 text-center\">\n                                    <img loading=\"lazy\" decoding=\"async\" width=\"1181\" height=\"1228\" src=\"https:\/\/ozonetech.com\/wp-content\/uploads\/2021\/03\/Ozonetech-ACT-3000P.jpg\" class=\"attachment-full size-full\" alt=\"\" srcset=\"https:\/\/ozonetech.com\/wp-content\/uploads\/2021\/03\/Ozonetech-ACT-3000P.jpg 1181w, https:\/\/ozonetech.com\/wp-content\/uploads\/2021\/03\/Ozonetech-ACT-3000P-289x300.jpg 289w, https:\/\/ozonetech.com\/wp-content\/uploads\/2021\/03\/Ozonetech-ACT-3000P-985x1024.jpg 985w, https:\/\/ozonetech.com\/wp-content\/uploads\/2021\/03\/Ozonetech-ACT-3000P-768x799.jpg 768w\" sizes=\"auto, (max-width: 1181px) 100vw, 1181px\" \/>                \n                <a href='https:\/\/ozonetech.com\/fi\/tuotteet\/otsonigeneraattorit\/act-sarja\/' class='btn' target=''>Pyyd\u00e4 tarjous<\/a>            <\/div>\n        <\/div>\n    <\/div>\n<\/section>\n\n\n\n<section\n    id=\"\"\n    class=\"block content-block\"\n\tstyle=\"--cb-bg: #e6e6e6; --cb-content: #000; padding-top: 30px; padding-bottom: 30px;\"\n>\n    \n\n<div class=\"container-fluid editor_content content content--narrow\">\n    <div class=\"row\">\n        <div class=\"col-12 editor_content\">\n            <h4><span class=\"TextRun SCXW233724217 BCX4\" lang=\"FI-FI\" xml:lang=\"FI-FI\" data-contrast=\"auto\"><span class=\"NormalTextRun SCXW233724217 BCX4\">Helppo k\u00e4sittely, tee n\u00e4in<\/span><\/span><span class=\"EOP SCXW233724217 BCX4\" data-ccp-props=\"{&quot;201341983&quot;:0,&quot;335559739&quot;:160,&quot;335559740&quot;:259}\">\u00a0<\/span><\/h4>\n<ol>\n<li data-leveltext=\"%1.\" data-font=\"Calibri\" data-listid=\"1\" aria-setsize=\"-1\" data-aria-posinset=\"1\" data-aria-level=\"1\"><span data-contrast=\"auto\">Sijoita ACT-3000<\/span><span data-contrast=\"auto\">P sein\u00e4kiinnikkeeseen<\/span><span data-ccp-props=\"{&quot;134233279&quot;:true,&quot;201341983&quot;:0,&quot;335559739&quot;:160,&quot;335559740&quot;:259}\">\u00a0<\/span><\/li>\n<li data-leveltext=\"%1.\" data-font=\"Calibri\" data-listid=\"1\" aria-setsize=\"-1\" data-aria-posinset=\"1\" data-aria-level=\"1\"><span data-contrast=\"auto\">Yhdist\u00e4 kalvopumppu ja otsonisuutin<\/span><span data-ccp-props=\"{&quot;134233279&quot;:true,&quot;201341983&quot;:0,&quot;335559739&quot;:160,&quot;335559740&quot;:259}\">\u00a0<\/span><\/li>\n<li data-leveltext=\"%1.\" data-font=\"Calibri\" data-listid=\"1\" aria-setsize=\"-1\" data-aria-posinset=\"1\" data-aria-level=\"1\"><span data-contrast=\"auto\">Sy\u00f6t\u00e4 otsonisuutin ilmastointikanavaan<\/span><span data-contrast=\"auto\">\u00a0<\/span><span data-ccp-props=\"{&quot;134233279&quot;:true,&quot;201341983&quot;:0,&quot;335559739&quot;:160,&quot;335559740&quot;:259}\">\u00a0<\/span><\/li>\n<li data-leveltext=\"%1.\" data-font=\"Calibri\" data-listid=\"1\" aria-setsize=\"-1\" data-aria-posinset=\"1\" data-aria-level=\"1\"><span data-contrast=\"auto\">Valitse otsonin tuotannon taso 1-100%<\/span><span data-ccp-props=\"{&quot;134233279&quot;:true,&quot;201341983&quot;:0,&quot;335559739&quot;:160,&quot;335559740&quot;:259}\">\u00a0<\/span><\/li>\n<li data-leveltext=\"%1.\" data-font=\"Calibri\" data-listid=\"1\" aria-setsize=\"-1\" data-aria-posinset=\"1\" data-aria-level=\"1\"><span data-contrast=\"auto\">Tuotanto on yleens\u00e4 k\u00e4ynniss\u00e4 ymp\u00e4ri vuorokauden<\/span><span data-ccp-props=\"{&quot;134233279&quot;:true,&quot;201341983&quot;:0,&quot;335559739&quot;:160,&quot;335559740&quot;:259}\">\u00a0<\/span><\/li>\n<li data-leveltext=\"%1.\" data-font=\"Calibri\" data-listid=\"1\" aria-setsize=\"-1\" data-aria-posinset=\"1\" data-aria-level=\"1\"><span data-contrast=\"auto\">S\u00e4\u00e4d\u00e4 otsonin tuotantoa, mik\u00e4li tarpeellista<\/span><span data-ccp-props=\"{&quot;134233279&quot;:true,&quot;201341983&quot;:0,&quot;335559739&quot;:160,&quot;335559740&quot;:259}\">\u00a0<\/span><\/li>\n<\/ol>\n        <\/div>\n    <\/div>\n<\/div>\n\n<\/section>\n","protected":false},"excerpt":{"rendered":"","protected":false},"author":21,"featured_media":0,"parent":14796,"menu_order":0,"comment_status":"closed","ping_status":"closed","template":"","meta":{"_acf_changed":false,"_seopress_robots_primary_cat":"","_seopress_titles_title":"","_seopress_titles_desc":"Jatkuvalla otsoninsy\u00f6t\u00f6ll\u00e4 voidaan k\u00e4sitell\u00e4 luonnon aiheuttamia ep\u00e4miellytt\u00e4vi\u00e4 hajuja pumppukaivoissa ja pumppuasemilla","_seopress_robots_index":"","inline_featured_image":false,"footnotes":""},"class_list":["post-17770","page","type-page","status-publish","hentry"],"acf":[],"_links":{"self":[{"href":"https:\/\/ozonetech.com\/fi\/wp-json\/wp\/v2\/pages\/17770","targetHints":{"allow":["GET"]}}],"collection":[{"href":"https:\/\/ozonetech.com\/fi\/wp-json\/wp\/v2\/pages"}],"about":[{"href":"https:\/\/ozonetech.com\/fi\/wp-json\/wp\/v2\/types\/page"}],"author":[{"embeddable":true,"href":"https:\/\/ozonetech.com\/fi\/wp-json\/wp\/v2\/users\/21"}],"replies":[{"embeddable":true,"href":"https:\/\/ozonetech.com\/fi\/wp-json\/wp\/v2\/comments?post=17770"}],"version-history":[{"count":28,"href":"https:\/\/ozonetech.com\/fi\/wp-json\/wp\/v2\/pages\/17770\/revisions"}],"predecessor-version":[{"id":40640,"href":"https:\/\/ozonetech.com\/fi\/wp-json\/wp\/v2\/pages\/17770\/revisions\/40640"}],"up":[{"embeddable":true,"href":"https:\/\/ozonetech.com\/fi\/wp-json\/wp\/v2\/pages\/14796"}],"wp:attachment":[{"href":"https:\/\/ozonetech.com\/fi\/wp-json\/wp\/v2\/media?parent=17770"}],"curies":[{"name":"wp","href":"https:\/\/api.w.org\/{rel}","templated":true}]}}