{"id":17766,"date":"2020-06-24T13:26:33","date_gmt":"2020-06-24T12:26:33","guid":{"rendered":"https:\/\/ozonetech.com\/hakemukset\/ilmankasittely\/grease-traps\/"},"modified":"2024-10-09T16:45:50","modified_gmt":"2024-10-09T14:45:50","slug":"rasvaloukkujen-hajuongelmat","status":"publish","type":"page","link":"https:\/\/ozonetech.com\/fi\/sovellukset\/ilmankasittely\/rasvaloukkujen-hajuongelmat\/","title":{"rendered":"Rasvaloukkujen hajuongelmat"},"content":{"rendered":"\n<section\n    class=\"block hero hero--regular\"\n    style=\"background-image: url('https:\/\/ozonetech.com\/wp-content\/uploads\/2021\/02\/grease-trap-1600x484.jpg'); --hero-opacity: 0.2\"\n>\n\n    <div class=\"container-fluid\">\n\n        <div class=\"content editor_content\">\n                         \n                <h2 class='h2'>Rasvaloukkujen hajuongelmat <\/h2>            \n                    <\/div>\n\n            <\/div>\n<\/section>\n\n\n<section class=\"component component_breadcrumbs\">\n\t<div class=\"container-fluid\">\n  \t<\/div>\n<\/section>\n\n\n<section\n    id=\"\"\n    class=\"block content-block\"\n\tstyle=\"--cb-bg: white; --cb-content: #000; padding-top: 30px; padding-bottom: 30px;\"\n>\n    \n\n<div class=\"container-fluid editor_content content content--narrow\">\n    <div class=\"row\">\n        <div class=\"col-12 editor_content\">\n            <h1>Ratkaise rasvanerottimeen liittyv\u00e4t hajuhaittasi kompaktilla ja kest\u00e4v\u00e4ll\u00e4 ratkaisulla<\/h1>\n<p class=\"preamble\"><span data-contrast=\"auto\">Rasvaloukut tekev\u00e4t suuren ty\u00f6n ymp\u00e4rist\u00f6n hyv\u00e4ksi. <\/span><span data-contrast=\"auto\">J\u00e4teveden pienempi<\/span><span data-contrast=\"auto\"> rasvan m\u00e4\u00e4r\u00e4 v\u00e4hent\u00e4\u00e4 ongelmia viem\u00e4riputkistossa, pumppulaitoksissa ja j\u00e4tevedenpuhdistamoissa.\u00a0<\/span><span data-ccp-props=\"{&quot;201341983&quot;:0,&quot;335559739&quot;:160,&quot;335559740&quot;:259}\">\u00a0<\/span><\/p>\n<p><span data-contrast=\"auto\">Mutta rasvaloukut <\/span><span data-contrast=\"auto\">synnytt\u00e4v\u00e4t<\/span><span data-contrast=\"auto\"> ymp\u00e4rist\u00f6\u00f6n hajuja, jotka levi\u00e4v\u00e4t <\/span><span data-contrast=\"auto\">ilmastointi- ja tuuletuskanavien kautta ja useasi suoraan huoneesta, jossa rasvaloukku sijaitsee. T\u00e4m\u00e4 voi aiheuttaa ongelmia l\u00e4hist\u00f6ss\u00e4 asuville.\u00a0<\/span><span data-ccp-props=\"{&quot;201341983&quot;:0,&quot;335559739&quot;:160,&quot;335559740&quot;:259}\">\u00a0<\/span><\/p>\n<p><span data-contrast=\"auto\">Hajuongelma voidaan helposti <\/span><span data-contrast=\"auto\">ratkaista <\/span><span data-contrast=\"auto\">jatkuvan otsonisy\u00f6t\u00f6n avulla. Hajujen lis\u00e4ksi my\u00f6s mikro-organismien, bakteereiden ja virusten m\u00e4\u00e4r\u00e4\u00e4 voidaan tehokkaasti v\u00e4hent\u00e4\u00e4 ilman mit\u00e4\u00e4n kemiallisia sivutuotteita. Otsonin sy\u00f6t\u00f6<\/span><span data-contrast=\"auto\">ll\u00e4 <\/span><span data-contrast=\"auto\">voidaan huomattavasti v\u00e4hent\u00e4\u00e4 hajup\u00e4\u00e4st\u00f6j\u00e4, samalla tilan hygieniatasoa kasvattaen.\u00a0<\/span><span data-ccp-props=\"{&quot;201341983&quot;:0,&quot;335559739&quot;:160,&quot;335559740&quot;:259}\">\u00a0<\/span><\/p>\n<p><span data-contrast=\"auto\">EN1825-1 standardin mukaisesti rasvaloukku tulee olla asennettuna, mik\u00e4li on olemassa riski <\/span><span data-contrast=\"auto\">raja-arvot ylitt\u00e4v\u00e4n rasvam\u00e4r\u00e4n vapautumisesta viem\u00e4riin. Useimmissa tapauksissa rasvaloukkujen asennusta edellytet\u00e4\u00e4n kiinteist\u00f6ilt\u00e4, joissa on ravintoloita tai suuria keitti\u00f6it\u00e4 vuokralaisina.<\/span><\/p>\n        <\/div>\n    <\/div>\n<\/div>\n\n<\/section>\n\n\n\n<section class=\"block product-block\" style=\"--bg: white; --tc: #000000; --button-bg: #299f23; --button-tc: #ffffff; --button-hover-bg: transparent; --button-hover-tc: #299f23;\" >\n    <div class=\"container-fluid\">\n        <div class=\"row justify-content-center top\">\n            <div class=\"col-md-12 editor_content\">\n                                            <\/div>\n        <\/div>\n        <div class=\"row justify-content-center bottom\">\n            <div class=\"col-md-6 editor_content\">\n                <h3><span class=\"TextRun SCXW101940724 BCX4\" lang=\"FI-FI\" xml:lang=\"FI-FI\" data-contrast=\"auto\"><span class=\"NormalTextRun SCXW101940724 BCX4\">Otsonipuhdistus ACT-3000<\/span><\/span><span class=\"TextRun SCXW101940724 BCX4\" lang=\"FI-FI\" xml:lang=\"FI-FI\" data-contrast=\"auto\"><span class=\"NormalTextRun SCXW101940724 BCX4\">P<\/span><\/span><span class=\"TextRun SCXW101940724 BCX4\" lang=\"FI-FI\" xml:lang=\"FI-FI\" data-contrast=\"auto\"><span class=\"NormalTextRun SCXW101940724 BCX4\"> avulla<\/span><\/span><span class=\"EOP SCXW101940724 BCX4\" data-ccp-props=\"{&quot;201341983&quot;:0,&quot;335559739&quot;:160,&quot;335559740&quot;:259}\">\u00a0<\/span><\/h3>\n<p><span data-contrast=\"auto\">Puhdistukseen tarvittavan otsonin m\u00e4\u00e4r\u00e4<\/span> <span data-contrast=\"auto\">s\u00e4\u00e4det\u00e4\u00e4n hajuongelman vakavuuden mukaan. Otsonia sy\u00f6tet\u00e4\u00e4n kohteeseen vuorokauden ymp\u00e4ri. ACT-3000P on helppok\u00e4ytt\u00f6inen ja k\u00e4ytt\u00f6kustannukset ovat matalat.\u00a0<\/span><span data-ccp-props=\"{&quot;201341983&quot;:0,&quot;335559738&quot;:240,&quot;335559739&quot;:160,&quot;335559740&quot;:259}\">\u00a0<\/span><\/p>\n<p><span data-contrast=\"auto\">ACT-3000P <\/span><span data-contrast=\"auto\">on <\/span><span data-contrast=\"auto\">kehitetty<\/span><span data-contrast=\"auto\"> ja <\/span><span data-contrast=\"auto\">valmistettu<\/span> <span data-contrast=\"auto\">Ruotsissa <\/span><span data-contrast=\"auto\">Ozonetechin<\/span><span data-contrast=\"auto\"> toimesta. Meid\u00e4n r\u00e4\u00e4t\u00e4l\u00f6ityj\u00e4mme ilman- ja vedenk\u00e4sittelyratkaisuja k\u00e4ytet\u00e4\u00e4n maailmalla laajasti eri teollisuuden muodoissa, kuten j\u00e4teveden k\u00e4sittelyss\u00e4, l\u00e4\u00e4keteollisuudessa, panimoissa, kasvihuoneissa ja kauppakeskuksissa. Olemme nopeasti kasvava ja useasti palkittu ymp\u00e4rist\u00f6palvelualan yritys.<\/span><\/p>\n<p><em>ACT-3000P malli on kehitetty ammattipuhdistukseen ja teollisuuden desinfiointiin, palvelusektorin k\u00e4ytt\u00f6\u00f6n ja kunnalliselle puolelle.<\/em><\/p>\n\n                            <\/div>\n            <div class=\"col-md-6 text-center\">\n                                    <img loading=\"lazy\" decoding=\"async\" width=\"425\" height=\"417\" src=\"https:\/\/ozonetech.com\/wp-content\/uploads\/2021\/02\/Ozonetech-ACT-3000P-425-2.png\" class=\"attachment-full size-full\" alt=\"ACT-3000P\" srcset=\"https:\/\/ozonetech.com\/wp-content\/uploads\/2021\/02\/Ozonetech-ACT-3000P-425-2.png 425w, https:\/\/ozonetech.com\/wp-content\/uploads\/2021\/02\/Ozonetech-ACT-3000P-425-2-300x294.png 300w\" sizes=\"auto, (max-width: 425px) 100vw, 425px\" \/>                \n                <a href='https:\/\/ozonetech.com\/fi\/tuotteet\/otsonigeneraattorit\/act-sarja\/' class='btn' target=''>Pyyd\u00e4 tarjous<\/a>            <\/div>\n        <\/div>\n    <\/div>\n<\/section>\n\n\n\n<section\n    id=\"\"\n    class=\"block content-block\"\n\tstyle=\"--cb-bg: #e6e6e6; --cb-content: #000; padding-top: 30px; padding-bottom: 30px;\"\n>\n    \n\n<div class=\"container-fluid editor_content content content--narrow\">\n    <div class=\"row\">\n        <div class=\"col-12 editor_content\">\n            <h4><span class=\"TextRun SCXW140639544 BCX4\" lang=\"FI-FI\" xml:lang=\"FI-FI\" data-contrast=\"auto\"><span class=\"NormalTextRun SCXW140639544 BCX4\">Helppo k\u00e4sittely, tee n\u00e4in<\/span><\/span><span class=\"EOP SCXW140639544 BCX4\" data-ccp-props=\"{&quot;201341983&quot;:0,&quot;335559739&quot;:160,&quot;335559740&quot;:259}\">\u00a0<\/span><\/h4>\n<ol>\n<li data-leveltext=\"%1.\" data-font=\"Calibri\" data-listid=\"1\" aria-setsize=\"-1\" data-aria-posinset=\"1\" data-aria-level=\"1\"><span data-contrast=\"auto\">Sijoita ACT-3000<\/span><span data-contrast=\"auto\">P sein\u00e4kiinnikkeeseen<\/span><span data-ccp-props=\"{&quot;134233279&quot;:true,&quot;201341983&quot;:0,&quot;335559739&quot;:160,&quot;335559740&quot;:259}\">\u00a0<\/span><\/li>\n<li data-leveltext=\"%1.\" data-font=\"Calibri\" data-listid=\"1\" aria-setsize=\"-1\" data-aria-posinset=\"1\" data-aria-level=\"1\"><span data-contrast=\"auto\">Yhdist\u00e4 kalvopumppu ja otsonisuutin<\/span><span data-ccp-props=\"{&quot;134233279&quot;:true,&quot;201341983&quot;:0,&quot;335559739&quot;:160,&quot;335559740&quot;:259}\">\u00a0<\/span><\/li>\n<li data-leveltext=\"%1.\" data-font=\"Calibri\" data-listid=\"1\" aria-setsize=\"-1\" data-aria-posinset=\"1\" data-aria-level=\"1\"><span data-contrast=\"auto\">Sy\u00f6t\u00e4 otsonisuutin ilmastointikanavaan<\/span><span data-contrast=\"auto\">\u00a0<\/span><span data-ccp-props=\"{&quot;134233279&quot;:true,&quot;201341983&quot;:0,&quot;335559739&quot;:160,&quot;335559740&quot;:259}\">\u00a0<\/span><\/li>\n<li data-leveltext=\"%1.\" data-font=\"Calibri\" data-listid=\"1\" aria-setsize=\"-1\" data-aria-posinset=\"1\" data-aria-level=\"1\"><span data-contrast=\"auto\">Valitse otsonin tuotannon taso 1-100%<\/span><\/li>\n<li data-leveltext=\"%1.\" data-font=\"Calibri\" data-listid=\"1\" aria-setsize=\"-1\" data-aria-posinset=\"1\" data-aria-level=\"1\"><span data-contrast=\"auto\">Tuotanto on yleens\u00e4 k\u00e4ynniss\u00e4 ymp\u00e4ri vuorokauden<\/span><span data-ccp-props=\"{&quot;134233279&quot;:true,&quot;201341983&quot;:0,&quot;335559739&quot;:160,&quot;335559740&quot;:259}\">\u00a0<\/span><\/li>\n<li data-leveltext=\"%1.\" data-font=\"Calibri\" data-listid=\"1\" aria-setsize=\"-1\" data-aria-posinset=\"1\" data-aria-level=\"1\"><span data-contrast=\"auto\">S\u00e4\u00e4d\u00e4 otsonin <\/span><span data-contrast=\"auto\">tuotantoa,<\/span><span data-contrast=\"auto\"> mik\u00e4li tarpeellista<\/span><span data-ccp-props=\"{&quot;134233279&quot;:true,&quot;201341983&quot;:0,&quot;335559739&quot;:160,&quot;335559740&quot;:259}\">\u00a0<\/span><\/li>\n<\/ol>\n        <\/div>\n    <\/div>\n<\/div>\n\n<\/section>\n","protected":false},"excerpt":{"rendered":"","protected":false},"author":21,"featured_media":0,"parent":14760,"menu_order":0,"comment_status":"closed","ping_status":"closed","template":"","meta":{"_acf_changed":false,"_seopress_robots_primary_cat":"","_seopress_titles_title":"","_seopress_titles_desc":"Suuri osa rasvanerottimien levitt\u00e4mist\u00e4 ep\u00e4miellytt\u00e4vist\u00e4 hajuista voidaan poistaa otsonoinnilla, parantaen samalla merkitt\u00e4v\u00e4sti tilan tyleist\u00e4 hygieniaa","_seopress_robots_index":"","inline_featured_image":false,"footnotes":""},"class_list":["post-17766","page","type-page","status-publish","hentry"],"acf":[],"_links":{"self":[{"href":"https:\/\/ozonetech.com\/fi\/wp-json\/wp\/v2\/pages\/17766","targetHints":{"allow":["GET"]}}],"collection":[{"href":"https:\/\/ozonetech.com\/fi\/wp-json\/wp\/v2\/pages"}],"about":[{"href":"https:\/\/ozonetech.com\/fi\/wp-json\/wp\/v2\/types\/page"}],"author":[{"embeddable":true,"href":"https:\/\/ozonetech.com\/fi\/wp-json\/wp\/v2\/users\/21"}],"replies":[{"embeddable":true,"href":"https:\/\/ozonetech.com\/fi\/wp-json\/wp\/v2\/comments?post=17766"}],"version-history":[{"count":19,"href":"https:\/\/ozonetech.com\/fi\/wp-json\/wp\/v2\/pages\/17766\/revisions"}],"predecessor-version":[{"id":40189,"href":"https:\/\/ozonetech.com\/fi\/wp-json\/wp\/v2\/pages\/17766\/revisions\/40189"}],"up":[{"embeddable":true,"href":"https:\/\/ozonetech.com\/fi\/wp-json\/wp\/v2\/pages\/14760"}],"wp:attachment":[{"href":"https:\/\/ozonetech.com\/fi\/wp-json\/wp\/v2\/media?parent=17766"}],"curies":[{"name":"wp","href":"https:\/\/api.w.org\/{rel}","templated":true}]}}