{"id":17759,"date":"2020-06-24T12:50:10","date_gmt":"2020-06-24T12:50:10","guid":{"rendered":"https:\/\/ozonetech.com\/hakemukset\/hajut-ja-desinfiointi\/garbage-rooms\/"},"modified":"2024-10-22T09:11:33","modified_gmt":"2024-10-22T07:11:33","slug":"jatehuoneiden-hajuongelmat","status":"publish","type":"page","link":"https:\/\/ozonetech.com\/fi\/sovellukset\/hajut-ja-desinfiointi\/jatehuoneiden-hajuongelmat\/","title":{"rendered":"J\u00e4tehuoneiden hajuongelmat"},"content":{"rendered":"\n<section\n    class=\"block hero hero--regular\"\n    style=\"background-image: url('https:\/\/ozonetech.com\/wp-content\/uploads\/2024\/10\/garbage-rooms-1.png'); --hero-opacity: 0.3\"\n>\n\n    <div class=\"container-fluid\">\n\n        <div class=\"content editor_content\">\n                         \n                <h2 class='h2'>J\u00e4tehuoneiden hajuongelmat <\/h2>            \n                    <\/div>\n\n            <\/div>\n<\/section>\n\n\n<section class=\"component component_breadcrumbs\">\n\t<div class=\"container-fluid\">\n  \t<\/div>\n<\/section>\n\n\n<section\n    id=\"\"\n    class=\"block content-block\"\n\tstyle=\"--cb-bg: light-gray; --cb-content: #000; padding-top: 30px; padding-bottom: 30px;\"\n>\n    \n\n<div class=\"container-fluid editor_content content content--narrow\">\n    <div class=\"row\">\n        <div class=\"col-12 editor_content\">\n            <h1>Kest\u00e4v\u00e4 ja kustannustehokas ja ratkaisu hajuhaittoihin j\u00e4tteenker\u00e4ystiloissa<\/h1>\n<p class=\"preamble\"><span data-contrast=\"auto\">J\u00e4tehuoneissa, kierr\u00e4tyskeskuksissa ja j\u00e4tteenker\u00e4yspisteiss\u00e4 yleens\u00e4 esiintyy hajuongelmia. Jatkuvasti kiristyvien kierr\u00e4tysvaatimusten takia asukkaiden on k\u00e4yt\u00e4v\u00e4 n\u00e4iss\u00e4 tiloissa aiempaa useammin. Samalla j\u00e4tehuoltoa tehd\u00e4\u00e4n aiempaa ep\u00e4s\u00e4\u00e4nn\u00f6llisemmin, mik\u00e4 <\/span><span data-contrast=\"auto\">laskee hygienian tasoa ja aiheuttaa hajuhaittoja.<\/span><\/p>\n<p><span data-contrast=\"auto\">Vuonna 2009 Ruotsissa luovuttiin vaatimuksesta, joka edellytti j\u00e4tehuoneiden j\u00e4\u00e4hdytyst\u00e4 est\u00e4\u00e4kseen virusten ja bakteerien kasvua. Siit\u00e4 l\u00e4htien olemme auttaneet satoja kiinteist\u00f6omistajia, asunto-osakeyhti\u00f6it\u00e4 ja teollisuuksia pit\u00e4m\u00e4\u00e4n j\u00e4tteenker\u00e4ystilat puhtaina. Vaihtamalla otsonik\u00e4sittelyyn kiinteist\u00f6t ovat s\u00e4\u00e4st\u00e4neet tuhansia euroja s\u00e4hk\u00f6kustannuksissa.\u00a0<\/span><span data-ccp-props=\"{&quot;201341983&quot;:0,&quot;335559739&quot;:160,&quot;335559740&quot;:259}\">\u00a0<\/span><\/p>\n<p><span data-contrast=\"auto\">ACT-3000 k\u00e4sittelee ilman otsonilla. Laite kiinnitet\u00e4\u00e4n <\/span><span data-contrast=\"auto\">telineen avulla huoneen sein\u00e4n yl\u00e4tasolle. Otsoni pilkkoo viruksia, bakteereita ja minimoi j\u00e4tteest\u00e4 aiheutuvaa hajua. Toiminta on t\u00e4ysin automaattinen ja k\u00e4ytt\u00f6kustannukset matalat. Otsonia tuotetaan yleens\u00e4 ymp\u00e4ri vuorokauden. Tuotetun otsonin m\u00e4\u00e4r\u00e4 on hyvin pieni eik\u00e4 se vaikuta ihmisiin tai el\u00e4imiin.<\/span><span data-ccp-props=\"{&quot;201341983&quot;:0,&quot;335559739&quot;:160,&quot;335559740&quot;:259}\">\u00a0<\/span><\/p>\n        <\/div>\n    <\/div>\n<\/div>\n\n<\/section>\n\n\n\n<section class=\"block product-block\" style=\"--bg: white; --tc: #000000; --button-bg: #299f23; --button-tc: #ffffff; --button-hover-bg: transparent; --button-hover-tc: #299f23;\" >\n    <div class=\"container-fluid\">\n        <div class=\"row justify-content-center top\">\n            <div class=\"col-md-12 editor_content\">\n                                            <\/div>\n        <\/div>\n        <div class=\"row justify-content-center bottom\">\n            <div class=\"col-md-6 editor_content\">\n                <h3>Otsonipuhdistus ACT-3000 avulla<\/h3>\n<p>Otsonin tarve riippuu huoneen tilavuudesta ja hajuongelman mittakaavasta. K\u00e4sittely voi olla jatkuvaa tai se voidaan k\u00e4ynnist\u00e4\u00e4 tarpeen vaatiessa. Otsonigeneraattori on helppok\u00e4ytt\u00f6inen ja toimintakustannukset ovat matalat.<\/p>\n<p>ACT-3000 on kehitetty ja valmistettu Ruotsissa Ozonetechin toimesta. Meid\u00e4n r\u00e4\u00e4t\u00e4l\u00f6ityj\u00e4mme ilman- ja vedenk\u00e4sittelyratkaisuja k\u00e4ytet\u00e4\u00e4n maailmalla laajasti eri teollisuuden muodoissa, kuten j\u00e4teveden k\u00e4sittelyss\u00e4, l\u00e4\u00e4keteollisuudessa, panimoissa, kasvihuoneissa ja kauppakeskuksissa. Olemme nopeasti kasvava ja useasti palkittu ymp\u00e4rist\u00f6palvelualan yritys.<\/p>\n<p><em>ACT-3000 ja ACT-3000P mallit ovat kehitetty ammattipuhdistukseen ja teollisuuden desinfiointiin, palvelusektorin k\u00e4ytt\u00f6\u00f6n ja kunnalliselle puolelle.<\/em><\/p>\n\n                            <\/div>\n            <div class=\"col-md-6 text-center\">\n                                    <img loading=\"lazy\" decoding=\"async\" width=\"1153\" height=\"1132\" src=\"https:\/\/ozonetech.com\/wp-content\/uploads\/2021\/02\/Ozonetech-ACT-3000-5.png\" class=\"attachment-full size-full\" alt=\"\" srcset=\"https:\/\/ozonetech.com\/wp-content\/uploads\/2021\/02\/Ozonetech-ACT-3000-5.png 1153w, https:\/\/ozonetech.com\/wp-content\/uploads\/2021\/02\/Ozonetech-ACT-3000-5-300x295.png 300w, https:\/\/ozonetech.com\/wp-content\/uploads\/2021\/02\/Ozonetech-ACT-3000-5-1024x1005.png 1024w, https:\/\/ozonetech.com\/wp-content\/uploads\/2021\/02\/Ozonetech-ACT-3000-5-768x754.png 768w\" sizes=\"auto, (max-width: 1153px) 100vw, 1153px\" \/>                \n                <a href='https:\/\/ozonetech.com\/fi\/tuotteet\/otsonigeneraattorit\/act-sarja\/' class='btn' target=''>Pyyd\u00e4 tarjous<\/a>            <\/div>\n        <\/div>\n    <\/div>\n<\/section>\n\n\n\n<section\n    id=\"\"\n    class=\"block content-block\"\n\tstyle=\"--cb-bg: #e6e6e6; --cb-content: #000; padding-top: 30px; padding-bottom: 30px;\"\n>\n    \n\n<div class=\"container-fluid editor_content content content--narrow\">\n    <div class=\"row\">\n        <div class=\"col-12 editor_content\">\n            <h4><span class=\"TextRun SCXW115427017 BCX4\" lang=\"FI-FI\" xml:lang=\"FI-FI\" data-contrast=\"auto\"><span class=\"NormalTextRun SCXW115427017 BCX4\">Helppo k\u00e4sittely, tee n\u00e4in<\/span><\/span><span class=\"EOP SCXW115427017 BCX4\" data-ccp-props=\"{&quot;201341983&quot;:0,&quot;335559739&quot;:160,&quot;335559740&quot;:259}\">\u00a0<\/span><\/h4>\n<ol>\n<li data-leveltext=\"%1.\" data-font=\"Calibri\" data-listid=\"1\" aria-setsize=\"-1\" data-aria-posinset=\"1\" data-aria-level=\"1\"><span data-contrast=\"auto\">Sijoita ACT-3000 huoneeseen, mieluummin yl\u00e4tasolle<\/span><span data-ccp-props=\"{&quot;134233279&quot;:true,&quot;201341983&quot;:0,&quot;335559739&quot;:160,&quot;335559740&quot;:259}\">\u00a0<\/span><\/li>\n<li data-leveltext=\"%1.\" data-font=\"Calibri\" data-listid=\"1\" aria-setsize=\"-1\" data-aria-posinset=\"1\" data-aria-level=\"1\"><span data-contrast=\"auto\">Sulje ovet ja ikkunat<\/span><span data-ccp-props=\"{&quot;134233279&quot;:true,&quot;201341983&quot;:0,&quot;335559739&quot;:160,&quot;335559740&quot;:259}\">\u00a0<\/span><\/li>\n<li data-leveltext=\"%1.\" data-font=\"Calibri\" data-listid=\"1\" aria-setsize=\"-1\" data-aria-posinset=\"1\" data-aria-level=\"1\"><span data-contrast=\"auto\">Kiinnit\u00e4 ACT-3000 virtasy\u00f6tt\u00f6\u00f6n\u00a0<\/span><span data-ccp-props=\"{&quot;134233279&quot;:true,&quot;201341983&quot;:0,&quot;335559739&quot;:160,&quot;335559740&quot;:259}\">\u00a0<\/span><\/li>\n<li data-leveltext=\"%1.\" data-font=\"Calibri\" data-listid=\"1\" aria-setsize=\"-1\" data-aria-posinset=\"1\" data-aria-level=\"1\"><span data-contrast=\"auto\">Valitse otsonin tuotannon taso 1-100%<\/span><span data-ccp-props=\"{&quot;134233279&quot;:true,&quot;201341983&quot;:0,&quot;335559739&quot;:160,&quot;335559740&quot;:259}\">\u00a0<\/span><\/li>\n<li data-leveltext=\"%1.\" data-font=\"Calibri\" data-listid=\"1\" aria-setsize=\"-1\" data-aria-posinset=\"1\" data-aria-level=\"1\"><span data-contrast=\"auto\">J\u00e4t\u00e4 huoneeseen ja sulje ovi<\/span><\/li>\n<li data-leveltext=\"%1.\" data-font=\"Calibri\" data-listid=\"1\" aria-setsize=\"-1\" data-aria-posinset=\"1\" data-aria-level=\"1\"><span data-contrast=\"auto\">P\u00e4\u00e4t\u00e4t itse, kuinka pitk\u00e4\u00e4n k\u00e4sittely kest\u00e4\u00e4<\/span><span data-ccp-props=\"{&quot;134233279&quot;:true,&quot;201341983&quot;:0,&quot;335559739&quot;:160,&quot;335559740&quot;:259}\">\u00a0<\/span><\/li>\n<li data-leveltext=\"%1.\" data-font=\"Calibri\" data-listid=\"1\" aria-setsize=\"-1\" data-aria-posinset=\"1\" data-aria-level=\"1\"><span data-contrast=\"auto\">Kun haluat lopettaa k\u00e4sittelyn, astu huoneeseen ja sammuta otsonigeneraattori. Avaa ikkuna poistaakseen otsonin nopeammin. Astu ulos huoneesta ja sulje ovi, jotta loppu otsoni hapettuu<\/span><span data-ccp-props=\"{&quot;134233279&quot;:true,&quot;201341983&quot;:0,&quot;335559739&quot;:160,&quot;335559740&quot;:259}\">\u00a0<\/span><\/li>\n<li data-leveltext=\"%1.\" data-font=\"Calibri\" data-listid=\"1\" aria-setsize=\"-1\" data-aria-posinset=\"1\" data-aria-level=\"1\"><span data-contrast=\"auto\">Vinkki: On k\u00e4yt\u00e4nn\u00f6llist\u00e4 m\u00e4\u00e4ritt\u00e4\u00e4 k\u00e4sittelyaika pistorasiaan asennettavalla ajastimella<\/span><span data-ccp-props=\"{&quot;134233279&quot;:true,&quot;201341983&quot;:0,&quot;335559739&quot;:160,&quot;335559740&quot;:259}\">\u00a0<\/span><\/li>\n<\/ol>\n        <\/div>\n    <\/div>\n<\/div>\n\n<\/section>\n","protected":false},"excerpt":{"rendered":"","protected":false},"author":21,"featured_media":0,"parent":14796,"menu_order":0,"comment_status":"closed","ping_status":"closed","template":"","meta":{"_acf_changed":false,"_seopress_robots_primary_cat":"","_seopress_titles_title":"","_seopress_titles_desc":"Olemme auttaneet satoja kiinteist\u00f6nomistajia, taloyhti\u00f6it\u00e4 ja teollisuuden toimijoita j\u00e4tteiden ker\u00e4yksen ja k\u00e4sittelyn aihuttamien hajujen v\u00e4hentmisess\u00e4","_seopress_robots_index":"","inline_featured_image":false,"footnotes":""},"class_list":["post-17759","page","type-page","status-publish","hentry"],"acf":[],"_links":{"self":[{"href":"https:\/\/ozonetech.com\/fi\/wp-json\/wp\/v2\/pages\/17759","targetHints":{"allow":["GET"]}}],"collection":[{"href":"https:\/\/ozonetech.com\/fi\/wp-json\/wp\/v2\/pages"}],"about":[{"href":"https:\/\/ozonetech.com\/fi\/wp-json\/wp\/v2\/types\/page"}],"author":[{"embeddable":true,"href":"https:\/\/ozonetech.com\/fi\/wp-json\/wp\/v2\/users\/21"}],"replies":[{"embeddable":true,"href":"https:\/\/ozonetech.com\/fi\/wp-json\/wp\/v2\/comments?post=17759"}],"version-history":[{"count":36,"href":"https:\/\/ozonetech.com\/fi\/wp-json\/wp\/v2\/pages\/17759\/revisions"}],"predecessor-version":[{"id":41676,"href":"https:\/\/ozonetech.com\/fi\/wp-json\/wp\/v2\/pages\/17759\/revisions\/41676"}],"up":[{"embeddable":true,"href":"https:\/\/ozonetech.com\/fi\/wp-json\/wp\/v2\/pages\/14796"}],"wp:attachment":[{"href":"https:\/\/ozonetech.com\/fi\/wp-json\/wp\/v2\/media?parent=17759"}],"curies":[{"name":"wp","href":"https:\/\/api.w.org\/{rel}","templated":true}]}}