{"id":17609,"date":"2020-12-03T14:52:07","date_gmt":"2020-12-03T14:52:07","guid":{"rendered":"https:\/\/ozonetech.com\/home\/"},"modified":"2025-01-03T15:02:51","modified_gmt":"2025-01-03T14:02:51","slug":"home","status":"publish","type":"page","link":"https:\/\/ozonetech.com\/fi\/","title":{"rendered":""},"content":{"rendered":"\n<section class=\"hero-carousel-block\">\n  <div class=\"hero-carousel\">\n                  <div class=\"content\">\n          <div class=\"bg-one\" style=\"background-image: url('https:\/\/ozonetech.com\/wp-content\/uploads\/2021\/03\/OTS-carousel-2021-2-EN-3.jpg');\">\n            <div class=\"full-opacity\">\n              <div class=\"opacity\" style=\"opacity: 0.2;\"><\/div>\n              <div class=\"hero-carousel-content\" style=\"display: none;\">\n                <h1 style=\"color: ;\">Puhdistamme ilmaa ja vett\u00e4 46 maassa<\/h1>\n                              <\/div>\n            <\/div>\n          <\/div>\n        <\/div>\n                        <div class=\"content\">\n          <div class=\"bg-one\" style=\"background-image: url('https:\/\/ozonetech.com\/wp-content\/uploads\/2024\/10\/rena-vivo-delivery-2-front.png');\">\n            <div class=\"full-opacity\">\n              <div class=\"opacity\" style=\"opacity: 0;\"><\/div>\n              <div class=\"hero-carousel-content\" style=\"display: none;\">\n                <h1 style=\"color: ;\">Ozonetech on osa Mellifiq konsernia<\/h1>\n                <p style=\"text-align: center;\">Pit\u00e4en sis\u00e4ll\u00e4\u00e4n samanlaisen premium valikoiman otsonigeneraattoreita,<br \/>\nj\u00e4rjestelmi\u00e4 sek\u00e4 muita laitteita ja sensoreita<\/p>\n<p><a href=\"https:\/\/mellifiq.com\/\" target=\"_blank\" rel=\"noopener\"><img loading=\"lazy\" decoding=\"async\" class=\"size-medium wp-image-25427 aligncenter\" src=\"https:\/\/ozonetech.com\/wp-content\/uploads\/2021\/03\/Mellifiq-logo-rgb-vit-300x109.png\" alt=\"\" width=\"300\" height=\"109\" srcset=\"https:\/\/ozonetech.com\/wp-content\/uploads\/2021\/03\/Mellifiq-logo-rgb-vit-300x109.png 300w, https:\/\/ozonetech.com\/wp-content\/uploads\/2021\/03\/Mellifiq-logo-rgb-vit-1024x372.png 1024w, https:\/\/ozonetech.com\/wp-content\/uploads\/2021\/03\/Mellifiq-logo-rgb-vit-768x279.png 768w, https:\/\/ozonetech.com\/wp-content\/uploads\/2021\/03\/Mellifiq-logo-rgb-vit-1536x558.png 1536w, https:\/\/ozonetech.com\/wp-content\/uploads\/2021\/03\/Mellifiq-logo-rgb-vit-2048x744.png 2048w\" sizes=\"auto, (max-width: 300px) 100vw, 300px\" \/><\/a><\/p>\n              <\/div>\n            <\/div>\n          <\/div>\n        <\/div>\n                        <div class=\"content\">\n          <div class=\"bg-one\" style=\"background-image: url('https:\/\/ozonetech.com\/wp-content\/uploads\/2021\/10\/Lecture-2.png');\">\n            <div class=\"full-opacity\">\n              <div class=\"opacity\" style=\"opacity: 0;\"><\/div>\n              <div class=\"hero-carousel-content\" style=\"display: none;\">\n                <h1 style=\"color: #000000;\">Haluatko oppia lis\u00e4\u00e4?<\/h1>\n                <p><img loading=\"lazy\" decoding=\"async\" class=\"alignnone wp-image-38883 size-medium aligncenter\" src=\"https:\/\/ozonetech.com\/wp-content\/uploads\/2021\/10\/MellifiqAcademy_blue_laying-1-300x45.png\" alt=\"\" width=\"300\" height=\"45\" srcset=\"https:\/\/ozonetech.com\/wp-content\/uploads\/2021\/10\/MellifiqAcademy_blue_laying-1-300x45.png 300w, https:\/\/ozonetech.com\/wp-content\/uploads\/2021\/10\/MellifiqAcademy_blue_laying-1-1024x154.png 1024w, https:\/\/ozonetech.com\/wp-content\/uploads\/2021\/10\/MellifiqAcademy_blue_laying-1-768x115.png 768w, https:\/\/ozonetech.com\/wp-content\/uploads\/2021\/10\/MellifiqAcademy_blue_laying-1.png 1313w\" sizes=\"auto, (max-width: 300px) 100vw, 300px\" \/><\/p>\n<h3 style=\"text-align: center;\"><span style=\"color: #000000;\">Vi delar v\u00e5r kunskap<\/span><\/h3>\n              <\/div>\n            <\/div>\n          <\/div>\n        <\/div>\n            <\/div>\n<\/section>\n\n\n\n<section class=\"block our-projects-block\" style=\"--fill-bg: #299f23; --bg: #e6e6e6; --tc: #000000; --product-bg: #ffffff; --product-tc: #000000; --button-bg: ; --button-tc: ; --button-hover-bg: ; --button-hover-tc: ;\">\n    <div class=\"container-fluid container-max-width\">\n                  <div class=\"content\" style=\"text-align: center;\">\n                    <h2 class='h2'>Tuotteet, ratkaisut ja j\u00e4rjestelm\u00e4t<\/h2>            <p class=\"preamble\" style=\"text-align: left;\">Ozonetech on innovatiivinen, maailmalla tunnettu br\u00e4ndi, joka tarjoaa t\u00e4ydellisen valikoiman huippuluokan otsoni- ja hapetusratkaisuja ja tuotteita. Valmistamme j\u00e4rjestelmi\u00e4 ilman- ja vedenk\u00e4sittelyyn erilaisiin teollisiin ja julkisiin kohteisiin.<\/p>\n<p class=\"preamble\" style=\"text-align: left;\">Olemme ker\u00e4nneet yhteens\u00e4 yli 40 vuoden kokemuksen ja tietotaidon edistyneiden otsoni- ja hapetusratkaisujen ja -j\u00e4rjestelmien suunnittelusta, valmistuksesta ja k\u00e4yt\u00e4nn\u00f6n toteutuksesta, voidaksemme kehitt\u00e4\u00e4 kest\u00e4v\u00e4ll\u00e4 pohjalla toimivat, tehokkaimmat sovellukset, jotka paitsi ratkaisevat asiakkaidemme ongelman, my\u00f6s luovat todellista arvoa asiakkaidemme liiketoiminnalle ja v\u00e4hent\u00e4\u00e4 sen ymp\u00e4rist\u00f6vaikutuksia.<\/p>\n        <\/div>\n                <div class=\"our-projects\">\n                          <a href=\"https:\/\/ozonetech.com\/fi\/tuotteet\/otsonigeneraattorit\/\">\n                <div class=\"our_projects_project\">\n                  <div class=\"our_projects_center_image\">\n                    <img loading=\"lazy\" decoding=\"async\" width=\"200\" height=\"170\" src=\"https:\/\/ozonetech.com\/wp-content\/uploads\/2021\/03\/Ozone-generators-170x200-1.png\" class=\"attachment-large size-large\" alt=\"Ozone generator\" \/>                  <\/div>\n                  <h3 class=\"title\"><div style=\"font-size:14.5pt;\">Otsonigeneraattorit<\/div><\/h3>\n                <\/div>\n              <\/a>\n                          <a href=\"https:\/\/ozonetech.com\/fi\/ratkaisut-jarjestelmat\/\">\n                <div class=\"our_projects_project\">\n                  <div class=\"our_projects_center_image\">\n                    <img loading=\"lazy\" decoding=\"async\" width=\"200\" height=\"170\" src=\"https:\/\/ozonetech.com\/wp-content\/uploads\/2021\/03\/RENA-tellus-Mellifiq-brand-170x200-1.png\" class=\"attachment-large size-large\" alt=\"\" \/>                  <\/div>\n                  <h3 class=\"title\"><div style=\"font-size:14.5pt;\">Ratkaisut ja<br> j\u00e4rjestelm\u00e4t<\/div><\/h3>\n                <\/div>\n              <\/a>\n                          <a href=\"https:\/\/ozonetech.com\/fi\/ratkaisut-jarjestelmat\/keittion-poistoilma\/\">\n                <div class=\"our_projects_project\">\n                  <div class=\"our_projects_center_image\">\n                    <img loading=\"lazy\" decoding=\"async\" width=\"200\" height=\"170\" src=\"https:\/\/ozonetech.com\/wp-content\/uploads\/2021\/03\/RENA-kitchen-170x200-1.png\" class=\"attachment-large size-large\" alt=\"\" \/>                  <\/div>\n                  <h3 class=\"title\"><div style=\"font-size:14.5pt;\">Keitti\u00f6n poistoilma<\/div><\/h3>\n                <\/div>\n              <\/a>\n                          <a href=\"https:\/\/ozonetech.com\/fi\/tuotteet\/happigeneraattorit-ja-rikastimet\/\">\n                <div class=\"our_projects_project\">\n                  <div class=\"our_projects_center_image\">\n                    <img loading=\"lazy\" decoding=\"async\" width=\"200\" height=\"170\" src=\"https:\/\/ozonetech.com\/wp-content\/uploads\/2021\/03\/Oxygen-generators-170x200-1.png\" class=\"attachment-large size-large\" alt=\"\" \/>                  <\/div>\n                  <h3 class=\"title\"><div style=\"font-size:14.5pt;\">Happigeneraattorit <br>ja -rikastimet<\/div><\/h3>\n                <\/div>\n              <\/a>\n                          <a href=\"https:\/\/ozonetech.com\/fi\/tuotteet\/anturit-ja-monitorit\/\">\n                <div class=\"our_projects_project\">\n                  <div class=\"our_projects_center_image\">\n                    <img loading=\"lazy\" decoding=\"async\" width=\"200\" height=\"170\" src=\"https:\/\/ozonetech.com\/wp-content\/uploads\/2021\/03\/Sensors-and-monitors-170x200-1.png\" class=\"attachment-large size-large\" alt=\"\" \/>                  <\/div>\n                  <h3 class=\"title\"><div style=\"font-size:14.5pt;\">Anturit ja monitorit<\/div><\/h3>\n                <\/div>\n              <\/a>\n                          <a href=\"https:\/\/ozonetech.com\/fi\/tuotteet\/otsoninhavittajat\/\">\n                <div class=\"our_projects_project\">\n                  <div class=\"our_projects_center_image\">\n                    <img loading=\"lazy\" decoding=\"async\" width=\"200\" height=\"170\" src=\"https:\/\/ozonetech.com\/wp-content\/uploads\/2021\/03\/ozone-destructors-170x200-1.png\" class=\"attachment-large size-large\" alt=\"\" \/>                  <\/div>\n                  <h3 class=\"title\"><div style=\"font-size:14.5pt;\">Otsoninh\u00e4vitt\u00e4j\u00e4t<\/div><\/h3>\n                <\/div>\n              <\/a>\n                          <a href=\"https:\/\/ozonetech.com\/pharmaceutical-industry\/\">\n                <div class=\"our_projects_project\">\n                  <div class=\"our_projects_center_image\">\n                    <img loading=\"lazy\" decoding=\"async\" width=\"200\" height=\"170\" src=\"https:\/\/ozonetech.com\/wp-content\/uploads\/2021\/03\/Micro-pollutant-removal-solution-container-170x200-1.png\" class=\"attachment-large size-large\" alt=\"\" \/>                  <\/div>\n                  <h3 class=\"title\"><div style=\"font-size:14.5pt;\">J\u00e4tevesien l\u00e4\u00e4keainej\u00e4\u00e4m\u00e4t<\/div><\/h3>\n                <\/div>\n              <\/a>\n                          <a href=\"https:\/\/ozonetech.com\/fi\/sovellukset\/ilmankasittely\/hajuntorjunta\/\">\n                <div class=\"our_projects_project\">\n                  <div class=\"our_projects_center_image\">\n                    <img loading=\"lazy\" decoding=\"async\" width=\"200\" height=\"170\" src=\"https:\/\/ozonetech.com\/wp-content\/uploads\/2021\/03\/RENA-Pro-C-170x200-1.png\" class=\"attachment-large size-large\" alt=\"\" \/>                  <\/div>\n                  <h3 class=\"title\"><div style=\"font-size:14.5pt;\">Hajuntorjunta<\/div><\/h3>\n                <\/div>\n              <\/a>\n                          <a href=\"https:\/\/ozonetech.com\/fi\/tuotteet\/otsonitarvikkeet-suljetut-jaahdytysjarjestelmat\/\">\n                <div class=\"our_projects_project\">\n                  <div class=\"our_projects_center_image\">\n                    <img loading=\"lazy\" decoding=\"async\" width=\"200\" height=\"170\" src=\"https:\/\/ozonetech.com\/wp-content\/uploads\/2024\/09\/Untitled-1-1.png\" class=\"attachment-large size-large\" alt=\"\" \/>                  <\/div>\n                  <h3 class=\"title\"><div style=\"font-size:14.5pt;\">Otsonitarvikkeet <\/div><\/h3>\n                <\/div>\n              <\/a>\n                    <\/div>\n                <div class=\"btn-container\">\n                    <\/div>\n      <\/div>\n    <\/div>\n  <\/div>\n<\/section>\n\n\n\n<section class=\"block big-cta\" style=\"--cta-bg: #5f5f5f; --cta-text: #ffffff; --cta-btn: #299f23; --cta-btn-hover: #5f5f5f; --cta-btn-text-hover: #299f23; --cta-border: #299f23 \">\n    <div class=\"container-fluid d-flex flex-column align-items-center editor-content\">\n                    <figure class='image'>\n                <img loading=\"lazy\" decoding=\"async\" width=\"80\" height=\"80\" src=\"https:\/\/ozonetech.com\/wp-content\/uploads\/2021\/01\/OzoneAcademy_green_rgb_80_80.png\" class=\"attachment-large size-large\" alt=\"\" \/>            <\/figure>\n        \n        <h2 class='h3'>Jaamme tietoamme<\/h2>\n        <div class=\"content\">\n            J\u00e4rjest\u00e4mme seminaareja ja webinaareja ammattilaisille, jotka haluavat oppia ja saada lis\u00e4\u00e4 tietoa kietti\u00f6n poistoilman- sek\u00e4 teollisen ilman- ja vedenk\u00e4sittelyn ratkaisuista.        <\/div>\n\n        <div class=\"btn-container\">\n                            <a href='https:\/\/academy.mellifiq.com\/' class='btn btn--secondary' target='_blank'>Rekister\u00f6idy academy.mellifiq.com<\/a>                    <\/div>\n    <\/div>\n<\/section>\n\n\n\n<section class=\"block sharpspring-block\">\n    <\/section>\n\n\n<section class=\"block awards\" style=\" background-color: #FFFFFF\">\n  <div class=\"container-fluid\">\n    <div class=\"awards-title\" style=\" color: #000000\">\n      <H2 class='H2'>Palkinnot<\/H2>    <\/div>\n    <div class=\"awards-wrapper\">\n              <ul>\n                                    <li>\n                <img decoding=\"async\" src=\"https:\/\/ozonetech.com\/wp-content\/uploads\/2021\/01\/seal-of-excellence.png\" alt=\"\">\n              <\/li>\n                                                <li>\n                <img decoding=\"async\" src=\"https:\/\/ozonetech.com\/wp-content\/uploads\/2021\/01\/e-prize-2017.png\" alt=\"\">\n              <\/li>\n                                                <li>\n                <img decoding=\"async\" src=\"https:\/\/ozonetech.com\/wp-content\/uploads\/2021\/01\/gasell-2016.png\" alt=\"\">\n              <\/li>\n                                                <li>\n                <img decoding=\"async\" src=\"https:\/\/ozonetech.com\/wp-content\/uploads\/2021\/01\/gasell-2017.png\" alt=\"\">\n              <\/li>\n                                                <li>\n                <img decoding=\"async\" src=\"https:\/\/ozonetech.com\/wp-content\/uploads\/2021\/01\/gasell-2018.png\" alt=\"\">\n              <\/li>\n                                                <li>\n                <img decoding=\"async\" src=\"https:\/\/ozonetech.com\/wp-content\/uploads\/2021\/01\/gasell-mastar.png\" alt=\"\">\n              <\/li>\n                                                <li>\n                <img decoding=\"async\" src=\"https:\/\/ozonetech.com\/wp-content\/uploads\/2021\/01\/gasell-2019.png\" alt=\"\">\n              <\/li>\n                                                <li>\n                <img decoding=\"async\" src=\"https:\/\/ozonetech.com\/wp-content\/uploads\/2021\/01\/gasell-2020.png\" alt=\"\">\n              <\/li>\n                                                <li>\n                <img decoding=\"async\" src=\"https:\/\/ozonetech.com\/wp-content\/uploads\/2021\/01\/framtidsgasell.png\" alt=\"\">\n              <\/li>\n                                                <li>\n                <img decoding=\"async\" src=\"https:\/\/ozonetech.com\/wp-content\/uploads\/2021\/01\/impactgasell.png\" alt=\"\">\n              <\/li>\n                                                <li>\n                <img decoding=\"async\" src=\"https:\/\/ozonetech.com\/wp-content\/uploads\/2021\/12\/gasell-2016-400px-2.png\" alt=\"\">\n              <\/li>\n                              <\/ul>\n          <\/div>\n  <\/div>\n<\/section>\n","protected":false},"excerpt":{"rendered":"","protected":false},"author":42,"featured_media":25531,"parent":0,"menu_order":0,"comment_status":"closed","ping_status":"closed","template":"","meta":{"_acf_changed":false,"_seopress_robots_primary_cat":"","_seopress_titles_title":"","_seopress_titles_desc":"Ozonetech on Mellifiq-br\u00e4ndi, joka tarjoaa t\u00e4ydellisen valikoiman ilman- ja vedenk\u00e4sittelyratkaisuja & otsoniteknologiaan perustuvia tuotteita.","_seopress_robots_index":"","inline_featured_image":false,"footnotes":""},"class_list":["post-17609","page","type-page","status-publish","has-post-thumbnail","hentry"],"acf":[],"_links":{"self":[{"href":"https:\/\/ozonetech.com\/fi\/wp-json\/wp\/v2\/pages\/17609","targetHints":{"allow":["GET"]}}],"collection":[{"href":"https:\/\/ozonetech.com\/fi\/wp-json\/wp\/v2\/pages"}],"about":[{"href":"https:\/\/ozonetech.com\/fi\/wp-json\/wp\/v2\/types\/page"}],"author":[{"embeddable":true,"href":"https:\/\/ozonetech.com\/fi\/wp-json\/wp\/v2\/users\/42"}],"replies":[{"embeddable":true,"href":"https:\/\/ozonetech.com\/fi\/wp-json\/wp\/v2\/comments?post=17609"}],"version-history":[{"count":147,"href":"https:\/\/ozonetech.com\/fi\/wp-json\/wp\/v2\/pages\/17609\/revisions"}],"predecessor-version":[{"id":42158,"href":"https:\/\/ozonetech.com\/fi\/wp-json\/wp\/v2\/pages\/17609\/revisions\/42158"}],"wp:featuredmedia":[{"embeddable":true,"href":"https:\/\/ozonetech.com\/fi\/wp-json\/wp\/v2\/media\/25531"}],"wp:attachment":[{"href":"https:\/\/ozonetech.com\/fi\/wp-json\/wp\/v2\/media?parent=17609"}],"curies":[{"name":"wp","href":"https:\/\/api.w.org\/{rel}","templated":true}]}}