{"id":16112,"date":"2020-06-24T12:19:24","date_gmt":"2020-06-24T12:19:24","guid":{"rendered":"https:\/\/ozonetech.com\/hakemukset\/hajut-ja-desinfiointi\/air-conditioning\/"},"modified":"2024-10-22T09:07:26","modified_gmt":"2024-10-22T07:07:26","slug":"ilmanvaihto","status":"publish","type":"page","link":"https:\/\/ozonetech.com\/fi\/sovellukset\/hajut-ja-desinfiointi\/ilmanvaihto\/","title":{"rendered":"Ilmanvaihto &#8211; bakteerit ja homeet"},"content":{"rendered":"\n<section\n    class=\"block hero hero--regular\"\n    style=\"background-image: url('https:\/\/ozonetech.com\/wp-content\/uploads\/2024\/10\/Edited-air-condition.jpg'); --hero-opacity: 0.3\"\n>\n\n    <div class=\"container-fluid\">\n\n        <div class=\"content editor_content\">\n                         \n                <h2 class='h2'>Ilmanvaihto \u2013 bakteerit ja homeet<\/h2>            \n                    <\/div>\n\n            <\/div>\n<\/section>\n\n\n<section class=\"component component_breadcrumbs\">\n\t<div class=\"container-fluid\">\n  \t<\/div>\n<\/section>\n\n\n<section\n    id=\"\"\n    class=\"block content-block\"\n\tstyle=\"--cb-bg: white; --cb-content: #000; padding-top: 30px; padding-bottom: 30px;\"\n>\n    \n\n<div class=\"container-fluid editor_content content content--narrow\">\n    <div class=\"row\">\n        <div class=\"col-12 editor_content\">\n            <h1>Est\u00e4 ilmastointij\u00e4rjestelmien biofilmin muodostuminen ja neutraloi ilmassa olevat iti\u00f6t ja taudinaiheuttajat<\/h1>\n<p class=\"preamble\">Ilmassa esiintyv\u00e4t bakteerit ja homesienet aiheuttavat terveysriski\u00e4 ja ilmanvaihtoj\u00e4rjestelmien pahaa hajua.<\/p>\n<p>Orgaanisten hiukkasten ker\u00e4\u00e4ntyminen ja kosteuden tiivistyminen ilmainvaihtoj\u00e4rjestelm\u00e4n sein\u00e4miin luovat t\u00e4ydelliset olosuhteet biofilmin kasvulle. T\u00e4m\u00e4 ei ainoastaan johda korkeisiin home- ja bakteeripitoisuuksiin, jotka levi\u00e4v\u00e4t ilmanvaihtokanavien kautta kiinteist\u00f6\u00f6n, vaan laskevat my\u00f6s ilmanvaihtoj\u00e4rjestelmien tehoa ja l\u00e4mm\u00f6nsiirtoa. Bakteereiden ja homeiden aiheuttaman terveysriskin lis\u00e4ksi ne aiheuttavat my\u00f6s pahanhajuisia tuoksuja.<\/p>\n<p>Biologisen filmin muodostuminen voidaan est\u00e4\u00e4 ilmanvaihtokanavien otsonik\u00e4sittelyll\u00e4. T\u00e4m\u00e4 poistaa h\u00e4iritsev\u00e4t tuoksut ja v\u00e4hent\u00e4\u00e4 eri terveysriskej\u00e4 kuten allergioita, ihottumaa, flunssaa sek\u00e4 viruksia ja legioonaistautia.<\/p>\n<p>Otsoni on tehokkain hapetukseen perustuva k\u00e4sittelyteknologia, joka omaa matalat yll\u00e4pitokustannukset. T\u00e4m\u00e4n lis\u00e4ksi k\u00e4sittely on helppoa ja yksinkertaista.<\/p>\n<p>Otsonia voidaan soveltaa biofilmin muodostumisen v\u00e4hent\u00e4miseen ja ilmassa esiintyvien homeiden, bakteereiden ja viruksien minimointiin. Ilmanvaihtokanavien desinfiointi voidaan esimerkiksi suorittaa hotelleissa, asuinkiinteist\u00f6iss\u00e4, ravintoloissa, lentokoneissa, kouluissa, toimistotiloissa ja muissa vastaavissa kiinteist\u00f6iss\u00e4.<\/p>\n        <\/div>\n    <\/div>\n<\/div>\n\n<\/section>\n\n\n\n<section class=\"block product-block\" style=\"--bg: white; --tc: #000000; --button-bg: #299f23; --button-tc: #ffffff; --button-hover-bg: transparent; --button-hover-tc: #299f23;\" >\n    <div class=\"container-fluid\">\n        <div class=\"row justify-content-center top\">\n            <div class=\"col-md-12 editor_content\">\n                                            <\/div>\n        <\/div>\n        <div class=\"row justify-content-center bottom\">\n            <div class=\"col-md-6 editor_content\">\n                <h3>Otsonipuhdistus ACT-3000 avulla<\/h3>\n<p>Otsonin m\u00e4\u00e4r\u00e4 ja k\u00e4sittelyaika riippuu ilmastoinnin ilmavirtauksesta sek\u00e4 virusten ja bakteereiden m\u00e4\u00e4r\u00e4st\u00e4. K\u00e4sittelyaika voi vaihdella olosuhteiden mukaan. Voit k\u00e4ynnist\u00e4\u00e4 k\u00e4sittelyn y\u00f6n tai kiinteist\u00f6n sulkeutumisen ajaksi. Jos ilmastointikanava on tarpeeksi pitk\u00e4 johtaen otsonin hajoamiseen ennen saapumista sis\u00e4tilaan, voi k\u00e4sittely olla jatkuvaa.<\/p>\n<p>ACT-3000 on kehitetty ja tuotettu Ruotsissa, Ozonetechin toimesta. Meid\u00e4n suuret r\u00e4\u00e4t\u00e4l\u00f6idyt ilman- ja vedenk\u00e4sittelyyn tarkoitetut j\u00e4rjestelm\u00e4ratkaisut esiintyv\u00e4t globaalisti eri teollisuuksissa, kuten j\u00e4tevedenpuhdistamoissa, hiivatehtailla, l\u00e4\u00e4keteollisuudessa, panimoissa, kasvihuoneissa ja ostoskeskuksissa. Olemme nopeasti kasvava ja useasti palkittu yhti\u00f6.<\/p>\n<p><em>ACT-3000\/3000P on kehitetty ammattipuhdistukseen ja desinfiointiin teollisuudessa, palvelusektorilla ja kunnallisissa toiminnoissa.<\/em><\/p>\n\n                            <\/div>\n            <div class=\"col-md-6 text-center\">\n                                    <img loading=\"lazy\" decoding=\"async\" width=\"1153\" height=\"1132\" src=\"https:\/\/ozonetech.com\/wp-content\/uploads\/2021\/02\/Ozonetech-ACT-3000-5.png\" class=\"attachment-full size-full\" alt=\"\" srcset=\"https:\/\/ozonetech.com\/wp-content\/uploads\/2021\/02\/Ozonetech-ACT-3000-5.png 1153w, https:\/\/ozonetech.com\/wp-content\/uploads\/2021\/02\/Ozonetech-ACT-3000-5-300x295.png 300w, https:\/\/ozonetech.com\/wp-content\/uploads\/2021\/02\/Ozonetech-ACT-3000-5-1024x1005.png 1024w, https:\/\/ozonetech.com\/wp-content\/uploads\/2021\/02\/Ozonetech-ACT-3000-5-768x754.png 768w\" sizes=\"auto, (max-width: 1153px) 100vw, 1153px\" \/>                \n                <a href='https:\/\/ozonetech.com\/fi\/tuotteet\/otsonigeneraattorit\/act-sarja\/' class='btn' target=''>Pyyd\u00e4 tarjous<\/a>            <\/div>\n        <\/div>\n    <\/div>\n<\/section>\n\n\n\n<section\n    id=\"\"\n    class=\"block content-block\"\n\tstyle=\"--cb-bg: #e6e6e6; --cb-content: #000; padding-top: 30px; padding-bottom: 30px;\"\n>\n    \n\n<div class=\"container-fluid editor_content content content--narrow\">\n    <div class=\"row\">\n        <div class=\"col-12 editor_content\">\n            <h4>Helppo k\u00e4sittely, tee n\u00e4in<\/h4>\n<div>1. Sijoita ACT-3000 huoneeseen, mieluummin yl\u00e4tasolle<\/div>\n<div>2. Sulje ovet ja ikkunat<\/div>\n<div>3. Kiinnit\u00e4 ACT-3000 virtasy\u00f6tt\u00f6\u00f6n<\/div>\n<div>4. Valitse otsonin tuotannon taso 1-100%<\/div>\n<div>5. J\u00e4t\u00e4 huoneeseen ja sulje ovi<\/div>\n<div>6. P\u00e4\u00e4t\u00e4t itse kuinka pitk\u00e4\u00e4 k\u00e4sittely kest\u00e4\u00e4<\/div>\n<div>7. Kun haluat lopettaa k\u00e4sittelyn, astu huoneeseen ja sammuta otsonigeneraattori. Avaa ikkuna poistaakseen otsonin nopeammin. Astu ulos huoneesta ja sulje ovi, jotta loppu otsoni hapettuu<\/div>\n<div>8. Vinkki: On k\u00e4yt\u00e4nn\u00f6llist\u00e4 m\u00e4\u00e4ritt\u00e4\u00e4 k\u00e4sittelyaika pistorasiaan asennettavalla ajastimella<\/div>\n        <\/div>\n    <\/div>\n<\/div>\n\n<\/section>\n","protected":false},"excerpt":{"rendered":"","protected":false},"author":21,"featured_media":0,"parent":14796,"menu_order":0,"comment_status":"closed","ping_status":"closed","template":"","meta":{"_acf_changed":false,"_seopress_robots_primary_cat":"","_seopress_titles_title":"","_seopress_titles_desc":"Ilmastointij\u00e4rjestelm\u00e4n otsonik\u00e4sittelyll\u00e4 voidaan est\u00e4\u00e4 biologinen kasvusto ja minimoida ilmassa levi\u00e4v\u00e4t iti\u00f6t, virukset ja bakteerit.","_seopress_robots_index":"","inline_featured_image":false,"footnotes":""},"class_list":["post-16112","page","type-page","status-publish","hentry"],"acf":[],"_links":{"self":[{"href":"https:\/\/ozonetech.com\/fi\/wp-json\/wp\/v2\/pages\/16112","targetHints":{"allow":["GET"]}}],"collection":[{"href":"https:\/\/ozonetech.com\/fi\/wp-json\/wp\/v2\/pages"}],"about":[{"href":"https:\/\/ozonetech.com\/fi\/wp-json\/wp\/v2\/types\/page"}],"author":[{"embeddable":true,"href":"https:\/\/ozonetech.com\/fi\/wp-json\/wp\/v2\/users\/21"}],"replies":[{"embeddable":true,"href":"https:\/\/ozonetech.com\/fi\/wp-json\/wp\/v2\/comments?post=16112"}],"version-history":[{"count":35,"href":"https:\/\/ozonetech.com\/fi\/wp-json\/wp\/v2\/pages\/16112\/revisions"}],"predecessor-version":[{"id":41653,"href":"https:\/\/ozonetech.com\/fi\/wp-json\/wp\/v2\/pages\/16112\/revisions\/41653"}],"up":[{"embeddable":true,"href":"https:\/\/ozonetech.com\/fi\/wp-json\/wp\/v2\/pages\/14796"}],"wp:attachment":[{"href":"https:\/\/ozonetech.com\/fi\/wp-json\/wp\/v2\/media?parent=16112"}],"curies":[{"name":"wp","href":"https:\/\/api.w.org\/{rel}","templated":true}]}}