{"id":15751,"date":"2020-06-23T09:16:32","date_gmt":"2020-06-23T09:16:32","guid":{"rendered":"https:\/\/ozonetech.com\/hakemukset\/ilmankasittely\/odor-control\/"},"modified":"2024-10-09T16:48:42","modified_gmt":"2024-10-09T14:48:42","slug":"hajukaasujen-hallinta","status":"publish","type":"page","link":"https:\/\/ozonetech.com\/fi\/sovellukset\/ilmankasittely\/hajukaasujen-hallinta\/","title":{"rendered":"Hajukaasujen hallinta"},"content":{"rendered":"\n<section\n    class=\"block hero hero--regular\"\n    style=\"background-image: url('https:\/\/ozonetech.com\/wp-content\/uploads\/2021\/02\/odor-control-1-1600x484.jpg'); --hero-opacity: 0.2\"\n>\n\n    <div class=\"container-fluid\">\n\n        <div class=\"content editor_content\">\n                         \n                <h2 class='h2'>Hajukaasujen\u00a0hallinta\u00a0<\/h2>            \n                    <\/div>\n\n            <\/div>\n<\/section>\n\n\n<section class=\"component component_breadcrumbs\">\n\t<div class=\"container-fluid\">\n  \t<\/div>\n<\/section>\n\n\n\n\n\n<section\n    id=\"\"\n    class=\"block content-block\"\n\tstyle=\"--cb-bg: white; --cb-content: #000; padding-top: 30px; padding-bottom: 30px;\"\n>\n    \n\n<div class=\"container-fluid editor_content content content--narrow\">\n    <div class=\"row\">\n        <div class=\"col-12 editor_content\">\n            <h1>Haisevien yhdisteiden energiatehokas k\u00e4sittely<\/h1>\n<p class=\"preamble\">Hajullisia yhdisteit\u00e4, kuten <a href=\"https:\/\/ozonetech.com\/fi\/sovellukset\/ilmankasittely\/voc-poisto\/\">VOC (haihtuvat orgaaniset yhdisteet)<\/a>, H<sub>2<\/sub>S ja haihtuvat rasvahapot (VFA), l\u00f6ytyy suurkeitti\u00f6iden ilmastoinnista ja monilta muilta toimialoilta. Vaikka hajut eiv\u00e4t v\u00e4ltt\u00e4m\u00e4tt\u00e4 aiheuta fyysisi\u00e4 terveysongelmia, pahat hajut h\u00e4iritsev\u00e4t ymp\u00e4rist\u00f6\u00e4 ja aiheuttavat valituksia.<\/p>\n<p>Hajua aiheuttavat VOC-yhdisteet voivat olla per\u00e4isin orgaanisten aineiden mikrobi- tai l\u00e4mp\u00f6hajoamisesta, mik\u00e4 on yleinen prosessi <strong><a href=\"https:\/\/mellifiq.com\/markets\/breweries\/\">panimoihin<\/a><\/strong>,\u00a0j\u00e4tevedenpuhdistamoissa, keitti\u00f6iss\u00e4 ja elintarviketeollisuudessa.<\/p>\n<p>H<sub>2<\/sub>S-p\u00e4\u00e4st\u00f6jen l\u00e4hteet ovat samankaltaisia kuin VOC-p\u00e4\u00e4st\u00f6jen, mutta sill\u00e4 erolla, ett\u00e4 l\u00e4hdesubstraatissa on rikkiyhdisteit\u00e4. Esimerkiksi elintarviketeollisuuden ja j\u00e4tevedenpuhdistamoiden orgaaniset aineet sis\u00e4lt\u00e4v\u00e4t huomattavia H<sub>2<\/sub>S-p\u00e4\u00e4st\u00f6j\u00e4 aiheuttavia rikkiyhdistepitoisuuksia. H<sub>2<\/sub>S on yleinen my\u00f6s panimoissa ja <a href=\"https:\/\/mellifiq.com\/markets\/biogas-plants\/\"><strong>biokaasun<\/strong><\/a> tuotantolaitoksissa johtuen bioreaktoreissa tai keittimiss\u00e4 tapahtuvasta rikkiyhdisteiden anaerobisesta pelkistymisest\u00e4.<\/p>\n        <\/div>\n    <\/div>\n<\/div>\n\n\n\n<div class=\"container-fluid editor_content content content--narrow\">\n    <div class=\"row\">\n        <div class=\"col-12 editor_content\">\n            <h3>Ihmisen nen\u00e4 ja hajujen havaitseminen<\/h3>\n<p>Ihmisten neniin on vuosituhansien aikana kehittynyt erilaisia herkkyyksi\u00e4 eri yhdisteille. Nen\u00e4 on eritt\u00e4in herkk\u00e4 yhdisteille, jotka syntyv\u00e4t orgaanisten aineiden hajottamisesta. T\u00e4ll\u00e4 tavalla pilaantunee n ruoan sy\u00f6minen ja siihen liittyv\u00e4t sairaudet on voitu v\u00e4ltt\u00e4\u00e4. Pilaantuva ruoka tuottaa rikkiyhdisteit\u00e4, kuten H<sub>2<\/sub>S ja VOC-yhdisteit\u00e4, kuten aldehydit ja heksyyliasetaatti. T\u00e4st\u00e4 syyst\u00e4 ei ole yll\u00e4tt\u00e4v\u00e4\u00e4, ett\u00e4 ihmisen nen\u00e4 tunnistaa n\u00e4iden yhdisteiden pienetkin pitoisuudet, kuten alla olevassa taulukossa esitet\u00e4\u00e4n. Toisaalta nen\u00e4 ei ole niin herkk\u00e4 yhdisteille, joita ei esiinny luonnollisesti, kuten tolueenille.<\/p>\n<p style=\"text-align: center;\"><em>Esimerkkej\u00e4 hajua aiheuttavista yhdisteist\u00e4, niiden luonteesta ja hajukynnyksest\u00e4 ppm-yksikk\u00f6n\u00e4<\/em><\/p>\n        <\/div>\n    <\/div>\n<\/div>\n\n<div class=\"container-fluid editor_content\">\n    <div class=\"row\">\n        <div class=\"col-12 editor_content table-wrapper \" style=\"--table-text-color-header: #FFFFFF; --table-text-color-rows: #000000; --table-background-color-header: #5f5f5f; --table-background-color-rows-even: #efefef; --table-background-color-rows-odd: #dfdfdf; \">\n                            \n<table id=\"tablepress-181\" class=\"tablepress tablepress-id-181\" aria-describedby=\"tablepress-181-description\">\n<thead>\n<tr class=\"row-1\">\n\t<th class=\"column-1\">Yhdiste<\/th><th class=\"column-2\">Luonne<\/th><th class=\"column-3\">Hajukynnys [ppm]<\/th>\n<\/tr>\n<\/thead>\n<tbody class=\"row-striping\">\n<tr class=\"row-2\">\n\t<td class=\"column-1\">Metyylimerkaptaani<\/td><td class=\"column-2\">M\u00e4d\u00e4ntynyt kaali, valkosipuli<\/td><td class=\"column-3\">0.002<\/td>\n<\/tr>\n<tr class=\"row-3\">\n\t<td class=\"column-1\">H<sub>2<\/sub>S<\/td><td class=\"column-2\">M\u00e4d\u00e4ntynyt kananmuna<\/td><td class=\"column-3\">0.01<\/td>\n<\/tr>\n<tr class=\"row-4\">\n\t<td class=\"column-1\">Asetaldehydi<\/td><td class=\"column-2\">Hedelm\u00e4inen<\/td><td class=\"column-3\">0.05<\/td>\n<\/tr>\n<tr class=\"row-5\">\n\t<td class=\"column-1\">Heksyyliasetaatti<\/td><td class=\"column-2\">Hedelm\u00e4inen vihre\u00e4 omena tai makea banaani<\/td><td class=\"column-3\">0.12<\/td>\n<\/tr>\n<tr class=\"row-6\">\n\t<td class=\"column-1\">Formaldehydi<\/td><td class=\"column-2\">Katkera, tukahduttava<\/td><td class=\"column-3\">0.80<\/td>\n<\/tr>\n<tr class=\"row-7\">\n\t<td class=\"column-1\">Tolueeni<\/td><td class=\"column-2\">Makea, pist\u00e4v\u00e4<\/td><td class=\"column-3\">2.90<\/td>\n<\/tr>\n<\/tbody>\n<\/table>\n<span id=\"tablepress-181-description\" class=\"tablepress-table-description tablepress-table-description-id-181\"><\/span>\n<!-- #tablepress-181 from cache -->                                <\/div>\n    <\/div>\n<\/div>\n\n\n<div class=\"container-fluid editor_content content content--narrow\">\n    <div class=\"row\">\n        <div class=\"col-12 editor_content\">\n            <div align=\"center\">\n<p style=\"text-align: left;\">Kuten edell\u00e4 olevasta taulukosta k\u00e4y ilmi, pitoisuudet, jotka aiheuttavat hajuongelman, ovat miljoonasosia (ppm) ja joissakin tapauksissa viel\u00e4 pienempi\u00e4. T\u00e4st\u00e4 syyst\u00e4 hajup\u00e4\u00e4st\u00f6j\u00e4 on eritt\u00e4in vaikea k\u00e4sitell\u00e4, sill\u00e4 ne vaativat eritt\u00e4in tehokkaita puhdistusj\u00e4rjestelmi\u00e4. Ongelmasta tulee viel\u00e4 vaikeampi, jos hajut p\u00e4\u00e4sev\u00e4t ulos, sill\u00e4 silloin ulkoiset tekij\u00e4t, kuten ymp\u00e4rist\u00f6olosuhteet, vaikuttavat hajuarvoihin.<\/p>\n<\/div>\n<p><em>\u00a0<\/em><em>Tarjoamme monentyyppisi\u00e4 ilma-analyyseja, jotka on tarkoitettu hajutasojen tunnistamiseen. Lue lis\u00e4\u00e4 <a href=\"https:\/\/ozonetech.com\/fi\/ratkaisut-jarjestelmat\/ilmankasittely\/\"><strong>t\u00e4st\u00e4<\/strong><\/a>.<\/em><\/p>\n        <\/div>\n    <\/div>\n<\/div>\n\n\n\n<div class=\"container-fluid editor_content content content--narrow\">\n    <div class=\"row\">\n        <div class=\"col-12 editor_content\">\n            <h3>Ozonetechin ratkaisut hajuntorjuntaan<\/h3>\n<p>Ozonetech on kehitt\u00e4nyt useita ratkaisuja hajuntorjuntaan monissa eri tarkoituksissa. Tilanteeseen ja asiakkaan vaatimuksiin perustuen valitsemme ja suunnittelemme tehokkaimman ratkaisun ep\u00e4miellytt\u00e4vien hajujen poistamiseen. Ratkaisussa on joko yksi otsonointivaihe tai se voi olla monivaiheinen j\u00e4rjestelm\u00e4. Alla olevassa kuvassa esitet\u00e4\u00e4n Ozonetechin ratkaisujen suorituskyky hajujen poistamisessa.<\/p>\n<div id=\"attachment_24340\" style=\"width: 1034px\" class=\"wp-caption aligncenter\"><img loading=\"lazy\" decoding=\"async\" aria-describedby=\"caption-attachment-24340\" class=\"wp-image-24340 size-large\" src=\"https:\/\/ozonetech.com\/wp-content\/uploads\/2021\/03\/hajunpoisto-ozonetechin-ratkaisuilla-1024x743.png\" alt=\"\" width=\"1024\" height=\"743\" srcset=\"https:\/\/ozonetech.com\/wp-content\/uploads\/2021\/03\/hajunpoisto-ozonetechin-ratkaisuilla-1024x743.png 1024w, https:\/\/ozonetech.com\/wp-content\/uploads\/2021\/03\/hajunpoisto-ozonetechin-ratkaisuilla-300x218.png 300w, https:\/\/ozonetech.com\/wp-content\/uploads\/2021\/03\/hajunpoisto-ozonetechin-ratkaisuilla-768x557.png 768w, https:\/\/ozonetech.com\/wp-content\/uploads\/2021\/03\/hajunpoisto-ozonetechin-ratkaisuilla.png 1501w\" sizes=\"auto, (max-width: 1024px) 100vw, 1024px\" \/><p id=\"caption-attachment-24340\" class=\"wp-caption-text\">Vertailu Ozonetechin ratkaisuista hajujen poistamiseen.<\/p><\/div>\n        <\/div>\n    <\/div>\n<\/div>\n\n<\/section>\n\n\n\n<section\n    id=\"\"\n    class=\"block content-block\"\n\tstyle=\"--cb-bg: #e6e6e6; --cb-content: #000; padding-top: 30px; padding-bottom: 30px;\"\n>\n    \n\n<div class=\"container-fluid editor_content content content--narrow\">\n    <div class=\"row\">\n        <div class=\"col-12 editor_content\">\n                    <\/div>\n    <\/div>\n<\/div>\n\n\n<div class=\"container-fluid editor_content content content--narrow\">\n    <div class=\"row\">\n        <div class=\"col-md-6\">\n            <h3>Yksivaiheinen otsoniratkaisu \u2013 RENA Pro<\/h3>\n<p>Monissa tapauksissa yksivaiheinen otsoniratkaisu v\u00e4hent\u00e4\u00e4 jo huomattavasti hajup\u00e4\u00e4st\u00f6j\u00e4, kuten <a href=\"https:\/\/ozonetech.com\/fi\/ratkaisut-jarjestelmat\/ilmankasittely\/rena-pro-otsonijarjestelmat\/\"><strong>RENA Pro -k\u00e4yr\u00e4<\/strong><\/a> n\u00e4ytt\u00e4\u00e4 kuvassa. Koska otsoni on tehokas hapettava aine, se reagoi nopeasti hajua aiheuttaviin molekyyleihin. N\u00e4m\u00e4 molekyylit hapettuvat tehokkaasti, mik\u00e4 johtaa hiilidioksidin ja veden muodostumiseen, jotka ovat t\u00e4ysin hajuttomia ja vaarattomia yhdisteit\u00e4. Hapetusmekanismi toimii sek\u00e4 orgaanisten yhdisteiden hajuille, kuten VOC, ett\u00e4 rikkiyhdisteille, kuten H<sub>2<\/sub>S, alla olevan erittelyn mukaisesti.<\/p>\n<p><img loading=\"lazy\" decoding=\"async\" class=\"alignnone wp-image-17056\" src=\"https:\/\/ozonetech.com\/wp-content\/uploads\/2021\/01\/reaction-ozone-300x119.png\" alt=\"\" width=\"376\" height=\"149\" srcset=\"https:\/\/ozonetech.com\/wp-content\/uploads\/2021\/01\/reaction-ozone-300x119.png 300w, https:\/\/ozonetech.com\/wp-content\/uploads\/2021\/01\/reaction-ozone.png 485w\" sizes=\"auto, (max-width: 376px) 100vw, 376px\" \/><\/p>\n<p>Ainoa ero on rikkidioksidin (SO<sub>2<\/sub>) muodostuminen hiilidioksidin (CO<sub>2<\/sub>) sijasta, kun H<sub>2<\/sub>S poistetaan. Lopputulos hajujen poiston kannalta on kuitenkin sama, koska SO<sub>2<\/sub>:n hajukynnys on 1 000 kertaa korkeampi kuin H<sub>2<\/sub>S:n. T\u00e4m\u00e4 tarkoittaa sit\u00e4, ett\u00e4 SO<sub>2<\/sub>:n haju ei ole merkitt\u00e4v\u00e4 verrattuna H<sub>2<\/sub>S:n hajuun.<\/p>\n<p><em>Lis\u00e4tietoa RENA Pro -ratkaisusta <strong><a href=\"https:\/\/ozonetech.com\/fi\/ratkaisut-jarjestelmat\/ilmankasittely\/rena-pro-otsonijarjestelmat\/\">t\u00e4ss\u00e4<\/a><\/strong>\u00a0tai lataa <a href=\"https:\/\/ozonetech.com\/wp-content\/uploads\/2020\/12\/Brochure-RENA-Pro-Ozone-Systems-v1.5-EN-web-1.pdf\" target=\"_blank\" rel=\"noopener\"><strong>esite<\/strong><\/a>.<\/em><\/p>\n        <\/div>\n        <div class=\"col-md-6\">\n            <h3>Kaksivaiheinen ratkaisu \u2013 AOP<\/h3>\n<p>Jos hajujen poiston vaatimukset ovat eritt\u00e4in tiukat, RENA Pro -j\u00e4rjestelm\u00e4 voidaan t\u00e4ydent\u00e4\u00e4 lis\u00e4vaiheella, jolloin syntyy AOP (kehittynyt hapetusprosessi). UV-reaktori otetaan usein k\u00e4ytt\u00f6\u00f6n lis\u00e4vaiheena, koska UV-valo reagoi otsonin kanssa luoden hydroksyyliradikaaleja. N\u00e4m\u00e4 radikaalit reagoivat hajuihin viel\u00e4 aggressiivisemmin kuin otsoni. Kun radikaalit yhdistet\u00e4\u00e4n reaktiomekanismiin, syntyy ketjureaktio. Yksi radikaali voi hapettaa suuren m\u00e4\u00e4r\u00e4n hajuja.<\/p>\n<p>T\u00e4llaiset reaktiiviset olosuhteet ovat tyypillisi\u00e4 polttouunien korkeissa l\u00e4mp\u00f6tiloissa. Toisaalta otsonin ja UV:n v\u00e4lisen synergian takia voimme matkia samaa reaktiivisuutta huoneenl\u00e4mm\u00f6ss\u00e4, mik\u00e4 v\u00e4hent\u00e4\u00e4 hajuk\u00e4sittelyn k\u00e4ytt\u00f6kustannuksia huomattavasti.<\/p>\n<p><em>Lis\u00e4tietoa UV-j\u00e4rjestelmist\u00e4mme <strong><a href=\"https:\/\/ozonetech.com\/fi\/tuotteet\/uv-systems\/uv-c-air\/\">t\u00e4st\u00e4<\/a><\/strong>.<\/em><\/p>\n        <\/div>\n    <\/div>\n<\/div><\/section>\n\n\n\n<section\n    id=\"\"\n    class=\"block content-block\"\n\tstyle=\"--cb-bg: light-gray; --cb-content: #000; padding-top: 30px; padding-bottom: 30px;\"\n>\n    \n\n<div class=\"container-fluid editor_content content content--narrow\">\n    <div class=\"row\">\n        <div class=\"col-12 editor_content\">\n            <h3>T\u00e4ydellinen ratkaisu<\/h3>\n<p>Erinomaisten tulosten saavuttamiseksi hajujen poistossa suosittelemme t\u00e4ydellist\u00e4 ratkaisuamme, joka sis\u00e4lt\u00e4\u00e4 AOP-vaiheen ja Nodora-suodattimet. T\u00e4ss\u00e4 ratkaisussa yhdistyv\u00e4t kaikki edellisten ratkaisujen hy\u00f6dyt ja synergia sek\u00e4 Nodoran mukanaan tuomat parannukset. Nodora on katalyyttinen mixed bed -suodatin, joka muodostuu useammasta r\u00e4\u00e4t\u00e4l\u00f6idyst\u00e4 materiaalista. Sen tarkoituksena on maksimoida hajujen poisto jokaisesta l\u00e4hteest\u00e4.<\/p>\n<p>Nodora-vaiheen lis\u00e4\u00e4misell\u00e4 prosessiin on kaksi merkitt\u00e4v\u00e4\u00e4 vaikutusta. Ensimm\u00e4iseksi hajujen poisto parantuu edelleen ja saavuttaa arvot, jotka ovat hyvin l\u00e4hell\u00e4 t\u00e4ydellist\u00e4 hajujen poistoa. J\u00e4rjestelm\u00e4n koko on lis\u00e4ksi kompakti, koska tavoitteena oleva hajujen k\u00e4sittely saavutetaan lyhyemm\u00e4ll\u00e4 reaktioajalla. T\u00e4m\u00e4 tarkoittaa sit\u00e4, ett\u00e4 t\u00e4ydellinen ratkaisu on modulaarinen ja joustava. Se voidaan asentaa my\u00f6s paikkoihin, joissa tilaa on rajoitetusti.<\/p>\n<p><em>Lis\u00e4tietoa t\u00e4ydellisist\u00e4 ratkaisuistamme saat lukemalla <strong><a href=\"https:\/\/mellifiq.com\/brands\/nodora\/\" target=\"_blank\" rel=\"noopener\">Nodoran hajuntorjuntaratkaisusta <\/a><\/strong>(external site)<\/em><\/p>\n        <\/div>\n    <\/div>\n<\/div>\n\n<\/section>\n","protected":false},"excerpt":{"rendered":"","protected":false},"author":21,"featured_media":0,"parent":14760,"menu_order":0,"comment_status":"closed","ping_status":"closed","template":"","meta":{"_acf_changed":false,"_seopress_robots_primary_cat":"","_seopress_titles_title":"","_seopress_titles_desc":"Hajuyhdisteet kuten VOC, H2S ja haihtuvat rasvahapot (VFA), voidaan k\u00e4sitell\u00e4 helposti, joko pelk\u00e4st\u00e4\u00e4n otsonoimalla tai yhdist\u00e4m\u00e4ll\u00e4 eri menetelmi\u00e4 moni-vaiheiseksi j\u00e4rjestelm\u00e4ksi","_seopress_robots_index":"","inline_featured_image":false,"footnotes":""},"class_list":["post-15751","page","type-page","status-publish","hentry"],"acf":[],"_links":{"self":[{"href":"https:\/\/ozonetech.com\/fi\/wp-json\/wp\/v2\/pages\/15751","targetHints":{"allow":["GET"]}}],"collection":[{"href":"https:\/\/ozonetech.com\/fi\/wp-json\/wp\/v2\/pages"}],"about":[{"href":"https:\/\/ozonetech.com\/fi\/wp-json\/wp\/v2\/types\/page"}],"author":[{"embeddable":true,"href":"https:\/\/ozonetech.com\/fi\/wp-json\/wp\/v2\/users\/21"}],"replies":[{"embeddable":true,"href":"https:\/\/ozonetech.com\/fi\/wp-json\/wp\/v2\/comments?post=15751"}],"version-history":[{"count":36,"href":"https:\/\/ozonetech.com\/fi\/wp-json\/wp\/v2\/pages\/15751\/revisions"}],"predecessor-version":[{"id":40203,"href":"https:\/\/ozonetech.com\/fi\/wp-json\/wp\/v2\/pages\/15751\/revisions\/40203"}],"up":[{"embeddable":true,"href":"https:\/\/ozonetech.com\/fi\/wp-json\/wp\/v2\/pages\/14760"}],"wp:attachment":[{"href":"https:\/\/ozonetech.com\/fi\/wp-json\/wp\/v2\/media?parent=15751"}],"curies":[{"name":"wp","href":"https:\/\/api.w.org\/{rel}","templated":true}]}}