{"id":14840,"date":"2021-01-08T16:00:10","date_gmt":"2021-01-08T15:00:10","guid":{"rendered":"https:\/\/ozonetech.com\/?page_id=14840"},"modified":"2024-10-10T11:31:17","modified_gmt":"2024-10-10T09:31:17","slug":"keittion-poistoilma","status":"publish","type":"page","link":"https:\/\/ozonetech.com\/fi\/ratkaisut-jarjestelmat\/keittion-poistoilma\/","title":{"rendered":"Keitti\u00f6n poistoilma"},"content":{"rendered":"\n<section\n    class=\"block hero hero--regular\"\n    style=\"background-image: url('https:\/\/ozonetech.com\/wp-content\/uploads\/2021\/03\/kitchen-exhaust-2-1600x484.jpg'); --hero-opacity: 0.3\"\n>\n\n    <div class=\"container-fluid\">\n\n        <div class=\"content editor_content\">\n                         \n                <h2 class='h2'>Keitti\u00f6n poistoilma<\/h2>            \n                    <\/div>\n\n            <\/div>\n<\/section>\n\n\n<section class=\"component component_breadcrumbs\">\n\t<div class=\"container-fluid\">\n  \t<\/div>\n<\/section>\n\n\n<section\n    id=\"\"\n    class=\"block content-block\"\n\tstyle=\"--cb-bg: #fff; --cb-content: #000; \"\n>\n    \n\n<div class=\"container-fluid editor_content content content--narrow\">\n    <div class=\"row\">\n        <div class=\"col-12 editor_content\">\n            <h1>Keitti\u00f6n poistoilman k\u00e4sittelyn tehokkaimmat ratkaisut ja j\u00e4rjestelm\u00e4t<\/h1>\n<p class=\"preamble\">Ravintola- ja ammattikeitti\u00f6iss\u00e4, joissa kypsennykseen k\u00e4ytet\u00e4\u00e4n rasvakeittimi\u00e4, pariloita, kivi- tai hiiligrillej\u00e4 tai wokkipannuja, vapautuu poistoilmaan paljon erilaisia rasvayhdistetit\u00e4. Rasvainen poistoilma lis\u00e4\u00e4 merkitt\u00e4v\u00e4sti tulipaloriski\u00e4, tukkii l\u00e4mm\u00f6nvaihtimet ja aiheuttaa hajuhaittoja ymp\u00e4r\u00f6iville alueille.<\/p>\n<p>T\u00e4llaiset tapaukset asettavat korkeat vaatimukset j\u00e4rjestelm\u00e4n tehokkuudelle ja luotettavuudelle.<\/p>\n<p>Korkeatehoinen otsonointij\u00e4rjestelm\u00e4, Ozonetech RENA-Kitchen, on oikea ratkaisu t\u00e4h\u00e4n teht\u00e4v\u00e4\u00e4n. J\u00e4rjestelm\u00e4 nostaa merkitt\u00e4v\u00e4sti paloturvallisuutta, est\u00e4\u00e4 hajujen levi\u00e4misen, optimoi LTO-j\u00e4rjestelm\u00e4n tehokkuuden sek\u00e4 alentaa k\u00e4ytt\u00f6kustannuksia ja toiminnan ymp\u00e4rist\u00f6vaikutusta.<\/p>\n<div id=\"attachment_27959\" style=\"width: 1034px\" class=\"wp-caption aligncenter\"><img loading=\"lazy\" decoding=\"async\" aria-describedby=\"caption-attachment-27959\" class=\"wp-image-27959 size-large\" src=\"https:\/\/ozonetech.com\/wp-content\/uploads\/2021\/03\/rena-kitchen-solutions-2-1024x886.jpg\" alt=\"\" width=\"1024\" height=\"886\" srcset=\"https:\/\/ozonetech.com\/wp-content\/uploads\/2021\/03\/rena-kitchen-solutions-2-1024x886.jpg 1024w, https:\/\/ozonetech.com\/wp-content\/uploads\/2021\/03\/rena-kitchen-solutions-2-300x260.jpg 300w, https:\/\/ozonetech.com\/wp-content\/uploads\/2021\/03\/rena-kitchen-solutions-2-768x665.jpg 768w, https:\/\/ozonetech.com\/wp-content\/uploads\/2021\/03\/rena-kitchen-solutions-2.jpg 1500w\" sizes=\"auto, (max-width: 1024px) 100vw, 1024px\" \/><p id=\"caption-attachment-27959\" class=\"wp-caption-text\">RENA commercial kitchen solutions.<\/p><\/div>\n<p>&nbsp;<\/p>\n<p>Lis\u00e4tietoa korkeatehoisten otsonointij\u00e4rjestelmien hy\u00f6dyist\u00e4, ammattikeitti\u00f6iden poistoilman k\u00e4sittelyss\u00e4.<\/p>\n<p>Ozonetech RENA-Kitchen noudattaa alan yleisi\u00e4 s\u00e4\u00e4nn\u00f6ksi\u00e4 ja uusimpia standardeja. Lis\u00e4tietoa nykyisist\u00e4 standardeista ja k\u00e4yt\u00e4nn\u00f6ist\u00e4.<\/p>\n<p>Lue lis\u00e4\u00e4 huipputekniikastamme, kuinka yhdell\u00e4 j\u00e4rjestelm\u00e4ll\u00e4 k\u00e4sitell\u00e4\u00e4n useiden eri huuvien poistoilma.<\/p>\n        <\/div>\n    <\/div>\n<\/div>\n\n<\/section>\n\n\n\n<section class=\"block landing-page-grid\" style=\"--grid-bg: #fff; --grid-link: #5f5f5f; --grid-content: #000;\">\n\n    <div class=\"container-fluid grid\">\n\n                \n                    <div class=\"grid__list\">\n                                    <a class=\"item\" href=\"https:\/\/ozonetech.com\/fi\/ratkaisut-jarjestelmat\/keittion-poistoilma\/rena-keittioratkaisut\/\" target=\"\">\n                        <span class=\"item__overlay\"><\/span>\n                        <span\n                            class=\"item__background-image\"\n                            style=\"background-image: url('https:\/\/ozonetech.com\/wp-content\/uploads\/2021\/03\/rena-kitchen-solutions-1.jpg');\"\n                        ><\/span>\n                        \n                        <span class=\"item__content\">\n                            <figure class=\"item__content--icon\">\n                                                            <\/figure>\n\n                            <span class=\"item__content--link\">\n                                <span>RENA-keitti\u00f6ratkaisut<\/span><svg version=\"1.1\" id=\"Layer_1\" xmlns=\"http:\/\/www.w3.org\/2000\/svg\" x=\"0\" y=\"0\" viewBox=\"0 0 25 21.76\" xml:space=\"preserve\"><path fill=\"#FF691C\" d=\"M12.17 1.45l1.11-1.1c.46-.47 1.22-.47 1.68 0l9.69 9.68c.47.46.47 1.22 0 1.68l-9.69 9.69c-.46.47-1.22.47-1.68 0l-1.11-1.11c-.47-.47-.46-1.23.01-1.7l.01-.01 6-5.72h-17c-.66 0-1.2-.53-1.2-1.19v-1.6c0-.66.53-1.2 1.19-1.2h17.01l-6-5.72c-.48-.45-.5-1.2-.05-1.68.01 0 .02-.01.03-.02z\"\/><\/svg>                            <\/span>\n                        <\/span>\n                    <\/a>\n                            <\/div>\n            <\/div>\n\n<\/section>","protected":false},"excerpt":{"rendered":"","protected":false},"author":42,"featured_media":0,"parent":14812,"menu_order":0,"comment_status":"closed","ping_status":"closed","template":"","meta":{"_acf_changed":false,"_seopress_robots_primary_cat":"","_seopress_titles_title":"","_seopress_titles_desc":"Ozonetech valmistaa korkealaatuisia otsonij\u00e4rjestelmi\u00e4 keitti\u00f6n poistoilman tehokkaaseen k\u00e4sittelyyn.","_seopress_robots_index":"","inline_featured_image":false,"footnotes":""},"class_list":["post-14840","page","type-page","status-publish","hentry"],"acf":[],"_links":{"self":[{"href":"https:\/\/ozonetech.com\/fi\/wp-json\/wp\/v2\/pages\/14840","targetHints":{"allow":["GET"]}}],"collection":[{"href":"https:\/\/ozonetech.com\/fi\/wp-json\/wp\/v2\/pages"}],"about":[{"href":"https:\/\/ozonetech.com\/fi\/wp-json\/wp\/v2\/types\/page"}],"author":[{"embeddable":true,"href":"https:\/\/ozonetech.com\/fi\/wp-json\/wp\/v2\/users\/42"}],"replies":[{"embeddable":true,"href":"https:\/\/ozonetech.com\/fi\/wp-json\/wp\/v2\/comments?post=14840"}],"version-history":[{"count":35,"href":"https:\/\/ozonetech.com\/fi\/wp-json\/wp\/v2\/pages\/14840\/revisions"}],"predecessor-version":[{"id":40939,"href":"https:\/\/ozonetech.com\/fi\/wp-json\/wp\/v2\/pages\/14840\/revisions\/40939"}],"up":[{"embeddable":true,"href":"https:\/\/ozonetech.com\/fi\/wp-json\/wp\/v2\/pages\/14812"}],"wp:attachment":[{"href":"https:\/\/ozonetech.com\/fi\/wp-json\/wp\/v2\/media?parent=14840"}],"curies":[{"name":"wp","href":"https:\/\/api.w.org\/{rel}","templated":true}]}}