{"id":14819,"date":"2021-01-08T15:55:16","date_gmt":"2021-01-08T14:55:16","guid":{"rendered":"https:\/\/ozonetech.com\/?page_id=14819"},"modified":"2024-10-10T10:56:00","modified_gmt":"2024-10-10T08:56:00","slug":"ilmankasittely","status":"publish","type":"page","link":"https:\/\/ozonetech.com\/fi\/ratkaisut-jarjestelmat\/ilmankasittely\/","title":{"rendered":"Ilmank\u00e4sittely"},"content":{"rendered":"\n<section\n    class=\"block hero hero--regular\"\n    style=\"background-image: url('https:\/\/ozonetech.com\/wp-content\/uploads\/2021\/03\/tailored-pilot-projects-for-air-treatment-2-1600x484.jpg'); --hero-opacity: 0.2\"\n>\n\n    <div class=\"container-fluid\">\n\n        <div class=\"content editor_content\">\n                         \n                <h2 class='h2'>Ilmank\u00e4sittely<\/h2>            \n                    <\/div>\n\n            <\/div>\n<\/section>\n\n\n<section class=\"component component_breadcrumbs\">\n\t<div class=\"container-fluid\">\n  \t<\/div>\n<\/section>\n\n\n<section\n    id=\"\"\n    class=\"block content-block\"\n\tstyle=\"--cb-bg: #fff; --cb-content: #000; \"\n>\n    \n\n<div class=\"container-fluid editor_content content content--narrow\">\n    <div class=\"row\">\n        <div class=\"col-12 editor_content\">\n            <h1>Ilmank\u00e4sittelyn tehokkaimmat ratkaisut ja j\u00e4rjestelm\u00e4t<\/h1>\n<p class=\"preamble\">Ozonetech on maailmalla tunnettu innovatiivinen tuotemerkki, joka tarjoaa t\u00e4ydellisen valikoiman huippuluokan ilmank\u00e4sittelyratkaisuja sek\u00e4 -j\u00e4rjestelmi\u00e4 erilaisiin teollisen ja julkisen sektorin sovelluskohteisiin.<\/p>\n<p>Meill\u00e4 on yli 40 vuoden kokemus ja tietotaito edistyneiden otsoni- ja hapetusratkaisujen sek\u00e4 -j\u00e4rjestelmien suunnittelusta, valmistuksesta ja k\u00e4ytt\u00f6\u00f6notosta. Kehit\u00e4mme tehokkaimmat ja kest\u00e4vimm\u00e4t vedenk\u00e4sittelyratkaisut, jotka eiv\u00e4t vain ratkaise asiakkaidemme ongelmaa, vaan my\u00f6s kasvattavat liiketoiminnan arvoa sek\u00e4 v\u00e4hent\u00e4v\u00e4t ymp\u00e4rist\u00f6vaikutuksia. L\u00e4hestymistapamme on mahdollisimman kest\u00e4vien ratkaisuiden toteutus, riippumatta ongelmasta, sovelluskohteesta tai toimialasta.<\/p>\n<p>Ratkaisumme ovat suunniteltuja merkitt\u00e4v\u00e4sti v\u00e4hent\u00e4m\u00e4\u00e4n ja useimmissa tapauksissa kokonaan eliminoimaan orgaanisten ja ep\u00e4orgaanisten p\u00e4\u00e4st\u00f6jen tyyppej\u00e4, kuten rasvaa, aerosoleja, hajuaineita, ilmassa olevia patogeenej\u00e4 sek\u00e4 ilman muita ep\u00e4puhtauksia.<\/p>\n<p>Plug and Play -ratkaisumme ja j\u00e4rjestelm\u00e4mme perustuvat otsonin hapettavaan vaikutukseen ja edistyneeseen hapetusprosessiin (AOP), joka poistaa kokonaan tarpeen k\u00e4ytt\u00e4\u00e4 ymp\u00e4rist\u00f6lle haitallisia kemikaaleja, v\u00e4hent\u00e4en k\u00e4ytt\u00f6- ja yll\u00e4pitokustannusten lis\u00e4ksi my\u00f6s haitallisia ymp\u00e4rist\u00f6vaikutuksia.<\/p>\n        <\/div>\n    <\/div>\n<\/div>\n\n\n\n<div class=\"container-fluid editor_content content content--narrow\">\n    <div class=\"row\">\n        <div class=\"col-12 editor_content\">\n            <p><img loading=\"lazy\" decoding=\"async\" class=\"aligncenter wp-image-29315 size-large\" src=\"https:\/\/ozonetech.com\/wp-content\/uploads\/2021\/03\/Ilmankasittely-askeleet-1-e1615909979567-1024x329.png\" alt=\"\" width=\"1024\" height=\"329\" srcset=\"https:\/\/ozonetech.com\/wp-content\/uploads\/2021\/03\/Ilmankasittely-askeleet-1-e1615909979567-1024x329.png 1024w, https:\/\/ozonetech.com\/wp-content\/uploads\/2021\/03\/Ilmankasittely-askeleet-1-e1615909979567-300x96.png 300w, https:\/\/ozonetech.com\/wp-content\/uploads\/2021\/03\/Ilmankasittely-askeleet-1-e1615909979567-768x247.png 768w, https:\/\/ozonetech.com\/wp-content\/uploads\/2021\/03\/Ilmankasittely-askeleet-1-e1615909979567.png 1458w\" sizes=\"auto, (max-width: 1024px) 100vw, 1024px\" \/><\/p>\n        <\/div>\n    <\/div>\n<\/div>\n\n\n\n<div class=\"container-fluid editor_content content content--narrow\">\n    <div class=\"row\">\n        <div class=\"col-12 editor_content\">\n            <p>Lue lis\u00e4\u00e4 avaimet k\u00e4teen-ratkaisuistamme ja siit\u00e4, miten voimme olla avuksi prosessivesien k\u00e4sittelyss\u00e4:<\/p>\n        <\/div>\n    <\/div>\n<\/div>\n\n<\/section>\n\n\n\n<section class=\"block landing-page-grid\" style=\"--grid-bg: #fff; --grid-link: #5f5f5f; --grid-content: #000;\">\n\n    <div class=\"container-fluid grid\">\n\n                \n                    <div class=\"grid__list\">\n                                    <a class=\"item\" href=\"https:\/\/ozonetech.com\/fi\/ratkaisut-ja-jarjestelmat\/ilmankasittely\/rena-pro-otsonijarjestelmat\/\" target=\"\">\n                        <span class=\"item__overlay\"><\/span>\n                        <span\n                            class=\"item__background-image\"\n                            style=\"background-image: url('https:\/\/ozonetech.com\/wp-content\/uploads\/2021\/03\/rena-pro-systems-3.jpg');\"\n                        ><\/span>\n                        \n                        <span class=\"item__content\">\n                            <figure class=\"item__content--icon\">\n                                                            <\/figure>\n\n                            <span class=\"item__content--link\">\n                                <span>Rena pro -otsonij\u00e4rjestelm\u00e4t<\/span><svg version=\"1.1\" id=\"Layer_1\" xmlns=\"http:\/\/www.w3.org\/2000\/svg\" x=\"0\" y=\"0\" viewBox=\"0 0 25 21.76\" xml:space=\"preserve\"><path fill=\"#FF691C\" d=\"M12.17 1.45l1.11-1.1c.46-.47 1.22-.47 1.68 0l9.69 9.68c.47.46.47 1.22 0 1.68l-9.69 9.69c-.46.47-1.22.47-1.68 0l-1.11-1.11c-.47-.47-.46-1.23.01-1.7l.01-.01 6-5.72h-17c-.66 0-1.2-.53-1.2-1.19v-1.6c0-.66.53-1.2 1.19-1.2h17.01l-6-5.72c-.48-.45-.5-1.2-.05-1.68.01 0 .02-.01.03-.02z\"\/><\/svg>                            <\/span>\n                        <\/span>\n                    <\/a>\n                                    <a class=\"item\" href=\"https:\/\/ozonetech.com\/fi\/ratkaisut-jarjestelmat\/ilmankasittely\/otsonin-hajotus\/\" target=\"\">\n                        <span class=\"item__overlay\"><\/span>\n                        <span\n                            class=\"item__background-image\"\n                            style=\"background-image: url('https:\/\/ozonetech.com\/wp-content\/uploads\/2021\/03\/ozone-destruction-1.jpg');\"\n                        ><\/span>\n                        \n                        <span class=\"item__content\">\n                            <figure class=\"item__content--icon\">\n                                                            <\/figure>\n\n                            <span class=\"item__content--link\">\n                                <span>Otsonin hajotus<\/span><svg version=\"1.1\" id=\"Layer_1\" xmlns=\"http:\/\/www.w3.org\/2000\/svg\" x=\"0\" y=\"0\" viewBox=\"0 0 25 21.76\" xml:space=\"preserve\"><path fill=\"#FF691C\" d=\"M12.17 1.45l1.11-1.1c.46-.47 1.22-.47 1.68 0l9.69 9.68c.47.46.47 1.22 0 1.68l-9.69 9.69c-.46.47-1.22.47-1.68 0l-1.11-1.11c-.47-.47-.46-1.23.01-1.7l.01-.01 6-5.72h-17c-.66 0-1.2-.53-1.2-1.19v-1.6c0-.66.53-1.2 1.19-1.2h17.01l-6-5.72c-.48-.45-.5-1.2-.05-1.68.01 0 .02-.01.03-.02z\"\/><\/svg>                            <\/span>\n                        <\/span>\n                    <\/a>\n                                    <a class=\"item\" href=\"https:\/\/ozonetech.com\/fi\/ratkaisut-ja-jarjestelmat\/ilmankasittely\/ilman-ja-hajujen-analysointi\/\" target=\"\">\n                        <span class=\"item__overlay\"><\/span>\n                        <span\n                            class=\"item__background-image\"\n                            style=\"background-image: url('https:\/\/ozonetech.com\/wp-content\/uploads\/2021\/03\/air-analysis.jpg');\"\n                        ><\/span>\n                        \n                        <span class=\"item__content\">\n                            <figure class=\"item__content--icon\">\n                                                            <\/figure>\n\n                            <span class=\"item__content--link\">\n                                <span>Ilman ja hajujen analysointi<\/span><svg version=\"1.1\" id=\"Layer_1\" xmlns=\"http:\/\/www.w3.org\/2000\/svg\" x=\"0\" y=\"0\" viewBox=\"0 0 25 21.76\" xml:space=\"preserve\"><path fill=\"#FF691C\" d=\"M12.17 1.45l1.11-1.1c.46-.47 1.22-.47 1.68 0l9.69 9.68c.47.46.47 1.22 0 1.68l-9.69 9.69c-.46.47-1.22.47-1.68 0l-1.11-1.11c-.47-.47-.46-1.23.01-1.7l.01-.01 6-5.72h-17c-.66 0-1.2-.53-1.2-1.19v-1.6c0-.66.53-1.2 1.19-1.2h17.01l-6-5.72c-.48-.45-.5-1.2-.05-1.68.01 0 .02-.01.03-.02z\"\/><\/svg>                            <\/span>\n                        <\/span>\n                    <\/a>\n                                    <a class=\"item\" href=\"https:\/\/ozonetech.com\/fi\/ratkaisut-jarjestelmat\/ilmankasittely\/cfd-simulointipalvelu\/\" target=\"\">\n                        <span class=\"item__overlay\"><\/span>\n                        <span\n                            class=\"item__background-image\"\n                            style=\"background-image: url('https:\/\/ozonetech.com\/wp-content\/uploads\/2021\/03\/streamline-cfd-1.jpg');\"\n                        ><\/span>\n                        \n                        <span class=\"item__content\">\n                            <figure class=\"item__content--icon\">\n                                                            <\/figure>\n\n                            <span class=\"item__content--link\">\n                                <span>CFD-simulointipalvelu<\/span><svg version=\"1.1\" id=\"Layer_1\" xmlns=\"http:\/\/www.w3.org\/2000\/svg\" x=\"0\" y=\"0\" viewBox=\"0 0 25 21.76\" xml:space=\"preserve\"><path fill=\"#FF691C\" d=\"M12.17 1.45l1.11-1.1c.46-.47 1.22-.47 1.68 0l9.69 9.68c.47.46.47 1.22 0 1.68l-9.69 9.69c-.46.47-1.22.47-1.68 0l-1.11-1.11c-.47-.47-.46-1.23.01-1.7l.01-.01 6-5.72h-17c-.66 0-1.2-.53-1.2-1.19v-1.6c0-.66.53-1.2 1.19-1.2h17.01l-6-5.72c-.48-.45-.5-1.2-.05-1.68.01 0 .02-.01.03-.02z\"\/><\/svg>                            <\/span>\n                        <\/span>\n                    <\/a>\n                                    <a class=\"item\" href=\"https:\/\/ozonetech.com\/fi\/ratkaisut-jarjestelmat\/ilmankasittely\/raataloidyt-ilmankasittelyn-pilottiprojektit\/\" target=\"\">\n                        <span class=\"item__overlay\"><\/span>\n                        <span\n                            class=\"item__background-image\"\n                            style=\"background-image: url('https:\/\/ozonetech.com\/wp-content\/uploads\/2021\/03\/industrial-air-pilot-2.jpg');\"\n                        ><\/span>\n                        \n                        <span class=\"item__content\">\n                            <figure class=\"item__content--icon\">\n                                                            <\/figure>\n\n                            <span class=\"item__content--link\">\n                                <span>R\u00e4\u00e4t\u00e4l\u00f6idyt ilmank\u00e4sittelyn pilottiprojektit<\/span><svg version=\"1.1\" id=\"Layer_1\" xmlns=\"http:\/\/www.w3.org\/2000\/svg\" x=\"0\" y=\"0\" viewBox=\"0 0 25 21.76\" xml:space=\"preserve\"><path fill=\"#FF691C\" d=\"M12.17 1.45l1.11-1.1c.46-.47 1.22-.47 1.68 0l9.69 9.68c.47.46.47 1.22 0 1.68l-9.69 9.69c-.46.47-1.22.47-1.68 0l-1.11-1.11c-.47-.47-.46-1.23.01-1.7l.01-.01 6-5.72h-17c-.66 0-1.2-.53-1.2-1.19v-1.6c0-.66.53-1.2 1.19-1.2h17.01l-6-5.72c-.48-.45-.5-1.2-.05-1.68.01 0 .02-.01.03-.02z\"\/><\/svg>                            <\/span>\n                        <\/span>\n                    <\/a>\n                            <\/div>\n            <\/div>\n\n<\/section>","protected":false},"excerpt":{"rendered":"","protected":false},"author":42,"featured_media":0,"parent":14812,"menu_order":0,"comment_status":"closed","ping_status":"closed","template":"","meta":{"_acf_changed":false,"_seopress_robots_primary_cat":"","_seopress_titles_title":"","_seopress_titles_desc":"Plug-and-play-ratkaisumme ja ilmank\u00e4sittelyj\u00e4rjestelm\u00e4mme perustuvat otsoni- ja AOP-teknologioihin ja v\u00e4hent\u00e4v\u00e4t k\u00e4ytt\u00f6kustannuksia merkitt\u00e4v\u00e4sti","_seopress_robots_index":"","inline_featured_image":false,"footnotes":""},"class_list":["post-14819","page","type-page","status-publish","hentry"],"acf":[],"_links":{"self":[{"href":"https:\/\/ozonetech.com\/fi\/wp-json\/wp\/v2\/pages\/14819","targetHints":{"allow":["GET"]}}],"collection":[{"href":"https:\/\/ozonetech.com\/fi\/wp-json\/wp\/v2\/pages"}],"about":[{"href":"https:\/\/ozonetech.com\/fi\/wp-json\/wp\/v2\/types\/page"}],"author":[{"embeddable":true,"href":"https:\/\/ozonetech.com\/fi\/wp-json\/wp\/v2\/users\/42"}],"replies":[{"embeddable":true,"href":"https:\/\/ozonetech.com\/fi\/wp-json\/wp\/v2\/comments?post=14819"}],"version-history":[{"count":65,"href":"https:\/\/ozonetech.com\/fi\/wp-json\/wp\/v2\/pages\/14819\/revisions"}],"predecessor-version":[{"id":40767,"href":"https:\/\/ozonetech.com\/fi\/wp-json\/wp\/v2\/pages\/14819\/revisions\/40767"}],"up":[{"embeddable":true,"href":"https:\/\/ozonetech.com\/fi\/wp-json\/wp\/v2\/pages\/14812"}],"wp:attachment":[{"href":"https:\/\/ozonetech.com\/fi\/wp-json\/wp\/v2\/media?parent=14819"}],"curies":[{"name":"wp","href":"https:\/\/api.w.org\/{rel}","templated":true}]}}