{"id":14812,"date":"2021-01-08T15:49:23","date_gmt":"2021-01-08T14:49:23","guid":{"rendered":"https:\/\/ozonetech.com\/?page_id=14812"},"modified":"2024-10-10T10:53:27","modified_gmt":"2024-10-10T08:53:27","slug":"ratkaisut-jarjestelmat","status":"publish","type":"page","link":"https:\/\/ozonetech.com\/fi\/ratkaisut-jarjestelmat\/","title":{"rendered":"Ratkaisut ja j\u00e4rjestelm\u00e4t"},"content":{"rendered":"\n<section\n    class=\"block hero hero--regular\"\n    style=\"background-image: url('https:\/\/ozonetech.com\/wp-content\/uploads\/2021\/03\/close-up-ozonetech-container-1-1600x484.jpg'); --hero-opacity: 0.3\"\n>\n\n    <div class=\"container-fluid\">\n\n        <div class=\"content editor_content\">\n                         \n                <h2 class='h2'>Ratkaisut ja j\u00e4rjestelm\u00e4t<\/h2>            \n                    <\/div>\n\n            <\/div>\n<\/section>\n\n\n<section class=\"component component_breadcrumbs\">\n\t<div class=\"container-fluid\">\n  \t<\/div>\n<\/section>\n\n\n<section\n    id=\"\"\n    class=\"block content-block\"\n\tstyle=\"--cb-bg: #fff; --cb-content: #000; \"\n>\n    \n\n<div class=\"container-fluid editor_content content content--narrow\">\n    <div class=\"row\">\n        <div class=\"col-12 editor_content\">\n            <h1>Esittelyss\u00e4 SMARTOZONE\u2122 konsepti<\/h1>\n<h4 style=\"text-align: left;\">SMARTOZONE\u2122<\/h4>\n<p>Meill\u00e4 on yli 40 vuoden kokemus ja tietotaito edistyneiden otsonij\u00e4rjestelmien ja ratkaisujen suunnittelusta, valmistuksesta ja k\u00e4ytt\u00f6\u00f6notosta eri sovelluskohteissa. Ratkaisumme toimitetaan edistyksellisess\u00e4 kokoonpanossa, joka omaa eritt\u00e4in k\u00e4ytt\u00e4j\u00e4yst\u00e4v\u00e4llisen muotoilun \u2013 The SMARTOZONE\u2122.<\/p>\n<p>SMARTOZONE \u2122 yhdist\u00e4\u00e4 nerokkaan suunnittelun, huipputeknologian, monivuotisen kokemuksen ja k\u00e4ytt\u00e4j\u00e4yst\u00e4v\u00e4llisyyden samaan pakettiin.<\/p>\n<p>Ozonetechin ratkaisut ja -j\u00e4rjestelm\u00e4t ovat suunniteltu SMARTOZONE \u2122 -konseptin mukaan, mik\u00e4 tarjoaa optimoidun lopputuloksen niin k\u00e4sittelytehokkuuden kuin k\u00e4ytt\u00f6- sek\u00e4 elinkaarikustannusten suhteen.<\/p>\n<p>Lue lis\u00e4\u00e4 SMARTOZONE \u2122 -ratkaisujemme erilaisista k\u00e4ytt\u00f6kohteista ja soveltamismahdollisuuksista omalla toimialallasi:<\/p>\n<h3 style=\"text-align: left;\">Ratkaisut r\u00e4\u00e4t\u00e4l\u00f6ityin\u00e4 tiukimpien vaatimuksen ja m\u00e4\u00e4r\u00e4ysten mukaan<\/h3>\n<p style=\"text-align: left;\">Ilman- ja vedenk\u00e4sittelyprosessit ovat monimutkaisia kokonaisuuksia, joiden suunnittelu vaatii erityist\u00e4 huomiota t\u00e4ytt\u00e4\u00e4kseen yrityksen ymp\u00e4rist\u00f6m\u00e4\u00e4r\u00e4ykset tai linjaukset. Ymm\u00e4rr\u00e4mme, ett\u00e4 asiakkaamme tarvitsevat r\u00e4\u00e4t\u00e4l\u00f6ityj\u00e4 ratkaisuja. Siksi t\u00e4ysimittaisten k\u00e4sittelyj\u00e4rjestelmien toimitus perustuu pilottiskaalan projekteihin, joissa hy\u00f6dynn\u00e4mme asiantuntemustamme ja pilottilaitteistoa.<\/p>\n<p style=\"text-align: left;\">Veden- ja ilmank\u00e4sittelyratkaisumme koostuvat korkealaatuisten tuotteidemme valikoimasta. Tarjoamme pienen- ja suuren kokoluokan otsonij\u00e4rjestelmi\u00e4 sek\u00e4 kehittyneit\u00e4 hapetusprosessiratkaisuja (AOP), monimutkaisiin ilman- ja vedenk\u00e4sittelyhaasteisiin.<\/p>\n<p style=\"text-align: left;\">Plug and Play -ratkaisumme ja j\u00e4rjestelm\u00e4mme perustuvat otsonin hapettavaan vaikutukseen ja edistyneeseen hapetusprosessiin (AOP), joka poistaa kokonaan tarpeen k\u00e4ytt\u00e4\u00e4 ymp\u00e4rist\u00f6lle haitallisia kemikaaleja, v\u00e4hent\u00e4en k\u00e4ytt\u00f6- ja yll\u00e4pitokustannusten lis\u00e4ksi my\u00f6s haitallisia ymp\u00e4rist\u00f6vaikutuksia.<\/p>\n        <\/div>\n    <\/div>\n<\/div>\n\n<\/section>\n\n\n\n<section class=\"block landing-page-grid\" style=\"--grid-bg: #fff; --grid-link: #5f5f5f; --grid-content: #000;\">\n\n    <div class=\"container-fluid grid\">\n\n                \n                    <div class=\"grid__list\">\n                                    <a class=\"item\" href=\"https:\/\/ozonetech.com\/fi\/ratkaisut-jarjestelmat\/ilmankasittely\/\" target=\"\">\n                        <span class=\"item__overlay\"><\/span>\n                        <span\n                            class=\"item__background-image\"\n                            style=\"background-image: url('https:\/\/ozonetech.com\/wp-content\/uploads\/2021\/03\/tailored-pilot-projects-1.jpg');\"\n                        ><\/span>\n                        \n                        <span class=\"item__content\">\n                            <figure class=\"item__content--icon\">\n                                                            <\/figure>\n\n                            <span class=\"item__content--link\">\n                                <span>Ilmankasittely<\/span><svg version=\"1.1\" id=\"Layer_1\" xmlns=\"http:\/\/www.w3.org\/2000\/svg\" x=\"0\" y=\"0\" viewBox=\"0 0 25 21.76\" xml:space=\"preserve\"><path fill=\"#FF691C\" d=\"M12.17 1.45l1.11-1.1c.46-.47 1.22-.47 1.68 0l9.69 9.68c.47.46.47 1.22 0 1.68l-9.69 9.69c-.46.47-1.22.47-1.68 0l-1.11-1.11c-.47-.47-.46-1.23.01-1.7l.01-.01 6-5.72h-17c-.66 0-1.2-.53-1.2-1.19v-1.6c0-.66.53-1.2 1.19-1.2h17.01l-6-5.72c-.48-.45-.5-1.2-.05-1.68.01 0 .02-.01.03-.02z\"\/><\/svg>                            <\/span>\n                        <\/span>\n                    <\/a>\n                                    <a class=\"item\" href=\"https:\/\/ozonetech.com\/fi\/ratkaisut-jarjestelmat\/vedenkasittely\/\" target=\"\">\n                        <span class=\"item__overlay\"><\/span>\n                        <span\n                            class=\"item__background-image\"\n                            style=\"background-image: url('https:\/\/ozonetech.com\/wp-content\/uploads\/2021\/03\/wastewater-treatment-ozone-1.jpg');\"\n                        ><\/span>\n                        \n                        <span class=\"item__content\">\n                            <figure class=\"item__content--icon\">\n                                                            <\/figure>\n\n                            <span class=\"item__content--link\">\n                                <span>Vedenk\u00e4sittely<\/span><svg version=\"1.1\" id=\"Layer_1\" xmlns=\"http:\/\/www.w3.org\/2000\/svg\" x=\"0\" y=\"0\" viewBox=\"0 0 25 21.76\" xml:space=\"preserve\"><path fill=\"#FF691C\" d=\"M12.17 1.45l1.11-1.1c.46-.47 1.22-.47 1.68 0l9.69 9.68c.47.46.47 1.22 0 1.68l-9.69 9.69c-.46.47-1.22.47-1.68 0l-1.11-1.11c-.47-.47-.46-1.23.01-1.7l.01-.01 6-5.72h-17c-.66 0-1.2-.53-1.2-1.19v-1.6c0-.66.53-1.2 1.19-1.2h17.01l-6-5.72c-.48-.45-.5-1.2-.05-1.68.01 0 .02-.01.03-.02z\"\/><\/svg>                            <\/span>\n                        <\/span>\n                    <\/a>\n                                    <a class=\"item\" href=\"https:\/\/ozonetech.com\/fi\/ratkaisut-jarjestelmat\/keittion-poistoilma\/\" target=\"\">\n                        <span class=\"item__overlay\"><\/span>\n                        <span\n                            class=\"item__background-image\"\n                            style=\"background-image: url('https:\/\/ozonetech.com\/wp-content\/uploads\/2021\/03\/kitchen-exhaust-3.jpg');\"\n                        ><\/span>\n                        \n                        <span class=\"item__content\">\n                            <figure class=\"item__content--icon\">\n                                                            <\/figure>\n\n                            <span class=\"item__content--link\">\n                                <span>Keitti\u00f6n poistoilma<\/span><svg version=\"1.1\" id=\"Layer_1\" xmlns=\"http:\/\/www.w3.org\/2000\/svg\" x=\"0\" y=\"0\" viewBox=\"0 0 25 21.76\" xml:space=\"preserve\"><path fill=\"#FF691C\" d=\"M12.17 1.45l1.11-1.1c.46-.47 1.22-.47 1.68 0l9.69 9.68c.47.46.47 1.22 0 1.68l-9.69 9.69c-.46.47-1.22.47-1.68 0l-1.11-1.11c-.47-.47-.46-1.23.01-1.7l.01-.01 6-5.72h-17c-.66 0-1.2-.53-1.2-1.19v-1.6c0-.66.53-1.2 1.19-1.2h17.01l-6-5.72c-.48-.45-.5-1.2-.05-1.68.01 0 .02-.01.03-.02z\"\/><\/svg>                            <\/span>\n                        <\/span>\n                    <\/a>\n                            <\/div>\n            <\/div>\n\n<\/section>","protected":false},"excerpt":{"rendered":"","protected":false},"author":42,"featured_media":0,"parent":0,"menu_order":0,"comment_status":"closed","ping_status":"closed","template":"","meta":{"_acf_changed":false,"_seopress_robots_primary_cat":"","_seopress_titles_title":"","_seopress_titles_desc":"Rakennamme tiukimpia vaatimuksia ja m\u00e4\u00e4r\u00e4yksi\u00e4 varten r\u00e4\u00e4t\u00e4l\u00f6ityj\u00e4 ratkaisuja ja j\u00e4rjestelmi\u00e4, jotka perustuvat otsoni- ja kehittyneisiin hapetusteknologioihin","_seopress_robots_index":"","inline_featured_image":false,"footnotes":""},"class_list":["post-14812","page","type-page","status-publish","hentry"],"acf":[],"_links":{"self":[{"href":"https:\/\/ozonetech.com\/fi\/wp-json\/wp\/v2\/pages\/14812","targetHints":{"allow":["GET"]}}],"collection":[{"href":"https:\/\/ozonetech.com\/fi\/wp-json\/wp\/v2\/pages"}],"about":[{"href":"https:\/\/ozonetech.com\/fi\/wp-json\/wp\/v2\/types\/page"}],"author":[{"embeddable":true,"href":"https:\/\/ozonetech.com\/fi\/wp-json\/wp\/v2\/users\/42"}],"replies":[{"embeddable":true,"href":"https:\/\/ozonetech.com\/fi\/wp-json\/wp\/v2\/comments?post=14812"}],"version-history":[{"count":20,"href":"https:\/\/ozonetech.com\/fi\/wp-json\/wp\/v2\/pages\/14812\/revisions"}],"predecessor-version":[{"id":40755,"href":"https:\/\/ozonetech.com\/fi\/wp-json\/wp\/v2\/pages\/14812\/revisions\/40755"}],"wp:attachment":[{"href":"https:\/\/ozonetech.com\/fi\/wp-json\/wp\/v2\/media?parent=14812"}],"curies":[{"name":"wp","href":"https:\/\/api.w.org\/{rel}","templated":true}]}}