{"id":14779,"date":"2021-01-08T15:15:15","date_gmt":"2021-01-08T14:15:15","guid":{"rendered":"https:\/\/ozonetech.com\/?page_id=14779"},"modified":"2024-12-20T16:57:27","modified_gmt":"2024-12-20T15:57:27","slug":"keittion-poistoilma","status":"publish","type":"page","link":"https:\/\/ozonetech.com\/fi\/sovellukset\/keittion-poistoilma\/","title":{"rendered":"Keitti\u00f6n poistoilma"},"content":{"rendered":"\n<section\n    class=\"block hero hero--regular\"\n    style=\"background-image: url('https:\/\/ozonetech.com\/wp-content\/uploads\/2021\/03\/kitchen-1600x484.jpg'); --hero-opacity: 0.3\"\n>\n\n    <div class=\"container-fluid\">\n\n        <div class=\"content editor_content\">\n                         \n                <h2 class='h2'>Keitti\u00f6n poistoilma<\/h2>            \n                    <\/div>\n\n            <\/div>\n<\/section>\n\n\n<section class=\"component component_breadcrumbs\">\n\t<div class=\"container-fluid\">\n  \t<\/div>\n<\/section>\n\n\n<section\n    id=\"\"\n    class=\"block content-block\"\n\tstyle=\"--cb-bg: #fff; --cb-content: #000; \"\n>\n    \n\n<div class=\"container-fluid editor_content content content--narrow\">\n    <div class=\"row\">\n        <div class=\"col-12 editor_content\">\n            <h1>Laaja valikoima keitti\u00f6n poistoilman sovelluksia<\/h1>\n<p class=\"preamble\">Ravintolat ja ammattikeitti\u00f6t, joissa ruoan valmistukseen k\u00e4ytet\u00e4\u00e4n rasvakeittimi\u00e4, Wokki- ja paistinpannuja, pariloita tai grillej\u00e4 vaativat toimivan ja tehokkaan j\u00e4rjestelm\u00e4n poistoilman puhdistukseen. Keitti\u00f6n tulee olla sek\u00e4 paloturvallinen ett\u00e4 kustannustehokas, my\u00f6s yll\u00e4pidon sek\u00e4 huollon n\u00e4k\u00f6kulmasta<\/p>\n<p>Poistoilman sis\u00e4lt\u00e4m\u00e4n rasvan ja valmistuksesta aiheutuvien hajujen poistamiseksi puhdistuskapasiteetin on oltava korkea. Tied\u00e4mme kokemuksesta, ett\u00e4 rasvaisen poistoilman puhdistukseen vaaditaan korkeatehoista <a href=\"https:\/\/ozonetech.com\/fi\/ratkaisut-jarjestelmat\/keittion-poistoilma\/rena-keittioratkaisut\/\">RENA-keitti\u00f6j\u00e4rjestelm\u00e4\u00e4<\/a>. Aiemmin n\u00e4m\u00e4 j\u00e4rjestelm\u00e4t ovat olleet saatavilla vain teollisuuden k\u00e4ytt\u00f6\u00f6n, mutta nyt voimme tarjota niiden tuomat ainutlaatuiset edut my\u00f6s ravintola-ja ammattikeitti\u00f6ille.<\/p>\n<p>Ammattikeitti\u00f6n poistoilman k\u00e4sittely tuottaa monia etuja, mm. merkitt\u00e4v\u00e4sti pienempi paloriski, hajuongelmien ja ymp\u00e4rist\u00f6vaikutusten minimointi, l\u00e4mm\u00f6n talteenoton optimointi sek\u00e4 pienempi kokonaisk\u00e4ytt\u00f6kustannus.<\/p>\n<p>Huonosti puhdistettu poistoilma aiheuttaa usein hajuhaittoja l\u00e4hiymp\u00e4rist\u00f6\u00f6n ja naapureille. T\u00e4m\u00e4 voi johtaa varoitukseen viranomaisilta, tai pahimmassa tapauksessa jopa ravintolan sulkemiseen, mik\u00e4li ongelmaa ei korjata. <a href=\"https:\/\/ozonetech.com\/fi\/ratkaisut-jarjestelmat\/ilmankasittely\/rena-pro-otsonijarjestelmat\/\">Ozonetechin RENA-Keitti\u00f6j\u00e4rjestelm\u00e4<\/a> varmistaa, ettei t\u00e4llaisia ongelmia synny.<\/p>\n<p>Ilmeisten etujen lis\u00e4ksi on huomioitava alan standardit ja suositukset, jotta pystyt\u00e4\u00e4n luomaan turvallisempi ja miellytt\u00e4v\u00e4mpi ty\u00f6ymp\u00e4rist\u00f6. Ozonetech-ratkaisut ovat t\u00e4ysin EU: n uusimpien kaupallisten keitti\u00f6iden ilmanvaihdon standardien mukaisia. Napsauta <a href=\"https:\/\/ozonetech.com\/wp-content\/uploads\/2020\/12\/Brochure-EU-standard-Equipment-for-commercial-kitchens-v1.5-EN-web.pdf\">t\u00e4t\u00e4<\/a> lukeaksesi ja ladataksesi lis\u00e4tietoa.<\/p>\n<p>Ozonetech tarjoaa laajan valikoiman kest\u00e4vi\u00e4 ja tehokkaita ratkaisuja, ammattikeitti\u00f6iden suuriin ilmam\u00e4\u00e4riin ja rasvaisen ilman aiheuttamiin haastaviin puhdistustarpeisiin. J\u00e4rjestelm\u00e4mme soveltuvat sek\u00e4 yksitt\u00e4isille- ett\u00e4 useille huuville,<\/p>\n<p>Lue lis\u00e4\u00e4 keitti\u00f6n poistoilman puhdistusratkaisuista:<\/p>\n        <\/div>\n    <\/div>\n<\/div>\n\n<\/section>\n\n\n\n<section class=\"block landing-page-grid\" style=\"--grid-bg: #fff; --grid-link: #5f5f5f; --grid-content: #000;\">\n\n    <div class=\"container-fluid grid\">\n\n                \n                    <div class=\"grid__list\">\n                                    <a class=\"item\" href=\"https:\/\/ozonetech.com\/fi\/sovellukset\/keittion-poistoilma\/keittion-poistoilman-kasittely\/\" target=\"\">\n                        <span class=\"item__overlay\"><\/span>\n                        <span\n                            class=\"item__background-image\"\n                            style=\"background-image: url('https:\/\/ozonetech.com\/wp-content\/uploads\/2021\/01\/commercial-kitchen.png');\"\n                        ><\/span>\n                        \n                        <span class=\"item__content\">\n                            <figure class=\"item__content--icon\">\n                                                            <\/figure>\n\n                            <span class=\"item__content--link\">\n                                <span>Keitti\u00f6n poistoilman k\u00e4sittely<\/span><svg version=\"1.1\" id=\"Layer_1\" xmlns=\"http:\/\/www.w3.org\/2000\/svg\" x=\"0\" y=\"0\" viewBox=\"0 0 25 21.76\" xml:space=\"preserve\"><path fill=\"#FF691C\" d=\"M12.17 1.45l1.11-1.1c.46-.47 1.22-.47 1.68 0l9.69 9.68c.47.46.47 1.22 0 1.68l-9.69 9.69c-.46.47-1.22.47-1.68 0l-1.11-1.11c-.47-.47-.46-1.23.01-1.7l.01-.01 6-5.72h-17c-.66 0-1.2-.53-1.2-1.19v-1.6c0-.66.53-1.2 1.19-1.2h17.01l-6-5.72c-.48-.45-.5-1.2-.05-1.68.01 0 .02-.01.03-.02z\"\/><\/svg>                            <\/span>\n                        <\/span>\n                    <\/a>\n                                    <a class=\"item\" href=\"https:\/\/ozonetech.com\/fi\/sovellukset\/keittion-poistoilma\/standardit-ja-toimialan-suositukset\/\" target=\"\">\n                        <span class=\"item__overlay\"><\/span>\n                        <span\n                            class=\"item__background-image\"\n                            style=\"background-image: url('https:\/\/ozonetech.com\/wp-content\/uploads\/2021\/02\/Standards-and-regulations.jpg');\"\n                        ><\/span>\n                        \n                        <span class=\"item__content\">\n                            <figure class=\"item__content--icon\">\n                                                            <\/figure>\n\n                            <span class=\"item__content--link\">\n                                <span>Standardit ja toimialan suositukset<\/span><svg version=\"1.1\" id=\"Layer_1\" xmlns=\"http:\/\/www.w3.org\/2000\/svg\" x=\"0\" y=\"0\" viewBox=\"0 0 25 21.76\" xml:space=\"preserve\"><path fill=\"#FF691C\" d=\"M12.17 1.45l1.11-1.1c.46-.47 1.22-.47 1.68 0l9.69 9.68c.47.46.47 1.22 0 1.68l-9.69 9.69c-.46.47-1.22.47-1.68 0l-1.11-1.11c-.47-.47-.46-1.23.01-1.7l.01-.01 6-5.72h-17c-.66 0-1.2-.53-1.2-1.19v-1.6c0-.66.53-1.2 1.19-1.2h17.01l-6-5.72c-.48-.45-.5-1.2-.05-1.68.01 0 .02-.01.03-.02z\"\/><\/svg>                            <\/span>\n                        <\/span>\n                    <\/a>\n                            <\/div>\n            <\/div>\n\n<\/section>","protected":false},"excerpt":{"rendered":"","protected":false},"author":42,"featured_media":0,"parent":14204,"menu_order":0,"comment_status":"closed","ping_status":"closed","template":"","meta":{"_acf_changed":false,"_seopress_robots_primary_cat":"","_seopress_titles_title":"","_seopress_titles_desc":"Ammattikeitti\u00f6iden poistoilman k\u00e4sittely otsonilla v\u00e4hent\u00e4\u00e4 paloriski\u00e4, minimoi haju- ja ymp\u00e4rist\u00f6vaikutukset sek\u00e4 alentaa yll\u00e4pitokustannuksia","_seopress_robots_index":"","inline_featured_image":false,"footnotes":""},"class_list":["post-14779","page","type-page","status-publish","hentry"],"acf":[],"_links":{"self":[{"href":"https:\/\/ozonetech.com\/fi\/wp-json\/wp\/v2\/pages\/14779","targetHints":{"allow":["GET"]}}],"collection":[{"href":"https:\/\/ozonetech.com\/fi\/wp-json\/wp\/v2\/pages"}],"about":[{"href":"https:\/\/ozonetech.com\/fi\/wp-json\/wp\/v2\/types\/page"}],"author":[{"embeddable":true,"href":"https:\/\/ozonetech.com\/fi\/wp-json\/wp\/v2\/users\/42"}],"replies":[{"embeddable":true,"href":"https:\/\/ozonetech.com\/fi\/wp-json\/wp\/v2\/comments?post=14779"}],"version-history":[{"count":33,"href":"https:\/\/ozonetech.com\/fi\/wp-json\/wp\/v2\/pages\/14779\/revisions"}],"predecessor-version":[{"id":42130,"href":"https:\/\/ozonetech.com\/fi\/wp-json\/wp\/v2\/pages\/14779\/revisions\/42130"}],"up":[{"embeddable":true,"href":"https:\/\/ozonetech.com\/fi\/wp-json\/wp\/v2\/pages\/14204"}],"wp:attachment":[{"href":"https:\/\/ozonetech.com\/fi\/wp-json\/wp\/v2\/media?parent=14779"}],"curies":[{"name":"wp","href":"https:\/\/api.w.org\/{rel}","templated":true}]}}