{"id":14760,"date":"2021-01-08T11:54:32","date_gmt":"2021-01-08T10:54:32","guid":{"rendered":"https:\/\/ozonetech.com\/?page_id=14760"},"modified":"2024-10-10T09:18:05","modified_gmt":"2024-10-10T07:18:05","slug":"ilmankasittely","status":"publish","type":"page","link":"https:\/\/ozonetech.com\/fi\/sovellukset\/ilmankasittely\/","title":{"rendered":"Ilmank\u00e4sittely"},"content":{"rendered":"\n<section\n    class=\"block hero hero--regular\"\n    style=\"background-image: url('https:\/\/ozonetech.com\/wp-content\/uploads\/2021\/03\/air-treatment-1-1600x484.jpg'); --hero-opacity: 0.2\"\n>\n\n    <div class=\"container-fluid\">\n\n        <div class=\"content editor_content\">\n                         \n                <h2 class='h1'>Ilmank\u00e4sittely<\/h2>            \n                    <\/div>\n\n            <\/div>\n<\/section>\n\n\n<section class=\"component component_breadcrumbs\">\n\t<div class=\"container-fluid\">\n  \t<\/div>\n<\/section>\n\n\n<section\n    id=\"\"\n    class=\"block content-block\"\n\tstyle=\"--cb-bg: #fff; --cb-content: #000; \"\n>\n    \n\n<div class=\"container-fluid editor_content content content--narrow\">\n    <div class=\"row\">\n        <div class=\"col-12 editor_content\">\n            <section id=\"\" class=\"block content-block\">\n<div class=\"container-fluid editor_content content content--narrow\">\n<div class=\"row\">\n<div class=\"col-12 editor_content\">\n<h1>Laaja valikoima teollisuuden ilmank\u00e4sittelyn sovelluksia<\/h1>\n<p class=\"preamble\">Ozonetechin ratkaisut soveltuvat k\u00e4ytett\u00e4v\u00e4ksi lukuisissa eri teollisuuden kohteissa, joissa ilmank\u00e4sittelyj\u00e4rjestelm\u00e4n vaatimuksena on tehokkuus ja ymp\u00e4rist\u00f6yst\u00e4v\u00e4llisyys. J\u00e4rjestelm\u00e4mme perustuvat otsonihapetusteknologiaan. Otsonik\u00e4sittelyn avulla ilmasta voidaan poistaa tai merkitt\u00e4v\u00e4sti v\u00e4hent\u00e4\u00e4 rasvat, hajut, ep\u00e4puhtaudet sek\u00e4 muut hiukkaset. Otsonointij\u00e4rjestelm\u00e4mme ovat my\u00f6s t\u00e4ydellinen ratkaisu est\u00e4m\u00e4\u00e4n biologista kasvustoa sek\u00e4 poistamaan ilmassa olevat virukset, bakteerit ja iti\u00f6t.<\/p>\n<\/div>\n<\/div>\n<\/div>\n<\/section>\n<section id=\"\" class=\"block content-block\">\n<div class=\"container-fluid editor_content content content--narrow\">\n<div class=\"row\">\n<div class=\"col-12 editor_content\">\n<p>Ozonetechin j\u00e4rjestelmi\u00e4 k\u00e4ytet\u00e4\u00e4n teollisuuden eri toimialoilla suurten ilmam\u00e4\u00e4rien ep\u00e4puhtauksien poistamiseksi ja hajuongelmien ehk\u00e4isemiseksi. Tyypillisi\u00e4 sovelluskohteita ovat biokaasuteollisuus, j\u00e4tevedenpuhdistamot ja pumppuasemat. Lis\u00e4ksi tarjoamme ratkaisuja, jotka tukevat elintarviketeollisuuden koko tuotantoprosessia, alkaen puhdistuksesta varsinaisessa tuotantovaiheessa ja loppuen varastointitilojen sek\u00e4 kuljetuskaluston desinfiointiin.<\/p>\n<p>Pienempi\u00e4 ACT-sarjan otsonigeneraattoreitamme tyypillisesti sovelletaan pienikokoisten tilojen hajuongelmien poistossa, kuten j\u00e4tehuoneissa, kellareissa, tupakointitiloissa, varastoissa ja muissa suljetuissa tiloissa.<\/p>\n<p>Lue lis\u00e4\u00e4 teollisuuden j\u00e4rjestelmist\u00e4mme. Mik\u00e4li alasi ei l\u00f6ydy listallamme tai haluat ratkaisuehdotuksen ongelmaan, <a href=\"https:\/\/ozonetech.com\/contact\/\">ota meihin yhteytt\u00e4<\/a>.<\/p>\n<\/div>\n<\/div>\n<\/div>\n<\/section>\n        <\/div>\n    <\/div>\n<\/div>\n\n<\/section>\n\n\n\n<section class=\"block landing-page-grid\" style=\"--grid-bg: #fff; --grid-link: #5f5f5f; --grid-content: #000;\">\n\n    <div class=\"container-fluid grid\">\n\n                \n                    <div class=\"grid__list\">\n                                    <a class=\"item\" href=\"https:\/\/ozonetech.com\/fi\/hakemukset\/air-treatment\/ilman-desinfiointi\/\" target=\"\">\n                        <span class=\"item__overlay\"><\/span>\n                        <span\n                            class=\"item__background-image\"\n                            style=\"background-image: url('https:\/\/ozonetech.com\/wp-content\/uploads\/2021\/03\/air-disinfection-2.jpg');\"\n                        ><\/span>\n                        \n                        <span class=\"item__content\">\n                            <figure class=\"item__content--icon\">\n                                                            <\/figure>\n\n                            <span class=\"item__content--link\">\n                                <span>Ilman desinfiointi<\/span><svg version=\"1.1\" id=\"Layer_1\" xmlns=\"http:\/\/www.w3.org\/2000\/svg\" x=\"0\" y=\"0\" viewBox=\"0 0 25 21.76\" xml:space=\"preserve\"><path fill=\"#FF691C\" d=\"M12.17 1.45l1.11-1.1c.46-.47 1.22-.47 1.68 0l9.69 9.68c.47.46.47 1.22 0 1.68l-9.69 9.69c-.46.47-1.22.47-1.68 0l-1.11-1.11c-.47-.47-.46-1.23.01-1.7l.01-.01 6-5.72h-17c-.66 0-1.2-.53-1.2-1.19v-1.6c0-.66.53-1.2 1.19-1.2h17.01l-6-5.72c-.48-.45-.5-1.2-.05-1.68.01 0 .02-.01.03-.02z\"\/><\/svg>                            <\/span>\n                        <\/span>\n                    <\/a>\n                                    <a class=\"item\" href=\"https:\/\/ozonetech.com\/fi\/sovellukset\/ilmankasittely\/madatyssailion-otsonointi\/\" target=\"\">\n                        <span class=\"item__overlay\"><\/span>\n                        <span\n                            class=\"item__background-image\"\n                            style=\"background-image: url('https:\/\/ozonetech.com\/wp-content\/uploads\/2021\/02\/digester-ozonation.jpg');\"\n                        ><\/span>\n                        \n                        <span class=\"item__content\">\n                            <figure class=\"item__content--icon\">\n                                                            <\/figure>\n\n                            <span class=\"item__content--link\">\n                                <span>M\u00e4d\u00e4tyss\u00e4ili\u00f6n otsonointi<\/span><svg version=\"1.1\" id=\"Layer_1\" xmlns=\"http:\/\/www.w3.org\/2000\/svg\" x=\"0\" y=\"0\" viewBox=\"0 0 25 21.76\" xml:space=\"preserve\"><path fill=\"#FF691C\" d=\"M12.17 1.45l1.11-1.1c.46-.47 1.22-.47 1.68 0l9.69 9.68c.47.46.47 1.22 0 1.68l-9.69 9.69c-.46.47-1.22.47-1.68 0l-1.11-1.11c-.47-.47-.46-1.23.01-1.7l.01-.01 6-5.72h-17c-.66 0-1.2-.53-1.2-1.19v-1.6c0-.66.53-1.2 1.19-1.2h17.01l-6-5.72c-.48-.45-.5-1.2-.05-1.68.01 0 .02-.01.03-.02z\"\/><\/svg>                            <\/span>\n                        <\/span>\n                    <\/a>\n                                    <a class=\"item\" href=\"https:\/\/ozonetech.com\/fi\/sovellukset\/ilmankasittely\/rasvaloukkujen-hajuongelmat\/\" target=\"\">\n                        <span class=\"item__overlay\"><\/span>\n                        <span\n                            class=\"item__background-image\"\n                            style=\"background-image: url('https:\/\/ozonetech.com\/wp-content\/uploads\/2021\/02\/grease-trap-771x433.jpg');\"\n                        ><\/span>\n                        \n                        <span class=\"item__content\">\n                            <figure class=\"item__content--icon\">\n                                                            <\/figure>\n\n                            <span class=\"item__content--link\">\n                                <span>Rasvaloukkujen hajuongelmat<\/span><svg version=\"1.1\" id=\"Layer_1\" xmlns=\"http:\/\/www.w3.org\/2000\/svg\" x=\"0\" y=\"0\" viewBox=\"0 0 25 21.76\" xml:space=\"preserve\"><path fill=\"#FF691C\" d=\"M12.17 1.45l1.11-1.1c.46-.47 1.22-.47 1.68 0l9.69 9.68c.47.46.47 1.22 0 1.68l-9.69 9.69c-.46.47-1.22.47-1.68 0l-1.11-1.11c-.47-.47-.46-1.23.01-1.7l.01-.01 6-5.72h-17c-.66 0-1.2-.53-1.2-1.19v-1.6c0-.66.53-1.2 1.19-1.2h17.01l-6-5.72c-.48-.45-.5-1.2-.05-1.68.01 0 .02-.01.03-.02z\"\/><\/svg>                            <\/span>\n                        <\/span>\n                    <\/a>\n                                    <a class=\"item\" href=\"https:\/\/ozonetech.com\/fi\/sovellukset\/ilmankasittely\/hajukaasujen-hallinta\/\" target=\"\">\n                        <span class=\"item__overlay\"><\/span>\n                        <span\n                            class=\"item__background-image\"\n                            style=\"background-image: url('https:\/\/ozonetech.com\/wp-content\/uploads\/2021\/03\/odor-control.jpg');\"\n                        ><\/span>\n                        \n                        <span class=\"item__content\">\n                            <figure class=\"item__content--icon\">\n                                                            <\/figure>\n\n                            <span class=\"item__content--link\">\n                                <span>Hajukaasujen hallinta<\/span><svg version=\"1.1\" id=\"Layer_1\" xmlns=\"http:\/\/www.w3.org\/2000\/svg\" x=\"0\" y=\"0\" viewBox=\"0 0 25 21.76\" xml:space=\"preserve\"><path fill=\"#FF691C\" d=\"M12.17 1.45l1.11-1.1c.46-.47 1.22-.47 1.68 0l9.69 9.68c.47.46.47 1.22 0 1.68l-9.69 9.69c-.46.47-1.22.47-1.68 0l-1.11-1.11c-.47-.47-.46-1.23.01-1.7l.01-.01 6-5.72h-17c-.66 0-1.2-.53-1.2-1.19v-1.6c0-.66.53-1.2 1.19-1.2h17.01l-6-5.72c-.48-.45-.5-1.2-.05-1.68.01 0 .02-.01.03-.02z\"\/><\/svg>                            <\/span>\n                        <\/span>\n                    <\/a>\n                                    <a class=\"item\" href=\"https:\/\/ozonetech.com\/fi\/hakemukset\/air-treatment\/voc-poisto\/\" target=\"\">\n                        <span class=\"item__overlay\"><\/span>\n                        <span\n                            class=\"item__background-image\"\n                            style=\"background-image: url('https:\/\/ozonetech.com\/wp-content\/uploads\/2021\/02\/VOC-removal.jpg');\"\n                        ><\/span>\n                        \n                        <span class=\"item__content\">\n                            <figure class=\"item__content--icon\">\n                                                            <\/figure>\n\n                            <span class=\"item__content--link\">\n                                <span>VOC-poisto<\/span><svg version=\"1.1\" id=\"Layer_1\" xmlns=\"http:\/\/www.w3.org\/2000\/svg\" x=\"0\" y=\"0\" viewBox=\"0 0 25 21.76\" xml:space=\"preserve\"><path fill=\"#FF691C\" d=\"M12.17 1.45l1.11-1.1c.46-.47 1.22-.47 1.68 0l9.69 9.68c.47.46.47 1.22 0 1.68l-9.69 9.69c-.46.47-1.22.47-1.68 0l-1.11-1.11c-.47-.47-.46-1.23.01-1.7l.01-.01 6-5.72h-17c-.66 0-1.2-.53-1.2-1.19v-1.6c0-.66.53-1.2 1.19-1.2h17.01l-6-5.72c-.48-.45-.5-1.2-.05-1.68.01 0 .02-.01.03-.02z\"\/><\/svg>                            <\/span>\n                        <\/span>\n                    <\/a>\n                            <\/div>\n            <\/div>\n\n<\/section>","protected":false},"excerpt":{"rendered":"","protected":false},"author":42,"featured_media":0,"parent":14204,"menu_order":0,"comment_status":"closed","ping_status":"closed","template":"","meta":{"_acf_changed":false,"_seopress_robots_primary_cat":"","_seopress_titles_title":"","_seopress_titles_desc":"K\u00e4ytt\u00e4m\u00e4ll\u00e4 otsonia hapetukseen voidaan tehokkaasti v\u00e4hent\u00e4\u00e4 tai poistaa ilman sis\u00e4lt\u00e4m\u00e4\u00e4 rasvaa, hajuja tai ep\u00e4puhtauksia.","_seopress_robots_index":"","inline_featured_image":false,"footnotes":""},"class_list":["post-14760","page","type-page","status-publish","hentry"],"acf":[],"_links":{"self":[{"href":"https:\/\/ozonetech.com\/fi\/wp-json\/wp\/v2\/pages\/14760","targetHints":{"allow":["GET"]}}],"collection":[{"href":"https:\/\/ozonetech.com\/fi\/wp-json\/wp\/v2\/pages"}],"about":[{"href":"https:\/\/ozonetech.com\/fi\/wp-json\/wp\/v2\/types\/page"}],"author":[{"embeddable":true,"href":"https:\/\/ozonetech.com\/fi\/wp-json\/wp\/v2\/users\/42"}],"replies":[{"embeddable":true,"href":"https:\/\/ozonetech.com\/fi\/wp-json\/wp\/v2\/comments?post=14760"}],"version-history":[{"count":55,"href":"https:\/\/ozonetech.com\/fi\/wp-json\/wp\/v2\/pages\/14760\/revisions"}],"predecessor-version":[{"id":40396,"href":"https:\/\/ozonetech.com\/fi\/wp-json\/wp\/v2\/pages\/14760\/revisions\/40396"}],"up":[{"embeddable":true,"href":"https:\/\/ozonetech.com\/fi\/wp-json\/wp\/v2\/pages\/14204"}],"wp:attachment":[{"href":"https:\/\/ozonetech.com\/fi\/wp-json\/wp\/v2\/media?parent=14760"}],"curies":[{"name":"wp","href":"https:\/\/api.w.org\/{rel}","templated":true}]}}