{"id":11862,"date":"2020-06-25T12:28:08","date_gmt":"2020-06-25T12:28:08","guid":{"rendered":"https:\/\/ozonetech.com\/hamburger-menu-downloads-company\/"},"modified":"2024-10-11T11:25:50","modified_gmt":"2024-10-11T09:25:50","slug":"muut-lataukset","status":"publish","type":"page","link":"https:\/\/ozonetech.com\/fi\/ladattavat-tiedostot\/muut-lataukset\/","title":{"rendered":"Muut lataukset"},"content":{"rendered":"\n<section\n    class=\"block hero hero--regular\"\n    style=\"background-image: url('https:\/\/ozonetech.com\/wp-content\/uploads\/2021\/03\/other-downloads-ots-1600x484.jpg'); --hero-opacity: 0.2\"\n>\n\n    <div class=\"container-fluid\">\n\n        <div class=\"content editor_content\">\n                         \n                <h2 class='h2'>Muut lataukset  <\/h2>            \n                    <\/div>\n\n            <\/div>\n<\/section>\n\n\n<section class=\"component component_breadcrumbs\">\n\t<div class=\"container-fluid\">\n  \t<\/div>\n<\/section>\n\n\n<section\n    id=\"\"\n    class=\"block content-block\"\n\tstyle=\"--cb-bg: white; --cb-content: #000; padding-top: 30px; padding-bottom: 30px;\"\n>\n    \n\n<div class=\"container-fluid editor_content content content--narrow\">\n    <div class=\"row\">\n        <div class=\"col-12 editor_content\">\n            <h1>Kokoelma muita latauksia<\/h1>\n<p class=\"preamble\">T\u00e4\u00e4lt\u00e4 l\u00f6yd\u00e4t kaikki yritysesitteet. <a href=\"https:\/\/ozonetech.com\/de\/contact\/\">Kerro meille<\/a>, jos tarvitset lis\u00e4apua.<\/p>\n        <\/div>\n    <\/div>\n<\/div>\n\n<\/section>\n\n\n\n<section class=\"block downloads\"> \n    <div class=\"container-fluid\">\n        <div class=\"row\">\n            <div class=\"col-12 title\">\n                <h2 class='h2'>Esitteet<\/h2>            <\/div>\n        <\/div>\n\n        <div class=\"row justify-content-center\">\n            <div class=\"col-lg-8\">\n                <div class=\"downloads\">\n                                                                        <div class=\"downloads__download\">\n                                <div class=\"downloads__download--image\">\n                                    <img loading=\"lazy\" decoding=\"async\" width=\"240\" height=\"339\" src=\"https:\/\/ozonetech.com\/wp-content\/uploads\/2021\/01\/entreprenor-magazine-first-page.png\" class=\"attachment-large size-large\" alt=\"\" srcset=\"https:\/\/ozonetech.com\/wp-content\/uploads\/2021\/01\/entreprenor-magazine-first-page.png 240w, https:\/\/ozonetech.com\/wp-content\/uploads\/2021\/01\/entreprenor-magazine-first-page-212x300.png 212w\" sizes=\"auto, (max-width: 240px) 100vw, 240px\" \/>                                <\/div>\n                                <div class=\"downloads__download--content\">\n                                    <h4><strong>Offprint &#8211; pakolaiset, jotka ovat tulleet ymp\u00e4rist\u00f6teknologian edell\u00e4k\u00e4vij\u00f6iksi<\/strong><\/h4>\n<p>T\u00e4m\u00e4 kuuden sivun artikkeli kertoo Ozonetechin historiasta, Gilanpourin veljen vahvasta yritt\u00e4jyydest\u00e4, innovatiivisesta tekniikastaan ja vuoden yritt\u00e4j\u00e4lle saadusta palkinnosta H\u00e4nen Majesteettinsa kuningas Carl XVI Gustafista Tukholman kuninkaallisessa linnassa.<\/p>\n                                                                            <div class=\"downloads__download--files\">\n                                            <svg version=\"1.1\" id=\"Layer_1\" xmlns=\"http:\/\/www.w3.org\/2000\/svg\" x=\"0\" y=\"0\" viewBox=\"0 0 20.83 25\" xml:space=\"preserve\"><path fill=\"currentColor\" d=\"M20.83 8.82h-5.95V0H5.95v8.82H0l10.42 10.29L20.83 8.82zM0 22.06V25h20.83v-2.94H0z\"\/><\/svg>                                            <span>Lataa sis\u00e4lt\u00f6<\/span>\n                                                                                            <a target=\"_blank\" href=\"https:\/\/ozonetech.com\/wp-content\/uploads\/2020\/12\/Offprint-Entreprenor-v1.0-SV-web.pdf\">\n                                                    ruotsiksi                                                <\/a>\n                                                                                    <\/div>\n                                                                    <\/div>\n                            <\/div>\n                                                    <div class=\"downloads__download\">\n                                <div class=\"downloads__download--image\">\n                                    <img loading=\"lazy\" decoding=\"async\" width=\"240\" height=\"298\" src=\"https:\/\/ozonetech.com\/wp-content\/uploads\/2021\/01\/automation-magazine-front-page.png\" class=\"attachment-large size-large\" alt=\"\" \/>                                <\/div>\n                                <div class=\"downloads__download--content\">\n                                    <h4><strong>Offprint &#8211; artikkeli arvokkaasta 25 RENA-j\u00e4rjestelm\u00e4n asennuksesta Skandinavian ostoskeskuksessa<\/strong><\/h4>\n<p>Toimittajan Dagmar Zitkovan kattava nelj\u00e4n sivun artikkeli, jossa on valokuvia.<\/p>\n                                                                            <div class=\"downloads__download--files\">\n                                            <svg version=\"1.1\" id=\"Layer_1\" xmlns=\"http:\/\/www.w3.org\/2000\/svg\" x=\"0\" y=\"0\" viewBox=\"0 0 20.83 25\" xml:space=\"preserve\"><path fill=\"currentColor\" d=\"M20.83 8.82h-5.95V0H5.95v8.82H0l10.42 10.29L20.83 8.82zM0 22.06V25h20.83v-2.94H0z\"\/><\/svg>                                            <span>Lataa sis\u00e4lt\u00f6<\/span>\n                                                                                            <a target=\"_blank\" href=\"https:\/\/ozonetech.com\/wp-content\/uploads\/2020\/12\/Offprint-Automation-v1.0-SV-web.pdf\">\n                                                    ruotsiksi                                                <\/a>\n                                                                                    <\/div>\n                                                                    <\/div>\n                            <\/div>\n                                                    <div class=\"downloads__download\">\n                                <div class=\"downloads__download--image\">\n                                    <img loading=\"lazy\" decoding=\"async\" width=\"240\" height=\"340\" src=\"https:\/\/ozonetech.com\/wp-content\/uploads\/2021\/01\/Vision-fresh-air-clean-water-brochure-front-page.png\" class=\"attachment-large size-large\" alt=\"\" srcset=\"https:\/\/ozonetech.com\/wp-content\/uploads\/2021\/01\/Vision-fresh-air-clean-water-brochure-front-page.png 240w, https:\/\/ozonetech.com\/wp-content\/uploads\/2021\/01\/Vision-fresh-air-clean-water-brochure-front-page-212x300.png 212w\" sizes=\"auto, (max-width: 240px) 100vw, 240px\" \/>                                <\/div>\n                                <div class=\"downloads__download--content\">\n                                    <h4><strong>Pid\u00e4 Ruotsin puhtaan kampanjan tuloksena Ozonetech-visio<\/strong><\/h4>\n<p>Pitk\u00e4aikainen ruotsalainen kampanja \u201dPid\u00e4 Ruotsi puhtaana\u201d oli varhainen vaikutelma Gilanpour-veljille, kun he saapuivat uuteen maahan. Kaksikymment\u00e4 vuotta my\u00f6hemmin heid\u00e4n yrityksens\u00e4 tekee juuri niin &#8211; mutta kuudella mantereella.<\/p>\n                                                                            <div class=\"downloads__download--files\">\n                                            <svg version=\"1.1\" id=\"Layer_1\" xmlns=\"http:\/\/www.w3.org\/2000\/svg\" x=\"0\" y=\"0\" viewBox=\"0 0 20.83 25\" xml:space=\"preserve\"><path fill=\"currentColor\" d=\"M20.83 8.82h-5.95V0H5.95v8.82H0l10.42 10.29L20.83 8.82zM0 22.06V25h20.83v-2.94H0z\"\/><\/svg>                                            <span>Lataa sis\u00e4lt\u00f6<\/span>\n                                                                                            <a target=\"_blank\" href=\"https:\/\/ozonetech.com\/wp-content\/uploads\/2020\/12\/Brochure-Vision-v1.0-EN-web.pdf\">\n                                                    englanniksi                                                <\/a>\n                                                                                            <a target=\"_blank\" href=\"https:\/\/ozonetech.com\/wp-content\/uploads\/2020\/12\/Brochure-Vision-v1.0-SV-web.pdf\">\n                                                    ruotsiksi                                                <\/a>\n                                                                                            <a target=\"_blank\" href=\"https:\/\/ozonetech.com\/wp-content\/uploads\/2020\/12\/Brochure-Vision-v1.0-DE-web.pdf\">\n                                                    saksaksi                                                <\/a>\n                                                                                    <\/div>\n                                                                    <\/div>\n                            <\/div>\n                                                    <div class=\"downloads__download\">\n                                <div class=\"downloads__download--image\">\n                                    <img loading=\"lazy\" decoding=\"async\" width=\"240\" height=\"342\" src=\"https:\/\/ozonetech.com\/wp-content\/uploads\/2021\/01\/fresh-air-clean-water-simple-brochure-front-page.png\" class=\"attachment-large size-large\" alt=\"\" srcset=\"https:\/\/ozonetech.com\/wp-content\/uploads\/2021\/01\/fresh-air-clean-water-simple-brochure-front-page.png 240w, https:\/\/ozonetech.com\/wp-content\/uploads\/2021\/01\/fresh-air-clean-water-simple-brochure-front-page-211x300.png 211w\" sizes=\"auto, (max-width: 240px) 100vw, 240px\" \/>                                <\/div>\n                                <div class=\"downloads__download--content\">\n                                    <h4><strong>Kompakti kotelo-otsikko-opas<\/strong><\/h4>\n<p>Otsoni on monipuolinen voimakas hapetin, joka tekee maailmasta kest\u00e4v\u00e4mm\u00e4n. T\u00e4ss\u00e4 esitteess\u00e4 on lyhyt katsaus otsonin k\u00e4ytt\u00e4miseen &#8211; ja mihin tarkoituksiin.<\/p>\n                                                                            <div class=\"downloads__download--files\">\n                                            <svg version=\"1.1\" id=\"Layer_1\" xmlns=\"http:\/\/www.w3.org\/2000\/svg\" x=\"0\" y=\"0\" viewBox=\"0 0 20.83 25\" xml:space=\"preserve\"><path fill=\"currentColor\" d=\"M20.83 8.82h-5.95V0H5.95v8.82H0l10.42 10.29L20.83 8.82zM0 22.06V25h20.83v-2.94H0z\"\/><\/svg>                                            <span>Lataa sis\u00e4lt\u00f6<\/span>\n                                                                                            <a target=\"_blank\" href=\"https:\/\/ozonetech.com\/wp-content\/uploads\/2020\/12\/Brochure-B2B-v1.0-EN-web.pdf\">\n                                                    englanniksi                                                <\/a>\n                                                                                            <a target=\"_blank\" href=\"https:\/\/ozonetech.com\/wp-content\/uploads\/2020\/12\/Brochure-B2B-v1.0-SV-web.pdf\">\n                                                    ruotsiksi                                                <\/a>\n                                                                                            <a target=\"_blank\" href=\"https:\/\/ozonetech.com\/wp-content\/uploads\/2020\/12\/Brochure-B2B-v1.0-DE-web.pdf\">\n                                                    saksaksi                                                <\/a>\n                                                                                            <a target=\"_blank\" href=\"https:\/\/ozonetech.com\/wp-content\/uploads\/2020\/12\/Brochure-B2B-v1.0-FI-web.pdf\">\n                                                    suomeksi                                                <\/a>\n                                                                                    <\/div>\n                                                                    <\/div>\n                            <\/div>\n                                                            <\/div>\n            <\/div>\n        <\/div>\n    <\/div>\n<\/section>\n","protected":false},"excerpt":{"rendered":"","protected":false},"author":21,"featured_media":0,"parent":11771,"menu_order":0,"comment_status":"closed","ping_status":"closed","template":"","meta":{"_acf_changed":false,"_seopress_robots_primary_cat":"","_seopress_titles_title":"","_seopress_titles_desc":"Lataa julkaisuja ja esitteit\u00e4, jotka kertovat Ozonetechin menestyksen taustalla olevan tarinan ja jakavat vision raikkaasta ilmasta ja puhtaasta vedest\u00e4.","_seopress_robots_index":"","inline_featured_image":false,"footnotes":""},"class_list":["post-11862","page","type-page","status-publish","hentry"],"acf":[],"_links":{"self":[{"href":"https:\/\/ozonetech.com\/fi\/wp-json\/wp\/v2\/pages\/11862","targetHints":{"allow":["GET"]}}],"collection":[{"href":"https:\/\/ozonetech.com\/fi\/wp-json\/wp\/v2\/pages"}],"about":[{"href":"https:\/\/ozonetech.com\/fi\/wp-json\/wp\/v2\/types\/page"}],"author":[{"embeddable":true,"href":"https:\/\/ozonetech.com\/fi\/wp-json\/wp\/v2\/users\/21"}],"replies":[{"embeddable":true,"href":"https:\/\/ozonetech.com\/fi\/wp-json\/wp\/v2\/comments?post=11862"}],"version-history":[{"count":22,"href":"https:\/\/ozonetech.com\/fi\/wp-json\/wp\/v2\/pages\/11862\/revisions"}],"predecessor-version":[{"id":41440,"href":"https:\/\/ozonetech.com\/fi\/wp-json\/wp\/v2\/pages\/11862\/revisions\/41440"}],"up":[{"embeddable":true,"href":"https:\/\/ozonetech.com\/fi\/wp-json\/wp\/v2\/pages\/11771"}],"wp:attachment":[{"href":"https:\/\/ozonetech.com\/fi\/wp-json\/wp\/v2\/media?parent=11862"}],"curies":[{"name":"wp","href":"https:\/\/api.w.org\/{rel}","templated":true}]}}