{"id":11855,"date":"2020-06-26T08:20:32","date_gmt":"2020-06-26T08:20:32","guid":{"rendered":"https:\/\/ozonetech.com\/hamburger-menu-downloads-science-engineering\/"},"modified":"2024-10-11T10:43:44","modified_gmt":"2024-10-11T08:43:44","slug":"tieteellisten-julkaisuiden-lataukset","status":"publish","type":"page","link":"https:\/\/ozonetech.com\/fi\/ladattavat-tiedostot\/tieteellisten-julkaisuiden-lataukset\/","title":{"rendered":"Tieteellisten julkaisuiden lataukset"},"content":{"rendered":"\n<section\n    class=\"block hero hero--regular\"\n    style=\"background-image: url('https:\/\/ozonetech.com\/wp-content\/uploads\/2021\/03\/engineering-services-tech-1600x484.jpg'); --hero-opacity: 0.3\"\n>\n\n    <div class=\"container-fluid\">\n\n        <div class=\"content editor_content\">\n                         \n                <h2 class='h2'>Tieteellisten julkaisuiden lataukset <\/h2>            \n                    <\/div>\n\n            <\/div>\n<\/section>\n\n\n<section class=\"component component_breadcrumbs\">\n\t<div class=\"container-fluid\">\n  \t<\/div>\n<\/section>\n\n\n<section\n    id=\"\"\n    class=\"block content-block\"\n\tstyle=\"--cb-bg: white; --cb-content: #000; padding-top: 30px; padding-bottom: 30px;\"\n>\n    \n\n<div class=\"container-fluid editor_content content content--narrow\">\n    <div class=\"row\">\n        <div class=\"col-12 editor_content\">\n            <h1>Kokoelma tieteellisi\u00e4 tutkimuksia ja julkaisuja<\/h1>\n<p class=\"preamble\">T\u00e4h\u00e4n osaan olemme koonneet sek\u00e4 sis\u00e4isesti tuotettuja raportteja tekniikastamme ja asiantuntemuksestamme ett\u00e4 ulkoisesti, itsen\u00e4isten laitosten tuottamia raportteja otsonin tehokkuudesta. Lue lis\u00e4\u00e4 kuvauksia alta ja lataa n\u00e4m\u00e4 asiakirjat.<\/p>\n        <\/div>\n    <\/div>\n<\/div>\n\n<\/section>\n\n\n\n<section class=\"block downloads\"> \n    <div class=\"container-fluid\">\n        <div class=\"row\">\n            <div class=\"col-12 title\">\n                <h2 class='h2'>Scientific research<\/h2>            <\/div>\n        <\/div>\n\n        <div class=\"row justify-content-center\">\n            <div class=\"col-lg-8\">\n                <div class=\"downloads\">\n                                                                        <div class=\"downloads__download\">\n                                <div class=\"downloads__download--image\">\n                                    <img loading=\"lazy\" decoding=\"async\" width=\"306\" height=\"460\" src=\"https:\/\/ozonetech.com\/wp-content\/uploads\/2021\/01\/uv-treatment-kitchen-exhaust-research-front-page.png\" class=\"attachment-large size-large\" alt=\"\" srcset=\"https:\/\/ozonetech.com\/wp-content\/uploads\/2021\/01\/uv-treatment-kitchen-exhaust-research-front-page.png 306w, https:\/\/ozonetech.com\/wp-content\/uploads\/2021\/01\/uv-treatment-kitchen-exhaust-research-front-page-200x300.png 200w\" sizes=\"auto, (max-width: 306px) 100vw, 306px\" \/>                                <\/div>\n                                <div class=\"downloads__download--content\">\n                                    <h4>Myths about UV treatment for kitchen exhausts<\/h4>\n<p>This paper presents different methods using UV light for removing odors and grease emitted from kitchen exhausts and five common myths about UV treatment &#8211; still affecting today &#8217;s market &#8211; are presented.<\/p>\n                                                                            <span>Lataa sis\u00e4lt\u00f6<\/span>\n                                        <a target='_blank' href='https:\/\/www.mellifiq.com\/contact' >Vain pyydett\u00e4ess\u00e4<\/a>                                                                    <\/div>\n                            <\/div>\n                                                    <div class=\"downloads__download\">\n                                <div class=\"downloads__download--image\">\n                                    <img loading=\"lazy\" decoding=\"async\" width=\"306\" height=\"460\" src=\"https:\/\/ozonetech.com\/wp-content\/uploads\/2021\/01\/h2s-removal-research-front-page.png\" class=\"attachment-large size-large\" alt=\"\" srcset=\"https:\/\/ozonetech.com\/wp-content\/uploads\/2021\/01\/h2s-removal-research-front-page.png 306w, https:\/\/ozonetech.com\/wp-content\/uploads\/2021\/01\/h2s-removal-research-front-page-200x300.png 200w\" sizes=\"auto, (max-width: 306px) 100vw, 306px\" \/>                                <\/div>\n                                <div class=\"downloads__download--content\">\n                                    <h4>Technologies comparison for hydrogen sulfide (H<sub>2<\/sub>S) removal<\/h4>\n<p>This white paper presents a comparison between two technologies &#8211; adsorption and catalytic oxidation &#8211; with considerations relevant for choosing the most cost effective method.<\/p>\n                                                                            <span>Lataa sis\u00e4lt\u00f6<\/span>\n                                        <a target='_blank' href='https:\/\/www.mellifiq.com\/contact' >Vain pyydett\u00e4ess\u00e4<\/a>                                                                    <\/div>\n                            <\/div>\n                                                    <div class=\"downloads__download\">\n                                <div class=\"downloads__download--image\">\n                                    <img loading=\"lazy\" decoding=\"async\" width=\"306\" height=\"460\" src=\"https:\/\/ozonetech.com\/wp-content\/uploads\/2021\/01\/hels-ozone-technology-research-front-page.png\" class=\"attachment-large size-large\" alt=\"\" srcset=\"https:\/\/ozonetech.com\/wp-content\/uploads\/2021\/01\/hels-ozone-technology-research-front-page.png 306w, https:\/\/ozonetech.com\/wp-content\/uploads\/2021\/01\/hels-ozone-technology-research-front-page-200x300.png 200w\" sizes=\"auto, (max-width: 306px) 100vw, 306px\" \/>                                <\/div>\n                                <div class=\"downloads__download--content\">\n                                    <h4><strong>Tervetuloa HELSiin &#8211; luotettava, tehokas ja elektroditon otsonitekniikka<\/strong><\/h4>\n<p>Tiesitk\u00f6, ett\u00e4 otsoniteknologia on ainutlaatuinen ja tarjoaa markkinoiden pienimm\u00e4t otsonigeneraattorit? T\u00e4ss\u00e4 valkoisessa kirjassa korostetaan j\u00e4rjestelmien ja tuotteiden erityispiirteet.<\/p>\n                                                                            <span>Lataa sis\u00e4lt\u00f6<\/span>\n                                        <a target='_blank' href='https:\/\/www.mellifiq.com\/contact' >Vain pyydett\u00e4ess\u00e4<\/a>                                                                    <\/div>\n                            <\/div>\n                                                    <div class=\"downloads__download\">\n                                <div class=\"downloads__download--image\">\n                                    <img loading=\"lazy\" decoding=\"async\" width=\"300\" height=\"460\" src=\"https:\/\/ozonetech.com\/wp-content\/uploads\/2021\/01\/white_paper_-_design_of_waterresearch-front-page.png\" class=\"attachment-large size-large\" alt=\"\" srcset=\"https:\/\/ozonetech.com\/wp-content\/uploads\/2021\/01\/white_paper_-_design_of_waterresearch-front-page.png 300w, https:\/\/ozonetech.com\/wp-content\/uploads\/2021\/01\/white_paper_-_design_of_waterresearch-front-page-196x300.png 196w\" sizes=\"auto, (max-width: 300px) 100vw, 300px\" \/>                                <\/div>\n                                <div class=\"downloads__download--content\">\n                                    <h4><strong>Suuri tehokkuuden omaavien otsonivesij\u00e4rjestelmien suunnittelu &#8211; menestyksen avaintekij\u00e4t<\/strong><\/h4>\n<p>Otsoniveden k\u00e4sittely on kasvava markkina-alue. On kuitenkin otettava huomioon monet tekij\u00e4t, jotta onnistumme onnistuneesti toteutuksen, luotettavien tulosten ja parhaan mahdollisen tehokkuuden avulla. Ozonetech toimittaa t\u00e4ydelliset avaimet k\u00e4teen -j\u00e4rjestelm\u00e4t, joissa otetaan huomioon kaikki korkean suorituskyvyn n\u00e4k\u00f6kohdat. Lue, miten teemme sen t\u00e4ss\u00e4 tuoreessa valkoisessa kirjassa.<\/p>\n                                                                            <span>Lataa sis\u00e4lt\u00f6<\/span>\n                                        <a target='_blank' href='https:\/\/www.mellifiq.com\/contact' >Vain pyydett\u00e4ess\u00e4<\/a>                                                                    <\/div>\n                            <\/div>\n                                                    <div class=\"downloads__download\">\n                                <div class=\"downloads__download--image\">\n                                    <img loading=\"lazy\" decoding=\"async\" width=\"306\" height=\"460\" src=\"https:\/\/ozonetech.com\/wp-content\/uploads\/2021\/01\/mcdonalds-research-front-page.png\" class=\"attachment-large size-large\" alt=\"\" srcset=\"https:\/\/ozonetech.com\/wp-content\/uploads\/2021\/01\/mcdonalds-research-front-page.png 306w, https:\/\/ozonetech.com\/wp-content\/uploads\/2021\/01\/mcdonalds-research-front-page-200x300.png 200w\" sizes=\"auto, (max-width: 306px) 100vw, 306px\" \/>                                <\/div>\n                                <div class=\"downloads__download--content\">\n                                    <h4>12 months report from McDonald\u2019s, Kivikko Finland<\/h4>\n<p>The report is produced by Are Oy, a Finnish building and maintenance services company. It provides photos taken at four occasions of kitchen ducts without our ozone treatment, before and after manual cleaning by Are Oy. It also provides photos at the same four occasions of the ducts where our ozone treatment has been installed. The difference is obvious.<\/p>\n                                                                            <span>Lataa sis\u00e4lt\u00f6<\/span>\n                                        <a target='_blank' href='https:\/\/www.mellifiq.com\/contact' >Vain pyydett\u00e4ess\u00e4<\/a>                                                                    <\/div>\n                            <\/div>\n                                                    <div class=\"downloads__download\">\n                                <div class=\"downloads__download--image\">\n                                    <img loading=\"lazy\" decoding=\"async\" width=\"306\" height=\"460\" src=\"https:\/\/ozonetech.com\/wp-content\/uploads\/2021\/01\/nox-emissions-research-front-page.png\" class=\"attachment-large size-large\" alt=\"\" srcset=\"https:\/\/ozonetech.com\/wp-content\/uploads\/2021\/01\/nox-emissions-research-front-page.png 306w, https:\/\/ozonetech.com\/wp-content\/uploads\/2021\/01\/nox-emissions-research-front-page-200x300.png 200w\" sizes=\"auto, (max-width: 306px) 100vw, 306px\" \/>                                <\/div>\n                                <div class=\"downloads__download--content\">\n                                    <h4>NOx emissions and HNO<sub>3<\/sub> formation: air pollution with analysis of air-fed ozone generators<\/h4>\n<p>This report reviews the hazard posed by NOx air emissions, with particular attention on the potential contribution of air-fed ozone generators.<\/p>\n                                                                            <span>Lataa sis\u00e4lt\u00f6<\/span>\n                                        <a target='_blank' href='https:\/\/www.mellifiq.com\/contact' >Vain pyydett\u00e4ess\u00e4<\/a>                                                                    <\/div>\n                            <\/div>\n                                                    <div class=\"downloads__download\">\n                                <div class=\"downloads__download--image\">\n                                    <img loading=\"lazy\" decoding=\"async\" width=\"306\" height=\"460\" src=\"https:\/\/ozonetech.com\/wp-content\/uploads\/2021\/01\/corona-discharge-ozone-research-front-page.png\" class=\"attachment-large size-large\" alt=\"\" srcset=\"https:\/\/ozonetech.com\/wp-content\/uploads\/2021\/01\/corona-discharge-ozone-research-front-page.png 306w, https:\/\/ozonetech.com\/wp-content\/uploads\/2021\/01\/corona-discharge-ozone-research-front-page-200x300.png 200w\" sizes=\"auto, (max-width: 306px) 100vw, 306px\" \/>                                <\/div>\n                                <div class=\"downloads__download--content\">\n                                    <h4>Literature Evaluation of Corona Discharge Ozone Generator By-products<\/h4>\n<p>At the request of Ozonetech, Exponent International Ltd has performed a literature evaluation of the typical by-products produced following the generation of ozone by corona discharge.<\/p>\n                                                                            <span>Lataa sis\u00e4lt\u00f6<\/span>\n                                        <a target='_blank' href='https:\/\/www.mellifiq.com\/contact' >Vain pyydett\u00e4ess\u00e4<\/a>                                                                    <\/div>\n                            <\/div>\n                                                    <div class=\"downloads__download\">\n                                <div class=\"downloads__download--image\">\n                                    <img loading=\"lazy\" decoding=\"async\" width=\"328\" height=\"460\" src=\"https:\/\/ozonetech.com\/wp-content\/uploads\/2021\/01\/epa-water_treatment_manual-research-front-page.png\" class=\"attachment-large size-large\" alt=\"\" srcset=\"https:\/\/ozonetech.com\/wp-content\/uploads\/2021\/01\/epa-water_treatment_manual-research-front-page.png 328w, https:\/\/ozonetech.com\/wp-content\/uploads\/2021\/01\/epa-water_treatment_manual-research-front-page-214x300.png 214w, https:\/\/ozonetech.com\/wp-content\/uploads\/2021\/01\/epa-water_treatment_manual-research-front-page-170x238.png 170w\" sizes=\"auto, (max-width: 328px) 100vw, 328px\" \/>                                <\/div>\n                                <div class=\"downloads__download--content\">\n                                    <h4><strong>Environmental Protection Agency &#8211; Vedenk\u00e4sittelyohje: Desinfiointi<\/strong><\/h4>\n<p>Juomaveden desinfiointi tehd\u00e4\u00e4n maailmanlaajuisesti korkealla panoksella. T\u00e4ss\u00e4 vertailuanalyysiraportissa verrataan kaikkia t\u00e4ll\u00e4 hetkell\u00e4 saatavilla olevia desinfiointiteknologioita. N\u00e4ill\u00e4 itsen\u00e4isill\u00e4 tutkimuksilla voidaan vahvistaa, ett\u00e4 otsoni on nykyisin tehokkain kaupallisesti saatavilla oleva desinfiointimenetelm\u00e4. Raportissa kvantifioidaan keskeiset suorituskykyindikaattorit ja annetaan yleiskatsaus kaikkiin teknisiin haasteisiin.<\/p>\n                                                                            <div class=\"downloads__download--files\">\n                                            <svg version=\"1.1\" id=\"Layer_1\" xmlns=\"http:\/\/www.w3.org\/2000\/svg\" x=\"0\" y=\"0\" viewBox=\"0 0 20.83 25\" xml:space=\"preserve\"><path fill=\"currentColor\" d=\"M20.83 8.82h-5.95V0H5.95v8.82H0l10.42 10.29L20.83 8.82zM0 22.06V25h20.83v-2.94H0z\"\/><\/svg>                                            <span>Lataa sis\u00e4lt\u00f6<\/span>\n                                                                                            <a target=\"_blank\" href=\"https:\/\/ozonetech.com\/wp-content\/uploads\/2020\/12\/2011-EPA-Water-treatment-manual-disinfection_compressed-2.pdf\">\n                                                    englanniksi                                                <\/a>\n                                                                                    <\/div>\n                                                                    <\/div>\n                            <\/div>\n                                                    <div class=\"downloads__download\">\n                                <div class=\"downloads__download--image\">\n                                    <img loading=\"lazy\" decoding=\"async\" width=\"327\" height=\"460\" src=\"https:\/\/ozonetech.com\/wp-content\/uploads\/2021\/01\/who-_water_treatment_pathogen_control-research-front-page.png\" class=\"attachment-large size-large\" alt=\"\" srcset=\"https:\/\/ozonetech.com\/wp-content\/uploads\/2021\/01\/who-_water_treatment_pathogen_control-research-front-page.png 327w, https:\/\/ozonetech.com\/wp-content\/uploads\/2021\/01\/who-_water_treatment_pathogen_control-research-front-page-213x300.png 213w, https:\/\/ozonetech.com\/wp-content\/uploads\/2021\/01\/who-_water_treatment_pathogen_control-research-front-page-170x238.png 170w\" sizes=\"auto, (max-width: 327px) 100vw, 327px\" \/>                                <\/div>\n                                <div class=\"downloads__download--content\">\n                                    <h4><strong>Maailman terveysj\u00e4rjest\u00f6 &#8211; Vedenk\u00e4sittely- ja patogeenivalvonta<\/strong><\/h4>\n<p>T\u00e4ss\u00e4 WHO: n raportissa k\u00e4sitell\u00e4\u00e4n menestystekij\u00f6it\u00e4 useimpien juomaveden taudinaiheuttajien tehokkaimpaan poistamiseen, mik\u00e4 aiheuttaa vakavia ongelmia koko maailmassa. Otsoni korostuu turvallisena, todistettuna ja luotettavana menetelm\u00e4n\u00e4 taudinaiheuttajien koko spektrin poistamiseksi.<\/p>\n                                                                            <div class=\"downloads__download--files\">\n                                            <svg version=\"1.1\" id=\"Layer_1\" xmlns=\"http:\/\/www.w3.org\/2000\/svg\" x=\"0\" y=\"0\" viewBox=\"0 0 20.83 25\" xml:space=\"preserve\"><path fill=\"currentColor\" d=\"M20.83 8.82h-5.95V0H5.95v8.82H0l10.42 10.29L20.83 8.82zM0 22.06V25h20.83v-2.94H0z\"\/><\/svg>                                            <span>Lataa sis\u00e4lt\u00f6<\/span>\n                                                                                            <a target=\"_blank\" href=\"https:\/\/ozonetech.com\/wp-content\/uploads\/2020\/12\/2001-WHO-Water-Treatment-and-Pathogen-Control.pdf\">\n                                                    englanniksi                                                <\/a>\n                                                                                    <\/div>\n                                                                    <\/div>\n                            <\/div>\n                                                            <\/div>\n            <\/div>\n        <\/div>\n    <\/div>\n<\/section>\n","protected":false},"excerpt":{"rendered":"","protected":false},"author":21,"featured_media":0,"parent":11771,"menu_order":0,"comment_status":"closed","ping_status":"closed","template":"","meta":{"_acf_changed":false,"_seopress_robots_primary_cat":"","_seopress_titles_title":"","_seopress_titles_desc":"T\u00e4\u00e4lt\u00e4 l\u00f6ytyy tuottamamme asiantuntija julkaisut teknologiastamme ja tutkimuksestamme","_seopress_robots_index":"","inline_featured_image":false,"footnotes":""},"class_list":["post-11855","page","type-page","status-publish","hentry"],"acf":[],"_links":{"self":[{"href":"https:\/\/ozonetech.com\/fi\/wp-json\/wp\/v2\/pages\/11855","targetHints":{"allow":["GET"]}}],"collection":[{"href":"https:\/\/ozonetech.com\/fi\/wp-json\/wp\/v2\/pages"}],"about":[{"href":"https:\/\/ozonetech.com\/fi\/wp-json\/wp\/v2\/types\/page"}],"author":[{"embeddable":true,"href":"https:\/\/ozonetech.com\/fi\/wp-json\/wp\/v2\/users\/21"}],"replies":[{"embeddable":true,"href":"https:\/\/ozonetech.com\/fi\/wp-json\/wp\/v2\/comments?post=11855"}],"version-history":[{"count":24,"href":"https:\/\/ozonetech.com\/fi\/wp-json\/wp\/v2\/pages\/11855\/revisions"}],"predecessor-version":[{"id":41373,"href":"https:\/\/ozonetech.com\/fi\/wp-json\/wp\/v2\/pages\/11855\/revisions\/41373"}],"up":[{"embeddable":true,"href":"https:\/\/ozonetech.com\/fi\/wp-json\/wp\/v2\/pages\/11771"}],"wp:attachment":[{"href":"https:\/\/ozonetech.com\/fi\/wp-json\/wp\/v2\/media?parent=11855"}],"curies":[{"name":"wp","href":"https:\/\/api.w.org\/{rel}","templated":true}]}}