{"id":11843,"date":"2020-06-26T07:45:29","date_gmt":"2020-06-26T07:45:29","guid":{"rendered":"https:\/\/ozonetech.com\/hamburger-menu-downloads-odor-and-sanitation\/"},"modified":"2024-10-11T10:38:18","modified_gmt":"2024-10-11T08:38:18","slug":"hajunhallinnan-ja-puhdistuksen-lataukset","status":"publish","type":"page","link":"https:\/\/ozonetech.com\/fi\/ladattavat-tiedostot\/hajunhallinnan-ja-puhdistuksen-lataukset\/","title":{"rendered":"Hajunhallinnan ja puhdistuksen lataukset\u00a0"},"content":{"rendered":"\n<section\n    class=\"block hero hero--regular\"\n    style=\"background-image: url('https:\/\/ozonetech.com\/wp-content\/uploads\/2021\/03\/odor-and-sanitation-1-1600x484.jpg'); --hero-opacity: 0.3\"\n>\n\n    <div class=\"container-fluid\">\n\n        <div class=\"content editor_content\">\n                         \n                <h2 class='h2'>Hajunhallinnan\u00a0ja\u00a0puhdistuksen\u00a0lataukset\u00a0<\/h2>            \n                    <\/div>\n\n            <\/div>\n<\/section>\n\n\n<section class=\"component component_breadcrumbs\">\n\t<div class=\"container-fluid\">\n  \t<\/div>\n<\/section>\n\n\n<section\n    id=\"\"\n    class=\"block content-block\"\n\tstyle=\"--cb-bg: white; --cb-content: #000; padding-top: 30px; padding-bottom: 30px;\"\n>\n    \n\n<div class=\"container-fluid editor_content content content--narrow\">\n    <div class=\"row\">\n        <div class=\"col-12 editor_content\">\n            <h1>Kokoelma hajuk\u00e4sittelyyn ja puhdistukseen liittyvi\u00e4 latauksia<\/h1>\n<p class=\"preamble\">L\u00f6yd\u00e4 <a href=\"https:\/\/mellifiq.com\/reference-projects\/\">referenssiprojektimme<\/a> t\u00e4\u00e4lt\u00e4 (external site).<\/p>\n        <\/div>\n    <\/div>\n<\/div>\n\n<\/section>\n\n\n\n<section class=\"block downloads\"> \n    <div class=\"container-fluid\">\n        <div class=\"row\">\n            <div class=\"col-12 title\">\n                <h2 class='h2'>Esitteet<\/h2>            <\/div>\n        <\/div>\n\n        <div class=\"row justify-content-center\">\n            <div class=\"col-lg-8\">\n                <div class=\"downloads\">\n                                                                        <div class=\"downloads__download\">\n                                <div class=\"downloads__download--image\">\n                                    <img loading=\"lazy\" decoding=\"async\" width=\"240\" height=\"340\" src=\"https:\/\/ozonetech.com\/wp-content\/uploads\/2021\/03\/pilot_projects_aibrochure-front-page-1.jpg\" class=\"attachment-large size-large\" alt=\"\" srcset=\"https:\/\/ozonetech.com\/wp-content\/uploads\/2021\/03\/pilot_projects_aibrochure-front-page-1.jpg 240w, https:\/\/ozonetech.com\/wp-content\/uploads\/2021\/03\/pilot_projects_aibrochure-front-page-1-212x300.jpg 212w\" sizes=\"auto, (max-width: 240px) 100vw, 240px\" \/>                                <\/div>\n                                <div class=\"downloads__download--content\">\n                                    <h4><strong>Effective treatment of industrial air emissions is a challenging task\u00a0<\/strong><\/h4>\n<p>Each process is unique and so are the emissions coming out of the stack. Meticulous in-house pilot tests are needed to find the optimal air treatment solution.<\/p>\n                                                                            <div class=\"downloads__download--files\">\n                                            <svg version=\"1.1\" id=\"Layer_1\" xmlns=\"http:\/\/www.w3.org\/2000\/svg\" x=\"0\" y=\"0\" viewBox=\"0 0 20.83 25\" xml:space=\"preserve\"><path fill=\"currentColor\" d=\"M20.83 8.82h-5.95V0H5.95v8.82H0l10.42 10.29L20.83 8.82zM0 22.06V25h20.83v-2.94H0z\"\/><\/svg>                                            <span>Lataa sis\u00e4lt\u00f6<\/span>\n                                                                                            <a target=\"_blank\" href=\"https:\/\/ozonetech.com\/wp-content\/uploads\/2020\/12\/Brochure-Pilot-projects-and-tailored-industrial-air-treatment-systems-v1.0-EN-web.pdf\">\n                                                    Englanniksi                                                <\/a>\n                                                                                    <\/div>\n                                                                    <\/div>\n                            <\/div>\n                                                    <div class=\"downloads__download\">\n                                <div class=\"downloads__download--image\">\n                                    <img loading=\"lazy\" decoding=\"async\" width=\"240\" height=\"339\" src=\"https:\/\/ozonetech.com\/wp-content\/uploads\/2021\/01\/H2s-odor-removal-brochure-front-page-EN-1.png\" class=\"attachment-large size-large\" alt=\"\" srcset=\"https:\/\/ozonetech.com\/wp-content\/uploads\/2021\/01\/H2s-odor-removal-brochure-front-page-EN-1.png 240w, https:\/\/ozonetech.com\/wp-content\/uploads\/2021\/01\/H2s-odor-removal-brochure-front-page-EN-1-212x300.png 212w\" sizes=\"auto, (max-width: 240px) 100vw, 240px\" \/>                                <\/div>\n                                <div class=\"downloads__download--content\">\n                                    <h4>H<sub>2<\/sub>S and odor removal at biogas plants<\/h4>\n<p>One of the challenges of biogas plants is the strict requirement of H<sub>2<\/sub>S removal after the anaerobic digestion stage, before upgrading. Another constant source of concern is the odors emitted from the biogas plant. Today, both can be solved effectively, and green. Let us help you.<\/p>\n                                                                            <div class=\"downloads__download--files\">\n                                            <svg version=\"1.1\" id=\"Layer_1\" xmlns=\"http:\/\/www.w3.org\/2000\/svg\" x=\"0\" y=\"0\" viewBox=\"0 0 20.83 25\" xml:space=\"preserve\"><path fill=\"currentColor\" d=\"M20.83 8.82h-5.95V0H5.95v8.82H0l10.42 10.29L20.83 8.82zM0 22.06V25h20.83v-2.94H0z\"\/><\/svg>                                            <span>Lataa sis\u00e4lt\u00f6<\/span>\n                                                                                            <a target=\"_blank\" href=\"https:\/\/ozonetech.com\/wp-content\/uploads\/2020\/12\/Brochure-H2S-and-biogas-removal-at-biogas-plants-v1.0-EN-web.pdf\">\n                                                    Englanniksi                                                <\/a>\n                                                                                    <\/div>\n                                                                    <\/div>\n                            <\/div>\n                                                    <div class=\"downloads__download\">\n                                <div class=\"downloads__download--image\">\n                                    <img loading=\"lazy\" decoding=\"async\" width=\"240\" height=\"340\" src=\"https:\/\/ozonetech.com\/wp-content\/uploads\/2021\/03\/mold-brochure-front-page.jpg\" class=\"attachment-large size-large\" alt=\"\" srcset=\"https:\/\/ozonetech.com\/wp-content\/uploads\/2021\/03\/mold-brochure-front-page.jpg 240w, https:\/\/ozonetech.com\/wp-content\/uploads\/2021\/03\/mold-brochure-front-page-212x300.jpg 212w\" sizes=\"auto, (max-width: 240px) 100vw, 240px\" \/>                                <\/div>\n                                <div class=\"downloads__download--content\">\n                                    <h4><strong>Home ja hajujen poisto<\/strong><\/h4>\n<p>Homeiti\u00f6t aiheuttavat sek\u00e4 tunkkaista, pahaa hajua ett\u00e4 terveys- ja allergiaongelmia. Huonosti ilmastoiduissa ja kosteissa tiloissa home kiinnittyy helposti, ja se voi aiheuttaa ongelmia jo kauan ennen kuin se n\u00e4kyy. ACT 3000- ja ACT 5000 -otsonigeneraattorit auttavat n\u00e4iss\u00e4 ongelmissa.<\/p>\n                                                                            <div class=\"downloads__download--files\">\n                                            <svg version=\"1.1\" id=\"Layer_1\" xmlns=\"http:\/\/www.w3.org\/2000\/svg\" x=\"0\" y=\"0\" viewBox=\"0 0 20.83 25\" xml:space=\"preserve\"><path fill=\"currentColor\" d=\"M20.83 8.82h-5.95V0H5.95v8.82H0l10.42 10.29L20.83 8.82zM0 22.06V25h20.83v-2.94H0z\"\/><\/svg>                                            <span>Lataa sis\u00e4lt\u00f6<\/span>\n                                                                                            <a target=\"_blank\" href=\"https:\/\/ozonetech.com\/wp-content\/uploads\/2020\/12\/Brochure-Mold-and-odor-removal-v1.0-EN-web.pdf\">\n                                                    englanniksi                                                <\/a>\n                                                                                            <a target=\"_blank\" href=\"https:\/\/ozonetech.com\/wp-content\/uploads\/2020\/12\/Brochure-Mogel-luktsanering-v1.1-SV-web.pdf\">\n                                                    ruotsiksi                                                <\/a>\n                                                                                    <\/div>\n                                                                    <\/div>\n                            <\/div>\n                                                    <div class=\"downloads__download\">\n                                <div class=\"downloads__download--image\">\n                                    <img loading=\"lazy\" decoding=\"async\" width=\"240\" height=\"341\" src=\"https:\/\/ozonetech.com\/wp-content\/uploads\/2021\/03\/avfallsrum-fettavskilare-brochure-front-page.jpg\" class=\"attachment-large size-large\" alt=\"\" srcset=\"https:\/\/ozonetech.com\/wp-content\/uploads\/2021\/03\/avfallsrum-fettavskilare-brochure-front-page.jpg 240w, https:\/\/ozonetech.com\/wp-content\/uploads\/2021\/03\/avfallsrum-fettavskilare-brochure-front-page-211x300.jpg 211w\" sizes=\"auto, (max-width: 240px) 100vw, 240px\" \/>                                <\/div>\n                                <div class=\"downloads__download--content\">\n                                    <h4><strong>Hajuttomat j\u00e4tetilat ja rasvanerottimet otsonin avulla<\/strong><\/h4>\n<p>Otsoni on tehokas ja edullinen menetelm\u00e4 hajujen poistamiseen. Hankinta- ja k\u00e4ytt\u00f6kustannukset ovat hyvin alhaiset, mik\u00e4 tekee kokonaiskustannuksista merkitt\u00e4v\u00e4sti alhaisemmat kuin j\u00e4\u00e4hdytt\u00e4miseen ja bakteereihin perustuvilla puhdistusratkaisuilla. Otsoni on paras valinta j\u00e4tetiloihin ja rasvanerottimiin.<\/p>\n                                                                            <div class=\"downloads__download--files\">\n                                            <svg version=\"1.1\" id=\"Layer_1\" xmlns=\"http:\/\/www.w3.org\/2000\/svg\" x=\"0\" y=\"0\" viewBox=\"0 0 20.83 25\" xml:space=\"preserve\"><path fill=\"currentColor\" d=\"M20.83 8.82h-5.95V0H5.95v8.82H0l10.42 10.29L20.83 8.82zM0 22.06V25h20.83v-2.94H0z\"\/><\/svg>                                            <span>Lataa sis\u00e4lt\u00f6<\/span>\n                                                                                            <a target=\"_blank\" href=\"https:\/\/ozonetech.com\/wp-content\/uploads\/2021\/01\/brochure_-_avfallsrum_fettavskiljare_v1.5_sv-web_0.pdf\">\n                                                    ruotsiksi                                                <\/a>\n                                                                                    <\/div>\n                                                                    <\/div>\n                            <\/div>\n                                                    <div class=\"downloads__download\">\n                                <div class=\"downloads__download--image\">\n                                    <img loading=\"lazy\" decoding=\"async\" width=\"724\" height=\"1024\" src=\"https:\/\/ozonetech.com\/wp-content\/uploads\/2022\/06\/Skarmbild-2022-06-28-160532-724x1024.png\" class=\"attachment-large size-large\" alt=\"\" srcset=\"https:\/\/ozonetech.com\/wp-content\/uploads\/2022\/06\/Skarmbild-2022-06-28-160532-724x1024.png 724w, https:\/\/ozonetech.com\/wp-content\/uploads\/2022\/06\/Skarmbild-2022-06-28-160532-212x300.png 212w, https:\/\/ozonetech.com\/wp-content\/uploads\/2022\/06\/Skarmbild-2022-06-28-160532-768x1086.png 768w, https:\/\/ozonetech.com\/wp-content\/uploads\/2022\/06\/Skarmbild-2022-06-28-160532-1086x1536.png 1086w, https:\/\/ozonetech.com\/wp-content\/uploads\/2022\/06\/Skarmbild-2022-06-28-160532-240x339.png 240w, https:\/\/ozonetech.com\/wp-content\/uploads\/2022\/06\/Skarmbild-2022-06-28-160532.png 1191w\" sizes=\"auto, (max-width: 724px) 100vw, 724px\" \/>                                <\/div>\n                                <div class=\"downloads__download--content\">\n                                    <h4><strong>Raikkaat j\u00e4tetilat ilman hajuja ja j\u00e4\u00e4hdytyst\u00e4<\/strong><\/h4>\n<p>J\u00e4tetilat, j\u00e4tteiden lajittelutilat ja vastaavat paikat k\u00e4rsiv\u00e4t tavallisesti pahoista hajuista. N\u00e4in ei kuitenkaan tarvitsisi olla. Lataa kansio, joka sis\u00e4lt\u00e4\u00e4 kustannusvertailun markkinoilla olevista t\u00e4rkeimmist\u00e4 ratkaisuista. Ei yll\u00e4t\u00e4, ett\u00e4 otsoni k\u00e4sittelee hajut paljon edullisemmin kuin muut vaihtoehdot.<\/p>\n                                                                            <div class=\"downloads__download--files\">\n                                            <svg version=\"1.1\" id=\"Layer_1\" xmlns=\"http:\/\/www.w3.org\/2000\/svg\" x=\"0\" y=\"0\" viewBox=\"0 0 20.83 25\" xml:space=\"preserve\"><path fill=\"currentColor\" d=\"M20.83 8.82h-5.95V0H5.95v8.82H0l10.42 10.29L20.83 8.82zM0 22.06V25h20.83v-2.94H0z\"\/><\/svg>                                            <span>Lataa sis\u00e4lt\u00f6<\/span>\n                                                                                            <a target=\"_blank\" href=\"https:\/\/ozonetech.com\/wp-content\/uploads\/2022\/06\/Brochure-Fresh-garbage-rooms-using-ozone-v1.2-EN.pdf\">\n                                                    englanniksi                                                <\/a>\n                                                                                            <a target=\"_blank\" href=\"https:\/\/ozonetech.com\/wp-content\/uploads\/2022\/06\/Brochure-Alla-har-ratt-till-ett-frascht-miljorum-SV.pdf\">\n                                                    ruotsiksi                                                <\/a>\n                                                                                    <\/div>\n                                                                    <\/div>\n                            <\/div>\n                                                    <div class=\"downloads__download\">\n                                <div class=\"downloads__download--image\">\n                                    <img loading=\"lazy\" decoding=\"async\" width=\"240\" height=\"340\" src=\"https:\/\/ozonetech.com\/wp-content\/uploads\/2021\/03\/grease-traps-odor-brochure-front-page.jpg\" class=\"attachment-large size-large\" alt=\"\" srcset=\"https:\/\/ozonetech.com\/wp-content\/uploads\/2021\/03\/grease-traps-odor-brochure-front-page.jpg 240w, https:\/\/ozonetech.com\/wp-content\/uploads\/2021\/03\/grease-traps-odor-brochure-front-page-212x300.jpg 212w\" sizes=\"auto, (max-width: 240px) 100vw, 240px\" \/>                                <\/div>\n                                <div class=\"downloads__download--content\">\n                                    <h4><strong>Hajuton ilmanpoisto rasvanerottimesta<\/strong><\/h4>\n<p>Rasvan ja bakteerien ker\u00e4\u00e4ntyminen rasvanerottimeen voi aiheuttaa merkitt\u00e4vi\u00e4 hajuongelmia. T\u00e4ss\u00e4 esitteess\u00e4 kerrotaan siit\u00e4, miten ongelmat voidaan ratkaista nopeasti ja miten otsonij\u00e4rjestelm\u00e4 asennetaan.<\/p>\n                                                                            <div class=\"downloads__download--files\">\n                                            <svg version=\"1.1\" id=\"Layer_1\" xmlns=\"http:\/\/www.w3.org\/2000\/svg\" x=\"0\" y=\"0\" viewBox=\"0 0 20.83 25\" xml:space=\"preserve\"><path fill=\"currentColor\" d=\"M20.83 8.82h-5.95V0H5.95v8.82H0l10.42 10.29L20.83 8.82zM0 22.06V25h20.83v-2.94H0z\"\/><\/svg>                                            <span>Lataa sis\u00e4lt\u00f6<\/span>\n                                                                                            <a target=\"_blank\" href=\"https:\/\/ozonetech.com\/wp-content\/uploads\/2020\/12\/Brochure-Odorless-exhaust-air-from-grease-traps-v1.0-EN-web.pdf\">\n                                                    englanniksi                                                <\/a>\n                                                                                            <a target=\"_blank\" href=\"https:\/\/ozonetech.com\/wp-content\/uploads\/2020\/12\/Brochure-Luktfri-avluftning-fran-fettavskiljare-v1.6-SV-web.pdf\">\n                                                    ruotsiksi                                                <\/a>\n                                                                                    <\/div>\n                                                                    <\/div>\n                            <\/div>\n                                                    <div class=\"downloads__download\">\n                                <div class=\"downloads__download--image\">\n                                    <img loading=\"lazy\" decoding=\"async\" width=\"240\" height=\"340\" src=\"https:\/\/ozonetech.com\/wp-content\/uploads\/2021\/03\/pump-stations-brochure-front-page.jpg\" class=\"attachment-large size-large\" alt=\"\" srcset=\"https:\/\/ozonetech.com\/wp-content\/uploads\/2021\/03\/pump-stations-brochure-front-page.jpg 240w, https:\/\/ozonetech.com\/wp-content\/uploads\/2021\/03\/pump-stations-brochure-front-page-212x300.jpg 212w\" sizes=\"auto, (max-width: 240px) 100vw, 240px\" \/>                                <\/div>\n                                <div class=\"downloads__download--content\">\n                                    <h4><strong>Pumppuasemat ja k\u00e4sittelylaitokset<\/strong><\/h4>\n<p>J\u00e4tevesien bakteerikasvu voi aiheuttaa ep\u00e4miellytt\u00e4vi\u00e4 kaasuja hapottomissa olosuhteissa. Kaksi esimerkki\u00e4 ovat rikkivety pumppuasemissa ja k\u00e4sittelylaitoksissa. Pumppuaseman tai vedenpuhdistuslaitoksen ymp\u00e4rill\u00e4 oleva alue altistuu my\u00f6s haitoille. Ei ole harvinaista, ett\u00e4 l\u00e4hist\u00f6n asukkaat altistuvat hajuille.<\/p>\n                                                                            <div class=\"downloads__download--files\">\n                                            <svg version=\"1.1\" id=\"Layer_1\" xmlns=\"http:\/\/www.w3.org\/2000\/svg\" x=\"0\" y=\"0\" viewBox=\"0 0 20.83 25\" xml:space=\"preserve\"><path fill=\"currentColor\" d=\"M20.83 8.82h-5.95V0H5.95v8.82H0l10.42 10.29L20.83 8.82zM0 22.06V25h20.83v-2.94H0z\"\/><\/svg>                                            <span>Lataa sis\u00e4lt\u00f6<\/span>\n                                                                                            <a target=\"_blank\" href=\"https:\/\/ozonetech.com\/wp-content\/uploads\/2020\/12\/Brochure-Pump-stations-and-treatment-plants-v1.0-EN-web.pdf\">\n                                                    englanniksi                                                <\/a>\n                                                                                            <a target=\"_blank\" href=\"https:\/\/ozonetech.com\/wp-content\/uploads\/2020\/12\/Brochure-Pumpstationer-och-reningsverk-v1.4-SV-web.pdf\">\n                                                    ruotsiksi                                                <\/a>\n                                                                                    <\/div>\n                                                                    <\/div>\n                            <\/div>\n                                                            <\/div>\n            <\/div>\n        <\/div>\n    <\/div>\n<\/section>\n","protected":false},"excerpt":{"rendered":"","protected":false},"author":21,"featured_media":0,"parent":11771,"menu_order":0,"comment_status":"closed","ping_status":"closed","template":"","meta":{"_acf_changed":false,"_seopress_robots_primary_cat":"","_seopress_titles_title":"","_seopress_titles_desc":"T\u00e4\u00e4lt\u00e4 l\u00f6yd\u00e4t kaikki esiteemme teollisen hajun & puhtaanapidon sovelluksiin. Ota yhteytt\u00e4, jos tarvitset lis\u00e4tietoa.","_seopress_robots_index":"","inline_featured_image":false,"footnotes":""},"class_list":["post-11843","page","type-page","status-publish","hentry"],"acf":[],"_links":{"self":[{"href":"https:\/\/ozonetech.com\/fi\/wp-json\/wp\/v2\/pages\/11843","targetHints":{"allow":["GET"]}}],"collection":[{"href":"https:\/\/ozonetech.com\/fi\/wp-json\/wp\/v2\/pages"}],"about":[{"href":"https:\/\/ozonetech.com\/fi\/wp-json\/wp\/v2\/types\/page"}],"author":[{"embeddable":true,"href":"https:\/\/ozonetech.com\/fi\/wp-json\/wp\/v2\/users\/21"}],"replies":[{"embeddable":true,"href":"https:\/\/ozonetech.com\/fi\/wp-json\/wp\/v2\/comments?post=11843"}],"version-history":[{"count":33,"href":"https:\/\/ozonetech.com\/fi\/wp-json\/wp\/v2\/pages\/11843\/revisions"}],"predecessor-version":[{"id":41357,"href":"https:\/\/ozonetech.com\/fi\/wp-json\/wp\/v2\/pages\/11843\/revisions\/41357"}],"up":[{"embeddable":true,"href":"https:\/\/ozonetech.com\/fi\/wp-json\/wp\/v2\/pages\/11771"}],"wp:attachment":[{"href":"https:\/\/ozonetech.com\/fi\/wp-json\/wp\/v2\/media?parent=11843"}],"curies":[{"name":"wp","href":"https:\/\/api.w.org\/{rel}","templated":true}]}}