{"id":11805,"date":"2020-06-26T06:35:32","date_gmt":"2020-06-26T06:35:32","guid":{"rendered":"https:\/\/ozonetech.com\/hamburger-menu-downloads-industrial-water\/"},"modified":"2024-10-11T11:25:09","modified_gmt":"2024-10-11T09:25:09","slug":"vedenkasittelyn-lataukset","status":"publish","type":"page","link":"https:\/\/ozonetech.com\/fi\/ladattavat-tiedostot\/vedenkasittelyn-lataukset\/","title":{"rendered":"Vedenk\u00e4sittelyn lataukset"},"content":{"rendered":"\n<section\n    class=\"block hero hero--regular\"\n    style=\"background-image: url('https:\/\/ozonetech.com\/wp-content\/uploads\/2021\/03\/advanced-water-treatment-technology-1600x484.jpg'); --hero-opacity: 0.3\"\n>\n\n    <div class=\"container-fluid\">\n\n        <div class=\"content editor_content\">\n                         \n                <h2 class='h2'>Vedenk\u00e4sittelyn\u00a0lataukset\u00a0<\/h2>            \n                    <\/div>\n\n            <\/div>\n<\/section>\n\n\n<section class=\"component component_breadcrumbs\">\n\t<div class=\"container-fluid\">\n  \t<\/div>\n<\/section>\n\n\n<section\n    id=\"\"\n    class=\"block content-block\"\n\tstyle=\"--cb-bg: white; --cb-content: #000; padding-top: 30px; padding-bottom: 30px;\"\n>\n    \n\n<div class=\"container-fluid editor_content content content--narrow\">\n    <div class=\"row\">\n        <div class=\"col-12 editor_content\">\n            <h1>A collection of water treatment downloads<\/h1>\n<p>Here you will find all our industrial water treatment brochures. Let us know if you need any further <a href=\"https:\/\/ozonetech.com\/de\/contact\/\">assistance.<\/a><\/p>\n<p>Read more about our <a href=\"https:\/\/mellifiq.com\/reference-projects\/\">reference projects<\/a> (external site).<\/p>\n        <\/div>\n    <\/div>\n<\/div>\n\n<\/section>\n\n\n\n<section class=\"block downloads\"> \n    <div class=\"container-fluid\">\n        <div class=\"row\">\n            <div class=\"col-12 title\">\n                <h3 class='h3'>Esitteet<\/h3>            <\/div>\n        <\/div>\n\n        <div class=\"row justify-content-center\">\n            <div class=\"col-lg-8\">\n                <div class=\"downloads\">\n                                                                        <div class=\"downloads__download\">\n                                <div class=\"downloads__download--image\">\n                                    <img loading=\"lazy\" decoding=\"async\" width=\"721\" height=\"1024\" src=\"https:\/\/ozonetech.com\/wp-content\/uploads\/2022\/11\/Skarmbild-2022-11-04-105229-721x1024.jpg\" class=\"attachment-large size-large\" alt=\"\" srcset=\"https:\/\/ozonetech.com\/wp-content\/uploads\/2022\/11\/Skarmbild-2022-11-04-105229-721x1024.jpg 721w, https:\/\/ozonetech.com\/wp-content\/uploads\/2022\/11\/Skarmbild-2022-11-04-105229-211x300.jpg 211w, https:\/\/ozonetech.com\/wp-content\/uploads\/2022\/11\/Skarmbild-2022-11-04-105229-768x1091.jpg 768w, https:\/\/ozonetech.com\/wp-content\/uploads\/2022\/11\/Skarmbild-2022-11-04-105229-1082x1536.jpg 1082w, https:\/\/ozonetech.com\/wp-content\/uploads\/2022\/11\/Skarmbild-2022-11-04-105229.jpg 1264w\" sizes=\"auto, (max-width: 721px) 100vw, 721px\" \/>                                <\/div>\n                                <div class=\"downloads__download--content\">\n                                    <h4>Shell technology introduction<\/h4>\n<p>Mellifiq supplies self-contained, complete ozone disinfection and water treatment technology for sanitation in the industrial sector.<\/p>\n                                                                            <div class=\"downloads__download--files\">\n                                            <svg version=\"1.1\" id=\"Layer_1\" xmlns=\"http:\/\/www.w3.org\/2000\/svg\" x=\"0\" y=\"0\" viewBox=\"0 0 20.83 25\" xml:space=\"preserve\"><path fill=\"currentColor\" d=\"M20.83 8.82h-5.95V0H5.95v8.82H0l10.42 10.29L20.83 8.82zM0 22.06V25h20.83v-2.94H0z\"\/><\/svg>                                            <span>Lataa sis\u00e4lt\u00f6<\/span>\n                                                                                            <a target=\"_blank\" href=\"https:\/\/ozonetech.com\/wp-content\/uploads\/2022\/11\/White-paper-Shell-technology-introduction.pdf\">\n                                                    Englanniksi                                                <\/a>\n                                                                                    <\/div>\n                                                                    <\/div>\n                            <\/div>\n                                                    <div class=\"downloads__download\">\n                                <div class=\"downloads__download--image\">\n                                    <img loading=\"lazy\" decoding=\"async\" width=\"240\" height=\"340\" src=\"https:\/\/ozonetech.com\/wp-content\/uploads\/2021\/01\/pharma-brochure-first-page.png\" class=\"attachment-large size-large\" alt=\"\" srcset=\"https:\/\/ozonetech.com\/wp-content\/uploads\/2021\/01\/pharma-brochure-first-page.png 240w, https:\/\/ozonetech.com\/wp-content\/uploads\/2021\/01\/pharma-brochure-first-page-212x300.png 212w\" sizes=\"auto, (max-width: 240px) 100vw, 240px\" \/>                                <\/div>\n                                <div class=\"downloads__download--content\">\n                                    <h4>Pharmaceutical Residues Treatment<\/h4>\n<p>Actions are taken all over the world to handle the increasing health issues caused by pharmaceutical residues. Ozone treatment has the capacity to remove the residues emitted from hospitals and the pharma industry.<\/p>\n                                                                            <div class=\"downloads__download--files\">\n                                            <svg version=\"1.1\" id=\"Layer_1\" xmlns=\"http:\/\/www.w3.org\/2000\/svg\" x=\"0\" y=\"0\" viewBox=\"0 0 20.83 25\" xml:space=\"preserve\"><path fill=\"currentColor\" d=\"M20.83 8.82h-5.95V0H5.95v8.82H0l10.42 10.29L20.83 8.82zM0 22.06V25h20.83v-2.94H0z\"\/><\/svg>                                            <span>Lataa sis\u00e4lt\u00f6<\/span>\n                                                                                            <a target=\"_blank\" href=\"https:\/\/ozonetech.com\/wp-content\/uploads\/2020\/12\/Brochure-Pharmaceutical-residues-in-wastewater-v1.0-EN-web.pdf\">\n                                                    englanniksi                                                <\/a>\n                                                                                    <\/div>\n                                                                    <\/div>\n                            <\/div>\n                                                    <div class=\"downloads__download\">\n                                <div class=\"downloads__download--image\">\n                                    <img loading=\"lazy\" decoding=\"async\" width=\"240\" height=\"339\" src=\"https:\/\/ozonetech.com\/wp-content\/uploads\/2021\/01\/rena-water-solutions-brochure-first-page.png\" class=\"attachment-large size-large\" alt=\"\" srcset=\"https:\/\/ozonetech.com\/wp-content\/uploads\/2021\/01\/rena-water-solutions-brochure-first-page.png 240w, https:\/\/ozonetech.com\/wp-content\/uploads\/2021\/01\/rena-water-solutions-brochure-first-page-212x300.png 212w\" sizes=\"auto, (max-width: 240px) 100vw, 240px\" \/>                                <\/div>\n                                <div class=\"downloads__download--content\">\n                                    <h4><strong>RENA-vedenk\u00e4sittelyratkaisut<\/strong><\/h4>\n<p>Perusteellinen opas siit\u00e4, miten k\u00e4ytt\u00f6valmiit RENA Vivo ja RENA Tellus kehitettiin. Siin\u00e4 esitell\u00e4\u00e4n my\u00f6s kehittyneen hapetusprosessin (AOP) RENA Vitro -konsepti monimutkaisiin j\u00e4teveden k\u00e4sittelyihin. Emme k\u00e4yt\u00e4 oikopolkuja korkean suorituskyvyn ja luotettavuuden saavuttamiseksi toimittaessamme kaikille teollisuuden aloille markkinoiden monipuolisimpia j\u00e4tevesien otsonik\u00e4sittelyj\u00e4rjestelmi\u00e4.<\/p>\n                                                                            <div class=\"downloads__download--files\">\n                                            <svg version=\"1.1\" id=\"Layer_1\" xmlns=\"http:\/\/www.w3.org\/2000\/svg\" x=\"0\" y=\"0\" viewBox=\"0 0 20.83 25\" xml:space=\"preserve\"><path fill=\"currentColor\" d=\"M20.83 8.82h-5.95V0H5.95v8.82H0l10.42 10.29L20.83 8.82zM0 22.06V25h20.83v-2.94H0z\"\/><\/svg>                                            <span>Lataa sis\u00e4lt\u00f6<\/span>\n                                                                                            <a target=\"_blank\" href=\"https:\/\/ozonetech.com\/wp-content\/uploads\/2020\/12\/Brochure-Rena-Water-Treatment-Solutions-v1.3-EN-web.pdf\">\n                                                    englanniksi                                                <\/a>\n                                                                                            <a target=\"_blank\" href=\"https:\/\/ozonetech.com\/wp-content\/uploads\/2020\/12\/Brochure-RENA-Water-Treatment-Solutions-v1.3-FI.pdf\">\n                                                    suomeksi                                                <\/a>\n                                                                                            <a target=\"_blank\" href=\"https:\/\/ozonetech.com\/wp-content\/uploads\/2020\/12\/Brochure-RENA-Water-Treatment-Solutions-v1.3-RU-web.pdf\">\n                                                    ven\u00e4j\u00e4ksi                                                <\/a>\n                                                                                            <a target=\"_blank\" href=\"https:\/\/ozonetech.com\/wp-content\/uploads\/2020\/12\/Brochure-RENA-Water-Treatment-Solutions-v1.0-KR-web.pdf\">\n                                                    koreaksi                                                <\/a>\n                                                                                    <\/div>\n                                                                    <\/div>\n                            <\/div>\n                                                    <div class=\"downloads__download\">\n                                <div class=\"downloads__download--image\">\n                                    <img loading=\"lazy\" decoding=\"async\" width=\"240\" height=\"341\" src=\"https:\/\/ozonetech.com\/wp-content\/uploads\/2021\/03\/rena_pro_brochure_front_page.jpg\" class=\"attachment-large size-large\" alt=\"\" srcset=\"https:\/\/ozonetech.com\/wp-content\/uploads\/2021\/03\/rena_pro_brochure_front_page.jpg 240w, https:\/\/ozonetech.com\/wp-content\/uploads\/2021\/03\/rena_pro_brochure_front_page-211x300.jpg 211w\" sizes=\"auto, (max-width: 240px) 100vw, 240px\" \/>                                <\/div>\n                                <div class=\"downloads__download--content\">\n                                    <h4>RENA Pro Ozone Systems<\/h4>\n<p>RENA Pro is state-of-the-art. For us,\u00a0this means three things. The treatment capacity is extremely high.\u00a0The component quality is consistently\u00a0high in the smallest detail \u2013 which\u00a0ensures long system lifetime with\u00a0sustained performance. And last but\u00a0not least, the system is user-friendly. Read more in our brochure.<\/p>\n                                                                            <div class=\"downloads__download--files\">\n                                            <svg version=\"1.1\" id=\"Layer_1\" xmlns=\"http:\/\/www.w3.org\/2000\/svg\" x=\"0\" y=\"0\" viewBox=\"0 0 20.83 25\" xml:space=\"preserve\"><path fill=\"currentColor\" d=\"M20.83 8.82h-5.95V0H5.95v8.82H0l10.42 10.29L20.83 8.82zM0 22.06V25h20.83v-2.94H0z\"\/><\/svg>                                            <span>Lataa sis\u00e4lt\u00f6<\/span>\n                                                                                            <a target=\"_blank\" href=\"https:\/\/ozonetech.com\/wp-content\/uploads\/2020\/12\/Brochure-RENA-Pro-Ozone-Systems-v1.5-EN-web-1.pdf\">\n                                                    englanniksi                                                <\/a>\n                                                                                            <a target=\"_blank\" href=\"https:\/\/ozonetech.com\/wp-content\/uploads\/2020\/12\/Brochure-RENA-Pro-Ozone-Systems-v1.5-SV-web.pdf\">\n                                                    ruotsiksi                                                <\/a>\n                                                                                            <a target=\"_blank\" href=\"https:\/\/ozonetech.com\/wp-content\/uploads\/2020\/12\/brochure_-_rena_pro_ozone_systems_v1.0_kr-web.pdf\">\n                                                    koreaksi                                                <\/a>\n                                                                                            <a target=\"_blank\" href=\"https:\/\/ozonetech.com\/wp-content\/uploads\/2020\/12\/Brochure-RENA-Pro-Ozone-Systems-v1.0-ES-web-1.pdf\">\n                                                    espanjaksi                                                <\/a>\n                                                                                    <\/div>\n                                                                    <\/div>\n                            <\/div>\n                                                    <div class=\"downloads__download\">\n                                <div class=\"downloads__download--image\">\n                                    <img loading=\"lazy\" decoding=\"async\" width=\"240\" height=\"339\" src=\"https:\/\/ozonetech.com\/wp-content\/uploads\/2021\/01\/breweries-brochure-first-page.png\" class=\"attachment-large size-large\" alt=\"\" srcset=\"https:\/\/ozonetech.com\/wp-content\/uploads\/2021\/01\/breweries-brochure-first-page.png 240w, https:\/\/ozonetech.com\/wp-content\/uploads\/2021\/01\/breweries-brochure-first-page-212x300.png 212w\" sizes=\"auto, (max-width: 240px) 100vw, 240px\" \/>                                <\/div>\n                                <div class=\"downloads__download--content\">\n                                    <h4><strong>Panimot ja juomateollisuus<\/strong><\/h4>\n<p>Panimon tai teollisuuslaitoksen koosta riippumatta autamme niit\u00e4 pienent\u00e4m\u00e4\u00e4n ymp\u00e4rist\u00f6jalanj\u00e4lke\u00e4, v\u00e4hent\u00e4m\u00e4\u00e4n kemikaaleista ja niiden k\u00e4sittelyst\u00e4 tulevia kuluja, varmistamaan parhaan mahdollisen prosessiveden laadun ja tehostamaan tuotantoaikoja. Lue esitteest\u00e4 tuotteistamme.<\/p>\n                                                                            <div class=\"downloads__download--files\">\n                                            <svg version=\"1.1\" id=\"Layer_1\" xmlns=\"http:\/\/www.w3.org\/2000\/svg\" x=\"0\" y=\"0\" viewBox=\"0 0 20.83 25\" xml:space=\"preserve\"><path fill=\"currentColor\" d=\"M20.83 8.82h-5.95V0H5.95v8.82H0l10.42 10.29L20.83 8.82zM0 22.06V25h20.83v-2.94H0z\"\/><\/svg>                                            <span>Lataa sis\u00e4lt\u00f6<\/span>\n                                                                                            <a target=\"_blank\" href=\"https:\/\/ozonetech.com\/wp-content\/uploads\/2020\/12\/brochure_-_brewery_v2.0_en-web-2.pdf\">\n                                                    englanniksi                                                <\/a>\n                                                                                            <a target=\"_blank\" href=\"https:\/\/ozonetech.com\/wp-content\/uploads\/2020\/12\/brochure_-_brewery_v1.0_es-web.pdf\">\n                                                    espanjaksi                                                <\/a>\n                                                                                    <\/div>\n                                                                    <\/div>\n                            <\/div>\n                                                    <div class=\"downloads__download\">\n                                <div class=\"downloads__download--image\">\n                                    <img loading=\"lazy\" decoding=\"async\" width=\"240\" height=\"340\" src=\"https:\/\/ozonetech.com\/wp-content\/uploads\/2021\/01\/Dairy-brochure-first-page.png\" class=\"attachment-large size-large\" alt=\"\" srcset=\"https:\/\/ozonetech.com\/wp-content\/uploads\/2021\/01\/Dairy-brochure-first-page.png 240w, https:\/\/ozonetech.com\/wp-content\/uploads\/2021\/01\/Dairy-brochure-first-page-212x300.png 212w\" sizes=\"auto, (max-width: 240px) 100vw, 240px\" \/>                                <\/div>\n                                <div class=\"downloads__download--content\">\n                                    <h4><strong>Otsonidesinfiointi meijereiss\u00e4<\/strong><\/h4>\n<p>Meijeriteollisuus k\u00e4ytt\u00e4\u00e4 runsaasti vett\u00e4. Korkeiden laatuvaatimusten on t\u00e4ytett\u00e4v\u00e4 meijeriteollisuuden parhaat mahdolliset standardit. Otsonia voidaan k\u00e4ytt\u00e4\u00e4 suurten j\u00e4tevesim\u00e4\u00e4rien hy\u00f6dynt\u00e4miseen, jotka muutoin h\u00e4vitett\u00e4isiin. Vakiintunut menetelm\u00e4 mikrobien kasvun hallitsemiseen CIP-menetelmien lis\u00e4ksi on juustojen suolavesi.<\/p>\n                                                                            <div class=\"downloads__download--files\">\n                                            <svg version=\"1.1\" id=\"Layer_1\" xmlns=\"http:\/\/www.w3.org\/2000\/svg\" x=\"0\" y=\"0\" viewBox=\"0 0 20.83 25\" xml:space=\"preserve\"><path fill=\"currentColor\" d=\"M20.83 8.82h-5.95V0H5.95v8.82H0l10.42 10.29L20.83 8.82zM0 22.06V25h20.83v-2.94H0z\"\/><\/svg>                                            <span>Lataa sis\u00e4lt\u00f6<\/span>\n                                                                                            <a target=\"_blank\" href=\"https:\/\/ozonetech.com\/wp-content\/uploads\/2020\/12\/Brochure-Dairy-v1.1-EN-web.pdf\">\n                                                    englanniksi                                                <\/a>\n                                                                                    <\/div>\n                                                                    <\/div>\n                            <\/div>\n                                                    <div class=\"downloads__download\">\n                                <div class=\"downloads__download--image\">\n                                    <img loading=\"lazy\" decoding=\"async\" width=\"240\" height=\"339\" src=\"https:\/\/ozonetech.com\/wp-content\/uploads\/2021\/03\/food-and-beverage-production-1.jpg\" class=\"attachment-large size-large\" alt=\"\" srcset=\"https:\/\/ozonetech.com\/wp-content\/uploads\/2021\/03\/food-and-beverage-production-1.jpg 240w, https:\/\/ozonetech.com\/wp-content\/uploads\/2021\/03\/food-and-beverage-production-1-212x300.jpg 212w\" sizes=\"auto, (max-width: 240px) 100vw, 240px\" \/>                                <\/div>\n                                <div class=\"downloads__download--content\">\n                                    <h4><strong>Elintarvikkeet ja hygienia<\/strong><\/h4>\n<p>Elintarvike- ja hygieniatuoteteollisuudessa k\u00e4ytet\u00e4\u00e4n runsaasti vett\u00e4, joka t\u00e4ytyy desinfioida tai k\u00e4ytt\u00e4\u00e4 uudelleen. Teollisuudessa k\u00e4ytet\u00e4\u00e4n my\u00f6s monia CIP-menetelmi\u00e4, joihin Ozonetech tarjoaa lukuisia ratkaisuja. Miksi et k\u00e4ytt\u00e4isi parasta mahdollista desinfiointimenetelm\u00e4\u00e4?<\/p>\n                                                                            <div class=\"downloads__download--files\">\n                                            <svg version=\"1.1\" id=\"Layer_1\" xmlns=\"http:\/\/www.w3.org\/2000\/svg\" x=\"0\" y=\"0\" viewBox=\"0 0 20.83 25\" xml:space=\"preserve\"><path fill=\"currentColor\" d=\"M20.83 8.82h-5.95V0H5.95v8.82H0l10.42 10.29L20.83 8.82zM0 22.06V25h20.83v-2.94H0z\"\/><\/svg>                                            <span>Lataa sis\u00e4lt\u00f6<\/span>\n                                                                                            <a target=\"_blank\" href=\"https:\/\/ozonetech.com\/wp-content\/uploads\/2020\/12\/Brochure-Food-and-Hygien-v1.5-EN-web.pdf\">\n                                                    englanniksi                                                <\/a>\n                                                                                            <a target=\"_blank\" href=\"https:\/\/ozonetech.com\/wp-content\/uploads\/2020\/12\/Brochure-Food-and-Hygien-v1.5-SV-web.pdf\">\n                                                    ruotsiksi                                                <\/a>\n                                                                                    <\/div>\n                                                                    <\/div>\n                            <\/div>\n                                                    <div class=\"downloads__download\">\n                                <div class=\"downloads__download--image\">\n                                    <img loading=\"lazy\" decoding=\"async\" width=\"240\" height=\"340\" src=\"https:\/\/ozonetech.com\/wp-content\/uploads\/2021\/03\/pilot_project_and_tailored_systems.jpg\" class=\"attachment-large size-large\" alt=\"\" srcset=\"https:\/\/ozonetech.com\/wp-content\/uploads\/2021\/03\/pilot_project_and_tailored_systems.jpg 240w, https:\/\/ozonetech.com\/wp-content\/uploads\/2021\/03\/pilot_project_and_tailored_systems-212x300.jpg 212w\" sizes=\"auto, (max-width: 240px) 100vw, 240px\" \/>                                <\/div>\n                                <div class=\"downloads__download--content\">\n                                    <h4><strong>Pilottiprojektit r\u00e4\u00e4t\u00e4l\u00f6ityyn j\u00e4tevedenk\u00e4sittelyyn<\/strong><\/h4>\n<p>K\u00e4yt\u00e4nn\u00f6llisesti katsoen kaikki teollisuudenalat ja yritykset tuottavat saastunutta vett\u00e4. Monissa tapauksissa ne sis\u00e4lt\u00e4v\u00e4t vaikeasti hajoavien materiaalien yhdistelmi\u00e4, joita ei saada hajotettua biologisilla prosesseilla. Ozonetech tarjoaa pilottiprojekteja laadukkailla palveluilla soveltuvan puhdistustekniikan arvioimiseksi. Kaikkien prosessien j\u00e4tevedet ovat erilaisia ja vaativat erilaisia ratkaisuja. Lue lis\u00e4\u00e4 esitteest\u00e4.<\/p>\n                                                                            <div class=\"downloads__download--files\">\n                                            <svg version=\"1.1\" id=\"Layer_1\" xmlns=\"http:\/\/www.w3.org\/2000\/svg\" x=\"0\" y=\"0\" viewBox=\"0 0 20.83 25\" xml:space=\"preserve\"><path fill=\"currentColor\" d=\"M20.83 8.82h-5.95V0H5.95v8.82H0l10.42 10.29L20.83 8.82zM0 22.06V25h20.83v-2.94H0z\"\/><\/svg>                                            <span>Lataa sis\u00e4lt\u00f6<\/span>\n                                                                                            <a target=\"_blank\" href=\"https:\/\/ozonetech.com\/wp-content\/uploads\/2020\/12\/Brochure-Pilot-projects-and-tailored-industrial-water-treatment-systems-v1.1-EN-web.pdf\">\n                                                    englanniksi                                                <\/a>\n                                                                                    <\/div>\n                                                                    <\/div>\n                            <\/div>\n                                                            <\/div>\n            <\/div>\n        <\/div>\n    <\/div>\n<\/section>\n","protected":false},"excerpt":{"rendered":"","protected":false},"author":21,"featured_media":0,"parent":11771,"menu_order":0,"comment_status":"closed","ping_status":"closed","template":"","meta":{"_acf_changed":false,"_seopress_robots_primary_cat":"","_seopress_titles_title":"","_seopress_titles_desc":"T\u00e4\u00e4lt\u00e4 l\u00f6yd\u00e4t kaikki esiteemme teolliseen vedenk\u00e4sittelyyn. Ota yhteytt\u00e4, jos tarvitset lis\u00e4tietoa.","_seopress_robots_index":"","inline_featured_image":false,"footnotes":""},"class_list":["post-11805","page","type-page","status-publish","hentry"],"acf":[],"_links":{"self":[{"href":"https:\/\/ozonetech.com\/fi\/wp-json\/wp\/v2\/pages\/11805","targetHints":{"allow":["GET"]}}],"collection":[{"href":"https:\/\/ozonetech.com\/fi\/wp-json\/wp\/v2\/pages"}],"about":[{"href":"https:\/\/ozonetech.com\/fi\/wp-json\/wp\/v2\/types\/page"}],"author":[{"embeddable":true,"href":"https:\/\/ozonetech.com\/fi\/wp-json\/wp\/v2\/users\/21"}],"replies":[{"embeddable":true,"href":"https:\/\/ozonetech.com\/fi\/wp-json\/wp\/v2\/comments?post=11805"}],"version-history":[{"count":46,"href":"https:\/\/ozonetech.com\/fi\/wp-json\/wp\/v2\/pages\/11805\/revisions"}],"predecessor-version":[{"id":41437,"href":"https:\/\/ozonetech.com\/fi\/wp-json\/wp\/v2\/pages\/11805\/revisions\/41437"}],"up":[{"embeddable":true,"href":"https:\/\/ozonetech.com\/fi\/wp-json\/wp\/v2\/pages\/11771"}],"wp:attachment":[{"href":"https:\/\/ozonetech.com\/fi\/wp-json\/wp\/v2\/media?parent=11805"}],"curies":[{"name":"wp","href":"https:\/\/api.w.org\/{rel}","templated":true}]}}