{"id":11791,"date":"2020-06-25T13:17:13","date_gmt":"2020-06-25T13:17:13","guid":{"rendered":"https:\/\/ozonetech.com\/hamburger-menu-downloads-industrial-air\/"},"modified":"2024-10-11T10:21:43","modified_gmt":"2024-10-11T08:21:43","slug":"ilmankasittelyn-lataukset","status":"publish","type":"page","link":"https:\/\/ozonetech.com\/fi\/ladattavat-tiedostot\/ilmankasittelyn-lataukset\/","title":{"rendered":"Ilmank\u00e4sittelyn lataukset"},"content":{"rendered":"\n<section\n    class=\"block hero hero--regular\"\n    style=\"background-image: url('https:\/\/ozonetech.com\/wp-content\/uploads\/2021\/03\/industrial-air-treatment-1600x484.jpg'); --hero-opacity: 0.2\"\n>\n\n    <div class=\"container-fluid\">\n\n        <div class=\"content editor_content\">\n                         \n                <h2 class='h2'>Ilmank\u00e4sittelyn lataukset<\/h2>            \n                    <\/div>\n\n            <\/div>\n<\/section>\n\n\n<section class=\"component component_breadcrumbs\">\n\t<div class=\"container-fluid\">\n  \t<\/div>\n<\/section>\n\n\n<section\n    id=\"\"\n    class=\"block content-block\"\n\tstyle=\"--cb-bg: white; --cb-content: #000; padding-top: 30px; padding-bottom: 30px;\"\n>\n    \n\n<div class=\"container-fluid editor_content content content--narrow\">\n    <div class=\"row\">\n        <div class=\"col-12 editor_content\">\n            <h1>Kokoelma ilmak\u00e4sittelyn latauksista<\/h1>\n<p class=\"preamble\">L\u00f6yd\u00e4 <a href=\"https:\/\/mellifiq.com\/reference-projects\/\">referenssiprojektimme<\/a> t\u00e4\u00e4lt\u00e4 (external site).<\/p>\n        <\/div>\n    <\/div>\n<\/div>\n\n<\/section>\n\n\n\n<section class=\"block downloads\"> \n    <div class=\"container-fluid\">\n        <div class=\"row\">\n            <div class=\"col-12 title\">\n                <h3 class='h3'>Esitteet<\/h3>            <\/div>\n        <\/div>\n\n        <div class=\"row justify-content-center\">\n            <div class=\"col-lg-8\">\n                <div class=\"downloads\">\n                                                                        <div class=\"downloads__download\">\n                                <div class=\"downloads__download--image\">\n                                    <img loading=\"lazy\" decoding=\"async\" width=\"240\" height=\"339\" src=\"https:\/\/ozonetech.com\/wp-content\/uploads\/2021\/03\/pilot_air_brochure_omslag-3.png\" class=\"attachment-large size-large\" alt=\"\" srcset=\"https:\/\/ozonetech.com\/wp-content\/uploads\/2021\/03\/pilot_air_brochure_omslag-3.png 240w, https:\/\/ozonetech.com\/wp-content\/uploads\/2021\/03\/pilot_air_brochure_omslag-3-212x300.png 212w\" sizes=\"auto, (max-width: 240px) 100vw, 240px\" \/>                                <\/div>\n                                <div class=\"downloads__download--content\">\n                                    <h4>Teollisuuden ilmanp\u00e4\u00e4st\u00f6jen tehokas k\u00e4sittely on haastava teht\u00e4v\u00e4<\/h4>\n<p>Jokainen prosessi on ainutlaatuinen, samoin kuin pinosta tulevat p\u00e4\u00e4st\u00f6t. Optimaalisen ilmank\u00e4sittelyratkaisun l\u00f6yt\u00e4miseksi tarvitaan huolellisia sis\u00e4isi\u00e4 pilottikokeita.<\/p>\n                                                                            <div class=\"downloads__download--files\">\n                                            <svg version=\"1.1\" id=\"Layer_1\" xmlns=\"http:\/\/www.w3.org\/2000\/svg\" x=\"0\" y=\"0\" viewBox=\"0 0 20.83 25\" xml:space=\"preserve\"><path fill=\"currentColor\" d=\"M20.83 8.82h-5.95V0H5.95v8.82H0l10.42 10.29L20.83 8.82zM0 22.06V25h20.83v-2.94H0z\"\/><\/svg>                                            <span>Lataa sis\u00e4lt\u00f6<\/span>\n                                                                                            <a target=\"_blank\" href=\"https:\/\/ozonetech.com\/wp-content\/uploads\/2020\/12\/Brochure-Pilot-projects-and-tailored-industrial-air-treatment-systems-v1.0-EN-web.pdf\">\n                                                    englanniksi                                                <\/a>\n                                                                                    <\/div>\n                                                                    <\/div>\n                            <\/div>\n                                                    <div class=\"downloads__download\">\n                                <div class=\"downloads__download--image\">\n                                    <img loading=\"lazy\" decoding=\"async\" width=\"240\" height=\"339\" src=\"https:\/\/ozonetech.com\/wp-content\/uploads\/2021\/01\/H2s-odor-removal-brochure-front-page-EN.png\" class=\"attachment-large size-large\" alt=\"\" srcset=\"https:\/\/ozonetech.com\/wp-content\/uploads\/2021\/01\/H2s-odor-removal-brochure-front-page-EN.png 240w, https:\/\/ozonetech.com\/wp-content\/uploads\/2021\/01\/H2s-odor-removal-brochure-front-page-EN-212x300.png 212w\" sizes=\"auto, (max-width: 240px) 100vw, 240px\" \/>                                <\/div>\n                                <div class=\"downloads__download--content\">\n                                    <h4><strong>H<sub>2<\/sub>S\u00a0ja hajunpoisto biokaasulaitoksissa<\/strong><\/h4>\n<p>Yksi biokaasulaitosten haasteista on tiukka vaatimus H<sub>2<\/sub>S-poistosta anaerobisen ruoansulatuksen j\u00e4lkeen ennen p\u00e4ivitt\u00e4mist\u00e4. Toinen jatkuva huolenaihe on biokaasulaitoksen p\u00e4\u00e4st\u00e4m\u00e4t hajut. Nyky\u00e4\u00e4n molemmat voidaan ratkaista tehokkaasti ja vihre\u00e4ll\u00e4. Auttakoon meit\u00e4.<\/p>\n                                                                            <div class=\"downloads__download--files\">\n                                            <svg version=\"1.1\" id=\"Layer_1\" xmlns=\"http:\/\/www.w3.org\/2000\/svg\" x=\"0\" y=\"0\" viewBox=\"0 0 20.83 25\" xml:space=\"preserve\"><path fill=\"currentColor\" d=\"M20.83 8.82h-5.95V0H5.95v8.82H0l10.42 10.29L20.83 8.82zM0 22.06V25h20.83v-2.94H0z\"\/><\/svg>                                            <span>Lataa sis\u00e4lt\u00f6<\/span>\n                                                                                            <a target=\"_blank\" href=\"https:\/\/ozonetech.com\/wp-content\/uploads\/2020\/12\/Brochure-H2S-and-biogas-removal-at-biogas-plants-v1.0-EN-web.pdf\">\n                                                    englanniksi                                                <\/a>\n                                                                                    <\/div>\n                                                                    <\/div>\n                            <\/div>\n                                                    <div class=\"downloads__download\">\n                                <div class=\"downloads__download--image\">\n                                    <img loading=\"lazy\" decoding=\"async\" width=\"240\" height=\"339\" src=\"https:\/\/ozonetech.com\/wp-content\/uploads\/2021\/01\/BPR-EN-brochure-front-page-.png\" class=\"attachment-large size-large\" alt=\"\" srcset=\"https:\/\/ozonetech.com\/wp-content\/uploads\/2021\/01\/BPR-EN-brochure-front-page-.png 240w, https:\/\/ozonetech.com\/wp-content\/uploads\/2021\/01\/BPR-EN-brochure-front-page--212x300.png 212w\" sizes=\"auto, (max-width: 240px) 100vw, 240px\" \/>                                <\/div>\n                                <div class=\"downloads__download--content\">\n                                    <h4><strong>BPR REACH &#8211;\u00a0Tuotatko otsonia omassa yrityksess\u00e4si?<\/strong><\/h4>\n<p>Sitten sinun on noudatettava uusia EU: n asetuksia, REACH- ja BPR-s\u00e4\u00e4nn\u00f6ksi\u00e4. Teimme joitakin tietoja, joiden avulla voit p\u00e4\u00e4tt\u00e4\u00e4, tarvitsetko vai ei tarvitse ryhty\u00e4 toimiin. Tarjoamme my\u00f6s palveluja n\u00e4iden prosessien hallintaan.<\/p>\n                                                                            <div class=\"downloads__download--files\">\n                                            <svg version=\"1.1\" id=\"Layer_1\" xmlns=\"http:\/\/www.w3.org\/2000\/svg\" x=\"0\" y=\"0\" viewBox=\"0 0 20.83 25\" xml:space=\"preserve\"><path fill=\"currentColor\" d=\"M20.83 8.82h-5.95V0H5.95v8.82H0l10.42 10.29L20.83 8.82zM0 22.06V25h20.83v-2.94H0z\"\/><\/svg>                                            <span>Lataa sis\u00e4lt\u00f6<\/span>\n                                                                                            <a target=\"_blank\" href=\"https:\/\/ozonetech.com\/wp-content\/uploads\/2020\/12\/Brochure-BPR-REACH-v1.0-EN-web.pdf\">\n                                                    englanniksi                                                <\/a>\n                                                                                            <a target=\"_blank\" href=\"https:\/\/ozonetech.com\/wp-content\/uploads\/2020\/12\/Brochure-BPR-REACH-v1.0-SV-web-1.pdf\">\n                                                    ruotsiksi                                                <\/a>\n                                                                                    <\/div>\n                                                                    <\/div>\n                            <\/div>\n                                                    <div class=\"downloads__download\">\n                                <div class=\"downloads__download--image\">\n                                    <img loading=\"lazy\" decoding=\"async\" width=\"240\" height=\"340\" src=\"https:\/\/ozonetech.com\/wp-content\/uploads\/2021\/03\/rena_prosv.png\" class=\"attachment-large size-large\" alt=\"\" srcset=\"https:\/\/ozonetech.com\/wp-content\/uploads\/2021\/03\/rena_prosv.png 240w, https:\/\/ozonetech.com\/wp-content\/uploads\/2021\/03\/rena_prosv-212x300.png 212w\" sizes=\"auto, (max-width: 240px) 100vw, 240px\" \/>                                <\/div>\n                                <div class=\"downloads__download--content\">\n                                    <h4><strong>Luotettava, helppo k\u00e4sitell\u00e4 ja tehokkain otsoniliuos<\/strong><\/h4>\n<p>RENA Pro on uusinta. Meille t\u00e4m\u00e4 tarkoittaa kolmea asiaa. Hoitokapasiteetti on eritt\u00e4in korkea. Komponenttien laatu on jatkuvasti korkein pienimmiss\u00e4 yksityiskohdissa &#8211; mik\u00e4 takaa pitk\u00e4n k\u00e4ytt\u00f6i\u00e4n ja jatkuvan suorituskyvyn. Viimeisen\u00e4 mutta ei v\u00e4h\u00e4isimp\u00e4n\u00e4, j\u00e4rjestelm\u00e4 on k\u00e4ytt\u00e4j\u00e4yst\u00e4v\u00e4llinen. Lue lis\u00e4\u00e4 esitteest\u00e4mme.<\/p>\n                                                                            <div class=\"downloads__download--files\">\n                                            <svg version=\"1.1\" id=\"Layer_1\" xmlns=\"http:\/\/www.w3.org\/2000\/svg\" x=\"0\" y=\"0\" viewBox=\"0 0 20.83 25\" xml:space=\"preserve\"><path fill=\"currentColor\" d=\"M20.83 8.82h-5.95V0H5.95v8.82H0l10.42 10.29L20.83 8.82zM0 22.06V25h20.83v-2.94H0z\"\/><\/svg>                                            <span>Lataa sis\u00e4lt\u00f6<\/span>\n                                                                                            <a target=\"_blank\" href=\"https:\/\/ozonetech.com\/wp-content\/uploads\/2020\/12\/Brochure-RENA-Pro-Ozone-Systems-v1.5-EN-web-1.pdf\">\n                                                    englanniksi                                                <\/a>\n                                                                                            <a target=\"_blank\" href=\"https:\/\/ozonetech.com\/wp-content\/uploads\/2020\/12\/Brochure-RENA-Pro-Ozone-Systems-v1.5-SV-web.pdf\">\n                                                    ruotsiksi                                                <\/a>\n                                                                                            <a target=\"_blank\" href=\"https:\/\/ozonetech.com\/wp-content\/uploads\/2020\/12\/Brochure-RENA-Pro-Ozone-Systems-v1.0-ES-web-1.pdf\">\n                                                    espanjaksi                                                <\/a>\n                                                                                            <a target=\"_blank\" href=\"https:\/\/ozonetech.com\/wp-content\/uploads\/2020\/12\/Brochure-RENA-Pro-Ozone-Systems-v1.0-KR-web.pdf\">\n                                                    koreaksi                                                <\/a>\n                                                                                    <\/div>\n                                                                    <\/div>\n                            <\/div>\n                                                    <div class=\"downloads__download\">\n                                <div class=\"downloads__download--image\">\n                                    <img loading=\"lazy\" decoding=\"async\" width=\"240\" height=\"339\" src=\"https:\/\/ozonetech.com\/wp-content\/uploads\/2021\/03\/capture.png\" class=\"attachment-large size-large\" alt=\"\" srcset=\"https:\/\/ozonetech.com\/wp-content\/uploads\/2021\/03\/capture.png 240w, https:\/\/ozonetech.com\/wp-content\/uploads\/2021\/03\/capture-212x300.png 212w\" sizes=\"auto, (max-width: 240px) 100vw, 240px\" \/>                                <\/div>\n                                <div class=\"downloads__download--content\">\n                                    <h4><strong>Hajun v\u00e4hent\u00e4minen biokaasulaitoksissa<\/strong><\/h4>\n<p>Biokaasulaitos tuottaa toiminnassaan paljon hajuja. Esimerkiksi vastaanottoon, lajitteluun, hygieniaan, ruoansulatukseen, purkautumiseen jne. N\u00e4m\u00e4 tuoksut h\u00e4iritsev\u00e4t usein vierekk\u00e4isi\u00e4 alueita ja saattavat olla haitallisia my\u00f6s laitoksen kasveille. RENA Pro -j\u00e4rjestelm\u00e4 tarjoaa tehokkaan ratkaisun. Lue lis\u00e4\u00e4 esitteest\u00e4.<\/p>\n                                                                            <div class=\"downloads__download--files\">\n                                            <svg version=\"1.1\" id=\"Layer_1\" xmlns=\"http:\/\/www.w3.org\/2000\/svg\" x=\"0\" y=\"0\" viewBox=\"0 0 20.83 25\" xml:space=\"preserve\"><path fill=\"currentColor\" d=\"M20.83 8.82h-5.95V0H5.95v8.82H0l10.42 10.29L20.83 8.82zM0 22.06V25h20.83v-2.94H0z\"\/><\/svg>                                            <span>Lataa sis\u00e4lt\u00f6<\/span>\n                                                                                            <a target=\"_blank\" href=\"https:\/\/ozonetech.com\/wp-content\/uploads\/2020\/12\/Brochure-Luktreduktion-for-biogasanlaggningar-v1.2-SV-web.pdf\">\n                                                    ruotsiksi                                                <\/a>\n                                                                                    <\/div>\n                                                                    <\/div>\n                            <\/div>\n                                                            <\/div>\n            <\/div>\n        <\/div>\n    <\/div>\n<\/section>\n\n\n\n","protected":false},"excerpt":{"rendered":"","protected":false},"author":21,"featured_media":0,"parent":11771,"menu_order":0,"comment_status":"closed","ping_status":"closed","template":"","meta":{"_acf_changed":false,"_seopress_robots_primary_cat":"","_seopress_titles_title":"","_seopress_titles_desc":"T\u00e4\u00e4lt\u00e4 l\u00f6yd\u00e4t kaikki esiteemme teolliseen ilmank\u00e4sittelyyn. Ota yhteytt\u00e4, jos tarvitset lis\u00e4tietoa.","_seopress_robots_index":"","inline_featured_image":false,"footnotes":""},"class_list":["post-11791","page","type-page","status-publish","hentry"],"acf":[],"_links":{"self":[{"href":"https:\/\/ozonetech.com\/fi\/wp-json\/wp\/v2\/pages\/11791","targetHints":{"allow":["GET"]}}],"collection":[{"href":"https:\/\/ozonetech.com\/fi\/wp-json\/wp\/v2\/pages"}],"about":[{"href":"https:\/\/ozonetech.com\/fi\/wp-json\/wp\/v2\/types\/page"}],"author":[{"embeddable":true,"href":"https:\/\/ozonetech.com\/fi\/wp-json\/wp\/v2\/users\/21"}],"replies":[{"embeddable":true,"href":"https:\/\/ozonetech.com\/fi\/wp-json\/wp\/v2\/comments?post=11791"}],"version-history":[{"count":23,"href":"https:\/\/ozonetech.com\/fi\/wp-json\/wp\/v2\/pages\/11791\/revisions"}],"predecessor-version":[{"id":41292,"href":"https:\/\/ozonetech.com\/fi\/wp-json\/wp\/v2\/pages\/11791\/revisions\/41292"}],"up":[{"embeddable":true,"href":"https:\/\/ozonetech.com\/fi\/wp-json\/wp\/v2\/pages\/11771"}],"wp:attachment":[{"href":"https:\/\/ozonetech.com\/fi\/wp-json\/wp\/v2\/media?parent=11791"}],"curies":[{"name":"wp","href":"https:\/\/api.w.org\/{rel}","templated":true}]}}