{"id":11754,"date":"2020-06-25T09:57:33","date_gmt":"2020-06-25T09:57:33","guid":{"rendered":"https:\/\/ozonetech.com\/hamburger-menu-ozone-safety\/"},"modified":"2024-10-11T10:06:20","modified_gmt":"2024-10-11T08:06:20","slug":"otsonin-turvallisuus","status":"publish","type":"page","link":"https:\/\/ozonetech.com\/fi\/tietoa-otsonista\/otsonin-turvallisuus\/","title":{"rendered":"Otsonin turvallisuus"},"content":{"rendered":"\n<section\n    class=\"block hero hero--regular\"\n    style=\"background-image: url('https:\/\/ozonetech.com\/wp-content\/uploads\/2021\/03\/about-ozone-3-1600x484.jpg'); --hero-opacity: 0.3\"\n>\n\n    <div class=\"container-fluid\">\n\n        <div class=\"content editor_content\">\n                         \n                <h2 class='h2'>Otsonin turvallisuus<\/h2>            \n                    <\/div>\n\n            <\/div>\n<\/section>\n\n\n<section class=\"component component_breadcrumbs\">\n\t<div class=\"container-fluid\">\n  \t<\/div>\n<\/section>\n\n\n<section\n    id=\"\"\n    class=\"block content-block\"\n\tstyle=\"--cb-bg: white; --cb-content: #000; padding-top: 30px; padding-bottom: 30px;\"\n>\n    \n\n<div class=\"container-fluid editor_content content content--narrow\">\n    <div class=\"row\">\n        <div class=\"col-12 editor_content\">\n            <h1>Yleist\u00e4 tietoa otsoniturvallisuudesta<\/h1>\n<p><a href=\"https:\/\/ozonetech.com\/wp-content\/uploads\/2020\/12\/OTS-safety-datasheet.pdf\">Lataa k\u00e4ytt\u00f6turvallisuustiedote pdf-tiedostona<\/a><\/p>\n        <\/div>\n    <\/div>\n<\/div>\n\n<div class=\"container-fluid editor_content\">\n    <div class=\"row\">\n        <div class=\"col-12 editor_content table-wrapper \" style=\"--table-text-color-header: #FFFFFF; --table-text-color-rows: #000000; --table-background-color-header: #5f5f5f; --table-background-color-rows-even: #efefef; --table-background-color-rows-odd: #dfdfdf; \">\n                            \n<table id=\"tablepress-172\" class=\"tablepress tablepress-id-172\" aria-describedby=\"tablepress-172-description\">\n<thead>\n<tr class=\"row-1\">\n\t<th class=\"column-1\">Tuote\/materiaali\t<\/th><th class=\"column-2\">Otsoni<\/th>\n<\/tr>\n<\/thead>\n<tbody class=\"row-striping\">\n<tr class=\"row-2\">\n\t<td class=\"column-1\">Molekyylikaava<\/td><td class=\"column-2\">O<sub>3<\/sub><\/td>\n<\/tr>\n<tr class=\"row-3\">\n\t<td class=\"column-1\">T\u00e4rkeimm\u00e4t ominaisuudet\t<\/td><td class=\"column-2\">Hapettava kaasu \u2013 CAS-nro 10028-15-6 \/ EY-nro 233-069-2<br \/>\n<\/td>\n<\/tr>\n<tr class=\"row-4\">\n\t<td class=\"column-1\">Molekyylipaino\t<\/td><td class=\"column-2\">48.0<\/td>\n<\/tr>\n<tr class=\"row-5\">\n\t<td class=\"column-1\">Tuotanto\t<\/td><td class=\"column-2\">Koronapurkaus<\/td>\n<\/tr>\n<tr class=\"row-6\">\n\t<td class=\"column-1\">Pitoisuus<\/td><td class=\"column-2\">Enint\u00e4\u00e4n 18 paino-% happea \/ hapella rikastettua ilmaa<br \/>\n<\/td>\n<\/tr>\n<tr class=\"row-7\">\n\t<td class=\"column-1\">Kiehumispiste\t<\/td><td class=\"column-2\">-111.0\u00b0C<\/td>\n<\/tr>\n<tr class=\"row-8\">\n\t<td class=\"column-1\">Sulamispiste\t<\/td><td class=\"column-2\">-192.7\u00b0C<\/td>\n<\/tr>\n<tr class=\"row-9\">\n\t<td class=\"column-1\">Vattenl\u00f6slighet per vikt vid (@ 20\u00b0C)<\/td><td class=\"column-2\">570 mg\/l<\/td>\n<\/tr>\n<tr class=\"row-10\">\n\t<td class=\"column-1\">H\u00f6yryntiheys<\/td><td class=\"column-2\">1.6 (1 = ilma)<\/td>\n<\/tr>\n<tr class=\"row-11\">\n\t<td class=\"column-1\">Leimahduspiste<\/td><td class=\"column-2\">Ei k\u00e4ytett\u00e4viss\u00e4<\/td>\n<\/tr>\n<tr class=\"row-12\">\n\t<td class=\"column-1\">Itsesyttymisl\u00e4mp\u00f6tila\t<\/td><td class=\"column-2\">Ei k\u00e4ytett\u00e4viss\u00e4<\/td>\n<\/tr>\n<\/tbody>\n<\/table>\n<span id=\"tablepress-172-description\" class=\"tablepress-table-description tablepress-table-description-id-172\"><\/span>\n<!-- #tablepress-172 from cache -->                                <\/div>\n    <\/div>\n<\/div>\n\n\n<div class=\"container-fluid editor_content content content--narrow\">\n    <div class=\"row\">\n        <div class=\"col-12 editor_content\">\n            <h3>Ulkon\u00e4k\u00f6 ja haju<\/h3>\n<p>Otsoni on v\u00e4rit\u00f6n kaikissa teollisuudessa k\u00e4ytett\u00e4viss\u00e4 pitoisuuksissa Siin\u00e4 on pist\u00e4v\u00e4 haju, joka yleens\u00e4 liitet\u00e4\u00e4n s\u00e4hk\u00f6kipin\u00f6ihin. Ihmisnen\u00e4 tunnistaa hajun yleens\u00e4 0,02 ja 0,05 ppm:n pitoisuuksina.<\/p>\n<h3>Tulipalo-\/r\u00e4j\u00e4hdysvaaratiedot<\/h3>\n<p>Otsoni on voimakas hapetin. Hapettuminen otsonin kanssa kehitt\u00e4\u00e4 enemm\u00e4n l\u00e4mp\u00f6\u00e4 ja hapettuminen alkaa alhaisemmissa l\u00e4mp\u00f6tiloissa kuin hapella. Otsoni reagoi tyydyttym\u00e4tt\u00f6mien orgaanisten yhdisteiden kanssa tuottaen otsonideja, jotka ovat ep\u00e4vakaita ja voivat hajota voimakkaasti r\u00e4j\u00e4ht\u00e4en. Otsoni on ep\u00e4vakaa kaasu, joka hajoaa normaaleissa l\u00e4mp\u00f6tiloissa kaksiatomiseksi hapeksi. Korkeammissa l\u00e4mp\u00f6tiloissa ja m\u00e4\u00e4r\u00e4ttyjen katalyyttien, kuten vedyn, raudan, kuparin ja kromin, l\u00e4sn\u00e4ollessa hajoaminen voi olla r\u00e4j\u00e4hdysm\u00e4ist\u00e4.<\/p>\n        <\/div>\n    <\/div>\n<\/div>\n\n<\/section>\n\n\n\n<section\n    id=\"\"\n    class=\"block content-block\"\n\tstyle=\"--cb-bg: #e6e6e6; --cb-content: #000; padding-top: 30px; padding-bottom: 30px;\"\n>\n    \n\n<div class=\"container-fluid editor_content content content--narrow\">\n    <div class=\"row\">\n        <div class=\"col-12 editor_content\">\n            <h3>Reaktiivisuus<\/h3>\n<h4>Olosuhteet, jotka aiheuttavat ep\u00e4vakautta<\/h4>\n<p>Otsoni hajoaa itsest\u00e4\u00e4n normaaleissa olosuhteissa, joten sit\u00e4 ei normaalisti esiinny kuin tuotantopaikan v\u00e4litt\u00f6m\u00e4ss\u00e4 l\u00e4heisyydess\u00e4. Otsonin hajoaminen nopeutuu kiinteiden pintojen ja monien kemiallisten aineiden sek\u00e4 l\u00e4mm\u00f6n vaikutuksesta.<\/p>\n<h4>Yhteensopimattomuudet<\/h4>\n<p>Otsoni on voimakas hapettava aine ja reagoi kaikkien hapettuvien aineiden kanssa, sek\u00e4 orgaanisten ett\u00e4 ep\u00e4orgaanisten. Jotkin reaktiotuotteet ovat voimakkaasti r\u00e4j\u00e4ht\u00e4vi\u00e4.<\/p>\n<h4>Vaarallisia hajoamistuotteita<\/h4>\n<p>Ei.<\/p>\n        <\/div>\n    <\/div>\n<\/div>\n\n<\/section>\n\n\n\n<section\n    id=\"\"\n    class=\"block content-block\"\n\tstyle=\"--cb-bg: white; --cb-content: #000; padding-top: 30px; padding-bottom: 30px;\"\n>\n    \n\n<div class=\"container-fluid editor_content content content--narrow\">\n    <div class=\"row\">\n        <div class=\"col-12 editor_content\">\n            <h3>Terveyshaittoihin liittyv\u00e4t tiedot<\/h3>\n<h4>Sallitut altistuksen raja-arvot<\/h4>\n<p>Seuraavia raja-arvoja k\u00e4ytet\u00e4\u00e4n laajasti (USA, Ruotsi, Britannia ja muut Euroopan maat):<\/p>\n<ul>\n<li>8 tuntia p\u00e4iv\u00e4ss\u00e4 \/ 5 p\u00e4iv\u00e4\u00e4 viikossa (ty\u00f6per\u00e4isen altistumisen raja-arvo) \u2013 0,1 ppm<\/li>\n<li>15 minuuttia (lyhytaikaisen altistumisen raja-arvo) \u2013 0,3 ppm<\/li>\n<\/ul>\n<h4>Otsonin myrkyllisyys<\/h4>\n<p>Liiallisen otsonille altistumisen akuutteja ja kroonisia vaikutuksia on tutkittu hyvin. Altistuminen otsonipitoisuuksille, jotka ylitt\u00e4v\u00e4t sallitun ppm:n muutamia kymmenesosia, saattavat aiheuttaa vaivoja pienelle osalle v\u00e4est\u00f6st\u00e4, joka on sille herkemp\u00e4\u00e4. Oireina voi lyhytaikaisen altistumisen j\u00e4lkeen olla p\u00e4\u00e4ns\u00e4rky, kurkun kuivuus, silmien ja nen\u00e4n limakalvojen kuivuus. Toistuva altistuminen otsonille n\u00e4iss\u00e4 pitoisuuksissa 24 tunnin v\u00e4lein ei kuitenkaan lis\u00e4nnyt hengitysteiden \u00e4rsytyst\u00e4. Itse asiassa lis\u00e4altistumisissa ensimm\u00e4isen altistumisen j\u00e4lkeen vaikutukset olivat lievempi\u00e4, mik\u00e4 viittaa siihen, ett\u00e4 toleranssi voi kehitty\u00e4 ajan my\u00f6t\u00e4.<\/p>\n<p>Otsonin on todettu olevan vahingollisempaa useiden tuntien ajan kest\u00e4viss\u00e4 yli 2,0 ppm:n pitoisuuksissa, kuten kaasukaarihitsaajilla on todettu. Akuutteja vaikutuksia esiintyy eniten keuhkoissa, jolloin luonteenomaista on keuhkojen heikkeneminen. T\u00e4m\u00e4 akuutti vaikutus lieveni hitsaajilla, kun pitoisuus oli alle 0,2 ppm. El\u00e4inkokeisiin perustuen altistumisen 10\u201320 ppm:n pitoisuuksille tunniksi tai lyhyemm\u00e4ksi ajaksi uskotaan olevan tappava ihmisill\u00e4, vaikka yht\u00e4\u00e4n kuolemaa ei ole raportoitu otsonille altistumisesta yli 100 vuoden kaupallisen k\u00e4yt\u00f6n aikana. (Verrattuna klooriin, jonka v\u00e4itet\u00e4\u00e4n vaatineen monia uhreja sek\u00e4 rauhan ett\u00e4 sotien aikana.)<\/p>\n<p>Pitk\u00e4n aikav\u00e4lin tai kroonisen myrkyllisyyden osalta otsoni on s\u00e4teilyenergian vaikutuksia matkiva, toisin sanoen pitk\u00e4aikainen altistuminen liiallisille otsonipitoisuuksille aiheuttaa samat vaikutukset kuin altistuminen auringonvalolle. N\u00e4it\u00e4 vaikutuksia ovat ihon kuivuminen ja altistuneiden ihokudosten yleinen ennenaikainen vanheneminen. Otsonin ei katsota tai ep\u00e4ill\u00e4 olevan karsinogeeninen ihmisille, se ei my\u00f6sk\u00e4\u00e4n osoita tertogeenista tai mutageenista aktiivisuutta.<\/p>\n<p>Mik\u00e4li tapahtuu otsonivuoto:<\/p>\n<ul>\n<li>Tuuleta alue<\/li>\n<li>Kytke otsonigeneraattori heti pois p\u00e4\u00e4lt\u00e4<\/li>\n<li>Katkaise otsonoidun veden virtaus<\/li>\n<li>Mik\u00e4li tilan otsonipitoisuudet ovat korkeita (yli 0,1 ppm), henkil\u00f6kunnan on poistuttava tilasta ja palattava vasta, kun tila on huolellisesti tuuletettu.<\/li>\n<li>Mik\u00e4li otsonitasot ovat yli 0,3 ppm tai henkil\u00f6kunta joutuu menem\u00e4\u00e4n suljettuihin tiloihin tai s\u00e4ili\u00f6ihin, joissa on otsonia, vain sopivia hengityslaitteita k\u00e4ytt\u00e4v\u00e4t saavat ty\u00f6skennell\u00e4 niiss\u00e4 ja suljettujen tilojen turvallisia ty\u00f6skentelytapoja on noudatettava.<\/li>\n<\/ul>\n<p>&nbsp;<\/p>\n        <\/div>\n    <\/div>\n<\/div>\n\n\n\n<div class=\"container-fluid editor_content content content--narrow\">\n    <div class=\"row\">\n        <div class=\"col-12 editor_content\">\n            <h4>Otsonikaasuj\u00e4tteen h\u00e4vitt\u00e4minen<\/h4>\n<p>Hyv\u00e4ksytty k\u00e4yt\u00e4nt\u00f6 ja lakis\u00e4\u00e4teinen vaatimus joissakin maissa edellytt\u00e4\u00e4, ett\u00e4 otsonikaasua ei saa p\u00e4\u00e4st\u00e4\u00e4 ilmakeh\u00e4\u00e4n, vaan se on tuhottava hyv\u00e4ksytyll\u00e4 otsonin h\u00e4vitt\u00e4mismenetelm\u00e4ll\u00e4. (Katalyyttinen, l\u00e4mp\u00f6 tai imeytys.)<\/p>\n        <\/div>\n    <\/div>\n<\/div>\n\n<\/section>\n\n\n\n<section\n    id=\"\"\n    class=\"block content-block\"\n\tstyle=\"--cb-bg: #e6e6e6; --cb-content: #000; padding-top: 30px; padding-bottom: 30px;\"\n>\n    \n\n<div class=\"container-fluid editor_content content content--narrow\">\n    <div class=\"row\">\n        <div class=\"col-12 editor_content\">\n            <h4>Otsonikaasuj\u00e4tteen h\u00e4vitt\u00e4minen<\/h4>\n<p>Kaikki mahdolliset otsonikaasup\u00e4\u00e4st\u00f6t asuinalueille tai ilmakeh\u00e4\u00e4n on tunnistettava.<\/p>\n<ol>\n<li>Kaikki rutiinitoiminnan aiheuttamat p\u00e4\u00e4st\u00f6t asuinalueille tai ilmakeh\u00e4\u00e4n on suljettava ja ohjattava otsonin h\u00e4vitysj\u00e4rjestelm\u00e4n kautta (kuten edell\u00e4).<\/li>\n<li>Kaikilla alueilla, joilla otsonia tuotetaan tai k\u00e4ytet\u00e4\u00e4n, on oltava tehokas ilmanvaihtoj\u00e4rjestelm\u00e4, joka on suhteutettu otsonituotannon m\u00e4\u00e4r\u00e4\u00e4n ja muihin vaaratekij\u00f6ihin.<\/li>\n<li>Kun otsonia k\u00e4ytet\u00e4\u00e4n nesteiss\u00e4, on t\u00e4rke\u00e4\u00e4 huomioida, ett\u00e4 otsonia vapautuu liuoksista useimmissa olosuhteissa. Varotoimenpiteisiin kuuluvat: otsonoituja nesteit\u00e4 sis\u00e4lt\u00e4vien astioiden ilmatiiviyden tai alipaineen varmistaminen, jotta otsonia ei p\u00e4\u00e4se vapautumaan. Kaikki aukot, joista otsonia voi p\u00e4\u00e4st\u00e4 vapautumaan, on yhdistett\u00e4v\u00e4 otsoninh\u00e4vitt\u00e4misj\u00e4rjestelm\u00e4\u00e4n. Jos otsonoituja nesteit\u00e4, esimerkiksi k\u00e4ytetty\u00e4 huuhteluvett\u00e4, lasketaan pois, sen on tapahduttava suljetun putken kautta suljettuun viem\u00e4riin.<\/li>\n<\/ol>\n        <\/div>\n    <\/div>\n<\/div>\n\n<\/section>\n\n\n\n<section\n    id=\"\"\n    class=\"block content-block\"\n\tstyle=\"--cb-bg: #fff; --cb-content: #000; \"\n>\n    \n\n<div class=\"container-fluid editor_content content content--narrow\">\n    <div class=\"row\">\n        <div class=\"col-12 editor_content\">\n            <h4 style=\"text-align: left;\">Otsonikaasuj\u00e4tteen h\u00e4vitt\u00e4minen<\/h4>\n<ul>\n<li style=\"text-align: left;\">Silmien altistuminen \u2013 Jos otsonia p\u00e4\u00e4see silmiin, pese v\u00e4litt\u00f6m\u00e4sti runsaalla vedell\u00e4 nostellen ylemp\u00e4\u00e4 ja alempaa silm\u00e4luomea. Hakeuduttava l\u00e4\u00e4k\u00e4riin mahdollisimman pian<\/li>\n<li style=\"text-align: left;\">Hengitys \u2013 Jos henkil\u00f6 on hengitt\u00e4nyt suuria m\u00e4\u00e4ri\u00e4 otsonia, siirr\u00e4 henkil\u00f6 v\u00e4litt\u00f6m\u00e4sti l\u00e4mpim\u00e4\u00e4n saastumattomaan paikkaan. Jos hengitys on pys\u00e4htynyt, henkil\u00f6lle on annettava tekohengityst\u00e4. Mik\u00e4li hengitys on vaikeaa, koulutettu henkil\u00f6kunta voi auttaa antamalla henkil\u00f6lle happea. Pid\u00e4 altistunut henkil\u00f6 l\u00e4mpim\u00e4n\u00e4 ja lepoasennossa. Hakeuduttava l\u00e4\u00e4k\u00e4riin mahdollisimman pian<\/li>\n<li style=\"text-align: left;\">Pelastaminen \u2013 Siirr\u00e4 uhri turvalliseen paikkaan. Jos henkil\u00f6 on tajuton, ilmoita jollekin toiselle ja toteuta vakiintuneet h\u00e4t\u00e4toimenpiteet. \u00c4l\u00e4 mene onnettomuusalueelle yksin tai suorittamatta suositeltuja laitoksen turvallisuustoimenpiteit\u00e4.<\/li>\n<\/ul>\n<p>&nbsp;<\/p>\n        <\/div>\n    <\/div>\n<\/div>\n\n\n\n<div class=\"container-fluid editor_content content content--narrow\">\n    <div class=\"row\">\n        <div class=\"col-12 editor_content\">\n            <p><em>Ozone Tech Systems OTS AB ei ole vastuussa mink\u00e4\u00e4nlaisista menetyksist\u00e4 tai vahingoista, jotka liittyv\u00e4t otsonin k\u00e4ytt\u00f6\u00f6n tai k\u00e4sittelyyn tai t\u00e4ss\u00e4 asiakirjassa oleviin lausuntoihin tai t\u00e4st\u00e4 asiakirjasta puuttuviin lausuntoihin.<\/em><\/p>\n        <\/div>\n    <\/div>\n<\/div>\n\n<\/section>\n","protected":false},"excerpt":{"rendered":"","protected":false},"author":21,"featured_media":0,"parent":11707,"menu_order":0,"comment_status":"closed","ping_status":"closed","template":"","meta":{"_acf_changed":false,"_seopress_robots_primary_cat":"","_seopress_titles_title":"","_seopress_titles_desc":"Lue t\u00e4\u00e4lt\u00e4 kaikki otsonia koskevat turvallisuustiedot, kuten reaktiot ja yleiset tiedot, terveystiedot ja otsonikaasuj\u00e4tteen h\u00e4vitt\u00e4minen","_seopress_robots_index":"","inline_featured_image":false,"footnotes":""},"class_list":["post-11754","page","type-page","status-publish","hentry"],"acf":[],"_links":{"self":[{"href":"https:\/\/ozonetech.com\/fi\/wp-json\/wp\/v2\/pages\/11754","targetHints":{"allow":["GET"]}}],"collection":[{"href":"https:\/\/ozonetech.com\/fi\/wp-json\/wp\/v2\/pages"}],"about":[{"href":"https:\/\/ozonetech.com\/fi\/wp-json\/wp\/v2\/types\/page"}],"author":[{"embeddable":true,"href":"https:\/\/ozonetech.com\/fi\/wp-json\/wp\/v2\/users\/21"}],"replies":[{"embeddable":true,"href":"https:\/\/ozonetech.com\/fi\/wp-json\/wp\/v2\/comments?post=11754"}],"version-history":[{"count":63,"href":"https:\/\/ozonetech.com\/fi\/wp-json\/wp\/v2\/pages\/11754\/revisions"}],"predecessor-version":[{"id":41219,"href":"https:\/\/ozonetech.com\/fi\/wp-json\/wp\/v2\/pages\/11754\/revisions\/41219"}],"up":[{"embeddable":true,"href":"https:\/\/ozonetech.com\/fi\/wp-json\/wp\/v2\/pages\/11707"}],"wp:attachment":[{"href":"https:\/\/ozonetech.com\/fi\/wp-json\/wp\/v2\/media?parent=11754"}],"curies":[{"name":"wp","href":"https:\/\/api.w.org\/{rel}","templated":true}]}}