{"id":11736,"date":"2020-06-25T09:49:15","date_gmt":"2020-06-25T09:49:15","guid":{"rendered":"https:\/\/ozonetech.com\/hamburger-ozone-faq\/"},"modified":"2021-03-25T10:21:00","modified_gmt":"2021-03-25T09:21:00","slug":"otsoni-ukk","status":"publish","type":"page","link":"https:\/\/ozonetech.com\/fi\/tietoa-otsonista\/otsoni-ukk\/","title":{"rendered":"Otsoni, UKK"},"content":{"rendered":"\n<section\n    class=\"block hero hero--regular\"\n    style=\"background-image: url('https:\/\/ozonetech.com\/wp-content\/uploads\/2021\/03\/about-ozone-2-1600x484.jpg'); --hero-opacity: 0.3\"\n>\n\n    <div class=\"container-fluid\">\n\n        <div class=\"content editor_content\">\n                         \n                <h1 class='h1'>Otsoni, UKK<\/h1>            \n                    <\/div>\n\n            <\/div>\n<\/section>\n\n\n<section class=\"component component_breadcrumbs\">\n\t<div class=\"container-fluid\">\n  \t<\/div>\n<\/section>\n\n\n<section\n    id=\"q1\"\n    class=\"block content-block\"\n\tstyle=\"--cb-bg: light-gray; --cb-content: #000; padding-top: 30px; padding-bottom: 30px;\"\n>\n    \n\n<div class=\"container-fluid editor_content content content--narrow\">\n    <div class=\"row\">\n        <div class=\"col-12 editor_content\">\n            <h2>Yleisesti esitetyt kysymykset otsonitekniikasta<\/h2>\n<ol>\n<li><a title=\"\" href=\"#q1\">Mill\u00e4 tavalla Ozonetechin otsonigeneraattorit tuottavat otsonia?<\/a><\/li>\n<li><a title=\"\" href=\"#q2\">Mill\u00e4 tavalla otsoni liuotetaan veteen?<\/a><\/li>\n<li><a title=\"\" href=\"#q3\">Otsonin kanssa yhteensopivat materiaalit<\/a><\/li>\n<li><a title=\"\" href=\"#q4\">Mill\u00e4 tavalla otsonin poistokaasu k\u00e4sitell\u00e4\u00e4n?<\/a><\/li>\n<li><a title=\"\" href=\"#q5\">Mik\u00e4 on otsonin puoliintumisaika?<\/a><\/li>\n<\/ol>\n        <\/div>\n    <\/div>\n<\/div>\n\n\n\n<div class=\"container-fluid editor_content content content--narrow\">\n    <div class=\"row\">\n        <div class=\"col-12 editor_content\">\n            <h3 id=\"q1\">1. Mill\u00e4 tavalla otsonigeneraattorimme tuottavat otsonia?<\/h3>\n<p>Ozonetech k\u00e4ytt\u00e4\u00e4 omaa patentoitua koronapurkausprosessia. Kun happikaasu johdetaan korkeaj\u00e4nnitekent\u00e4n l\u00e4pi, jotkin happimolekyylit jakautuvat varautuneisiksi atomeiksi, jotka puolestaan reagoivat muiden happimolekyylien kanssa ja muodostavat otsonia. Happipitoisuus vaikuttaa suoraan otsonintuotantonopeuteen. V\u00e4hent\u00e4m\u00e4ll\u00e4 hapen sy\u00f6tt\u00f6kaasuvirtaa, otsonipitoisuutta voidaan nostaa, mutta silloin otsonin tuotanto v\u00e4henee.<\/p>\n<p>[<a href=\"#top\"><strong>alkuun<\/strong><\/a>]<\/p>\n<h3 id=\"q2\">2. Mill\u00e4 tavalla otsoni liuotetaan veteen?<\/h3>\n<p>Otsonin veteen liuottamisessa on kaksi menetelm\u00e4\u00e4. Ensimm\u00e4inen tapa on injektorit ja toinen on diffuusorit.<\/p>\n<h4>Injektorit<\/h4>\n<p>Otsoni-injektori tai -venturi on helppo ratkaisu otsonin massasiirtoon. Otsoni liukenee veteen paineesta johtuvan imun takia.<\/p>\n<h4>Diffuusorit<\/h4>\n<p>Kupladiffuusorit p\u00e4\u00e4st\u00e4v\u00e4t otsonia satojen kuplien l\u00e4pi vedenpinnan alapuolelle. Sen tehokkuus on parempi syv\u00e4ss\u00e4 vedess\u00e4. Mit\u00e4 pienempi\u00e4 kuplat ovat, sit\u00e4 tehokkaampia ne ovat. Haasteellisia tekij\u00f6it\u00e4 ovat veden pintaj\u00e4nnitys ja vesivirtakuvion muodostuminen kosketusprosessissa. T\u00e4m\u00e4 h\u00e4iritsee kaasukuplien taipumusta muodostaa isompia kuplia.<\/p>\n<p>Hienokupladiffuusoreja k\u00e4ytet\u00e4\u00e4n laajasti, koska niiden k\u00e4ytt\u00f6 ei vaadi lis\u00e4energiaa, lukuun ottamatta alussa tapahtuvaa kaasun puristamista. T\u00e4ll\u00e4 j\u00e4rjestelm\u00e4ll\u00e4 otsonikaasu purkautuu otsonigeneraattorista normaalisti paineella 0,7\u20131,0 baaria, mik\u00e4 on riitt\u00e4v\u00e4 hydrostaattisen paineen sek\u00e4 kaasunjakelijan putkien ja diffuusoreiden aiheuttaman paineh\u00e4vi\u00f6n voittamiseen. T\u00e4t\u00e4 diffuusioj\u00e4rjestelm\u00e4\u00e4 voidaan k\u00e4ytt\u00e4\u00e4 my\u00f6s otsonaattoreissa, jotka toimivat alipaineella ja k\u00e4ytt\u00e4v\u00e4t ruostumattomasta ter\u00e4ksest\u00e4 valmistettuja nestekaasukompressoreja otsonin ruiskuttamiseen paineella.<\/p>\n<p>[<a href=\"#top\"><strong>alkuun<\/strong><\/a>]<\/p>\n        <\/div>\n    <\/div>\n<\/div>\n\n\n\n<div class=\"container-fluid editor_content content content--narrow\">\n    <div class=\"row\">\n        <div class=\"col-12 editor_content\">\n            <h3 id=\"q3\">3. Otsonin kanssa yhteensopivat materiaalit<\/h3>\n<ul>\n<li>Keramiikka<\/li>\n<li>Lasi<\/li>\n<li>Ruostumaton ter\u00e4s 304L ja 316L<\/li>\n<li>PTFE- ja ETFE-teflon<\/li>\n<li>Halar ECTFE<\/li>\n<li>Kalrez\/Chemrez<\/li>\n<li>Gor Tex<\/li>\n<li>Hypalon<\/li>\n<\/ul>\n<p>[<a href=\"#top\"><strong>alkuun<\/strong><\/a>]<\/p>\n        <\/div>\n    <\/div>\n<\/div>\n\n\n\n<div class=\"container-fluid editor_content content content--narrow\">\n    <div class=\"row\">\n        <div class=\"col-12 editor_content\">\n            <h3 id=\"q4\">4. How do I treat ozone off gas?<\/h3>\n<p>Liukenematon otsoni on k\u00e4sitelt\u00e4v\u00e4 otsoninh\u00e4vitt\u00e4j\u00e4ll\u00e4 ja p\u00e4\u00e4stett\u00e4v\u00e4 turvallisesti ilmakeh\u00e4\u00e4n. H\u00e4vitt\u00e4j\u00e4ss\u00e4 on magnesiumdioksidikerroksia katalyyttimateriaalina, jonka l\u00e4pi otsoni johdetaan. N\u00e4m\u00e4 kerrokset ovat hyvin herkki\u00e4 kosteudelle. T\u00e4st\u00e4 syyst\u00e4 ne on pidett\u00e4v\u00e4 kuivina, jotta ne toimisivat t\u00e4ydell\u00e4 kapasiteetilla.<\/p>\n<p>[<a href=\"#top\"><strong>alkuun<\/strong><\/a>]<\/p>\n        <\/div>\n    <\/div>\n<\/div>\n\n\n\n<div class=\"container-fluid editor_content content content--narrow\">\n    <div class=\"row\">\n        <div class=\"col-12 editor_content\">\n            <h3 id=\"q5\">5. Mik\u00e4 on otsonin puoliintumisaika?<\/h3>\n<p>Standardiolosuhteissa (21 \u00b0C, 1 bar) otsonin puoliintumisaika on 20 minuuttia. Liuenneen otsonin puoliintumisaika on 20 minuuttia, kun pH on 6, 15 minuuttia, kun pH on 7 ja 5 minuuttia, kun pH on 8. Otsonin puoliintumisaikaa lyhent\u00e4v\u00e4t p\u00e4\u00e4asiassa korkea l\u00e4mp\u00f6tila, paine ja nopeus.<\/p>\n<p>[<a href=\"#top\"><strong>alkuun<\/strong><\/a>]<\/p>\n        <\/div>\n    <\/div>\n<\/div>\n\n<\/section>\n","protected":false},"excerpt":{"rendered":"","protected":false},"author":21,"featured_media":0,"parent":11707,"menu_order":0,"comment_status":"closed","ping_status":"closed","template":"","meta":{"_acf_changed":false,"_seopress_robots_primary_cat":"","_seopress_titles_title":"","_seopress_titles_desc":"K\u00e4yt\u00e4mme omaa patentoitua koronapurkausprosessiamme. Lue lis\u00e4\u00e4, kuinka generaattorimme toimivat, ja muuta hy\u00f6dyllist\u00e4 tietoa otsonista.","_seopress_robots_index":"","inline_featured_image":false,"footnotes":""},"class_list":["post-11736","page","type-page","status-publish","hentry"],"acf":[],"_links":{"self":[{"href":"https:\/\/ozonetech.com\/fi\/wp-json\/wp\/v2\/pages\/11736","targetHints":{"allow":["GET"]}}],"collection":[{"href":"https:\/\/ozonetech.com\/fi\/wp-json\/wp\/v2\/pages"}],"about":[{"href":"https:\/\/ozonetech.com\/fi\/wp-json\/wp\/v2\/types\/page"}],"author":[{"embeddable":true,"href":"https:\/\/ozonetech.com\/fi\/wp-json\/wp\/v2\/users\/21"}],"replies":[{"embeddable":true,"href":"https:\/\/ozonetech.com\/fi\/wp-json\/wp\/v2\/comments?post=11736"}],"version-history":[{"count":31,"href":"https:\/\/ozonetech.com\/fi\/wp-json\/wp\/v2\/pages\/11736\/revisions"}],"predecessor-version":[{"id":31015,"href":"https:\/\/ozonetech.com\/fi\/wp-json\/wp\/v2\/pages\/11736\/revisions\/31015"}],"up":[{"embeddable":true,"href":"https:\/\/ozonetech.com\/fi\/wp-json\/wp\/v2\/pages\/11707"}],"wp:attachment":[{"href":"https:\/\/ozonetech.com\/fi\/wp-json\/wp\/v2\/media?parent=11736"}],"curies":[{"name":"wp","href":"https:\/\/api.w.org\/{rel}","templated":true}]}}